{"id":22,"date":"2025-05-05T07:12:20","date_gmt":"2025-05-05T05:12:20","guid":{"rendered":"http:\/\/localhost\/sabatiesarl\/?page_id=22"},"modified":"2025-06-21T13:45:53","modified_gmt":"2025-06-21T11:45:53","slug":"remboursements_retours","status":"publish","type":"page","link":"https:\/\/sabatie-produits-entretien.fr\/fr\/remboursements_retours\/","title":{"rendered":"Politique de confidentialit\u00e9"},"content":{"rendered":"\t\t<div data-elementor-type=\"wp-page\" data-elementor-id=\"22\" class=\"elementor elementor-22\" data-elementor-post-type=\"page\">\n\t\t\t\t<div class=\"elementor-element elementor-element-89d6e43 e-flex e-con-boxed e-con e-parent\" data-id=\"89d6e43\" data-element_type=\"container\" data-e-type=\"container\">\n\t\t\t\t\t<div class=\"e-con-inner\">\n\t\t\t\t<div class=\"elementor-element elementor-element-15abb415 elementor-widget elementor-widget-text-editor\" data-id=\"15abb415\" data-element_type=\"widget\" data-e-type=\"widget\" data-widget_type=\"text-editor.default\">\n\t\t\t\t<div class=\"elementor-widget-container\">\n\t\t\t\t\t\t\t\t\t\n\n\n<h2 class=\"wp-block-heading\">1. Introduction<\/h2>\n\n\n\n<p>Chez <strong data-start=\"524\" data-end=\"540\">Sabati\u00e9 SARL<\/strong>, nous accordons une grande importance \u00e0 la protection de vos donn\u00e9es personnelles.<br data-start=\"623\" data-end=\"626\" \/>La pr\u00e9sente politique de confidentialit\u00e9 vous informe sur la mani\u00e8re dont nous collectons, utilisons et prot\u00e9geons les donn\u00e9es que vous nous transmettez via notre site internet.<\/p>\n\n\n\n<h2 class=\"wp-block-heading\">2. Donn\u00e9es personnelles collect\u00e9es<\/h2>\n\n\n\n<p data-start=\"850\" data-end=\"949\">Lorsque vous utilisez notre site, nous pouvons \u00eatre amen\u00e9s \u00e0 collecter les informations suivantes :<\/p>\n<ul data-start=\"951\" data-end=\"1164\">\n<li data-start=\"951\" data-end=\"968\">\n<p data-start=\"953\" data-end=\"968\">Nom et pr\u00e9nom<\/p>\n<\/li>\n<li data-start=\"969\" data-end=\"987\">\n<p data-start=\"971\" data-end=\"987\">Adresse e-mail<\/p>\n<\/li>\n<li data-start=\"988\" data-end=\"1011\">\n<p data-start=\"990\" data-end=\"1011\">Num\u00e9ro de t\u00e9l\u00e9phone<\/p>\n<\/li>\n<li data-start=\"1012\" data-end=\"1075\">\n<p data-start=\"1014\" data-end=\"1075\">Informations professionnelles (raison sociale, SIRET, etc.)<\/p>\n<\/li>\n<li data-start=\"1076\" data-end=\"1112\">\n<p data-start=\"1078\" data-end=\"1112\">Contenu de vos demandes de devis<\/p>\n<\/li>\n<li data-start=\"1113\" data-end=\"1164\">\n<p data-start=\"1115\" data-end=\"1164\">Adresse IP et donn\u00e9es de navigation (via cookies)<\/p>\n<\/li>\n<\/ul>\n<p data-start=\"1166\" data-end=\"1205\">Ces donn\u00e9es sont collect\u00e9es notamment :<\/p>\n<ul data-start=\"1206\" data-end=\"1352\">\n<li data-start=\"1206\" data-end=\"1243\">\n<p data-start=\"1208\" data-end=\"1243\">via les <strong data-start=\"1216\" data-end=\"1242\">formulaires de contact<\/strong>,<\/p>\n<\/li>\n<li data-start=\"1244\" data-end=\"1289\">\n<p data-start=\"1246\" data-end=\"1289\">lors de l\u2019envoi d\u2019une <strong data-start=\"1268\" data-end=\"1288\">demande de devis<\/strong>,<\/p>\n<\/li>\n<li data-start=\"1290\" data-end=\"1352\">\n<p data-start=\"1292\" data-end=\"1352\">ou lors de l\u2019inscription \u00e0 un <strong data-start=\"1322\" data-end=\"1339\">compte client.\u00a0<\/strong><\/p>\n<\/li>\n<\/ul>\n\n\n\n<h3 class=\"wp-block-heading\">3. Finalit\u00e9s du traitement<\/h3>\n\n\n\n<p data-start=\"1391\" data-end=\"1468\">Les donn\u00e9es personnelles que nous collectons sont utilis\u00e9es uniquement pour :<\/p>\n<ul data-start=\"1470\" data-end=\"1674\">\n<li data-start=\"1470\" data-end=\"1503\">\n<p data-start=\"1472\" data-end=\"1503\">Traiter vos demandes de devis<\/p>\n<\/li>\n<li data-start=\"1504\" data-end=\"1563\">\n<p data-start=\"1506\" data-end=\"1563\">Vous recontacter dans un cadre commercial ou informatif<\/p>\n<\/li>\n<li data-start=\"1564\" data-end=\"1595\">\n<p data-start=\"1566\" data-end=\"1595\">G\u00e9rer notre relation client<\/p>\n<\/li>\n<li data-start=\"1596\" data-end=\"1638\">\n<p data-start=\"1598\" data-end=\"1638\">Am\u00e9liorer la navigation sur notre site<\/p>\n<\/li>\n<li data-start=\"1639\" data-end=\"1674\">\n<p data-start=\"1641\" data-end=\"1674\">Respecter nos obligations l\u00e9gales<\/p>\n<\/li>\n<\/ul>\n\n\n\n<h3 class=\"wp-block-heading\">4. Partage des donn\u00e9es<\/h3>\n\n\n\n<p data-start=\"1709\" data-end=\"1798\">Les donn\u00e9es ne sont <strong data-start=\"1729\" data-end=\"1797\">jamais vendues ni transmises \u00e0 des tiers \u00e0 des fins commerciales<\/strong>.<\/p>\n<p data-start=\"1800\" data-end=\"1962\">Elles peuvent \u00eatre partag\u00e9es avec nos prestataires techniques uniquement lorsque cela est n\u00e9cessaire (ex : h\u00e9bergeur, prestataire web) et dans le respect du RGPD.<\/p>\n\n\n\n<h2 class=\"wp-block-heading\">5. Dur\u00e9e de conservation<\/h2>\n\n\n\n<p>Vos donn\u00e9es personnelles sont conserv\u00e9es pendant une dur\u00e9e raisonnable n\u00e9cessaire \u00e0 nos \u00e9changes commerciaux.<br data-start=\"1204\" data-end=\"1207\" \/>Elles peuvent \u00eatre supprim\u00e9es <strong data-start=\"1239\" data-end=\"1275\">\u00e0 tout moment sur simple demande<\/strong> de votre part.<\/p>\n\n\n\n<h2 class=\"wp-block-heading\">6. S\u00e9curit\u00e9<\/h2>\n\n\n\n<p>Nous mettons en \u0153uvre les moyens techniques et organisationnels n\u00e9cessaires pour prot\u00e9ger vos donn\u00e9es contre la perte, l\u2019acc\u00e8s non autoris\u00e9 ou la divulgation.<\/p>\n\n\n\n<h2 class=\"wp-block-heading\">7. Vos droits<\/h2>\n\n\n\n<p data-start=\"2339\" data-end=\"2419\">Conform\u00e9ment \u00e0 la r\u00e9glementation en vigueur, vous disposez des droits suivants :<\/p>\n<ul data-start=\"2421\" data-end=\"2583\">\n<li data-start=\"2421\" data-end=\"2452\">\n<p data-start=\"2423\" data-end=\"2452\">Droit d\u2019acc\u00e8s \u00e0 vos donn\u00e9es<\/p>\n<\/li>\n<li data-start=\"2453\" data-end=\"2479\">\n<p data-start=\"2455\" data-end=\"2479\">Droit de rectification<\/p>\n<\/li>\n<li data-start=\"2480\" data-end=\"2504\">\n<p data-start=\"2482\" data-end=\"2504\">Droit \u00e0 l\u2019effacement<\/p>\n<\/li>\n<li data-start=\"2505\" data-end=\"2558\">\n<p data-start=\"2507\" data-end=\"2558\">Droit d\u2019opposition et de limitation du traitement<\/p>\n<\/li>\n<li data-start=\"2559\" data-end=\"2583\">\n<p data-start=\"2561\" data-end=\"2583\">Droit \u00e0 la portabilit\u00e9<\/p>\n<\/li>\n<\/ul>\n<p data-start=\"2585\" data-end=\"2661\">Pour exercer vos droits, contactez-nous \u00e0 l\u2019adresse : <b>s<strong><a href=\"mailto:sabatie.produits.entretien@orange.fr\">abatie.produits.entretien@orange.fr<\/a><\/strong><\/b><\/p>\n\n\n\n<h2 class=\"wp-block-heading\">8. Cookies<\/h2>\n\n\n\n<p>Nous utilisons des cookies \u00e0 des fins de navigation et de mesure d\u2019audience.<br data-start=\"2760\" data-end=\"2763\" \/>Pour en savoir plus, veuillez consulter notre <a class=\"\" href=\"#\" rel=\"noopener\" data-start=\"2809\" data-end=\"2846\">Politique de gestion des cookies<\/a>.<\/p>\n<h2>9. Responsable du traitement<\/h2>\n<p>Le responsable du traitement est :<br data-start=\"2922\" data-end=\"2925\" \/><strong data-start=\"2925\" data-end=\"2941\">Sabati\u00e9 SARL<\/strong><br data-start=\"2941\" data-end=\"2944\" \/>Adresse : <strong><a href=\"https:\/\/g.co\/kgs\/cRPbNTs\">54 rue des Sorbiers, 81000 Albi<\/a><\/strong><br data-start=\"2975\" data-end=\"2978\" \/>Email : <strong data-start=\"2986\" data-end=\"3008\"><a class=\"cursor-pointer\" rel=\"noopener\" data-start=\"2988\" data-end=\"3006\"><b>s<a href=\"mailto:sabatie.produits.entretien@orange.fr\">abatie.produits.entretien@orange.fr<\/a><\/b><\/a><\/strong><\/p>\n<p>&nbsp;<\/p>\n\t\t\t\t\t\t\t\t<\/div>\n\t\t\t\t<\/div>\n\t\t\t\t\t<\/div>\n\t\t\t\t<\/div>\n\t\t\t\t<\/div>\n\t\t","protected":false},"excerpt":{"rendered":"<p>1. Introduction Chez Sabati\u00e9 SARL, nous accordons une grande importance \u00e0 la protection de vos donn\u00e9es personnelles.La pr\u00e9sente politique de [&hellip;]<\/p>\n","protected":false},"author":1,"featured_media":0,"parent":0,"menu_order":0,"comment_status":"closed","ping_status":"closed","template":"","meta":{"_acf_changed":false,"site-sidebar-layout":"default","site-content-layout":"","ast-site-content-layout":"default","site-content-style":"default","site-sidebar-style":"default","ast-global-header-display":"","ast-banner-title-visibility":"","ast-main-header-display":"","ast-hfb-above-header-display":"","ast-hfb-below-header-display":"","ast-hfb-mobile-header-display":"","site-post-title":"","ast-breadcrumbs-content":"","ast-featured-img":"","footer-sml-layout":"","ast-disable-related-posts":"","theme-transparent-header-meta":"default","adv-header-id-meta":"","stick-header-meta":"","header-above-stick-meta":"","header-main-stick-meta":"","header-below-stick-meta":"","astra-migrate-meta-layouts":"set","ast-page-background-enabled":"default","ast-page-background-meta":{"desktop":{"background-color":"var(--ast-global-color-5)","background-image":"","background-repeat":"repeat","background-position":"center center","background-size":"auto","background-attachment":"scroll","background-type":"","background-media":"","overlay-type":"","overlay-color":"","overlay-opacity":"","overlay-gradient":""},"tablet":{"background-color":"","background-image":"","background-repeat":"repeat","background-position":"center center","background-size":"auto","background-attachment":"scroll","background-type":"","background-media":"","overlay-type":"","overlay-color":"","overlay-opacity":"","overlay-gradient":""},"mobile":{"background-color":"","background-image":"","background-repeat":"repeat","background-position":"center center","background-size":"auto","background-attachment":"scroll","background-type":"","background-media":"","overlay-type":"","overlay-color":"","overlay-opacity":"","overlay-gradient":""}},"ast-content-background-meta":{"desktop":{"background-color":"var(--ast-global-color-4)","background-image":"","background-repeat":"repeat","background-position":"center center","background-size":"auto","background-attachment":"scroll","background-type":"","background-media":"","overlay-type":"","overlay-color":"","overlay-opacity":"","overlay-gradient":""},"tablet":{"background-color":"var(--ast-global-color-4)","background-image":"","background-repeat":"repeat","background-position":"center center","background-size":"auto","background-attachment":"scroll","background-type":"","background-media":"","overlay-type":"","overlay-color":"","overlay-opacity":"","overlay-gradient":""},"mobile":{"background-color":"var(--ast-global-color-4)","background-image":"","background-repeat":"repeat","background-position":"center center","background-size":"auto","background-attachment":"scroll","background-type":"","background-media":"","overlay-type":"","overlay-color":"","overlay-opacity":"","overlay-gradient":""}},"footnotes":""},"class_list":["post-22","page","type-page","status-publish","hentry"],"acf":[],"_links":{"self":[{"href":"https:\/\/sabatie-produits-entretien.fr\/fr\/wp-json\/wp\/v2\/pages\/22","targetHints":{"allow":["GET"]}}],"collection":[{"href":"https:\/\/sabatie-produits-entretien.fr\/fr\/wp-json\/wp\/v2\/pages"}],"about":[{"href":"https:\/\/sabatie-produits-entretien.fr\/fr\/wp-json\/wp\/v2\/types\/page"}],"author":[{"embeddable":true,"href":"https:\/\/sabatie-produits-entretien.fr\/fr\/wp-json\/wp\/v2\/users\/1"}],"replies":[{"embeddable":true,"href":"https:\/\/sabatie-produits-entretien.fr\/fr\/wp-json\/wp\/v2\/comments?post=22"}],"version-history":[{"count":5,"href":"https:\/\/sabatie-produits-entretien.fr\/fr\/wp-json\/wp\/v2\/pages\/22\/revisions"}],"predecessor-version":[{"id":4052,"href":"https:\/\/sabatie-produits-entretien.fr\/fr\/wp-json\/wp\/v2\/pages\/22\/revisions\/4052"}],"wp:attachment":[{"href":"https:\/\/sabatie-produits-entretien.fr\/fr\/wp-json\/wp\/v2\/media?parent=22"}],"curies":[{"name":"wp","href":"https:\/\/api.w.org\/{rel}","templated":true}]}}