{"id":4004,"date":"2025-06-17T09:41:59","date_gmt":"2025-06-17T07:41:59","guid":{"rendered":"https:\/\/mistercomm.fr\/?page_id=4004"},"modified":"2025-06-21T13:44:33","modified_gmt":"2025-06-21T11:44:33","slug":"gestion-des-cookies","status":"publish","type":"page","link":"https:\/\/sabatie-produits-entretien.fr\/fr\/gestion-des-cookies\/","title":{"rendered":"Gestion des cookies"},"content":{"rendered":"\t\t<div data-elementor-type=\"wp-page\" data-elementor-id=\"4004\" class=\"elementor elementor-4004\" data-elementor-post-type=\"page\">\n\t\t\t\t<div class=\"elementor-element elementor-element-65c9901c e-flex e-con-boxed e-con e-parent\" data-id=\"65c9901c\" data-element_type=\"container\" data-e-type=\"container\">\n\t\t\t\t\t<div class=\"e-con-inner\">\n\t\t\t\t<div class=\"elementor-element elementor-element-19b830ed elementor-widget elementor-widget-text-editor\" data-id=\"19b830ed\" data-element_type=\"widget\" data-e-type=\"widget\" data-widget_type=\"text-editor.default\">\n\t\t\t\t<div class=\"elementor-widget-container\">\n\t\t\t\t\t\t\t\t\t<h2>1. Qu\u2019est-ce qu\u2019un cookie ?<\/h2>\r\nUn <strong data-start=\"211\" data-end=\"221\">cookie<\/strong> est un petit fichier texte enregistr\u00e9 sur votre appareil (ordinateur, mobile, tablette) lorsque vous consultez un site internet.<br data-start=\"350\" data-end=\"353\" \/>Il permet de stocker temporairement des informations de navigation pour am\u00e9liorer votre exp\u00e9rience utilisateur.\r\n<h2>2. Quels cookies utilisons nous ?<\/h2>\r\n<p data-start=\"510\" data-end=\"566\">Notre site peut utiliser les types de cookies suivants :<\/p>\r\n\r\n<h6 data-start=\"568\" data-end=\"608\">\u27a4 Cookies techniques (obligatoires)<\/h6>\r\n<p data-start=\"609\" data-end=\"707\">Indispensables au bon fonctionnement du site (navigation, acc\u00e8s s\u00e9curis\u00e9, formulaire de devis&#8230;).<\/p>\r\n\r\n<h6 data-start=\"929\" data-end=\"949\">\u27a4 Cookies tiers<\/h6>\r\n<p data-start=\"950\" data-end=\"1055\">Certains services tiers (ex. : vid\u00e9os YouTube, cartes Google Maps) peuvent d\u00e9poser leurs propres cookies.<\/p>\r\n\r\n<h2 data-start=\"950\" data-end=\"1055\">3. Consentement \u00e0 l&rsquo;utilisation des cookies<\/h2>\r\n<p data-start=\"1111\" data-end=\"1209\">Lors de votre premi\u00e8re visite sur notre site, un <strong data-start=\"1160\" data-end=\"1178\">bandeau cookie<\/strong> s\u2019affiche vous permettant de :<\/p>\r\n\r\n<ul data-start=\"1211\" data-end=\"1303\">\r\n \t<li data-start=\"1211\" data-end=\"1238\">\r\n<p data-start=\"1213\" data-end=\"1238\">Accepter tous les cookies<\/p>\r\n<\/li>\r\n \t<li data-start=\"1239\" data-end=\"1271\">\r\n<p data-start=\"1241\" data-end=\"1271\">Refuser les cookies optionnels<\/p>\r\n<\/li>\r\n \t<li data-start=\"1272\" data-end=\"1303\">\r\n<p data-start=\"1274\" data-end=\"1303\">Personnaliser vos pr\u00e9f\u00e9rences<\/p>\r\n<\/li>\r\n<\/ul>\r\n<p data-start=\"1305\" data-end=\"1435\">Vous pouvez \u00e0 tout moment <strong data-start=\"1331\" data-end=\"1373\">modifier ou retirer votre consentement<\/strong> en cliquant sur le lien \u00ab\u00a0Gestion des cookies\u00a0\u00bb en bas de page.<\/p>\r\n\r\n<h3 data-start=\"1545\" data-end=\"1583\">4. G\u00e9rer ou d\u00e9sactiver les cookies<\/h3>\r\n<p data-start=\"1585\" data-end=\"1669\">Vous pouvez aussi d\u00e9sactiver les cookies depuis les param\u00e8tres de votre navigateur :<\/p>\r\n\r\n<ul data-start=\"1671\" data-end=\"2027\">\r\n \t<li data-start=\"1671\" data-end=\"1731\">\r\n<p data-start=\"1673\" data-end=\"1731\"><a class=\"cursor-pointer\" target=\"_new\" rel=\"noopener\" data-start=\"1673\" data-end=\"1731\">Chrome<\/a><\/p>\r\n<\/li>\r\n \t<li data-start=\"1732\" data-end=\"1816\">\r\n<p data-start=\"1734\" data-end=\"1816\"><a class=\"\" href=\"https:\/\/support.mozilla.org\/fr\/kb\/autoriser-bloquer-cookies-preferences\" target=\"_new\" rel=\"noopener\" data-start=\"1734\" data-end=\"1816\">Firefox<\/a><\/p>\r\n<\/li>\r\n \t<li data-start=\"1817\" data-end=\"1887\">\r\n<p data-start=\"1819\" data-end=\"1887\"><a class=\"\" href=\"https:\/\/support.apple.com\/fr-fr\/guide\/safari\/sfri11471\/mac\" target=\"_new\" rel=\"noopener\" data-start=\"1819\" data-end=\"1887\">Safari<\/a><\/p>\r\n<\/li>\r\n \t<li data-start=\"1888\" data-end=\"2027\">\r\n<p data-start=\"1890\" data-end=\"2027\"><a class=\"\" href=\"https:\/\/support.microsoft.com\/fr-fr\/microsoft-edge\/supprimer-les-cookies-dans-microsoft-edge-63947406-40ac-c3b8-57b9-2a946a29ae09\" target=\"_new\" rel=\"noopener\" data-start=\"1890\" data-end=\"2027\">Edge<\/a><\/p>\r\n<\/li>\r\n<\/ul>\r\n&nbsp;\r\n<h2 data-start=\"950\" data-end=\"1055\">5. Responsable<\/h2>\r\nPour toute question relative \u00e0 notre politique de cookies, contactez :<br data-start=\"2124\" data-end=\"2127\" \/><strong data-start=\"2127\" data-end=\"2143\">Sabati\u00e9 SARL<\/strong> \u2013 <strong><a href=\"mailto:sabatie.produits.entretien@orange.fr\">sabatie.produits.entretien@orange.fr<\/a><\/strong>\t\t\t\t\t\t\t\t<\/div>\n\t\t\t\t<\/div>\n\t\t\t\t\t<\/div>\n\t\t\t\t<\/div>\n\t\t\t\t<\/div>\n\t\t","protected":false},"excerpt":{"rendered":"<p>1. Qu\u2019est-ce qu\u2019un cookie ? Un cookie est un petit fichier texte enregistr\u00e9 sur votre appareil (ordinateur, mobile, tablette) lorsque [&hellip;]<\/p>\n","protected":false},"author":1,"featured_media":0,"parent":0,"menu_order":0,"comment_status":"closed","ping_status":"closed","template":"","meta":{"_acf_changed":false,"site-sidebar-layout":"default","site-content-layout":"","ast-site-content-layout":"default","site-content-style":"default","site-sidebar-style":"default","ast-global-header-display":"","ast-banner-title-visibility":"","ast-main-header-display":"","ast-hfb-above-header-display":"","ast-hfb-below-header-display":"","ast-hfb-mobile-header-display":"","site-post-title":"","ast-breadcrumbs-content":"","ast-featured-img":"","footer-sml-layout":"","ast-disable-related-posts":"","theme-transparent-header-meta":"default","adv-header-id-meta":"","stick-header-meta":"","header-above-stick-meta":"","header-main-stick-meta":"","header-below-stick-meta":"","astra-migrate-meta-layouts":"set","ast-page-background-enabled":"default","ast-page-background-meta":{"desktop":{"background-color":"var(--ast-global-color-5)","background-image":"","background-repeat":"repeat","background-position":"center center","background-size":"auto","background-attachment":"scroll","background-type":"","background-media":"","overlay-type":"","overlay-color":"","overlay-opacity":"","overlay-gradient":""},"tablet":{"background-color":"","background-image":"","background-repeat":"repeat","background-position":"center center","background-size":"auto","background-attachment":"scroll","background-type":"","background-media":"","overlay-type":"","overlay-color":"","overlay-opacity":"","overlay-gradient":""},"mobile":{"background-color":"","background-image":"","background-repeat":"repeat","background-position":"center center","background-size":"auto","background-attachment":"scroll","background-type":"","background-media":"","overlay-type":"","overlay-color":"","overlay-opacity":"","overlay-gradient":""}},"ast-content-background-meta":{"desktop":{"background-color":"var(--ast-global-color-4)","background-image":"","background-repeat":"repeat","background-position":"center center","background-size":"auto","background-attachment":"scroll","background-type":"","background-media":"","overlay-type":"","overlay-color":"","overlay-opacity":"","overlay-gradient":""},"tablet":{"background-color":"var(--ast-global-color-4)","background-image":"","background-repeat":"repeat","background-position":"center center","background-size":"auto","background-attachment":"scroll","background-type":"","background-media":"","overlay-type":"","overlay-color":"","overlay-opacity":"","overlay-gradient":""},"mobile":{"background-color":"var(--ast-global-color-4)","background-image":"","background-repeat":"repeat","background-position":"center center","background-size":"auto","background-attachment":"scroll","background-type":"","background-media":"","overlay-type":"","overlay-color":"","overlay-opacity":"","overlay-gradient":""}},"footnotes":""},"class_list":["post-4004","page","type-page","status-publish","hentry"],"acf":[],"_links":{"self":[{"href":"https:\/\/sabatie-produits-entretien.fr\/fr\/wp-json\/wp\/v2\/pages\/4004","targetHints":{"allow":["GET"]}}],"collection":[{"href":"https:\/\/sabatie-produits-entretien.fr\/fr\/wp-json\/wp\/v2\/pages"}],"about":[{"href":"https:\/\/sabatie-produits-entretien.fr\/fr\/wp-json\/wp\/v2\/types\/page"}],"author":[{"embeddable":true,"href":"https:\/\/sabatie-produits-entretien.fr\/fr\/wp-json\/wp\/v2\/users\/1"}],"replies":[{"embeddable":true,"href":"https:\/\/sabatie-produits-entretien.fr\/fr\/wp-json\/wp\/v2\/comments?post=4004"}],"version-history":[{"count":4,"href":"https:\/\/sabatie-produits-entretien.fr\/fr\/wp-json\/wp\/v2\/pages\/4004\/revisions"}],"predecessor-version":[{"id":4049,"href":"https:\/\/sabatie-produits-entretien.fr\/fr\/wp-json\/wp\/v2\/pages\/4004\/revisions\/4049"}],"wp:attachment":[{"href":"https:\/\/sabatie-produits-entretien.fr\/fr\/wp-json\/wp\/v2\/media?parent=4004"}],"curies":[{"name":"wp","href":"https:\/\/api.w.org\/{rel}","templated":true}]}}