{"id":4009,"date":"2025-06-17T09:51:16","date_gmt":"2025-06-17T07:51:16","guid":{"rendered":"https:\/\/mistercomm.fr\/?page_id=4009"},"modified":"2025-07-12T09:54:17","modified_gmt":"2025-07-12T07:54:17","slug":"mentions-legales","status":"publish","type":"page","link":"https:\/\/sabatie-produits-entretien.fr\/fr\/mentions-legales\/","title":{"rendered":"Mentions l\u00e9gales"},"content":{"rendered":"\t\t<div data-elementor-type=\"wp-page\" data-elementor-id=\"4009\" class=\"elementor elementor-4009\" data-elementor-post-type=\"page\">\n\t\t\t\t<div class=\"elementor-element elementor-element-2839bc16 e-flex e-con-boxed e-con e-parent\" data-id=\"2839bc16\" data-element_type=\"container\" data-e-type=\"container\">\n\t\t\t\t\t<div class=\"e-con-inner\">\n\t\t\t\t<div class=\"elementor-element elementor-element-7e154694 elementor-widget elementor-widget-text-editor\" data-id=\"7e154694\" data-element_type=\"widget\" data-e-type=\"widget\" data-widget_type=\"text-editor.default\">\n\t\t\t\t<div class=\"elementor-widget-container\">\n\t\t\t\t\t\t\t\t\t<h2>1. \u00c9diteur du site<\/h2><p><strong data-start=\"170\" data-end=\"190\">Raison sociale :<\/strong> Sabati\u00e9 SAS<br data-start=\"203\" data-end=\"206\" \/><strong data-start=\"206\" data-end=\"227\">Forme juridique :<\/strong> Soci\u00e9t\u00e9 \u00e0 ACTION SIMPLIFE (SAS)<br data-start=\"267\" data-end=\"270\" \/><strong data-start=\"270\" data-end=\"288\">Si\u00e8ge social :<\/strong> <strong><a href=\"https:\/\/g.co\/kgs\/cRPbNTs\">54 rue des Sorbiers, 81000 Albi<\/a><\/strong><br data-start=\"311\" data-end=\"314\" \/><strong data-start=\"314\" data-end=\"325\">SIRET :<\/strong> 42907880100017<br data-start=\"340\" data-end=\"343\" \/><strong data-start=\"343\" data-end=\"352\">RCS : <\/strong>Albi<br data-start=\"384\" data-end=\"387\" \/><strong data-start=\"387\" data-end=\"407\">Capital social :<\/strong> 10000,00<br data-start=\"422\" data-end=\"425\" \/><strong data-start=\"425\" data-end=\"457\">Responsable de publication :<\/strong> La direction de Sabati\u00e9<br data-start=\"473\" data-end=\"476\" \/><strong data-start=\"476\" data-end=\"489\">Contact :<\/strong> <strong><a href=\"mailto:sabatie.produits.entretien@orange.fr\">sabatie.produits.entretien@orange.fr<\/a><\/strong><\/p><h2>2. H\u00e9bergeur<\/h2><p>Ligne Web Services \u2013 LWS<br data-start=\"737\" data-end=\"740\" \/>10, rue Penthi\u00e8vre, 75008 Paris \u2013 France<br data-start=\"782\" data-end=\"785\" \/>T\u00e9l\u00e9phone : 01 77 62 30 03<br data-start=\"813\" data-end=\"816\" \/>Site : <a class=\"\" href=\"https:\/\/www.lws.fr\" target=\"_new\" rel=\"noopener\" data-start=\"825\" data-end=\"865\">https:\/\/www.lws.fr<\/a><\/p><h3 data-start=\"700\" data-end=\"733\">3. Conception &amp; d\u00e9veloppement<\/h3><p data-start=\"735\" data-end=\"832\"><strong data-start=\"735\" data-end=\"766\">Site con\u00e7u et r\u00e9alis\u00e9 par : <a href=\"http:\/\/agencejoy.fr\">Agence Joy<\/a><\/strong><br data-start=\"785\" data-end=\"788\" \/><strong data-start=\"788\" data-end=\"813\">Contact d\u00e9veloppeur : enzomarchand1@gmail.com<\/strong><\/p><h3 data-start=\"839\" data-end=\"870\">4. Propri\u00e9t\u00e9 intellectuelle<\/h3><p data-start=\"872\" data-end=\"1097\">Le contenu de ce site (textes, images, logos, \u00e9l\u00e9ments graphiques, etc.) est la propri\u00e9t\u00e9 exclusive de <strong data-start=\"975\" data-end=\"991\">Sabati\u00e9 SARL<\/strong>, sauf mention contraire.<br data-start=\"1016\" data-end=\"1019\" \/>Toute reproduction, m\u00eame partielle, est interdite sans autorisation pr\u00e9alable.<\/p><h3 data-start=\"1104\" data-end=\"1131\">5. Donn\u00e9es personnelles<\/h3><p data-start=\"1133\" data-end=\"1346\">Les donn\u00e9es collect\u00e9es via ce site sont trait\u00e9es conform\u00e9ment \u00e0 notre <a class=\"\" href=\"https:\/\/sabatie-produits-entretien.fr\/fr\/remboursements_retours\/\" rel=\"noopener\" data-start=\"1203\" data-end=\"1236\">Politique de confidentialit\u00e9<\/a>.<br data-start=\"1237\" data-end=\"1240\" \/>Vous pouvez \u00e0 tout moment demander l\u2019acc\u00e8s, la modification ou la suppression de vos donn\u00e9es personnelles.<\/p><h3 data-start=\"1353\" data-end=\"1367\">6. Cookies<\/h3><p data-start=\"1369\" data-end=\"1489\">Pour en savoir plus sur l\u2019utilisation des cookies sur notre site, consultez notre <a class=\"\" href=\"https:\/\/sabatie-produits-entretien.fr\/fr\/gestion-des-cookies\/\" rel=\"noopener\" data-start=\"1451\" data-end=\"1488\">Politique de gestion des cookies<\/a>.<\/p>\t\t\t\t\t\t\t\t<\/div>\n\t\t\t\t<\/div>\n\t\t\t\t\t<\/div>\n\t\t\t\t<\/div>\n\t\t\t\t<\/div>\n\t\t","protected":false},"excerpt":{"rendered":"<p>1. \u00c9diteur du site Raison sociale : Sabati\u00e9 SASForme juridique : Soci\u00e9t\u00e9 \u00e0 ACTION SIMPLIFE (SAS)Si\u00e8ge social : 54 rue [&hellip;]<\/p>\n","protected":false},"author":1,"featured_media":0,"parent":0,"menu_order":0,"comment_status":"closed","ping_status":"closed","template":"","meta":{"_acf_changed":false,"site-sidebar-layout":"default","site-content-layout":"","ast-site-content-layout":"default","site-content-style":"default","site-sidebar-style":"default","ast-global-header-display":"","ast-banner-title-visibility":"","ast-main-header-display":"","ast-hfb-above-header-display":"","ast-hfb-below-header-display":"","ast-hfb-mobile-header-display":"","site-post-title":"","ast-breadcrumbs-content":"","ast-featured-img":"","footer-sml-layout":"","ast-disable-related-posts":"","theme-transparent-header-meta":"default","adv-header-id-meta":"","stick-header-meta":"","header-above-stick-meta":"","header-main-stick-meta":"","header-below-stick-meta":"","astra-migrate-meta-layouts":"set","ast-page-background-enabled":"default","ast-page-background-meta":{"desktop":{"background-color":"var(--ast-global-color-5)","background-image":"","background-repeat":"repeat","background-position":"center center","background-size":"auto","background-attachment":"scroll","background-type":"","background-media":"","overlay-type":"","overlay-color":"","overlay-opacity":"","overlay-gradient":""},"tablet":{"background-color":"","background-image":"","background-repeat":"repeat","background-position":"center center","background-size":"auto","background-attachment":"scroll","background-type":"","background-media":"","overlay-type":"","overlay-color":"","overlay-opacity":"","overlay-gradient":""},"mobile":{"background-color":"","background-image":"","background-repeat":"repeat","background-position":"center center","background-size":"auto","background-attachment":"scroll","background-type":"","background-media":"","overlay-type":"","overlay-color":"","overlay-opacity":"","overlay-gradient":""}},"ast-content-background-meta":{"desktop":{"background-color":"var(--ast-global-color-4)","background-image":"","background-repeat":"repeat","background-position":"center center","background-size":"auto","background-attachment":"scroll","background-type":"","background-media":"","overlay-type":"","overlay-color":"","overlay-opacity":"","overlay-gradient":""},"tablet":{"background-color":"var(--ast-global-color-4)","background-image":"","background-repeat":"repeat","background-position":"center center","background-size":"auto","background-attachment":"scroll","background-type":"","background-media":"","overlay-type":"","overlay-color":"","overlay-opacity":"","overlay-gradient":""},"mobile":{"background-color":"var(--ast-global-color-4)","background-image":"","background-repeat":"repeat","background-position":"center center","background-size":"auto","background-attachment":"scroll","background-type":"","background-media":"","overlay-type":"","overlay-color":"","overlay-opacity":"","overlay-gradient":""}},"footnotes":""},"class_list":["post-4009","page","type-page","status-publish","hentry"],"acf":[],"_links":{"self":[{"href":"https:\/\/sabatie-produits-entretien.fr\/fr\/wp-json\/wp\/v2\/pages\/4009","targetHints":{"allow":["GET"]}}],"collection":[{"href":"https:\/\/sabatie-produits-entretien.fr\/fr\/wp-json\/wp\/v2\/pages"}],"about":[{"href":"https:\/\/sabatie-produits-entretien.fr\/fr\/wp-json\/wp\/v2\/types\/page"}],"author":[{"embeddable":true,"href":"https:\/\/sabatie-produits-entretien.fr\/fr\/wp-json\/wp\/v2\/users\/1"}],"replies":[{"embeddable":true,"href":"https:\/\/sabatie-produits-entretien.fr\/fr\/wp-json\/wp\/v2\/comments?post=4009"}],"version-history":[{"count":7,"href":"https:\/\/sabatie-produits-entretien.fr\/fr\/wp-json\/wp\/v2\/pages\/4009\/revisions"}],"predecessor-version":[{"id":4451,"href":"https:\/\/sabatie-produits-entretien.fr\/fr\/wp-json\/wp\/v2\/pages\/4009\/revisions\/4451"}],"wp:attachment":[{"href":"https:\/\/sabatie-produits-entretien.fr\/fr\/wp-json\/wp\/v2\/media?parent=4009"}],"curies":[{"name":"wp","href":"https:\/\/api.w.org\/{rel}","templated":true}]}}