{"id":1000,"date":"2025-05-05T08:49:55","date_gmt":"2025-05-05T06:49:55","guid":{"rendered":"http:\/\/localhost\/sabatiesarl\/?post_type=product&#038;p=1000"},"modified":"2025-06-11T01:44:25","modified_gmt":"2025-06-10T23:44:25","slug":"06d-serpilliere-wassingue-coton-gaufree-ecrue-50x100-cm","status":"publish","type":"product","link":"https:\/\/sabatie-produits-entretien.fr\/fr\/produit\/06d-serpilliere-wassingue-coton-gaufree-ecrue-50x100-cm\/","title":{"rendered":"06D SERPILLI\u00c8RE WASSINGUE COTON GAUFR\u00c9E \u00c9CRUE 50&#215;100 cm"},"content":{"rendered":"<h2>SERPILLI\u00c8RE WASSINGUE COTON GAUFR\u00c9E \u00c9CRUE 50&#215;100 cm<\/h2>\n<p>&nbsp;<\/p>\n<h4>Utilisation\u00a0 :<\/h4>\n<h4 class=\"texte\">La Serpilli\u00e8re Wassingue coton gaufr\u00e9e est id\u00e9ale pour nettoyer tous types de sols.<\/h4>\n<p>&nbsp;<\/p>\n<h4>Recoupable par le milieu.<\/h4>\n<p>&nbsp;<\/p>\n<h4 class=\"texte\">Elle r\u00e9siste \u00e0 tous les d\u00e9tergents et se lave en machine \u00e0 90\u00b0C<\/h4>\n<p>&nbsp;<\/p>\n<h4 class=\"texte\">Composition\u00a0 :\u00a0 Tiss\u00e9es en fils \u00e0 fibres recycl\u00e9es avec plus de 60% de coton<\/h4>\n<p>&nbsp;<\/p>\n<h4 class=\"texte\">Dimensions\u00a0 :\u00a0 longueur 100 cm;\u00a0 largeur 50 cm<\/h4>\n<p>&nbsp;<\/p>\n<h4 class=\"texte\">Couleur\u00a0 :\u00a0 \u00c9crue<\/h4>\n<p>&nbsp;<\/p>\n<h4>Conditionnement\u00a0 :<\/h4>\n<ul>\n<li>\n<h4>lot de 10 u<\/h4>\n<\/li>\n<li>\n<h4>carton de 30 u<\/h4>\n<\/li>\n<\/ul>\n<p>&nbsp;<\/p>\n<ul>\n<li><a href=\"http:\/\/sabatie-produits-entretien.fr\/fr\/wp-content\/uploads\/2017\/06\/FICHE-TECHNIQUE-06D-REF380.pdf\" target=\"_blank\" rel=\"noopener noreferrer\">FICHE TECHNIQUE<\/a><\/li>\n<\/ul>\n","protected":false},"excerpt":{"rendered":"<p>SERPILLI\u00c8RE WASSINGUE COTON GAUFR\u00c9E \u00c9CRUE 50&#215;100 cm &nbsp; Utilisation\u00a0 : La Serpilli\u00e8re Wassingue coton gaufr\u00e9e est id\u00e9ale pour nettoyer tous [&hellip;]<\/p>\n","protected":false},"featured_media":1048,"comment_status":"closed","ping_status":"closed","template":"","meta":{"_acf_changed":false,"site-sidebar-layout":"default","site-content-layout":"","ast-site-content-layout":"default","site-content-style":"default","site-sidebar-style":"default","ast-global-header-display":"","ast-banner-title-visibility":"","ast-main-header-display":"","ast-hfb-above-header-display":"","ast-hfb-below-header-display":"","ast-hfb-mobile-header-display":"","site-post-title":"","ast-breadcrumbs-content":"","ast-featured-img":"","footer-sml-layout":"","ast-disable-related-posts":"","theme-transparent-header-meta":"","adv-header-id-meta":"","stick-header-meta":"","header-above-stick-meta":"","header-main-stick-meta":"","header-below-stick-meta":"","astra-migrate-meta-layouts":"default","ast-page-background-enabled":"default","ast-page-background-meta":{"desktop":{"background-color":"var(--ast-global-color-5)","background-image":"","background-repeat":"repeat","background-position":"center center","background-size":"auto","background-attachment":"scroll","background-type":"","background-media":"","overlay-type":"","overlay-color":"","overlay-opacity":"","overlay-gradient":""},"tablet":{"background-color":"","background-image":"","background-repeat":"repeat","background-position":"center center","background-size":"auto","background-attachment":"scroll","background-type":"","background-media":"","overlay-type":"","overlay-color":"","overlay-opacity":"","overlay-gradient":""},"mobile":{"background-color":"","background-image":"","background-repeat":"repeat","background-position":"center center","background-size":"auto","background-attachment":"scroll","background-type":"","background-media":"","overlay-type":"","overlay-color":"","overlay-opacity":"","overlay-gradient":""}},"ast-content-background-meta":{"desktop":{"background-color":"var(--ast-global-color-4)","background-image":"","background-repeat":"repeat","background-position":"center center","background-size":"auto","background-attachment":"scroll","background-type":"","background-media":"","overlay-type":"","overlay-color":"","overlay-opacity":"","overlay-gradient":""},"tablet":{"background-color":"var(--ast-global-color-4)","background-image":"","background-repeat":"repeat","background-position":"center center","background-size":"auto","background-attachment":"scroll","background-type":"","background-media":"","overlay-type":"","overlay-color":"","overlay-opacity":"","overlay-gradient":""},"mobile":{"background-color":"var(--ast-global-color-4)","background-image":"","background-repeat":"repeat","background-position":"center center","background-size":"auto","background-attachment":"scroll","background-type":"","background-media":"","overlay-type":"","overlay-color":"","overlay-opacity":"","overlay-gradient":""}}},"product_brand":[],"product_cat":[16,665],"product_tag":[110],"class_list":{"0":"post-1000","1":"product","2":"type-product","3":"status-publish","4":"has-post-thumbnail","6":"product_cat-tout","7":"product_cat-microfibres","8":"product_tag-serpilliere-wassingue-coton-ecrue-50x100","9":"desktop-align-left","10":"tablet-align-left","11":"mobile-align-left","13":"first","14":"instock","15":"virtual","16":"product-type-simple"},"acf":[],"_links":{"self":[{"href":"https:\/\/sabatie-produits-entretien.fr\/fr\/wp-json\/wp\/v2\/product\/1000","targetHints":{"allow":["GET"]}}],"collection":[{"href":"https:\/\/sabatie-produits-entretien.fr\/fr\/wp-json\/wp\/v2\/product"}],"about":[{"href":"https:\/\/sabatie-produits-entretien.fr\/fr\/wp-json\/wp\/v2\/types\/product"}],"replies":[{"embeddable":true,"href":"https:\/\/sabatie-produits-entretien.fr\/fr\/wp-json\/wp\/v2\/comments?post=1000"}],"wp:featuredmedia":[{"embeddable":true,"href":"https:\/\/sabatie-produits-entretien.fr\/fr\/wp-json\/wp\/v2\/media\/1048"}],"wp:attachment":[{"href":"https:\/\/sabatie-produits-entretien.fr\/fr\/wp-json\/wp\/v2\/media?parent=1000"}],"wp:term":[{"taxonomy":"product_brand","embeddable":true,"href":"https:\/\/sabatie-produits-entretien.fr\/fr\/wp-json\/wp\/v2\/product_brand?post=1000"},{"taxonomy":"product_cat","embeddable":true,"href":"https:\/\/sabatie-produits-entretien.fr\/fr\/wp-json\/wp\/v2\/product_cat?post=1000"},{"taxonomy":"product_tag","embeddable":true,"href":"https:\/\/sabatie-produits-entretien.fr\/fr\/wp-json\/wp\/v2\/product_tag?post=1000"}],"curies":[{"name":"wp","href":"https:\/\/api.w.org\/{rel}","templated":true}]}}