{"id":1001,"date":"2025-05-05T08:49:55","date_gmt":"2025-05-05T06:49:55","guid":{"rendered":"http:\/\/localhost\/sabatiesarl\/?post_type=product&#038;p=1001"},"modified":"2025-06-11T01:44:06","modified_gmt":"2025-06-10T23:44:06","slug":"06c-lavette-coton-gaufree-blanche-30x70-cm","status":"publish","type":"product","link":"https:\/\/sabatie-produits-entretien.fr\/fr\/produit\/06c-lavette-coton-gaufree-blanche-30x70-cm\/","title":{"rendered":"06C LAVETTE COTON GAUFR\u00c9E BLANCHE 30&#215;70 cm"},"content":{"rendered":"<h2>LAVETTE COTON GAUFR\u00c9E BLANCHE 30&#215;70 cm<\/h2>\n<p>&nbsp;<\/p>\n<h4>Utilisation\u00a0 :<\/h4>\n<h4>Sur tous types de surface au dessus du sol pour le lavage ou le rin\u00e7age.<\/h4>\n<p>&nbsp;<\/p>\n<h4>Les points forts de la lavette gaufr\u00e9e :<\/h4>\n<h4>Haute r\u00e9sistance. Elle est \u00e9conomique et a un fort pouvoir d\u2019absorption.<\/h4>\n<p>&nbsp;<\/p>\n<h4>Recoupable par le milieu.<\/h4>\n<p>&nbsp;<\/p>\n<h4 class=\"texte\">Elle r\u00e9siste \u00e0 tous les d\u00e9tergents et se lave en machine \u00e0 90\u00b0C<\/h4>\n<p>&nbsp;<\/p>\n<h4 class=\"texte\">Composition\u00a0 :\u00a0 Tiss\u00e9es en fils \u00e0 fibres recycl\u00e9es avec plus de 60% de coton<\/h4>\n<p>&nbsp;<\/p>\n<h4 class=\"texte\">Dimensions\u00a0 :\u00a0 longueur 70 cm;\u00a0 largeur 30 cm<\/h4>\n<p>&nbsp;<\/p>\n<h4 class=\"texte\">Couleur\u00a0 :\u00a0 Blanche<\/h4>\n<p>&nbsp;<\/p>\n<h4>Conditionnement\u00a0 :<\/h4>\n<ul>\n<li>\n<h4>lot de 10 u<\/h4>\n<\/li>\n<li>\n<h4>carton de 30 u<\/h4>\n<\/li>\n<\/ul>\n<p>&nbsp;<\/p>\n<ul>\n<li><a href=\"http:\/\/sabatie-produits-entretien.fr\/fr\/wp-content\/uploads\/2017\/06\/FICHE-TECHNIQUE-06C-REF386.pdf\" target=\"_blank\" rel=\"noopener noreferrer\">FICHE TECHNIQUE<\/a><\/li>\n<\/ul>\n","protected":false},"excerpt":{"rendered":"<p>LAVETTE COTON GAUFR\u00c9E BLANCHE 30&#215;70 cm &nbsp; Utilisation\u00a0 : Sur tous types de surface au dessus du sol pour le [&hellip;]<\/p>\n","protected":false},"featured_media":1049,"comment_status":"closed","ping_status":"closed","template":"","meta":{"_acf_changed":false,"site-sidebar-layout":"default","site-content-layout":"","ast-site-content-layout":"default","site-content-style":"default","site-sidebar-style":"default","ast-global-header-display":"","ast-banner-title-visibility":"","ast-main-header-display":"","ast-hfb-above-header-display":"","ast-hfb-below-header-display":"","ast-hfb-mobile-header-display":"","site-post-title":"","ast-breadcrumbs-content":"","ast-featured-img":"","footer-sml-layout":"","ast-disable-related-posts":"","theme-transparent-header-meta":"","adv-header-id-meta":"","stick-header-meta":"","header-above-stick-meta":"","header-main-stick-meta":"","header-below-stick-meta":"","astra-migrate-meta-layouts":"default","ast-page-background-enabled":"default","ast-page-background-meta":{"desktop":{"background-color":"var(--ast-global-color-5)","background-image":"","background-repeat":"repeat","background-position":"center center","background-size":"auto","background-attachment":"scroll","background-type":"","background-media":"","overlay-type":"","overlay-color":"","overlay-opacity":"","overlay-gradient":""},"tablet":{"background-color":"","background-image":"","background-repeat":"repeat","background-position":"center center","background-size":"auto","background-attachment":"scroll","background-type":"","background-media":"","overlay-type":"","overlay-color":"","overlay-opacity":"","overlay-gradient":""},"mobile":{"background-color":"","background-image":"","background-repeat":"repeat","background-position":"center center","background-size":"auto","background-attachment":"scroll","background-type":"","background-media":"","overlay-type":"","overlay-color":"","overlay-opacity":"","overlay-gradient":""}},"ast-content-background-meta":{"desktop":{"background-color":"var(--ast-global-color-4)","background-image":"","background-repeat":"repeat","background-position":"center center","background-size":"auto","background-attachment":"scroll","background-type":"","background-media":"","overlay-type":"","overlay-color":"","overlay-opacity":"","overlay-gradient":""},"tablet":{"background-color":"var(--ast-global-color-4)","background-image":"","background-repeat":"repeat","background-position":"center center","background-size":"auto","background-attachment":"scroll","background-type":"","background-media":"","overlay-type":"","overlay-color":"","overlay-opacity":"","overlay-gradient":""},"mobile":{"background-color":"var(--ast-global-color-4)","background-image":"","background-repeat":"repeat","background-position":"center center","background-size":"auto","background-attachment":"scroll","background-type":"","background-media":"","overlay-type":"","overlay-color":"","overlay-opacity":"","overlay-gradient":""}}},"product_brand":[],"product_cat":[16,666],"product_tag":[111],"class_list":{"0":"post-1001","1":"product","2":"type-product","3":"status-publish","4":"has-post-thumbnail","6":"product_cat-tout","7":"product_cat-cotons","8":"product_tag-lavette-coton-gaufree-blanche-30x70","9":"desktop-align-left","10":"tablet-align-left","11":"mobile-align-left","13":"first","14":"instock","15":"virtual","16":"product-type-simple"},"acf":[],"_links":{"self":[{"href":"https:\/\/sabatie-produits-entretien.fr\/fr\/wp-json\/wp\/v2\/product\/1001","targetHints":{"allow":["GET"]}}],"collection":[{"href":"https:\/\/sabatie-produits-entretien.fr\/fr\/wp-json\/wp\/v2\/product"}],"about":[{"href":"https:\/\/sabatie-produits-entretien.fr\/fr\/wp-json\/wp\/v2\/types\/product"}],"replies":[{"embeddable":true,"href":"https:\/\/sabatie-produits-entretien.fr\/fr\/wp-json\/wp\/v2\/comments?post=1001"}],"wp:featuredmedia":[{"embeddable":true,"href":"https:\/\/sabatie-produits-entretien.fr\/fr\/wp-json\/wp\/v2\/media\/1049"}],"wp:attachment":[{"href":"https:\/\/sabatie-produits-entretien.fr\/fr\/wp-json\/wp\/v2\/media?parent=1001"}],"wp:term":[{"taxonomy":"product_brand","embeddable":true,"href":"https:\/\/sabatie-produits-entretien.fr\/fr\/wp-json\/wp\/v2\/product_brand?post=1001"},{"taxonomy":"product_cat","embeddable":true,"href":"https:\/\/sabatie-produits-entretien.fr\/fr\/wp-json\/wp\/v2\/product_cat?post=1001"},{"taxonomy":"product_tag","embeddable":true,"href":"https:\/\/sabatie-produits-entretien.fr\/fr\/wp-json\/wp\/v2\/product_tag?post=1001"}],"curies":[{"name":"wp","href":"https:\/\/api.w.org\/{rel}","templated":true}]}}