{"id":1005,"date":"2025-05-05T08:49:56","date_gmt":"2025-05-05T06:49:56","guid":{"rendered":"http:\/\/localhost\/sabatiesarl\/?post_type=product&#038;p=1005"},"modified":"2025-06-11T01:48:25","modified_gmt":"2025-06-10T23:48:25","slug":"1063c-gants-latex-jetable-non-poudres-boite-100-u","status":"publish","type":"product","link":"https:\/\/sabatie-produits-entretien.fr\/fr\/produit\/1063c-gants-latex-jetable-non-poudres-boite-100-u\/","title":{"rendered":"1063C GANTS LATEX JETABLE NON POUDR\u00c9S boite 100 u"},"content":{"rendered":"<div>\n<div>\n<div>\n<h2>GANTS LATEX JETABLE NON POUDR\u00c9S boite 100 u<\/h2>\n<h2><\/h2>\n<\/div>\n<div>\n<h4><span class=\"PBLongTxt\">Gants \u00e0 usage unique con\u00e7us en Latex 100 % naturel ultra fin. <\/span><\/h4>\n<\/div>\n<h4>C&rsquo;est un Gant Non Poudr\u00e9.\u00a0Cette absence de poudre\u00a0\u00e9vite les probl\u00e8mes d&rsquo;allergies\u00a0et d&rsquo;irritation.<\/h4>\n<h4>Manchette \u00e0 bords roul\u00e9s pour diminuer le risque de rupture \u00e0 l&rsquo;enfilage.<\/h4>\n<h4>Il est\u00a0\u00e0 usage unique\u00a0non st\u00e9rile\u00a0et est\u00a0particuli\u00e8rement \u00e9lastique, s&rsquo;enfile, s&rsquo;ajuste et se retire facilement.<\/h4>\n<h4>Bonne r\u00e9sistance et \u00e9lasticit\u00e9 tr\u00e8s \u00e9lev\u00e9e. Grand confort et adaptation aux mains.<\/h4>\n<h4>Excellente pr\u00e9hension et sensibilit\u00e9 tactile, surface lisse.<\/h4>\n<\/div>\n<\/div>\n<div>\n<h4>Ce gant en Latex poss\u00e8de des\u00a0qualit\u00e9s\u00a0tactiles\u00a0sup\u00e9rieures,\u00a0vous assurant une grande finesse au toucher et vous\u00a0garantissant ainsi une meilleure pr\u00e9cision dans vos gestes.<\/h4>\n<h4>Sa texture non glissante vous facilite la prise en main de mat\u00e9riel, d&rsquo;instruments &#8230;, ainsi que l&rsquo;ex\u00e9cution de manipulations d\u00e9licates et ultra-pr\u00e9cises.\u00a0 Il procure un<strong>\u00a0<\/strong>confort<strong>\u00a0<\/strong>d\u2019utilisation exceptionnel.<\/h4>\n<\/div>\n<div>\n<h4><span class=\"PBLongTxt\">Gant Ambidextre : <span id=\"ctl00_cphProduits_lblDescription\">Peut \u00eatre utilis\u00e9 sur main droite comme sur main gauche<\/span>.<\/p>\n<p><\/span><\/h4>\n<ul>\n<li>\n<h4><em>Agr\u00e9er Contact Alimentaire<\/em><\/h4>\n<\/li>\n<\/ul>\n<p>&nbsp;<\/p>\n<h4>Tailles\u00a0 :<\/h4>\n<ul>\n<li>\n<h4>S \u00a0\u00a0 \u00a0 6\/7 \u00a0 \u00a0\u00a0 (r\u00e9f.1063B)<\/h4>\n<\/li>\n<li>\n<h4>M\u00a0 \u00a0\u00a0 7\/8 \u00a0 \u00a0\u00a0 (r\u00e9f.1063C)<\/h4>\n<\/li>\n<li>\n<h4>L \u00a0 \u00a0\u00a0 8\/9 \u00a0 \u00a0\u00a0 (r\u00e9f.1063D)<\/h4>\n<\/li>\n<li>\n<h4>XL \u00a0\u00a0 9\/10 \u00a0 (r\u00e9f.1063E)<\/h4>\n<\/li>\n<\/ul>\n<h4><\/h4>\n<p>&nbsp;<\/p>\n<h4>Conditionnement :<\/h4>\n<ul>\n<li>\n<h4>boite distributrice de 100 gants<\/h4>\n<\/li>\n<li>\n<h4>carton de 10 boites de 100 gants<\/h4>\n<\/li>\n<\/ul>\n<p>&nbsp;<\/p>\n<\/div>\n<ul>\n<li>\u00a0<a href=\"http:\/\/sabatie-produits-entretien.fr\/fr\/wp-content\/uploads\/2017\/06\/07GL0708U.pdf\" target=\"_blank\" rel=\"noopener noreferrer\">FICHE TECHNIQUE<\/a><\/li>\n<\/ul>\n","protected":false},"excerpt":{"rendered":"<p>GANTS LATEX JETABLE NON POUDR\u00c9S boite 100 u Gants \u00e0 usage unique con\u00e7us en Latex 100 % naturel ultra fin. [&hellip;]<\/p>\n","protected":false},"featured_media":1053,"comment_status":"closed","ping_status":"closed","template":"","meta":{"_acf_changed":false,"site-sidebar-layout":"default","site-content-layout":"","ast-site-content-layout":"default","site-content-style":"default","site-sidebar-style":"default","ast-global-header-display":"","ast-banner-title-visibility":"","ast-main-header-display":"","ast-hfb-above-header-display":"","ast-hfb-below-header-display":"","ast-hfb-mobile-header-display":"","site-post-title":"","ast-breadcrumbs-content":"","ast-featured-img":"","footer-sml-layout":"","ast-disable-related-posts":"","theme-transparent-header-meta":"","adv-header-id-meta":"","stick-header-meta":"","header-above-stick-meta":"","header-main-stick-meta":"","header-below-stick-meta":"","astra-migrate-meta-layouts":"default","ast-page-background-enabled":"default","ast-page-background-meta":{"desktop":{"background-color":"var(--ast-global-color-5)","background-image":"","background-repeat":"repeat","background-position":"center center","background-size":"auto","background-attachment":"scroll","background-type":"","background-media":"","overlay-type":"","overlay-color":"","overlay-opacity":"","overlay-gradient":""},"tablet":{"background-color":"","background-image":"","background-repeat":"repeat","background-position":"center center","background-size":"auto","background-attachment":"scroll","background-type":"","background-media":"","overlay-type":"","overlay-color":"","overlay-opacity":"","overlay-gradient":""},"mobile":{"background-color":"","background-image":"","background-repeat":"repeat","background-position":"center center","background-size":"auto","background-attachment":"scroll","background-type":"","background-media":"","overlay-type":"","overlay-color":"","overlay-opacity":"","overlay-gradient":""}},"ast-content-background-meta":{"desktop":{"background-color":"var(--ast-global-color-4)","background-image":"","background-repeat":"repeat","background-position":"center center","background-size":"auto","background-attachment":"scroll","background-type":"","background-media":"","overlay-type":"","overlay-color":"","overlay-opacity":"","overlay-gradient":""},"tablet":{"background-color":"var(--ast-global-color-4)","background-image":"","background-repeat":"repeat","background-position":"center center","background-size":"auto","background-attachment":"scroll","background-type":"","background-media":"","overlay-type":"","overlay-color":"","overlay-opacity":"","overlay-gradient":""},"mobile":{"background-color":"var(--ast-global-color-4)","background-image":"","background-repeat":"repeat","background-position":"center center","background-size":"auto","background-attachment":"scroll","background-type":"","background-media":"","overlay-type":"","overlay-color":"","overlay-opacity":"","overlay-gradient":""}}},"product_brand":[],"product_cat":[16,670],"product_tag":[125,126],"class_list":{"0":"post-1005","1":"product","2":"type-product","3":"status-publish","4":"has-post-thumbnail","6":"product_cat-tout","7":"product_cat-gant","8":"product_tag-gants-latex-jetable-non-poudre","9":"product_tag-gants-latex-naturel-jetable-non-poudre","10":"desktop-align-left","11":"tablet-align-left","12":"mobile-align-left","14":"first","15":"instock","16":"virtual","17":"product-type-simple"},"acf":[],"_links":{"self":[{"href":"https:\/\/sabatie-produits-entretien.fr\/fr\/wp-json\/wp\/v2\/product\/1005","targetHints":{"allow":["GET"]}}],"collection":[{"href":"https:\/\/sabatie-produits-entretien.fr\/fr\/wp-json\/wp\/v2\/product"}],"about":[{"href":"https:\/\/sabatie-produits-entretien.fr\/fr\/wp-json\/wp\/v2\/types\/product"}],"replies":[{"embeddable":true,"href":"https:\/\/sabatie-produits-entretien.fr\/fr\/wp-json\/wp\/v2\/comments?post=1005"}],"wp:featuredmedia":[{"embeddable":true,"href":"https:\/\/sabatie-produits-entretien.fr\/fr\/wp-json\/wp\/v2\/media\/1053"}],"wp:attachment":[{"href":"https:\/\/sabatie-produits-entretien.fr\/fr\/wp-json\/wp\/v2\/media?parent=1005"}],"wp:term":[{"taxonomy":"product_brand","embeddable":true,"href":"https:\/\/sabatie-produits-entretien.fr\/fr\/wp-json\/wp\/v2\/product_brand?post=1005"},{"taxonomy":"product_cat","embeddable":true,"href":"https:\/\/sabatie-produits-entretien.fr\/fr\/wp-json\/wp\/v2\/product_cat?post=1005"},{"taxonomy":"product_tag","embeddable":true,"href":"https:\/\/sabatie-produits-entretien.fr\/fr\/wp-json\/wp\/v2\/product_tag?post=1005"}],"curies":[{"name":"wp","href":"https:\/\/api.w.org\/{rel}","templated":true}]}}