{"id":1006,"date":"2025-05-05T08:49:56","date_gmt":"2025-05-05T06:49:56","guid":{"rendered":"http:\/\/localhost\/sabatiesarl\/?post_type=product&#038;p=1006"},"modified":"2025-06-11T01:48:34","modified_gmt":"2025-06-10T23:48:34","slug":"1065c-gants-vinyle-jetable-poudres-boite-100-u","status":"publish","type":"product","link":"https:\/\/sabatie-produits-entretien.fr\/fr\/produit\/1065c-gants-vinyle-jetable-poudres-boite-100-u\/","title":{"rendered":"1065C GANTS VINYLE JETABLE POUDR\u00c9S boite 100 u"},"content":{"rendered":"<h2>GANTS VINYLE JETABLE POUDR\u00c9S boite 100 u<\/h2>\n<h4><span class=\"PBLongTxt\">Gant \u00e0 usage unique en Vinyle l\u00e9g\u00e8rement poudr\u00e9.<\/span><\/h4>\n<h4><span class=\"PBLongTxt\">Utilisables dans de nombreux domaines.<\/span><\/h4>\n<h4><span id=\"ctl00_cphProduits_lblDescription\">Gant \u00e9conomique.<\/span><\/h4>\n<h4><span class=\"PBLongTxt\">La souplesse du Vinyle vous garantit\u00a0s\u00e9curit\u00e9, hygi\u00e8ne et un excellent confort d\u2019utilisation.\u00a0 <\/span><\/h4>\n<h4><span id=\"ctl00_cphProduits_lblDescription\"> Ces gants poudr\u00e9s, non st\u00e9riles, conviennent aux utilisateurs allergiques au latex.\u00a0<\/span><\/h4>\n<h4><span id=\"ctl00_cphProduits_lblDescription\"> Tr\u00e8s doux. Ne colle pas \u00e0 la peau. <\/span><\/h4>\n<h4><span id=\"ctl00_cphProduits_lblDescription\">\u00c9lasticit\u00e9 moins importante que celle du latex. S\u2019adaptent \u00e0 toute morphologie.<\/span><\/h4>\n<h4><span id=\"ctl00_cphProduits_lblDescription\">Bonne r\u00e9sistance face \u00e0 certains produits chimiques.<\/span><\/h4>\n<h4><span class=\"PBLongTxt\">Gants poudr\u00e9s \u00e0 l&rsquo;int\u00e9rieur pour faciliter l&rsquo;enfilage.<\/span><\/h4>\n<h4><span class=\"PBLongTxt\">Bords roul\u00e9s pour \u00e9viter les d\u00e9chirures \u00e0 l&rsquo;enfilage et emp\u00eacher l&rsquo;\u00e9coulement le long du gant.<\/span><\/h4>\n<h4><span class=\"PBLongTxt\">Gant Ambidextre : <span id=\"ctl00_cphProduits_lblDescription\">Peut \u00eatre utilis\u00e9 sur main droite comme sur main gauche<\/span>.<\/p>\n<p><\/span><\/h4>\n<ul>\n<li>\n<h4><em>Agr\u00e9er Contact Alimentaire<\/em><\/h4>\n<\/li>\n<\/ul>\n<p>&nbsp;<\/p>\n<h4>Tailles\u00a0 :<\/h4>\n<ul>\n<li>\n<h4>S \u00a0\u00a0 \u00a0 6\/7 \u00a0 \u00a0\u00a0 (r\u00e9f.1065B)<\/h4>\n<\/li>\n<li>\n<h4>M\u00a0 \u00a0\u00a0 7\/8 \u00a0 \u00a0\u00a0 (r\u00e9f.1065C)<\/h4>\n<\/li>\n<li>\n<h4>L \u00a0 \u00a0\u00a0 8\/9 \u00a0 \u00a0\u00a0 (r\u00e9f.1065D)<\/h4>\n<\/li>\n<li>\n<h4>XL \u00a0\u00a0 9\/10 \u00a0 (r\u00e9f.1065E)<\/h4>\n<\/li>\n<\/ul>\n<p>&nbsp;<\/p>\n<p>&nbsp;<\/p>\n<h4>Conditionnement :<\/h4>\n<ul>\n<li>\n<h4>boite distributrice de 100 gants<\/h4>\n<\/li>\n<li>\n<h4>carton de 10 boites de 100 gants<\/h4>\n<\/li>\n<\/ul>\n<p>&nbsp;<\/p>\n<ul>\n<li><a href=\"http:\/\/sabatie-produits-entretien.fr\/fr\/wp-content\/uploads\/2017\/06\/07GV0818U.pdf\" target=\"_blank\" rel=\"noopener noreferrer\">FICHE TECHNIQUE<\/a><\/li>\n<\/ul>\n<p>&nbsp;<\/p>\n","protected":false},"excerpt":{"rendered":"<p>GANTS VINYLE JETABLE POUDR\u00c9S boite 100 u Gant \u00e0 usage unique en Vinyle l\u00e9g\u00e8rement poudr\u00e9. Utilisables dans de nombreux domaines. [&hellip;]<\/p>\n","protected":false},"featured_media":1054,"comment_status":"closed","ping_status":"closed","template":"","meta":{"_acf_changed":false,"site-sidebar-layout":"default","site-content-layout":"","ast-site-content-layout":"default","site-content-style":"default","site-sidebar-style":"default","ast-global-header-display":"","ast-banner-title-visibility":"","ast-main-header-display":"","ast-hfb-above-header-display":"","ast-hfb-below-header-display":"","ast-hfb-mobile-header-display":"","site-post-title":"","ast-breadcrumbs-content":"","ast-featured-img":"","footer-sml-layout":"","ast-disable-related-posts":"","theme-transparent-header-meta":"","adv-header-id-meta":"","stick-header-meta":"","header-above-stick-meta":"","header-main-stick-meta":"","header-below-stick-meta":"","astra-migrate-meta-layouts":"default","ast-page-background-enabled":"default","ast-page-background-meta":{"desktop":{"background-color":"var(--ast-global-color-5)","background-image":"","background-repeat":"repeat","background-position":"center center","background-size":"auto","background-attachment":"scroll","background-type":"","background-media":"","overlay-type":"","overlay-color":"","overlay-opacity":"","overlay-gradient":""},"tablet":{"background-color":"","background-image":"","background-repeat":"repeat","background-position":"center center","background-size":"auto","background-attachment":"scroll","background-type":"","background-media":"","overlay-type":"","overlay-color":"","overlay-opacity":"","overlay-gradient":""},"mobile":{"background-color":"","background-image":"","background-repeat":"repeat","background-position":"center center","background-size":"auto","background-attachment":"scroll","background-type":"","background-media":"","overlay-type":"","overlay-color":"","overlay-opacity":"","overlay-gradient":""}},"ast-content-background-meta":{"desktop":{"background-color":"var(--ast-global-color-4)","background-image":"","background-repeat":"repeat","background-position":"center center","background-size":"auto","background-attachment":"scroll","background-type":"","background-media":"","overlay-type":"","overlay-color":"","overlay-opacity":"","overlay-gradient":""},"tablet":{"background-color":"var(--ast-global-color-4)","background-image":"","background-repeat":"repeat","background-position":"center center","background-size":"auto","background-attachment":"scroll","background-type":"","background-media":"","overlay-type":"","overlay-color":"","overlay-opacity":"","overlay-gradient":""},"mobile":{"background-color":"var(--ast-global-color-4)","background-image":"","background-repeat":"repeat","background-position":"center center","background-size":"auto","background-attachment":"scroll","background-type":"","background-media":"","overlay-type":"","overlay-color":"","overlay-opacity":"","overlay-gradient":""}}},"product_brand":[],"product_cat":[16,670],"product_tag":[127],"class_list":{"0":"post-1006","1":"product","2":"type-product","3":"status-publish","4":"has-post-thumbnail","6":"product_cat-tout","7":"product_cat-gant","8":"product_tag-gants-vinyle-jetable-poudre","9":"desktop-align-left","10":"tablet-align-left","11":"mobile-align-left","13":"first","14":"instock","15":"virtual","16":"product-type-simple"},"acf":[],"_links":{"self":[{"href":"https:\/\/sabatie-produits-entretien.fr\/fr\/wp-json\/wp\/v2\/product\/1006","targetHints":{"allow":["GET"]}}],"collection":[{"href":"https:\/\/sabatie-produits-entretien.fr\/fr\/wp-json\/wp\/v2\/product"}],"about":[{"href":"https:\/\/sabatie-produits-entretien.fr\/fr\/wp-json\/wp\/v2\/types\/product"}],"replies":[{"embeddable":true,"href":"https:\/\/sabatie-produits-entretien.fr\/fr\/wp-json\/wp\/v2\/comments?post=1006"}],"wp:featuredmedia":[{"embeddable":true,"href":"https:\/\/sabatie-produits-entretien.fr\/fr\/wp-json\/wp\/v2\/media\/1054"}],"wp:attachment":[{"href":"https:\/\/sabatie-produits-entretien.fr\/fr\/wp-json\/wp\/v2\/media?parent=1006"}],"wp:term":[{"taxonomy":"product_brand","embeddable":true,"href":"https:\/\/sabatie-produits-entretien.fr\/fr\/wp-json\/wp\/v2\/product_brand?post=1006"},{"taxonomy":"product_cat","embeddable":true,"href":"https:\/\/sabatie-produits-entretien.fr\/fr\/wp-json\/wp\/v2\/product_cat?post=1006"},{"taxonomy":"product_tag","embeddable":true,"href":"https:\/\/sabatie-produits-entretien.fr\/fr\/wp-json\/wp\/v2\/product_tag?post=1006"}],"curies":[{"name":"wp","href":"https:\/\/api.w.org\/{rel}","templated":true}]}}