{"id":1008,"date":"2025-05-05T08:49:56","date_gmt":"2025-05-05T06:49:56","guid":{"rendered":"http:\/\/localhost\/sabatiesarl\/?post_type=product&#038;p=1008"},"modified":"2025-06-11T01:48:57","modified_gmt":"2025-06-10T23:48:57","slug":"1066c-gants-nitrile-bleu-jetable-non-poudres-boite-100-u","status":"publish","type":"product","link":"https:\/\/sabatie-produits-entretien.fr\/fr\/produit\/1066c-gants-nitrile-bleu-jetable-non-poudres-boite-100-u\/","title":{"rendered":"1066C GANTS NITRILE BLEU JETABLE NON POUDR\u00c9S boite 100 u"},"content":{"rendered":"<h2>GANTS NITRILE BLEU JETABLE NON POUDR\u00c9S boite 100 u<\/h2>\n<h4><span class=\"PBLongTxt\">Gants \u00e0 usage unique.<\/p>\n<p><\/span><\/h4>\n<h4><span class=\"PBLongTxt\">Utilisables dans de nombreux domaines.<\/span><\/h4>\n<h4><span id=\"ctl00_cphProduits_lblDescription\">Gant \u00e9conomique.<\/span><\/h4>\n<h4>Les gants nitrile \u00e0 usage unique sont id\u00e9al pour les personnes allergiques au latex.<\/h4>\n<h4>Pr\u00e9conis\u00e9s pour les travaux d\u00e9licats de courte dur\u00e9e, n\u00e9cessitant propret\u00e9 et dext\u00e9rit\u00e9.<\/h4>\n<h4>Gants Tr\u00e8s bonne sensibilit\u00e9 et dext\u00e9rit\u00e9 imperm\u00e9ables, r\u00e9sistants au d\u00e9chirement et \u00e0 l&rsquo;\u00e9longation.<\/h4>\n<h4>Ils sont plus r\u00e9sistant que le latex ou le vinyle notamment aux huiles et aux graisses.<\/h4>\n<h4>Bonne r\u00e9sistance aux produits chimiques.<\/h4>\n<h4><span class=\"PBLongTxt\">Bords roul\u00e9s pour \u00e9viter les d\u00e9chirures \u00e0 l&rsquo;enfilage et emp\u00eacher l&rsquo;\u00e9coulement le long du gant.<\/span><\/h4>\n<h4><span class=\"PBLongTxt\">Gant Ambidextre : <span id=\"ctl00_cphProduits_lblDescription\">Peut \u00eatre utilis\u00e9 sur main droite comme sur main gauche<\/span>.<\/p>\n<p><\/span><\/h4>\n<ul>\n<li>\n<h4><em>Agr\u00e9er Contact Alimentaire<\/em><\/h4>\n<\/li>\n<\/ul>\n<p>&nbsp;<\/p>\n<h4>Tailles\u00a0 :<\/h4>\n<ul>\n<li>\n<h4>S \u00a0\u00a0 \u00a0 6\/7 \u00a0 \u00a0\u00a0 (r\u00e9f.1066B)<\/h4>\n<\/li>\n<li>\n<h4>M\u00a0 \u00a0\u00a0 7\/8 \u00a0 \u00a0\u00a0 (r\u00e9f.1066C)<\/h4>\n<\/li>\n<li>\n<h4>L \u00a0 \u00a0\u00a0 8\/9 \u00a0 \u00a0\u00a0 (r\u00e9f.1066D)<\/h4>\n<\/li>\n<li>\n<h4>XL \u00a0\u00a0 9\/10 \u00a0 (r\u00e9f.1066E)<\/h4>\n<\/li>\n<\/ul>\n<p>&nbsp;<\/p>\n<h4>Conditionnement :<\/h4>\n<ul>\n<li>\n<h4>boite distributrice de 100 gants<\/h4>\n<\/li>\n<li>\n<h4>carton de 10 boites de 100 gants<\/h4>\n<\/li>\n<\/ul>\n<p>&nbsp;<\/p>\n<ul>\n<li><a href=\"http:\/\/sabatie-produits-entretien.fr\/fr\/wp-content\/uploads\/2017\/06\/1066C-GANT-BLEU-JETABLE-NITRILE.pdf\" target=\"_blank\" rel=\"noopener noreferrer\">FICHE TECHNIQUE<\/a><\/li>\n<\/ul>\n","protected":false},"excerpt":{"rendered":"<p>GANTS NITRILE BLEU JETABLE NON POUDR\u00c9S boite 100 u Gants \u00e0 usage unique. Utilisables dans de nombreux domaines. Gant \u00e9conomique. [&hellip;]<\/p>\n","protected":false},"featured_media":1067,"comment_status":"closed","ping_status":"closed","template":"","meta":{"_acf_changed":false,"site-sidebar-layout":"default","site-content-layout":"","ast-site-content-layout":"default","site-content-style":"default","site-sidebar-style":"default","ast-global-header-display":"","ast-banner-title-visibility":"","ast-main-header-display":"","ast-hfb-above-header-display":"","ast-hfb-below-header-display":"","ast-hfb-mobile-header-display":"","site-post-title":"","ast-breadcrumbs-content":"","ast-featured-img":"","footer-sml-layout":"","ast-disable-related-posts":"","theme-transparent-header-meta":"","adv-header-id-meta":"","stick-header-meta":"","header-above-stick-meta":"","header-main-stick-meta":"","header-below-stick-meta":"","astra-migrate-meta-layouts":"default","ast-page-background-enabled":"default","ast-page-background-meta":{"desktop":{"background-color":"var(--ast-global-color-5)","background-image":"","background-repeat":"repeat","background-position":"center center","background-size":"auto","background-attachment":"scroll","background-type":"","background-media":"","overlay-type":"","overlay-color":"","overlay-opacity":"","overlay-gradient":""},"tablet":{"background-color":"","background-image":"","background-repeat":"repeat","background-position":"center center","background-size":"auto","background-attachment":"scroll","background-type":"","background-media":"","overlay-type":"","overlay-color":"","overlay-opacity":"","overlay-gradient":""},"mobile":{"background-color":"","background-image":"","background-repeat":"repeat","background-position":"center center","background-size":"auto","background-attachment":"scroll","background-type":"","background-media":"","overlay-type":"","overlay-color":"","overlay-opacity":"","overlay-gradient":""}},"ast-content-background-meta":{"desktop":{"background-color":"var(--ast-global-color-4)","background-image":"","background-repeat":"repeat","background-position":"center center","background-size":"auto","background-attachment":"scroll","background-type":"","background-media":"","overlay-type":"","overlay-color":"","overlay-opacity":"","overlay-gradient":""},"tablet":{"background-color":"var(--ast-global-color-4)","background-image":"","background-repeat":"repeat","background-position":"center center","background-size":"auto","background-attachment":"scroll","background-type":"","background-media":"","overlay-type":"","overlay-color":"","overlay-opacity":"","overlay-gradient":""},"mobile":{"background-color":"var(--ast-global-color-4)","background-image":"","background-repeat":"repeat","background-position":"center center","background-size":"auto","background-attachment":"scroll","background-type":"","background-media":"","overlay-type":"","overlay-color":"","overlay-opacity":"","overlay-gradient":""}}},"product_brand":[],"product_cat":[16,670],"product_tag":[129,130,131],"class_list":{"0":"post-1008","1":"product","2":"type-product","3":"status-publish","4":"has-post-thumbnail","6":"product_cat-tout","7":"product_cat-gant","8":"product_tag-combinaison","9":"product_tag-protection-corporelle","10":"product_tag-vetement","11":"desktop-align-left","12":"tablet-align-left","13":"mobile-align-left","15":"first","16":"instock","17":"virtual","18":"product-type-simple"},"acf":[],"_links":{"self":[{"href":"https:\/\/sabatie-produits-entretien.fr\/fr\/wp-json\/wp\/v2\/product\/1008","targetHints":{"allow":["GET"]}}],"collection":[{"href":"https:\/\/sabatie-produits-entretien.fr\/fr\/wp-json\/wp\/v2\/product"}],"about":[{"href":"https:\/\/sabatie-produits-entretien.fr\/fr\/wp-json\/wp\/v2\/types\/product"}],"replies":[{"embeddable":true,"href":"https:\/\/sabatie-produits-entretien.fr\/fr\/wp-json\/wp\/v2\/comments?post=1008"}],"wp:featuredmedia":[{"embeddable":true,"href":"https:\/\/sabatie-produits-entretien.fr\/fr\/wp-json\/wp\/v2\/media\/1067"}],"wp:attachment":[{"href":"https:\/\/sabatie-produits-entretien.fr\/fr\/wp-json\/wp\/v2\/media?parent=1008"}],"wp:term":[{"taxonomy":"product_brand","embeddable":true,"href":"https:\/\/sabatie-produits-entretien.fr\/fr\/wp-json\/wp\/v2\/product_brand?post=1008"},{"taxonomy":"product_cat","embeddable":true,"href":"https:\/\/sabatie-produits-entretien.fr\/fr\/wp-json\/wp\/v2\/product_cat?post=1008"},{"taxonomy":"product_tag","embeddable":true,"href":"https:\/\/sabatie-produits-entretien.fr\/fr\/wp-json\/wp\/v2\/product_tag?post=1008"}],"curies":[{"name":"wp","href":"https:\/\/api.w.org\/{rel}","templated":true}]}}