{"id":1039,"date":"2025-05-05T08:50:19","date_gmt":"2025-05-05T06:50:19","guid":{"rendered":"http:\/\/localhost\/sabatiesarl\/?post_type=product&#038;p=1039"},"modified":"2025-06-11T01:08:38","modified_gmt":"2025-06-10T23:08:38","slug":"1840-savon-de-marseille-pur-blanc-400-grs","status":"publish","type":"product","link":"https:\/\/sabatie-produits-entretien.fr\/fr\/produit\/1840-savon-de-marseille-pur-blanc-400-grs\/","title":{"rendered":"1840 SAVON DE MARSEILLE PUR BLANC  400 grs"},"content":{"rendered":"<h2>SAVON DE MARSEILLE PUR BLANC 400 grs<\/h2>\n<p>&nbsp;<\/p>\n<h3>La Corvette<\/h3>\n<h3>Savonnerie du Midi\u00a0 de Marseille depuis 1894<\/h3>\n<p>&nbsp;<\/p>\n<h4>Savon multi usages (principalement hygi\u00e8ne corporelle, toilette, lavage \u00e0 la main du linge, d\u00e9tachant,&#8230;)<\/h4>\n<h4>Le savon de Marseille pur La Corvette respecte la charte de fabrication artisanale fix\u00e9e par l&rsquo;Union des Professionnels du Savon de Marseille : Fabriqu\u00e9 \u00e0 Marseille, selon le proc\u00e9d\u00e9 traditionnel de cuisson en chaudrons,\u00a0 sans additif chimique (colorants, parfums, conservateurs, etc.).<\/h4>\n<h4><\/h4>\n<p>&nbsp;<\/p>\n<h4>Aspect \u00a0\u00a0 :\u00a0 Sodide<\/h4>\n<h4>Couleur\u00a0 :\u00a0 Blanc<\/h4>\n<h4>Parfum\u00a0\u00a0 :\u00a0 Sans parfum<\/h4>\n<h4>Poids \u00a0 \u00a0\u00a0 :\u00a0 400 grs<\/h4>\n<h4><\/h4>\n<p>&nbsp;<\/p>\n<h4>CONDITIONNEMENT<\/h4>\n<ul>\n<li>\n<h4>l&rsquo;unit\u00e9<\/h4>\n<\/li>\n<li>\n<h4>paquet de 12 u<\/h4>\n<\/li>\n<\/ul>\n<p>&nbsp;<\/p>\n<ul>\n<li><a href=\"http:\/\/sabatie-produits-entretien.fr\/fr\/wp-content\/uploads\/2017\/06\/FT-1840-SAVON-MARSEILLE-400G.pdf\" target=\"_blank\" rel=\"noopener noreferrer\">FICHE TECHNIQUE<\/a><\/li>\n<\/ul>\n","protected":false},"excerpt":{"rendered":"<h3>La Corvette<\/h3>\n<h3>Savonnerie du Midi de Marseille depuis 1894<\/h3>\n<h3>Savon multi usages (principalement hygi\u00e8ne corporelle, toilette, lavage \u00e0 la main du linge, d\u00e9tachant,&#8230;)<\/h3>\n","protected":false},"featured_media":1081,"comment_status":"closed","ping_status":"closed","template":"","meta":{"_acf_changed":false,"site-sidebar-layout":"default","site-content-layout":"","ast-site-content-layout":"default","site-content-style":"default","site-sidebar-style":"default","ast-global-header-display":"","ast-banner-title-visibility":"","ast-main-header-display":"","ast-hfb-above-header-display":"","ast-hfb-below-header-display":"","ast-hfb-mobile-header-display":"","site-post-title":"","ast-breadcrumbs-content":"","ast-featured-img":"","footer-sml-layout":"","ast-disable-related-posts":"","theme-transparent-header-meta":"","adv-header-id-meta":"","stick-header-meta":"","header-above-stick-meta":"","header-main-stick-meta":"","header-below-stick-meta":"","astra-migrate-meta-layouts":"default","ast-page-background-enabled":"default","ast-page-background-meta":{"desktop":{"background-color":"var(--ast-global-color-5)","background-image":"","background-repeat":"repeat","background-position":"center center","background-size":"auto","background-attachment":"scroll","background-type":"","background-media":"","overlay-type":"","overlay-color":"","overlay-opacity":"","overlay-gradient":""},"tablet":{"background-color":"","background-image":"","background-repeat":"repeat","background-position":"center center","background-size":"auto","background-attachment":"scroll","background-type":"","background-media":"","overlay-type":"","overlay-color":"","overlay-opacity":"","overlay-gradient":""},"mobile":{"background-color":"","background-image":"","background-repeat":"repeat","background-position":"center center","background-size":"auto","background-attachment":"scroll","background-type":"","background-media":"","overlay-type":"","overlay-color":"","overlay-opacity":"","overlay-gradient":""}},"ast-content-background-meta":{"desktop":{"background-color":"var(--ast-global-color-4)","background-image":"","background-repeat":"repeat","background-position":"center center","background-size":"auto","background-attachment":"scroll","background-type":"","background-media":"","overlay-type":"","overlay-color":"","overlay-opacity":"","overlay-gradient":""},"tablet":{"background-color":"var(--ast-global-color-4)","background-image":"","background-repeat":"repeat","background-position":"center center","background-size":"auto","background-attachment":"scroll","background-type":"","background-media":"","overlay-type":"","overlay-color":"","overlay-opacity":"","overlay-gradient":""},"mobile":{"background-color":"var(--ast-global-color-4)","background-image":"","background-repeat":"repeat","background-position":"center center","background-size":"auto","background-attachment":"scroll","background-type":"","background-media":"","overlay-type":"","overlay-color":"","overlay-opacity":"","overlay-gradient":""}}},"product_brand":[],"product_cat":[16,644],"product_tag":[158,159],"class_list":{"0":"post-1039","1":"product","2":"type-product","3":"status-publish","4":"has-post-thumbnail","6":"product_cat-tout","7":"product_cat-savons-mains","8":"product_tag-savon-de-marseille-pur-blanc-400-grs","9":"product_tag-savon-de-marseille-pur-blanc-la-corvette-400-grs","10":"desktop-align-left","11":"tablet-align-left","12":"mobile-align-left","14":"first","15":"instock","16":"virtual","17":"product-type-simple"},"acf":[],"_links":{"self":[{"href":"https:\/\/sabatie-produits-entretien.fr\/fr\/wp-json\/wp\/v2\/product\/1039","targetHints":{"allow":["GET"]}}],"collection":[{"href":"https:\/\/sabatie-produits-entretien.fr\/fr\/wp-json\/wp\/v2\/product"}],"about":[{"href":"https:\/\/sabatie-produits-entretien.fr\/fr\/wp-json\/wp\/v2\/types\/product"}],"replies":[{"embeddable":true,"href":"https:\/\/sabatie-produits-entretien.fr\/fr\/wp-json\/wp\/v2\/comments?post=1039"}],"wp:featuredmedia":[{"embeddable":true,"href":"https:\/\/sabatie-produits-entretien.fr\/fr\/wp-json\/wp\/v2\/media\/1081"}],"wp:attachment":[{"href":"https:\/\/sabatie-produits-entretien.fr\/fr\/wp-json\/wp\/v2\/media?parent=1039"}],"wp:term":[{"taxonomy":"product_brand","embeddable":true,"href":"https:\/\/sabatie-produits-entretien.fr\/fr\/wp-json\/wp\/v2\/product_brand?post=1039"},{"taxonomy":"product_cat","embeddable":true,"href":"https:\/\/sabatie-produits-entretien.fr\/fr\/wp-json\/wp\/v2\/product_cat?post=1039"},{"taxonomy":"product_tag","embeddable":true,"href":"https:\/\/sabatie-produits-entretien.fr\/fr\/wp-json\/wp\/v2\/product_tag?post=1039"}],"curies":[{"name":"wp","href":"https:\/\/api.w.org\/{rel}","templated":true}]}}