{"id":1056,"date":"2025-05-05T08:50:40","date_gmt":"2025-05-05T06:50:40","guid":{"rendered":"http:\/\/localhost\/sabatiesarl\/?post_type=product&#038;p=1056"},"modified":"2025-06-11T01:10:05","modified_gmt":"2025-06-10T23:10:05","slug":"1210518-gel-hydroalcoolique-antiseptique-virucide-flacon-100-ml","status":"publish","type":"product","link":"https:\/\/sabatie-produits-entretien.fr\/fr\/produit\/1210518-gel-hydroalcoolique-antiseptique-virucide-flacon-100-ml\/","title":{"rendered":"1210518 GEL HYDROALCOOLIQUE ANTISEPTIQUE VIRUCIDE flacon 100 ml"},"content":{"rendered":"<h2>GEL HYDROALCOOLIQUE ANTISEPTIQUE VIRUCIDE flacon 100 ml<\/h2>\n<p>&nbsp;<\/p>\n<h4>Solution hydroalcoolique g\u00e9lifi\u00e9e, \u00e0 usage externe, destin\u00e9e \u00e0 l&rsquo;antiseptie rapide des mains.<\/h4>\n<h4>D\u00e9sinfection hygi\u00e9nique des mains par friction.<\/h4>\n<h4>Il permet de limiter la transmission des virus et infections et contribue \u00e0 r\u00e9duire les contaminations crois\u00e9es.<\/h4>\n<h4>Utile pour les particuliers, en entreprise ou pour les professionnels de sant\u00e9, il a une triple action d\u00e9sinfectante : bact\u00e9ricide, biocide, levuricide et virucide (efficace contre le virus de la grippe A\/H1N1). Son efficacit\u00e9 est\u00a0prouv\u00e9e en laboratoire.<\/h4>\n<h4><span class=\"PBLongTxt\">Gel hydroalcoolique est\u00a0pr\u00eat \u00e0 l&#8217;emploi, pratique et efficace.<\/span><\/h4>\n<h4>S&rsquo;utilise sur mains propres et s\u00e8ches. Ne n\u00e9cessite ni rin\u00e7age, ni s\u00e9chage des mains. Non parfum\u00e9.<\/h4>\n<h4>Le gel hydroalcoolique St\u00e9ridis laisse une sensation de fra\u00eecheur sur la peau sans dess\u00e9cher les mains.<\/h4>\n<p>&nbsp;<\/p>\n<h4>Propri\u00e9t\u00e9s microbiologiques :<\/h4>\n<h4>&#8211; Bact\u00e9ricide EN 1276, EN 13727, EN 1500 * (3ml \/<\/p>\n<p>30 secondes).<\/p>\n<p>&#8211; Levuricide EN 13624 (en 1mn), EN1650 (en 30<\/p>\n<p>secondes).<\/p>\n<p>&#8211; Virucide EN 14476+A1 sur Herp\u00e8s Virus, H1N1,<\/p>\n<p>Rotavirus et Coronavirus en 1 minute.<\/h4>\n<p>&nbsp;<\/p>\n<p>&nbsp;<\/p>\n<h4>Conditionnement :<\/h4>\n<ul>\n<li>\n<h4>flacon de 100 ml<\/h4>\n<\/li>\n<li>\n<h4>carton de 12 flacons de 100 ml<\/h4>\n<\/li>\n<\/ul>\n<p>&nbsp;<\/p>\n<ul>\n<li><em><strong>Nous vous proposons \u00e9galement\u00a0 :\n<p><\/strong><\/em><\/li>\n<li><em><strong>\u00a0 Pousse-mousse\u00a0 500 ml \u00a0 (R\u00e9f : 1210519)<\/strong><\/em><\/li>\n<li><em><strong>\u00a0 Pousse-mousse\u00a0\u00a0 \u00a0 \u00a0 \u00a0 1 L \u00a0 (R\u00e9f : 3299021)<\/strong><\/em><\/li>\n<li><em><strong>\u00a0 Bidon\u00a0\u00a0\u00a0\u00a0\u00a0\u00a0\u00a0\u00a0\u00a0\u00a0\u00a0\u00a0\u00a0\u00a0\u00a0\u00a0\u00a0\u00a0\u00a0 \u00a0 \u00a0 \u00a0 5 L \u00a0 (R\u00e9f : 329902)<\/strong><\/em><\/li>\n<\/ul>\n<p>&nbsp;<\/p>\n<ul>\n<li><a href=\"https:\/\/sabatie-produits-entretien.fr\/fr\/wp-content\/uploads\/2021\/11\/1210519-Gel-Hydroal-FT-500ml-et-100-ml.pdf\" target=\"_blank\" rel=\"noopener noreferrer\">FICHE TECHNIQUE<\/a><\/li>\n<\/ul>\n<ul>\n<li><a href=\"https:\/\/sabatie-produits-entretien.fr\/fr\/wp-content\/uploads\/2021\/11\/1210519-Gel-Hydroal-FDS-500ml-et-100-ml.pdf\" target=\"_blank\" rel=\"noopener noreferrer\">FICHE DE SECURITE<\/a><\/li>\n<\/ul>\n","protected":false},"excerpt":{"rendered":"<p>GEL HYDROALCOOLIQUE ANTISEPTIQUE VIRUCIDE flacon 100 ml &nbsp; Solution hydroalcoolique g\u00e9lifi\u00e9e, \u00e0 usage externe, destin\u00e9e \u00e0 l&rsquo;antiseptie rapide des mains. [&hellip;]<\/p>\n","protected":false},"featured_media":1104,"comment_status":"closed","ping_status":"closed","template":"","meta":{"_acf_changed":false,"site-sidebar-layout":"default","site-content-layout":"","ast-site-content-layout":"default","site-content-style":"default","site-sidebar-style":"default","ast-global-header-display":"","ast-banner-title-visibility":"","ast-main-header-display":"","ast-hfb-above-header-display":"","ast-hfb-below-header-display":"","ast-hfb-mobile-header-display":"","site-post-title":"","ast-breadcrumbs-content":"","ast-featured-img":"","footer-sml-layout":"","ast-disable-related-posts":"","theme-transparent-header-meta":"","adv-header-id-meta":"","stick-header-meta":"","header-above-stick-meta":"","header-main-stick-meta":"","header-below-stick-meta":"","astra-migrate-meta-layouts":"default","ast-page-background-enabled":"default","ast-page-background-meta":{"desktop":{"background-color":"var(--ast-global-color-5)","background-image":"","background-repeat":"repeat","background-position":"center center","background-size":"auto","background-attachment":"scroll","background-type":"","background-media":"","overlay-type":"","overlay-color":"","overlay-opacity":"","overlay-gradient":""},"tablet":{"background-color":"","background-image":"","background-repeat":"repeat","background-position":"center center","background-size":"auto","background-attachment":"scroll","background-type":"","background-media":"","overlay-type":"","overlay-color":"","overlay-opacity":"","overlay-gradient":""},"mobile":{"background-color":"","background-image":"","background-repeat":"repeat","background-position":"center center","background-size":"auto","background-attachment":"scroll","background-type":"","background-media":"","overlay-type":"","overlay-color":"","overlay-opacity":"","overlay-gradient":""}},"ast-content-background-meta":{"desktop":{"background-color":"var(--ast-global-color-4)","background-image":"","background-repeat":"repeat","background-position":"center center","background-size":"auto","background-attachment":"scroll","background-type":"","background-media":"","overlay-type":"","overlay-color":"","overlay-opacity":"","overlay-gradient":""},"tablet":{"background-color":"var(--ast-global-color-4)","background-image":"","background-repeat":"repeat","background-position":"center center","background-size":"auto","background-attachment":"scroll","background-type":"","background-media":"","overlay-type":"","overlay-color":"","overlay-opacity":"","overlay-gradient":""},"mobile":{"background-color":"var(--ast-global-color-4)","background-image":"","background-repeat":"repeat","background-position":"center center","background-size":"auto","background-attachment":"scroll","background-type":"","background-media":"","overlay-type":"","overlay-color":"","overlay-opacity":"","overlay-gradient":""}}},"product_brand":[],"product_cat":[16,645],"product_tag":[166,167,153],"class_list":{"0":"post-1056","1":"product","2":"type-product","3":"status-publish","4":"has-post-thumbnail","6":"product_cat-tout","7":"product_cat-savons-mains-desinfectant","8":"product_tag-gel-hydroalcoolique-antiseptique","9":"product_tag-steridis","10":"product_tag-virucide","11":"desktop-align-left","12":"tablet-align-left","13":"mobile-align-left","15":"first","16":"instock","17":"virtual","18":"product-type-simple"},"acf":[],"_links":{"self":[{"href":"https:\/\/sabatie-produits-entretien.fr\/fr\/wp-json\/wp\/v2\/product\/1056","targetHints":{"allow":["GET"]}}],"collection":[{"href":"https:\/\/sabatie-produits-entretien.fr\/fr\/wp-json\/wp\/v2\/product"}],"about":[{"href":"https:\/\/sabatie-produits-entretien.fr\/fr\/wp-json\/wp\/v2\/types\/product"}],"replies":[{"embeddable":true,"href":"https:\/\/sabatie-produits-entretien.fr\/fr\/wp-json\/wp\/v2\/comments?post=1056"}],"wp:featuredmedia":[{"embeddable":true,"href":"https:\/\/sabatie-produits-entretien.fr\/fr\/wp-json\/wp\/v2\/media\/1104"}],"wp:attachment":[{"href":"https:\/\/sabatie-produits-entretien.fr\/fr\/wp-json\/wp\/v2\/media?parent=1056"}],"wp:term":[{"taxonomy":"product_brand","embeddable":true,"href":"https:\/\/sabatie-produits-entretien.fr\/fr\/wp-json\/wp\/v2\/product_brand?post=1056"},{"taxonomy":"product_cat","embeddable":true,"href":"https:\/\/sabatie-produits-entretien.fr\/fr\/wp-json\/wp\/v2\/product_cat?post=1056"},{"taxonomy":"product_tag","embeddable":true,"href":"https:\/\/sabatie-produits-entretien.fr\/fr\/wp-json\/wp\/v2\/product_tag?post=1056"}],"curies":[{"name":"wp","href":"https:\/\/api.w.org\/{rel}","templated":true}]}}