{"id":1060,"date":"2025-05-05T08:50:41","date_gmt":"2025-05-05T06:50:41","guid":{"rendered":"http:\/\/localhost\/sabatiesarl\/?post_type=product&#038;p=1060"},"modified":"2025-06-11T01:57:27","modified_gmt":"2025-06-10T23:57:27","slug":"1520-aerosol-shampooing-moquette-750-ml","status":"publish","type":"product","link":"https:\/\/sabatie-produits-entretien.fr\/fr\/produit\/1520-aerosol-shampooing-moquette-750-ml\/","title":{"rendered":"1520 A\u00e9rosol SHAMPOOING MOQUETTE  750 ml"},"content":{"rendered":"<h2>A\u00e9rosol SHAMPOOING MOQUETTE\u00a0 750 ml<\/h2>\n<p>&nbsp;<\/p>\n<h3>Contre les taches grasses, de caf\u00e9, de vin, de th\u00e9, de sauces, etc\u2026<\/h3>\n<p>&nbsp;<\/p>\n<h3>Mousse s\u00e8che \u00e0 grand pouvoir mouillant et nettoyant, compatible avec tous les types de fibres textiles ; le produit agit par capillarit\u00e9.<\/p>\n<p>L&rsquo;utilisation est rendue tr\u00e8s ais\u00e9e par le fonctionnement t\u00eate en bas.<\/h3>\n<p>&nbsp;<\/p>\n<h4>MODE D&rsquo;EMPLOI :<\/h4>\n<p>Agiter l\u00e9g\u00e8rement l&rsquo;a\u00e9rosol. Utiliser t\u00eate en bas, en se maintenant \u00e0 40 cm de la surface \u00e0 traiter.<\/p>\n<p>Pulv\u00e9riser uniform\u00e9ment. Pour nettoyer apr\u00e8s avoir d\u00e9poussi\u00e9r\u00e9, \u00e9taler en couche mince et r\u00e9guli\u00e8re en frottant les taches avec une brosse ou un balai. Laisser agir, en s\u00e9chant, la mousse traite les fibres en profondeur. Terminer avec un chiffon sec et propre, la mousse a litt\u00e9ralement absorb\u00e9 la salet\u00e9 qui impr\u00e8gne maintenant le chiffon. Apr\u00e8s s\u00e9chage complet, aspirer ou brosser soigneusement.<\/p>\n<p>Pour les couleurs, faire un essai au pr\u00e9alable.<\/p>\n<p>&nbsp;<\/p>\n<h4>CONDITIONNEMENT<\/h4>\n<ul>\n<li>A\u00e9rosol 750 ml<\/li>\n<li>Carton de 12 u<\/li>\n<\/ul>\n<p>&nbsp;<\/p>\n<ul>\n<li><a href=\"http:\/\/sabatie-produits-entretien.fr\/fr\/wp-content\/uploads\/2017\/06\/FT-1520-AER.-MOQUETTE.pdf\" target=\"_blank\" rel=\"noopener noreferrer\">FICHE TECHNIQUE<\/a><\/li>\n<li><a href=\"https:\/\/sabatie-produits-entretien.fr\/fr\/wp-content\/uploads\/2021\/05\/FDS-1520-AER-SHAMPOOING-MOQUETTE.pdf\" target=\"_blank\" rel=\"noopener noreferrer\">FICHE DE SECURITE<\/a><\/li>\n<\/ul>\n<p>&nbsp;<\/p>\n","protected":false},"excerpt":{"rendered":"<h4>King<\/h4>\n<h4>Contre les taches grasses, de caf\u00e9, de vin, de th\u00e9, de sauces, etc\u2026<\/h4>\n<h4>Mousse s\u00e8che \u00e0 grand pouvoir mouillant et nettoyant, compatible avec tous les types de fibres textiles ; le produit agit par capillarit\u00e9.<\/p>\n<p>L&rsquo;utilisation est rendue tr\u00e8s ais\u00e9e par le fonctionnement t\u00eate en bas.<\/h4>\n","protected":false},"featured_media":1108,"comment_status":"closed","ping_status":"closed","template":"","meta":{"_acf_changed":false,"site-sidebar-layout":"default","site-content-layout":"","ast-site-content-layout":"default","site-content-style":"default","site-sidebar-style":"default","ast-global-header-display":"","ast-banner-title-visibility":"","ast-main-header-display":"","ast-hfb-above-header-display":"","ast-hfb-below-header-display":"","ast-hfb-mobile-header-display":"","site-post-title":"","ast-breadcrumbs-content":"","ast-featured-img":"","footer-sml-layout":"","ast-disable-related-posts":"","theme-transparent-header-meta":"","adv-header-id-meta":"","stick-header-meta":"","header-above-stick-meta":"","header-main-stick-meta":"","header-below-stick-meta":"","astra-migrate-meta-layouts":"default","ast-page-background-enabled":"default","ast-page-background-meta":{"desktop":{"background-color":"var(--ast-global-color-5)","background-image":"","background-repeat":"repeat","background-position":"center center","background-size":"auto","background-attachment":"scroll","background-type":"","background-media":"","overlay-type":"","overlay-color":"","overlay-opacity":"","overlay-gradient":""},"tablet":{"background-color":"","background-image":"","background-repeat":"repeat","background-position":"center center","background-size":"auto","background-attachment":"scroll","background-type":"","background-media":"","overlay-type":"","overlay-color":"","overlay-opacity":"","overlay-gradient":""},"mobile":{"background-color":"","background-image":"","background-repeat":"repeat","background-position":"center center","background-size":"auto","background-attachment":"scroll","background-type":"","background-media":"","overlay-type":"","overlay-color":"","overlay-opacity":"","overlay-gradient":""}},"ast-content-background-meta":{"desktop":{"background-color":"var(--ast-global-color-4)","background-image":"","background-repeat":"repeat","background-position":"center center","background-size":"auto","background-attachment":"scroll","background-type":"","background-media":"","overlay-type":"","overlay-color":"","overlay-opacity":"","overlay-gradient":""},"tablet":{"background-color":"var(--ast-global-color-4)","background-image":"","background-repeat":"repeat","background-position":"center center","background-size":"auto","background-attachment":"scroll","background-type":"","background-media":"","overlay-type":"","overlay-color":"","overlay-opacity":"","overlay-gradient":""},"mobile":{"background-color":"var(--ast-global-color-4)","background-image":"","background-repeat":"repeat","background-position":"center center","background-size":"auto","background-attachment":"scroll","background-type":"","background-media":"","overlay-type":"","overlay-color":"","overlay-opacity":"","overlay-gradient":""}}},"product_brand":[],"product_cat":[16,677],"product_tag":[176,177],"class_list":{"0":"post-1060","1":"product","2":"type-product","3":"status-publish","4":"has-post-thumbnail","6":"product_cat-tout","7":"product_cat-nettoyant-moquettes","8":"product_tag-aerosol-shampooing-moquette-750-ml","9":"product_tag-aerosol-shampooing-moquette-king","10":"desktop-align-left","11":"tablet-align-left","12":"mobile-align-left","14":"first","15":"instock","16":"virtual","17":"product-type-simple"},"acf":[],"_links":{"self":[{"href":"https:\/\/sabatie-produits-entretien.fr\/fr\/wp-json\/wp\/v2\/product\/1060","targetHints":{"allow":["GET"]}}],"collection":[{"href":"https:\/\/sabatie-produits-entretien.fr\/fr\/wp-json\/wp\/v2\/product"}],"about":[{"href":"https:\/\/sabatie-produits-entretien.fr\/fr\/wp-json\/wp\/v2\/types\/product"}],"replies":[{"embeddable":true,"href":"https:\/\/sabatie-produits-entretien.fr\/fr\/wp-json\/wp\/v2\/comments?post=1060"}],"wp:featuredmedia":[{"embeddable":true,"href":"https:\/\/sabatie-produits-entretien.fr\/fr\/wp-json\/wp\/v2\/media\/1108"}],"wp:attachment":[{"href":"https:\/\/sabatie-produits-entretien.fr\/fr\/wp-json\/wp\/v2\/media?parent=1060"}],"wp:term":[{"taxonomy":"product_brand","embeddable":true,"href":"https:\/\/sabatie-produits-entretien.fr\/fr\/wp-json\/wp\/v2\/product_brand?post=1060"},{"taxonomy":"product_cat","embeddable":true,"href":"https:\/\/sabatie-produits-entretien.fr\/fr\/wp-json\/wp\/v2\/product_cat?post=1060"},{"taxonomy":"product_tag","embeddable":true,"href":"https:\/\/sabatie-produits-entretien.fr\/fr\/wp-json\/wp\/v2\/product_tag?post=1060"}],"curies":[{"name":"wp","href":"https:\/\/api.w.org\/{rel}","templated":true}]}}