{"id":1062,"date":"2025-05-05T08:50:41","date_gmt":"2025-05-05T06:50:41","guid":{"rendered":"http:\/\/localhost\/sabatiesarl\/?post_type=product&#038;p=1062"},"modified":"2025-11-14T16:53:46","modified_gmt":"2025-11-14T15:53:46","slug":"18a40-emulsion-3200-technicsols-bidon-5-l","status":"publish","type":"product","link":"https:\/\/sabatie-produits-entretien.fr\/fr\/produit\/18a40-emulsion-3200-technicsols-bidon-5-l\/","title":{"rendered":"18A40 \u00c9MULSION GRAND TRAFIC  bidon 5 L"},"content":{"rendered":"<h2><\/h2>\n<p>&nbsp;<\/p>\n<h2>\u00c9MULSION GRAND TRAFIC<\/h2>\n<p>Ref: 18A40<\/p>\n<h3>\u00c9MULSION HAUTE R\u00c9SISTANCE POUR LA PROTECTION DES SOLS<\/h3>\n<p>&nbsp;<\/p>\n<ul>\n<li><strong>Id\u00e9al pour les zones \u00e0 fort trafic<\/strong><\/li>\n<li><strong>Auto-lustrant : effet \u00a0\u00bb wet-look \u00ab\u00a0<\/strong><\/li>\n<li><strong>Antid\u00e9rapant<\/strong><\/li>\n<li><strong>Sans allerg\u00e8ne<\/strong><\/li>\n<\/ul>\n<p>&nbsp;<\/p>\n<p>\u00c9mulsion ultra performante, elle forme un film de protection tr\u00e8s dur, r\u00e9sistant au fort trafic ( rayures, \u00e9raflures&#8230;) et aux diverses op\u00e9ration de nettoyage ( eau, alcool,&#8230;)<\/p>\n<p>Sp\u00e9cialement con\u00e7ue pour un rendu ultra brillant sur tous types de sols, elle est facile d&rsquo;utilisation gr\u00e2ce \u00e0 son bon \u00e9talement et sans n\u00e9cessit\u00e9 de polissage. D\u00e9capant ais\u00e9 lors du renouvellement de la protection.<\/p>\n<p>S\u2019utilise sur tous les supports : sols plastiques, bois vernis, b\u00e9ton cir\u00e9, carrelage, pierre polie et marbre lisse.<\/p>\n<p>&nbsp;<\/p>\n<h4>PROPRI\u00c9T\u00c9S<\/h4>\n<ul>\n<li>Aspect \u00a0 \u00a0 :\u00a0 liquide<\/li>\n<li>Couleur \u00a0 :\u00a0 blanc opaque<\/li>\n<li>pH \u00e0 20\u00b0C\u00a0 :\u00a0 8<\/li>\n<\/ul>\n<p>&nbsp;<\/p>\n<h4>CONDITIONNEMENT<\/h4>\n<ul>\n<li>bidon de 5 L<\/li>\n<li>carton de 2 x 5 L<\/li>\n<\/ul>\n<p>&nbsp;<\/p>\n<ul>\n<li><a href=\"https:\/\/sabatie-produits-entretien.fr\/fr\/wp-content\/uploads\/2025\/11\/FT-18A40-EMULSION_GRAND_TRAFIC.pdf\" target=\"_blank\" rel=\"noopener\">FICHE TECHNIQUE<\/a><\/li>\n<li><a href=\"https:\/\/sabatie-produits-entretien.fr\/fr\/wp-content\/uploads\/2025\/11\/FDS-18A40-_EMULSION_GRAND_TRAFIC.pdf\" target=\"_blank\" rel=\"noopener\">FICHE DE SECURITE<\/a><\/li>\n<\/ul>\n","protected":false},"excerpt":{"rendered":"<h3><\/h3>\n","protected":false},"featured_media":4511,"comment_status":"closed","ping_status":"closed","template":"","meta":{"_acf_changed":false,"site-sidebar-layout":"default","site-content-layout":"","ast-site-content-layout":"default","site-content-style":"default","site-sidebar-style":"default","ast-global-header-display":"","ast-banner-title-visibility":"","ast-main-header-display":"","ast-hfb-above-header-display":"","ast-hfb-below-header-display":"","ast-hfb-mobile-header-display":"","site-post-title":"","ast-breadcrumbs-content":"","ast-featured-img":"","footer-sml-layout":"","ast-disable-related-posts":"","theme-transparent-header-meta":"default","adv-header-id-meta":"","stick-header-meta":"","header-above-stick-meta":"","header-main-stick-meta":"","header-below-stick-meta":"","astra-migrate-meta-layouts":"set","ast-page-background-enabled":"default","ast-page-background-meta":{"desktop":{"background-color":"var(--ast-global-color-5)","background-image":"","background-repeat":"repeat","background-position":"center center","background-size":"auto","background-attachment":"scroll","background-type":"","background-media":"","overlay-type":"","overlay-color":"","overlay-opacity":"","overlay-gradient":""},"tablet":{"background-color":"","background-image":"","background-repeat":"repeat","background-position":"center center","background-size":"auto","background-attachment":"scroll","background-type":"","background-media":"","overlay-type":"","overlay-color":"","overlay-opacity":"","overlay-gradient":""},"mobile":{"background-color":"","background-image":"","background-repeat":"repeat","background-position":"center center","background-size":"auto","background-attachment":"scroll","background-type":"","background-media":"","overlay-type":"","overlay-color":"","overlay-opacity":"","overlay-gradient":""}},"ast-content-background-meta":{"desktop":{"background-color":"var(--ast-global-color-4)","background-image":"","background-repeat":"repeat","background-position":"center center","background-size":"auto","background-attachment":"scroll","background-type":"","background-media":"","overlay-type":"","overlay-color":"","overlay-opacity":"","overlay-gradient":""},"tablet":{"background-color":"var(--ast-global-color-4)","background-image":"","background-repeat":"repeat","background-position":"center center","background-size":"auto","background-attachment":"scroll","background-type":"","background-media":"","overlay-type":"","overlay-color":"","overlay-opacity":"","overlay-gradient":""},"mobile":{"background-color":"var(--ast-global-color-4)","background-image":"","background-repeat":"repeat","background-position":"center center","background-size":"auto","background-attachment":"scroll","background-type":"","background-media":"","overlay-type":"","overlay-color":"","overlay-opacity":"","overlay-gradient":""}}},"product_brand":[],"product_cat":[16,672,676],"product_tag":[693,691,183,692,180],"class_list":{"0":"post-1062","1":"product","2":"type-product","3":"status-publish","4":"has-post-thumbnail","6":"product_cat-tout","7":"product_cat-nettoyants-sols","8":"product_cat-traitement-des-sols","9":"product_tag-antiderapant","10":"product_tag-emulsion-grand-trafic","11":"product_tag-hygiene-et-nature","12":"product_tag-protection-des-sols","13":"product_tag-sol","14":"desktop-align-left","15":"tablet-align-left","16":"mobile-align-left","18":"first","19":"instock","20":"virtual","21":"purchasable","22":"product-type-simple"},"acf":[],"_links":{"self":[{"href":"https:\/\/sabatie-produits-entretien.fr\/fr\/wp-json\/wp\/v2\/product\/1062","targetHints":{"allow":["GET"]}}],"collection":[{"href":"https:\/\/sabatie-produits-entretien.fr\/fr\/wp-json\/wp\/v2\/product"}],"about":[{"href":"https:\/\/sabatie-produits-entretien.fr\/fr\/wp-json\/wp\/v2\/types\/product"}],"replies":[{"embeddable":true,"href":"https:\/\/sabatie-produits-entretien.fr\/fr\/wp-json\/wp\/v2\/comments?post=1062"}],"wp:featuredmedia":[{"embeddable":true,"href":"https:\/\/sabatie-produits-entretien.fr\/fr\/wp-json\/wp\/v2\/media\/4511"}],"wp:attachment":[{"href":"https:\/\/sabatie-produits-entretien.fr\/fr\/wp-json\/wp\/v2\/media?parent=1062"}],"wp:term":[{"taxonomy":"product_brand","embeddable":true,"href":"https:\/\/sabatie-produits-entretien.fr\/fr\/wp-json\/wp\/v2\/product_brand?post=1062"},{"taxonomy":"product_cat","embeddable":true,"href":"https:\/\/sabatie-produits-entretien.fr\/fr\/wp-json\/wp\/v2\/product_cat?post=1062"},{"taxonomy":"product_tag","embeddable":true,"href":"https:\/\/sabatie-produits-entretien.fr\/fr\/wp-json\/wp\/v2\/product_tag?post=1062"}],"curies":[{"name":"wp","href":"https:\/\/api.w.org\/{rel}","templated":true}]}}