{"id":1063,"date":"2025-05-05T08:50:41","date_gmt":"2025-05-05T06:50:41","guid":{"rendered":"http:\/\/localhost\/sabatiesarl\/?post_type=product&#038;p=1063"},"modified":"2025-11-14T16:53:11","modified_gmt":"2025-11-14T15:53:11","slug":"18a41-spray-renovante-technicsols-bidon-5-l","status":"publish","type":"product","link":"https:\/\/sabatie-produits-entretien.fr\/fr\/produit\/18a41-spray-renovante-technicsols-bidon-5-l\/","title":{"rendered":"18A41 SHAMPOING CIRANT ET SPRAY R\u00c9NOVANT 2 EN 1 bidon 5 L"},"content":{"rendered":"<h2>SHAMPOING CIRANT ET SPRAY R\u00c9NOVANT<\/h2>\n<h2>2 EN 1 R\u00c9NOVANT<\/h2>\n<p>Ref: 18A41<\/p>\n<h2>Entretien des sols prot\u00e9g\u00e9s pour un brillant \u00e9clatant<\/h2>\n<p>&nbsp;<\/p>\n<ul>\n<li>\n<h4>Nettoie et prolonge la protection<\/h4>\n<\/li>\n<li>\n<h4>R\u00e9parations locales<\/h4>\n<\/li>\n<li>\n<h4>Raviveur de brillance<\/h4>\n<\/li>\n<\/ul>\n<p>&nbsp;<\/p>\n<h4>Produit 2 en 1 compos\u00e9 d&rsquo;un m\u00e9lange de polym\u00e8res pour l&rsquo;entretien et la r\u00e9novation des sols prot\u00e9g\u00e9s.<\/h4>\n<p>&nbsp;<\/p>\n<h4>Utilis\u00e9 dilu\u00e9, il nettoie les sols prot\u00e9g\u00e9s tout en d\u00e9posant une l\u00e9g\u00e8re couche protectrice. Il r\u00e9g\u00e9n\u00e8re la protection en masquant les rayures en ravivant la brillance.<\/h4>\n<p>&nbsp;<\/p>\n<h4>Utilis\u00e9 pur, selon la m\u00e9thode spray \u00e0 l&rsquo;aide d&rsquo;une monobrosse, il r\u00e9nove les \u00e9mulsions ray\u00e9es ou endommag\u00e9es par le trafic et permet de retarder la remise en \u00e9tat compl\u00e8te du sol.<\/h4>\n<p>&nbsp;<\/p>\n<h4>Non glissant, il renforce la brillance et \u00e9limine les traces de chaussures et de caoutchouc. Peut s&rsquo;utiliser sur tout sols trait\u00e9s, thermoplastiques modernes, carrelages poreux, caoutchoucs, linol\u00e9um, marbre, terrazzo, comblanchien, parquet vitrifi\u00e9&#8230;<\/h4>\n<p>&nbsp;<\/p>\n<p>&nbsp;<\/p>\n<h4>PROPRI\u00c9T\u00c9S<\/h4>\n<ul>\n<li>Aspect \u00a0 \u00a0 :\u00a0 liquide<\/li>\n<li>Couleur \u00a0 :\u00a0 blanc opaque<\/li>\n<li>Extrait sec: 10%<\/li>\n<li>pH pur \u00a0 \u00a0 :\u00a0 8<\/li>\n<\/ul>\n<p>&nbsp;<\/p>\n<h4>CONDITIONNEMENT<\/h4>\n<ul>\n<li>bidon de 5 L<\/li>\n<li>carton de 2 x 5 L<\/li>\n<\/ul>\n<p>&nbsp;<\/p>\n<ul>\n<li><a href=\"https:\/\/sabatie-produits-entretien.fr\/fr\/wp-content\/uploads\/2025\/11\/FT-18A41-_2_EN_1_RENOVANT.pdf\" target=\"_blank\" rel=\"noopener\">FICHE TECHNIQUE<\/a><\/li>\n<li><a href=\"https:\/\/sabatie-produits-entretien.fr\/fr\/wp-content\/uploads\/2025\/11\/FDS-18A41-_2_EN_1_RENOVANT.pdf\" target=\"_blank\" rel=\"noopener\">FICHE DE SECURITE<\/a><\/li>\n<\/ul>\n","protected":false},"excerpt":{"rendered":"<p>SHAMPOING CIRANT ET SPRAY R\u00c9NOVANT 2 EN 1 R\u00c9NOVANT Ref: 18A41 Entretien des sols prot\u00e9g\u00e9s pour un brillant \u00e9clatant &nbsp; [&hellip;]<\/p>\n","protected":false},"featured_media":4499,"comment_status":"closed","ping_status":"closed","template":"","meta":{"_acf_changed":false,"site-sidebar-layout":"default","site-content-layout":"","ast-site-content-layout":"default","site-content-style":"default","site-sidebar-style":"default","ast-global-header-display":"","ast-banner-title-visibility":"","ast-main-header-display":"","ast-hfb-above-header-display":"","ast-hfb-below-header-display":"","ast-hfb-mobile-header-display":"","site-post-title":"","ast-breadcrumbs-content":"","ast-featured-img":"","footer-sml-layout":"","ast-disable-related-posts":"","theme-transparent-header-meta":"default","adv-header-id-meta":"","stick-header-meta":"","header-above-stick-meta":"","header-main-stick-meta":"","header-below-stick-meta":"","astra-migrate-meta-layouts":"set","ast-page-background-enabled":"default","ast-page-background-meta":{"desktop":{"background-color":"var(--ast-global-color-5)","background-image":"","background-repeat":"repeat","background-position":"center center","background-size":"auto","background-attachment":"scroll","background-type":"","background-media":"","overlay-type":"","overlay-color":"","overlay-opacity":"","overlay-gradient":""},"tablet":{"background-color":"","background-image":"","background-repeat":"repeat","background-position":"center center","background-size":"auto","background-attachment":"scroll","background-type":"","background-media":"","overlay-type":"","overlay-color":"","overlay-opacity":"","overlay-gradient":""},"mobile":{"background-color":"","background-image":"","background-repeat":"repeat","background-position":"center center","background-size":"auto","background-attachment":"scroll","background-type":"","background-media":"","overlay-type":"","overlay-color":"","overlay-opacity":"","overlay-gradient":""}},"ast-content-background-meta":{"desktop":{"background-color":"var(--ast-global-color-4)","background-image":"","background-repeat":"repeat","background-position":"center center","background-size":"auto","background-attachment":"scroll","background-type":"","background-media":"","overlay-type":"","overlay-color":"","overlay-opacity":"","overlay-gradient":""},"tablet":{"background-color":"var(--ast-global-color-4)","background-image":"","background-repeat":"repeat","background-position":"center center","background-size":"auto","background-attachment":"scroll","background-type":"","background-media":"","overlay-type":"","overlay-color":"","overlay-opacity":"","overlay-gradient":""},"mobile":{"background-color":"var(--ast-global-color-4)","background-image":"","background-repeat":"repeat","background-position":"center center","background-size":"auto","background-attachment":"scroll","background-type":"","background-media":"","overlay-type":"","overlay-color":"","overlay-opacity":"","overlay-gradient":""}}},"product_brand":[],"product_cat":[16,672,676],"product_tag":[183,184,690,688,689],"class_list":{"0":"post-1063","1":"product","2":"type-product","3":"status-publish","4":"has-post-thumbnail","6":"product_cat-tout","7":"product_cat-nettoyants-sols","8":"product_cat-traitement-des-sols","9":"product_tag-hygiene-et-nature","10":"product_tag-nettoyant-renovateur-de-brillance","11":"product_tag-renovateur-des-sols","12":"product_tag-shampoing-cirant","13":"product_tag-spray-renovant","14":"desktop-align-left","15":"tablet-align-left","16":"mobile-align-left","18":"first","19":"instock","20":"virtual","21":"purchasable","22":"product-type-simple"},"acf":[],"_links":{"self":[{"href":"https:\/\/sabatie-produits-entretien.fr\/fr\/wp-json\/wp\/v2\/product\/1063","targetHints":{"allow":["GET"]}}],"collection":[{"href":"https:\/\/sabatie-produits-entretien.fr\/fr\/wp-json\/wp\/v2\/product"}],"about":[{"href":"https:\/\/sabatie-produits-entretien.fr\/fr\/wp-json\/wp\/v2\/types\/product"}],"replies":[{"embeddable":true,"href":"https:\/\/sabatie-produits-entretien.fr\/fr\/wp-json\/wp\/v2\/comments?post=1063"}],"wp:featuredmedia":[{"embeddable":true,"href":"https:\/\/sabatie-produits-entretien.fr\/fr\/wp-json\/wp\/v2\/media\/4499"}],"wp:attachment":[{"href":"https:\/\/sabatie-produits-entretien.fr\/fr\/wp-json\/wp\/v2\/media?parent=1063"}],"wp:term":[{"taxonomy":"product_brand","embeddable":true,"href":"https:\/\/sabatie-produits-entretien.fr\/fr\/wp-json\/wp\/v2\/product_brand?post=1063"},{"taxonomy":"product_cat","embeddable":true,"href":"https:\/\/sabatie-produits-entretien.fr\/fr\/wp-json\/wp\/v2\/product_cat?post=1063"},{"taxonomy":"product_tag","embeddable":true,"href":"https:\/\/sabatie-produits-entretien.fr\/fr\/wp-json\/wp\/v2\/product_tag?post=1063"}],"curies":[{"name":"wp","href":"https:\/\/api.w.org\/{rel}","templated":true}]}}