{"id":1065,"date":"2025-05-05T08:50:41","date_gmt":"2025-05-05T06:50:41","guid":{"rendered":"http:\/\/localhost\/sabatiesarl\/?post_type=product&#038;p=1065"},"modified":"2025-11-14T16:50:27","modified_gmt":"2025-11-14T15:50:27","slug":"18a42-super-decapant-sol-technicsols-bidon-5-l","status":"publish","type":"product","link":"https:\/\/sabatie-produits-entretien.fr\/fr\/produit\/18a42-super-decapant-sol-technicsols-bidon-5-l\/","title":{"rendered":"18A42 SUPER D\u00c9CAPANT  bidon 5 L"},"content":{"rendered":"<h2>SUPER D\u00c9CAPANT<\/h2>\n<p>Ref: 18A42<\/p>\n<h2>Dissout rapidement les cires de toutes natures<\/h2>\n<p>&nbsp;<\/p>\n<ul>\n<li>\n<h4>Surpuissant<\/h4>\n<\/li>\n<li>\n<h4>Action rapide<\/h4>\n<\/li>\n<li>\n<h4>Fort pouvoir mouillant<\/h4>\n<\/li>\n<\/ul>\n<p>&nbsp;<\/p>\n<p>Dissout en quelques minutes les cires de toutes natures, m\u00eame les plus anciennes, tout en r\u00e9duisant consid\u00e9rablement le temps et les co\u00fbts de main d\u2019\u0153uvre de l\u2019ordre de 30% \u00e0 50% si les dosages et temps de pose recommand\u00e9s sont respect\u00e9s.<\/p>\n<p>S\u2019utilise sur tous types de rev\u00eatements de sols lavables \u00e0 l\u2019eau (sauf mat\u00e9riaux de type bois, li\u00e8ges, surfaces peintes).<\/p>\n<p>&nbsp;<\/p>\n<h4>PROPRI\u00c9T\u00c9S<\/h4>\n<ul>\n<li>Couleur \u00a0 :\u00a0 bleu<\/li>\n<li>Aspect \u00a0 \u00a0 :\u00a0 liquide limpide<\/li>\n<li>pH pur\u00a0\u00a0\u00a0 :\u00a0 14 \u00b11<\/li>\n<\/ul>\n<p>&nbsp;<\/p>\n<h4>CONDITIONNEMENT<\/h4>\n<ul>\n<li>bidon de 5 L<\/li>\n<li>carton de 4 x 5 L<\/li>\n<\/ul>\n<p>&nbsp;<\/p>\n<ul>\n<li><a href=\"https:\/\/sabatie-produits-entretien.fr\/fr\/wp-content\/uploads\/2025\/11\/FT-18A42-SUPER_DECAPANT-5L.pdf\" target=\"_blank\" rel=\"noopener\">FICHE TECHNIQUE<\/a><\/li>\n<li><a href=\"https:\/\/sabatie-produits-entretien.fr\/fr\/wp-content\/uploads\/2025\/11\/FDS-18A42-SUPER_DECAPANT-5L.pdf\" target=\"_blank\" rel=\"noopener\">FICHE DE SECURITE<\/a><\/li>\n<\/ul>\n","protected":false},"excerpt":{"rendered":"<p>SUPER D\u00c9CAPANT Ref: 18A42 Dissout rapidement les cires de toutes natures &nbsp; Surpuissant Action rapide Fort pouvoir mouillant &nbsp; Dissout [&hellip;]<\/p>\n","protected":false},"featured_media":4492,"comment_status":"closed","ping_status":"closed","template":"","meta":{"_acf_changed":false,"site-sidebar-layout":"default","site-content-layout":"","ast-site-content-layout":"default","site-content-style":"default","site-sidebar-style":"default","ast-global-header-display":"","ast-banner-title-visibility":"","ast-main-header-display":"","ast-hfb-above-header-display":"","ast-hfb-below-header-display":"","ast-hfb-mobile-header-display":"","site-post-title":"","ast-breadcrumbs-content":"","ast-featured-img":"","footer-sml-layout":"","ast-disable-related-posts":"","theme-transparent-header-meta":"default","adv-header-id-meta":"","stick-header-meta":"","header-above-stick-meta":"","header-main-stick-meta":"","header-below-stick-meta":"","astra-migrate-meta-layouts":"set","ast-page-background-enabled":"default","ast-page-background-meta":{"desktop":{"background-color":"var(--ast-global-color-5)","background-image":"","background-repeat":"repeat","background-position":"center center","background-size":"auto","background-attachment":"scroll","background-type":"","background-media":"","overlay-type":"","overlay-color":"","overlay-opacity":"","overlay-gradient":""},"tablet":{"background-color":"","background-image":"","background-repeat":"repeat","background-position":"center center","background-size":"auto","background-attachment":"scroll","background-type":"","background-media":"","overlay-type":"","overlay-color":"","overlay-opacity":"","overlay-gradient":""},"mobile":{"background-color":"","background-image":"","background-repeat":"repeat","background-position":"center center","background-size":"auto","background-attachment":"scroll","background-type":"","background-media":"","overlay-type":"","overlay-color":"","overlay-opacity":"","overlay-gradient":""}},"ast-content-background-meta":{"desktop":{"background-color":"var(--ast-global-color-4)","background-image":"","background-repeat":"repeat","background-position":"center center","background-size":"auto","background-attachment":"scroll","background-type":"","background-media":"","overlay-type":"","overlay-color":"","overlay-opacity":"","overlay-gradient":""},"tablet":{"background-color":"var(--ast-global-color-4)","background-image":"","background-repeat":"repeat","background-position":"center center","background-size":"auto","background-attachment":"scroll","background-type":"","background-media":"","overlay-type":"","overlay-color":"","overlay-opacity":"","overlay-gradient":""},"mobile":{"background-color":"var(--ast-global-color-4)","background-image":"","background-repeat":"repeat","background-position":"center center","background-size":"auto","background-attachment":"scroll","background-type":"","background-media":"","overlay-type":"","overlay-color":"","overlay-opacity":"","overlay-gradient":""}}},"product_brand":[],"product_cat":[16,672,676],"product_tag":[188,702,183,701],"class_list":{"0":"post-1065","1":"product","2":"type-product","3":"status-publish","4":"has-post-thumbnail","6":"product_cat-tout","7":"product_cat-nettoyants-sols","8":"product_cat-traitement-des-sols","9":"product_tag-decapant-sols-suractif","10":"product_tag-dissout-les-cires","11":"product_tag-hygiene-et-nature","12":"product_tag-super-decapant","13":"desktop-align-left","14":"tablet-align-left","15":"mobile-align-left","17":"first","18":"instock","19":"virtual","20":"purchasable","21":"product-type-simple"},"acf":[],"_links":{"self":[{"href":"https:\/\/sabatie-produits-entretien.fr\/fr\/wp-json\/wp\/v2\/product\/1065","targetHints":{"allow":["GET"]}}],"collection":[{"href":"https:\/\/sabatie-produits-entretien.fr\/fr\/wp-json\/wp\/v2\/product"}],"about":[{"href":"https:\/\/sabatie-produits-entretien.fr\/fr\/wp-json\/wp\/v2\/types\/product"}],"replies":[{"embeddable":true,"href":"https:\/\/sabatie-produits-entretien.fr\/fr\/wp-json\/wp\/v2\/comments?post=1065"}],"wp:featuredmedia":[{"embeddable":true,"href":"https:\/\/sabatie-produits-entretien.fr\/fr\/wp-json\/wp\/v2\/media\/4492"}],"wp:attachment":[{"href":"https:\/\/sabatie-produits-entretien.fr\/fr\/wp-json\/wp\/v2\/media?parent=1065"}],"wp:term":[{"taxonomy":"product_brand","embeddable":true,"href":"https:\/\/sabatie-produits-entretien.fr\/fr\/wp-json\/wp\/v2\/product_brand?post=1065"},{"taxonomy":"product_cat","embeddable":true,"href":"https:\/\/sabatie-produits-entretien.fr\/fr\/wp-json\/wp\/v2\/product_cat?post=1065"},{"taxonomy":"product_tag","embeddable":true,"href":"https:\/\/sabatie-produits-entretien.fr\/fr\/wp-json\/wp\/v2\/product_tag?post=1065"}],"curies":[{"name":"wp","href":"https:\/\/api.w.org\/{rel}","templated":true}]}}