{"id":1084,"date":"2025-05-05T08:51:01","date_gmt":"2025-05-05T06:51:01","guid":{"rendered":"http:\/\/localhost\/sabatiesarl\/?post_type=product&#038;p=1084"},"modified":"2025-11-14T16:52:24","modified_gmt":"2025-11-14T15:52:24","slug":"18a42-decapant-ciment-tiros-bidon-5-l","status":"publish","type":"product","link":"https:\/\/sabatie-produits-entretien.fr\/fr\/produit\/18a42-decapant-ciment-tiros-bidon-5-l\/","title":{"rendered":"18A50 D\u00c9CAPANT CIMENT  Tiros  bidon 5 L"},"content":{"rendered":"<h2>D\u00c9CAPANT CIMENT<\/h2>\n<h2>D\u00e9tartrant pour voile de ciment<\/h2>\n<p>Ref: 18A50<\/p>\n<ul>\n<li>\n<h4>Supprime le voile de ciment<\/h4>\n<\/li>\n<li>\n<h4>\u00c9limine les traces de calcaire et de rouille<\/h4>\n<\/li>\n<li>\n<h4>Pr\u00e9pare aux \u00e9mulsions<\/h4>\n<\/li>\n<\/ul>\n<p>&nbsp;<\/p>\n<p>D\u00e9capant puissant pour le nettoyage et l\u2019\u00e9limination des souillures de ciment, b\u00e9ton etc. Il supprime le voile de ciment sur les briques, carrelages, pierres dures\u2026 et \u00e9limine les traces de calcaire, de salp\u00eatre et de rouille. D\u00e9capant ciment est \u00e9galement efficace pour le nettoyage de m\u00e9langeurs, camions toupies, b\u00e9tonni\u00e8res, moules, \u00e9tais\u2026 et peut \u00eatre utilis\u00e9 pour le d\u00e9tartrage des installations de chauffage, tuyauteries, circuits, bassin de piscines, \u2026.<\/p>\n<p><em>Conforme aux arr\u00eat\u00e9s minist\u00e9riels du 8 septembre 1999 et du 19 d\u00e9cembre 2013 relatifs aux produits de nettoyage du mat\u00e9riel pouvant se trouver au contact des denr\u00e9es alimentaires.<\/em><\/p>\n<p>&nbsp;<\/p>\n<h4>PROPRI\u00c9T\u00c9S<\/h4>\n<ul>\n<li>Aspect \u00a0 \u00a0 \u00a0\u00a0 \u00a0 :\u00a0 liquide limpide<\/li>\n<li>Couleur \u00a0 \u00a0 \u00a0\u00a0 :\u00a0 rouge-rose<\/li>\n<li>pH \u00e0 20 \u00b0C\u00a0 :\u00a0 &lt;1,0<\/li>\n<\/ul>\n<p>&nbsp;<\/p>\n<h4>CONDITIONNEMENT<\/h4>\n<ul>\n<li>bidon de 5 L<\/li>\n<li>carton de 2 x 5 L<\/li>\n<\/ul>\n<p>&nbsp;<\/p>\n<ul>\n<li><a href=\"https:\/\/sabatie-produits-entretien.fr\/fr\/wp-content\/uploads\/2025\/11\/FT-18A50-_DECAPANT_CIMENT.pdf\" target=\"_blank\" rel=\"noopener\">FICHE TECHNIQUE<\/a><\/li>\n<li><a href=\"https:\/\/sabatie-produits-entretien.fr\/fr\/wp-content\/uploads\/2025\/11\/FDS-18A50-50150-_DECAPANT_CIMENT.pdf\" target=\"_blank\" rel=\"noopener\">FICHE DE SECURITE<\/a><\/li>\n<\/ul>\n","protected":false},"excerpt":{"rendered":"<p>D\u00c9CAPANT CIMENT D\u00e9tartrant pour voile de ciment Ref: 18A50 Supprime le voile de ciment \u00c9limine les traces de calcaire et [&hellip;]<\/p>\n","protected":false},"featured_media":4496,"comment_status":"closed","ping_status":"closed","template":"","meta":{"_acf_changed":false,"site-sidebar-layout":"default","site-content-layout":"","ast-site-content-layout":"default","site-content-style":"default","site-sidebar-style":"default","ast-global-header-display":"","ast-banner-title-visibility":"","ast-main-header-display":"","ast-hfb-above-header-display":"","ast-hfb-below-header-display":"","ast-hfb-mobile-header-display":"","site-post-title":"","ast-breadcrumbs-content":"","ast-featured-img":"","footer-sml-layout":"","ast-disable-related-posts":"","theme-transparent-header-meta":"default","adv-header-id-meta":"","stick-header-meta":"","header-above-stick-meta":"","header-main-stick-meta":"","header-below-stick-meta":"","astra-migrate-meta-layouts":"set","ast-page-background-enabled":"default","ast-page-background-meta":{"desktop":{"background-color":"var(--ast-global-color-5)","background-image":"","background-repeat":"repeat","background-position":"center center","background-size":"auto","background-attachment":"scroll","background-type":"","background-media":"","overlay-type":"","overlay-color":"","overlay-opacity":"","overlay-gradient":""},"tablet":{"background-color":"","background-image":"","background-repeat":"repeat","background-position":"center center","background-size":"auto","background-attachment":"scroll","background-type":"","background-media":"","overlay-type":"","overlay-color":"","overlay-opacity":"","overlay-gradient":""},"mobile":{"background-color":"","background-image":"","background-repeat":"repeat","background-position":"center center","background-size":"auto","background-attachment":"scroll","background-type":"","background-media":"","overlay-type":"","overlay-color":"","overlay-opacity":"","overlay-gradient":""}},"ast-content-background-meta":{"desktop":{"background-color":"var(--ast-global-color-4)","background-image":"","background-repeat":"repeat","background-position":"center center","background-size":"auto","background-attachment":"scroll","background-type":"","background-media":"","overlay-type":"","overlay-color":"","overlay-opacity":"","overlay-gradient":""},"tablet":{"background-color":"var(--ast-global-color-4)","background-image":"","background-repeat":"repeat","background-position":"center center","background-size":"auto","background-attachment":"scroll","background-type":"","background-media":"","overlay-type":"","overlay-color":"","overlay-opacity":"","overlay-gradient":""},"mobile":{"background-color":"var(--ast-global-color-4)","background-image":"","background-repeat":"repeat","background-position":"center center","background-size":"auto","background-attachment":"scroll","background-type":"","background-media":"","overlay-type":"","overlay-color":"","overlay-opacity":"","overlay-gradient":""}}},"product_brand":[],"product_cat":[16,672,676],"product_tag":[687,191,183,179,180],"class_list":{"0":"post-1084","1":"product","2":"type-product","3":"status-publish","4":"has-post-thumbnail","6":"product_cat-tout","7":"product_cat-nettoyants-sols","8":"product_cat-traitement-des-sols","9":"product_tag-decapant-ciment","10":"product_tag-detachant","11":"product_tag-hygiene-et-nature","12":"product_tag-nettoyant","13":"product_tag-sol","14":"desktop-align-left","15":"tablet-align-left","16":"mobile-align-left","18":"first","19":"instock","20":"virtual","21":"purchasable","22":"product-type-simple"},"acf":[],"_links":{"self":[{"href":"https:\/\/sabatie-produits-entretien.fr\/fr\/wp-json\/wp\/v2\/product\/1084","targetHints":{"allow":["GET"]}}],"collection":[{"href":"https:\/\/sabatie-produits-entretien.fr\/fr\/wp-json\/wp\/v2\/product"}],"about":[{"href":"https:\/\/sabatie-produits-entretien.fr\/fr\/wp-json\/wp\/v2\/types\/product"}],"replies":[{"embeddable":true,"href":"https:\/\/sabatie-produits-entretien.fr\/fr\/wp-json\/wp\/v2\/comments?post=1084"}],"wp:featuredmedia":[{"embeddable":true,"href":"https:\/\/sabatie-produits-entretien.fr\/fr\/wp-json\/wp\/v2\/media\/4496"}],"wp:attachment":[{"href":"https:\/\/sabatie-produits-entretien.fr\/fr\/wp-json\/wp\/v2\/media?parent=1084"}],"wp:term":[{"taxonomy":"product_brand","embeddable":true,"href":"https:\/\/sabatie-produits-entretien.fr\/fr\/wp-json\/wp\/v2\/product_brand?post=1084"},{"taxonomy":"product_cat","embeddable":true,"href":"https:\/\/sabatie-produits-entretien.fr\/fr\/wp-json\/wp\/v2\/product_cat?post=1084"},{"taxonomy":"product_tag","embeddable":true,"href":"https:\/\/sabatie-produits-entretien.fr\/fr\/wp-json\/wp\/v2\/product_tag?post=1084"}],"curies":[{"name":"wp","href":"https:\/\/api.w.org\/{rel}","templated":true}]}}