{"id":1089,"date":"2025-05-05T08:51:01","date_gmt":"2025-05-05T06:51:01","guid":{"rendered":"http:\/\/localhost\/sabatiesarl\/?post_type=product&#038;p=1089"},"modified":"2025-06-11T01:51:55","modified_gmt":"2025-06-10T23:51:55","slug":"0207b-novo-freshplus-nettoyant-multi-surfaces-bidon-5-l","status":"publish","type":"product","link":"https:\/\/sabatie-produits-entretien.fr\/fr\/produit\/0207b-novo-freshplus-nettoyant-multi-surfaces-bidon-5-l\/","title":{"rendered":"0207B NOVO FRESH&rsquo;PLUS Nettoyant Multi-Surfaces bidon 5 L"},"content":{"rendered":"<h2>NETTOYANT PARFUM\u00c9 MULTI-SURFACES<\/h2>\n<p>&nbsp;<\/p>\n<h4>UTILISATION<\/h4>\n<ul>\n<li>Nettoyage et D\u00e9sodorisation de toutes surfaces lavables :<\/li>\n<li>Surfaces modernes (mati\u00e8res plastiques, stratifi\u00e9es, ska\u00ef, etc&#8230;),<\/li>\n<li>Bureaux<\/li>\n<li>T\u00e9l\u00e9phones<\/li>\n<li>Vitres<\/li>\n<li>Meubles peints<\/li>\n<li>Surfaces m\u00e9talliques<\/li>\n<li>Carrelages<\/li>\n<li>Entretien des sols prot\u00e9g\u00e9s (lavage manuel ou en auto-laveuse)<\/li>\n<\/ul>\n<p>&nbsp;<\/p>\n<h4>PROPRI\u00c9T\u00c9S<\/h4>\n<ul>\n<li>Sans rin\u00e7age<\/li>\n<li>S\u00e8che rapidement sans trace<\/li>\n<li>Produit non moussant<\/li>\n<li>Parfum floral r\u00e9manent<\/li>\n<li>pH (pur) 5 L : 10<\/li>\n<\/ul>\n<p>&nbsp;<\/p>\n<h4>CONDITIONNEMENT<\/h4>\n<ul>\n<li>Bidon de 5 litres<\/li>\n<li>Carton de 2 x 5 L<\/li>\n<\/ul>\n<p>&nbsp;<\/p>\n<ul>\n<li><a href=\"http:\/\/sabatie-produits-entretien.fr\/fr\/wp-content\/uploads\/2017\/03\/NOVO-FRESHPLUS-5L-FT-\u00e9d-03-01-06-2015-CLP.pdf\" target=\"_blank\" rel=\"noopener noreferrer\">FICHE TECHNIQUE<\/a><\/li>\n<li><a href=\"http:\/\/sabatie-produits-entretien.fr\/fr\/wp-content\/uploads\/2017\/03\/NOVO-FRESH-PLUS_FR.pdf\" target=\"_blank\" rel=\"noopener noreferrer\">FICHE DE SECURITE<\/a><\/li>\n<\/ul>\n<p>&nbsp;<\/p>\n<p>&nbsp;<\/p>\n<h2><\/h2>\n","protected":false},"excerpt":{"rendered":"<h3>NETTOYAGE ET D\u00c9SODORISATION DE TOUTES SURFACES LAVABLES<\/h3>\n<p>&nbsp;<\/p>\n<ul>\n<li>Surfaces modernes (mati\u00e8res plastiques, stratifi\u00e9es, ska\u00ef, etc&#8230;),<\/li>\n<li>Bureaux<\/li>\n<li>T\u00e9l\u00e9phones<\/li>\n<li>Vitres<\/li>\n<li>Meubles peints<\/li>\n<li>Surfaces m\u00e9talliques<\/li>\n<li>Carrelages<\/li>\n<li>Entretien des sols prot\u00e9g\u00e9s (lavage manuel ou en auto-laveuse)<\/li>\n<\/ul>\n<p>&nbsp;<\/p>\n","protected":false},"featured_media":1119,"comment_status":"closed","ping_status":"closed","template":"","meta":{"_acf_changed":false,"site-sidebar-layout":"default","site-content-layout":"","ast-site-content-layout":"default","site-content-style":"default","site-sidebar-style":"default","ast-global-header-display":"","ast-banner-title-visibility":"","ast-main-header-display":"","ast-hfb-above-header-display":"","ast-hfb-below-header-display":"","ast-hfb-mobile-header-display":"","site-post-title":"","ast-breadcrumbs-content":"","ast-featured-img":"","footer-sml-layout":"","ast-disable-related-posts":"","theme-transparent-header-meta":"","adv-header-id-meta":"","stick-header-meta":"","header-above-stick-meta":"","header-main-stick-meta":"","header-below-stick-meta":"","astra-migrate-meta-layouts":"default","ast-page-background-enabled":"default","ast-page-background-meta":{"desktop":{"background-color":"var(--ast-global-color-5)","background-image":"","background-repeat":"repeat","background-position":"center center","background-size":"auto","background-attachment":"scroll","background-type":"","background-media":"","overlay-type":"","overlay-color":"","overlay-opacity":"","overlay-gradient":""},"tablet":{"background-color":"","background-image":"","background-repeat":"repeat","background-position":"center center","background-size":"auto","background-attachment":"scroll","background-type":"","background-media":"","overlay-type":"","overlay-color":"","overlay-opacity":"","overlay-gradient":""},"mobile":{"background-color":"","background-image":"","background-repeat":"repeat","background-position":"center center","background-size":"auto","background-attachment":"scroll","background-type":"","background-media":"","overlay-type":"","overlay-color":"","overlay-opacity":"","overlay-gradient":""}},"ast-content-background-meta":{"desktop":{"background-color":"var(--ast-global-color-4)","background-image":"","background-repeat":"repeat","background-position":"center center","background-size":"auto","background-attachment":"scroll","background-type":"","background-media":"","overlay-type":"","overlay-color":"","overlay-opacity":"","overlay-gradient":""},"tablet":{"background-color":"var(--ast-global-color-4)","background-image":"","background-repeat":"repeat","background-position":"center center","background-size":"auto","background-attachment":"scroll","background-type":"","background-media":"","overlay-type":"","overlay-color":"","overlay-opacity":"","overlay-gradient":""},"mobile":{"background-color":"var(--ast-global-color-4)","background-image":"","background-repeat":"repeat","background-position":"center center","background-size":"auto","background-attachment":"scroll","background-type":"","background-media":"","overlay-type":"","overlay-color":"","overlay-opacity":"","overlay-gradient":""}}},"product_brand":[],"product_cat":[16,674],"product_tag":[201,202],"class_list":{"0":"post-1089","1":"product","2":"type-product","3":"status-publish","4":"has-post-thumbnail","6":"product_cat-tout","7":"product_cat-nettoyage-des-sols","8":"product_tag-nettoyant-multi-surfaces","9":"product_tag-novo-freshplus","10":"desktop-align-left","11":"tablet-align-left","12":"mobile-align-left","14":"first","15":"instock","16":"virtual","17":"product-type-simple"},"acf":[],"_links":{"self":[{"href":"https:\/\/sabatie-produits-entretien.fr\/fr\/wp-json\/wp\/v2\/product\/1089","targetHints":{"allow":["GET"]}}],"collection":[{"href":"https:\/\/sabatie-produits-entretien.fr\/fr\/wp-json\/wp\/v2\/product"}],"about":[{"href":"https:\/\/sabatie-produits-entretien.fr\/fr\/wp-json\/wp\/v2\/types\/product"}],"replies":[{"embeddable":true,"href":"https:\/\/sabatie-produits-entretien.fr\/fr\/wp-json\/wp\/v2\/comments?post=1089"}],"wp:featuredmedia":[{"embeddable":true,"href":"https:\/\/sabatie-produits-entretien.fr\/fr\/wp-json\/wp\/v2\/media\/1119"}],"wp:attachment":[{"href":"https:\/\/sabatie-produits-entretien.fr\/fr\/wp-json\/wp\/v2\/media?parent=1089"}],"wp:term":[{"taxonomy":"product_brand","embeddable":true,"href":"https:\/\/sabatie-produits-entretien.fr\/fr\/wp-json\/wp\/v2\/product_brand?post=1089"},{"taxonomy":"product_cat","embeddable":true,"href":"https:\/\/sabatie-produits-entretien.fr\/fr\/wp-json\/wp\/v2\/product_cat?post=1089"},{"taxonomy":"product_tag","embeddable":true,"href":"https:\/\/sabatie-produits-entretien.fr\/fr\/wp-json\/wp\/v2\/product_tag?post=1089"}],"curies":[{"name":"wp","href":"https:\/\/api.w.org\/{rel}","templated":true}]}}