{"id":1092,"date":"2025-05-05T08:51:02","date_gmt":"2025-05-05T06:51:02","guid":{"rendered":"http:\/\/localhost\/sabatiesarl\/?post_type=product&#038;p=1092"},"modified":"2025-11-14T16:56:38","modified_gmt":"2025-11-14T15:56:38","slug":"18a853-solspro-v-nettoyant-multi-usages-ecolabel-bidon-5-l","status":"publish","type":"product","link":"https:\/\/sabatie-produits-entretien.fr\/fr\/produit\/18a853-solspro-v-nettoyant-multi-usages-ecolabel-bidon-5-l\/","title":{"rendered":"15327 &#8211; 15328 &#8211; 15329  Nettoyant Multi-Usages  KING ECO&rsquo;ACTIF  \u00c9COLABEL bidon 5 L"},"content":{"rendered":"<h2>Nettoyant Multi-Usages KING<a href=\"https:\/\/sabatie-produits-entretien.fr\/fr\/wp-content\/uploads\/2025\/11\/PHOTO-LOGO-ECOLABEL-15327.png\">\u00a0<img decoding=\"async\" class=\"alignnone wp-image-4519\" src=\"https:\/\/sabatie-produits-entretien.fr\/fr\/wp-content\/uploads\/2025\/11\/PHOTO-LOGO-ECOLABEL-15327.png\" alt=\"\" width=\"133\" height=\"118\" \/> \u00a0\u00a0 <\/a><a href=\"https:\/\/sabatie-produits-entretien.fr\/fr\/wp-content\/uploads\/2025\/11\/PHOTO-LAGO-SANS-PICTOGRAMME-15327.png\"><img decoding=\"async\" class=\"alignnone size-full wp-image-4520\" src=\"https:\/\/sabatie-produits-entretien.fr\/fr\/wp-content\/uploads\/2025\/11\/PHOTO-LAGO-SANS-PICTOGRAMME-15327.png\" alt=\"\" width=\"132\" height=\"112\" \/><\/a><\/h2>\n<h2><\/h2>\n<h4><\/h4>\n<p><strong>Nettoyant Multi-Usages destin\u00e9 au nettoyage de toutes surfaces lavables: sols, carrelages, linol\u00e9um, rev\u00eatements, murs\u00a0 ( peintures lavables), parquets. Utilisation manuelle, en auto-laveuse ou en centrale d&rsquo;hygi\u00e8ne.<\/strong><\/p>\n<p>Lieux d&rsquo;utilisation:<\/p>\n<ul>\n<li>Bureaux<\/li>\n<li>Salles d&rsquo;attente<\/li>\n<li>Collectivit\u00e9s<\/li>\n<li>Entreprise de propret\u00e9<\/li>\n<\/ul>\n<p>&nbsp;<\/p>\n<p><strong><em>Agr\u00e9er Contact Alimentaire indirect<\/em><\/strong><\/p>\n<p><a href=\"https:\/\/sabatie-produits-entretien.fr\/fr\/wp-content\/uploads\/2025\/11\/PHOTO-CONTACT-ALIMENTAIRE-INDIRECT-15327.png\"><img decoding=\"async\" class=\"alignnone size-full wp-image-4522\" src=\"https:\/\/sabatie-produits-entretien.fr\/fr\/wp-content\/uploads\/2025\/11\/PHOTO-CONTACT-ALIMENTAIRE-INDIRECT-15327.png\" alt=\"\" width=\"147\" height=\"141\" \/><\/a><\/p>\n<p>&nbsp;<\/p>\n<h4>PARFUM :<\/h4>\n<ul>\n<li><a href=\"https:\/\/sabatie-produits-entretien.fr\/fr\/wp-content\/uploads\/2025\/11\/PHOTO-MANGUE-PASSION-15327.png\"><img loading=\"lazy\" decoding=\"async\" class=\"alignnone size-full wp-image-4518\" src=\"https:\/\/sabatie-produits-entretien.fr\/fr\/wp-content\/uploads\/2025\/11\/PHOTO-MANGUE-PASSION-15327.png\" alt=\"\" width=\"132\" height=\"120\" \/><\/a>ref: 15327<\/li>\n<li><a href=\"https:\/\/sabatie-produits-entretien.fr\/fr\/wp-content\/uploads\/2025\/11\/PHOTO-FLEURS-D-AGRUMES-15328.png\"><img loading=\"lazy\" decoding=\"async\" class=\"alignnone wp-image-4521\" src=\"https:\/\/sabatie-produits-entretien.fr\/fr\/wp-content\/uploads\/2025\/11\/PHOTO-FLEURS-D-AGRUMES-15328.png\" alt=\"\" width=\"125\" height=\"111\" srcset=\"https:\/\/sabatie-produits-entretien.fr\/fr\/wp-content\/uploads\/2025\/11\/PHOTO-FLEURS-D-AGRUMES-15328.png 158w, https:\/\/sabatie-produits-entretien.fr\/fr\/wp-content\/uploads\/2025\/11\/PHOTO-FLEURS-D-AGRUMES-15328-150x133.png 150w\" sizes=\"(max-width: 125px) 100vw, 125px\" \/><\/a> ref: 15328<\/li>\n<li><a href=\"https:\/\/sabatie-produits-entretien.fr\/fr\/wp-content\/uploads\/2025\/11\/PHOTO-BOISE-MARIN-15329.png\"><img loading=\"lazy\" decoding=\"async\" class=\"alignnone size-full wp-image-4517\" src=\"https:\/\/sabatie-produits-entretien.fr\/fr\/wp-content\/uploads\/2025\/11\/PHOTO-BOISE-MARIN-15329.png\" alt=\"\" width=\"106\" height=\"125\" \/><\/a>ref: 15329<\/li>\n<\/ul>\n<p>&nbsp;<\/p>\n<h4>PROPRI\u00c9T\u00c9S<\/h4>\n<ul>\n<li>aspect : liquide limpide<\/li>\n<li>pH \u00e0 l&rsquo;\u00e9tat pur\u00a0 :\u00a0 7<\/li>\n<\/ul>\n<h4><\/h4>\n<h4>CONDITIONNEMENT<\/h4>\n<ul>\n<li>bidon de 5 litres<\/li>\n<li>carton de 4 x 5 litres<\/li>\n<\/ul>\n<p>&nbsp;<\/p>\n<ul>\n<li><a href=\"https:\/\/sabatie-produits-entretien.fr\/fr\/wp-content\/uploads\/2025\/11\/FT-15327-A17751_NETTOYANT-SOLS-ET-MULTI-USAGES-MANGO-PASSION-5L-ECO-ACTIF-KING_FR_20-02-2020.pdf\" target=\"_blank\" rel=\"noopener\">FICHE TECHNIQUE<\/a><\/li>\n<li><a href=\"https:\/\/sabatie-produits-entretien.fr\/fr\/wp-content\/uploads\/2025\/11\/FDS-15327-A17751_ECOLABEL-NET-MULTI-USAGE-MANGO-PASSION-5L-KING-NR_FR_04-05-2022.pdf\" target=\"_blank\" rel=\"noopener\">FICHE DE SECURITE<\/a><\/li>\n<\/ul>\n","protected":false},"excerpt":{"rendered":"<p><a href=\"https:\/\/sabatie-produits-entretien.fr\/fr\/wp-content\/uploads\/2025\/11\/PHOTO-LOGO-ECOLABEL-15327.png\"><img loading=\"lazy\" decoding=\"async\" class=\"alignnone size-full wp-image-4519\" src=\"https:\/\/sabatie-produits-entretien.fr\/fr\/wp-content\/uploads\/2025\/11\/PHOTO-LOGO-ECOLABEL-15327.png\" alt=\"\" width=\"142\" height=\"126\" \/><\/a><a href=\"https:\/\/sabatie-produits-entretien.fr\/fr\/wp-content\/uploads\/2025\/11\/PHOTO-CONTACT-ALIMENTAIRE-INDIRECT-15327.png\"><img decoding=\"async\" class=\"alignnone size-full wp-image-4522\" src=\"https:\/\/sabatie-produits-entretien.fr\/fr\/wp-content\/uploads\/2025\/11\/PHOTO-CONTACT-ALIMENTAIRE-INDIRECT-15327.png\" alt=\"\" width=\"147\" height=\"141\" \/><\/a><a href=\"https:\/\/sabatie-produits-entretien.fr\/fr\/wp-content\/uploads\/2025\/11\/PHOTO-LAGO-SANS-PICTOGRAMME-15327.png\"><img decoding=\"async\" class=\"alignnone size-full wp-image-4520\" src=\"https:\/\/sabatie-produits-entretien.fr\/fr\/wp-content\/uploads\/2025\/11\/PHOTO-LAGO-SANS-PICTOGRAMME-15327.png\" alt=\"\" width=\"132\" height=\"112\" \/><\/a><a href=\"https:\/\/sabatie-produits-entretien.fr\/fr\/wp-content\/uploads\/2025\/11\/PHOTO-MANGUE-PASSION-15327.png\"><img loading=\"lazy\" decoding=\"async\" class=\"alignnone size-full wp-image-4518\" src=\"https:\/\/sabatie-produits-entretien.fr\/fr\/wp-content\/uploads\/2025\/11\/PHOTO-MANGUE-PASSION-15327.png\" alt=\"\" width=\"132\" height=\"120\" \/><\/a><a href=\"https:\/\/sabatie-produits-entretien.fr\/fr\/wp-content\/uploads\/2025\/11\/PHOTO-FLEURS-D-AGRUMES-15328.png\"><img loading=\"lazy\" decoding=\"async\" class=\"alignnone size-full wp-image-4521\" src=\"https:\/\/sabatie-produits-entretien.fr\/fr\/wp-content\/uploads\/2025\/11\/PHOTO-FLEURS-D-AGRUMES-15328.png\" alt=\"\" width=\"158\" height=\"140\" srcset=\"https:\/\/sabatie-produits-entretien.fr\/fr\/wp-content\/uploads\/2025\/11\/PHOTO-FLEURS-D-AGRUMES-15328.png 158w, https:\/\/sabatie-produits-entretien.fr\/fr\/wp-content\/uploads\/2025\/11\/PHOTO-FLEURS-D-AGRUMES-15328-150x133.png 150w\" sizes=\"(max-width: 158px) 100vw, 158px\" \/><\/a><a href=\"https:\/\/sabatie-produits-entretien.fr\/fr\/wp-content\/uploads\/2025\/11\/PHOTO-BOISE-MARIN-15329.png\"><img loading=\"lazy\" decoding=\"async\" class=\"alignnone size-full wp-image-4517\" src=\"https:\/\/sabatie-produits-entretien.fr\/fr\/wp-content\/uploads\/2025\/11\/PHOTO-BOISE-MARIN-15329.png\" alt=\"\" width=\"106\" height=\"125\" \/><\/a><\/p>\n","protected":false},"featured_media":4516,"comment_status":"closed","ping_status":"closed","template":"","meta":{"_acf_changed":false,"site-sidebar-layout":"default","site-content-layout":"","ast-site-content-layout":"default","site-content-style":"default","site-sidebar-style":"default","ast-global-header-display":"","ast-banner-title-visibility":"","ast-main-header-display":"","ast-hfb-above-header-display":"","ast-hfb-below-header-display":"","ast-hfb-mobile-header-display":"","site-post-title":"","ast-breadcrumbs-content":"","ast-featured-img":"","footer-sml-layout":"","ast-disable-related-posts":"","theme-transparent-header-meta":"default","adv-header-id-meta":"","stick-header-meta":"","header-above-stick-meta":"","header-main-stick-meta":"","header-below-stick-meta":"","astra-migrate-meta-layouts":"set","ast-page-background-enabled":"default","ast-page-background-meta":{"desktop":{"background-color":"var(--ast-global-color-5)","background-image":"","background-repeat":"repeat","background-position":"center center","background-size":"auto","background-attachment":"scroll","background-type":"","background-media":"","overlay-type":"","overlay-color":"","overlay-opacity":"","overlay-gradient":""},"tablet":{"background-color":"","background-image":"","background-repeat":"repeat","background-position":"center center","background-size":"auto","background-attachment":"scroll","background-type":"","background-media":"","overlay-type":"","overlay-color":"","overlay-opacity":"","overlay-gradient":""},"mobile":{"background-color":"","background-image":"","background-repeat":"repeat","background-position":"center center","background-size":"auto","background-attachment":"scroll","background-type":"","background-media":"","overlay-type":"","overlay-color":"","overlay-opacity":"","overlay-gradient":""}},"ast-content-background-meta":{"desktop":{"background-color":"var(--ast-global-color-4)","background-image":"","background-repeat":"repeat","background-position":"center center","background-size":"auto","background-attachment":"scroll","background-type":"","background-media":"","overlay-type":"","overlay-color":"","overlay-opacity":"","overlay-gradient":""},"tablet":{"background-color":"var(--ast-global-color-4)","background-image":"","background-repeat":"repeat","background-position":"center center","background-size":"auto","background-attachment":"scroll","background-type":"","background-media":"","overlay-type":"","overlay-color":"","overlay-opacity":"","overlay-gradient":""},"mobile":{"background-color":"var(--ast-global-color-4)","background-image":"","background-repeat":"repeat","background-position":"center center","background-size":"auto","background-attachment":"scroll","background-type":"","background-media":"","overlay-type":"","overlay-color":"","overlay-opacity":"","overlay-gradient":""}}},"product_brand":[],"product_cat":[16,674,672,680],"product_tag":[208,209,183,705,706,704,703,572],"class_list":{"0":"post-1092","1":"product","2":"type-product","3":"status-publish","4":"has-post-thumbnail","6":"product_cat-tout","7":"product_cat-nettoyage-des-sols","8":"product_cat-nettoyants-sols","9":"product_cat-produits-ecolabel","10":"product_tag-detergent-desodorisant-sols-surfaces","11":"product_tag-detergent-nettoyant-sols-surfaces","12":"product_tag-hygiene-et-nature","13":"product_tag-nettoyant-boise-marin","14":"product_tag-nettoyant-ecolabel","15":"product_tag-nettoyant-fleurs-dagrumes","16":"product_tag-nettoyant-mague-passion","17":"product_tag-sico","18":"desktop-align-left","19":"tablet-align-left","20":"mobile-align-left","22":"first","23":"instock","24":"virtual","25":"purchasable","26":"product-type-simple"},"acf":[],"_links":{"self":[{"href":"https:\/\/sabatie-produits-entretien.fr\/fr\/wp-json\/wp\/v2\/product\/1092","targetHints":{"allow":["GET"]}}],"collection":[{"href":"https:\/\/sabatie-produits-entretien.fr\/fr\/wp-json\/wp\/v2\/product"}],"about":[{"href":"https:\/\/sabatie-produits-entretien.fr\/fr\/wp-json\/wp\/v2\/types\/product"}],"replies":[{"embeddable":true,"href":"https:\/\/sabatie-produits-entretien.fr\/fr\/wp-json\/wp\/v2\/comments?post=1092"}],"wp:featuredmedia":[{"embeddable":true,"href":"https:\/\/sabatie-produits-entretien.fr\/fr\/wp-json\/wp\/v2\/media\/4516"}],"wp:attachment":[{"href":"https:\/\/sabatie-produits-entretien.fr\/fr\/wp-json\/wp\/v2\/media?parent=1092"}],"wp:term":[{"taxonomy":"product_brand","embeddable":true,"href":"https:\/\/sabatie-produits-entretien.fr\/fr\/wp-json\/wp\/v2\/product_brand?post=1092"},{"taxonomy":"product_cat","embeddable":true,"href":"https:\/\/sabatie-produits-entretien.fr\/fr\/wp-json\/wp\/v2\/product_cat?post=1092"},{"taxonomy":"product_tag","embeddable":true,"href":"https:\/\/sabatie-produits-entretien.fr\/fr\/wp-json\/wp\/v2\/product_tag?post=1092"}],"curies":[{"name":"wp","href":"https:\/\/api.w.org\/{rel}","templated":true}]}}