{"id":1093,"date":"2025-05-05T08:51:02","date_gmt":"2025-05-05T06:51:02","guid":{"rendered":"http:\/\/localhost\/sabatiesarl\/?post_type=product&#038;p=1093"},"modified":"2025-06-11T01:51:41","modified_gmt":"2025-06-10T23:51:41","slug":"3906-dosette-nettoyante-desinfectante-remanente-framboise-20-ml-250-doses","status":"publish","type":"product","link":"https:\/\/sabatie-produits-entretien.fr\/fr\/produit\/3906-dosette-nettoyante-desinfectante-remanente-framboise-20-ml-250-doses\/","title":{"rendered":"3906 DOSETTE NETTOYANTE D\u00c9SINFECTANTE R\u00c9MANENTE Framboise 20 ml 250 Doses"},"content":{"rendered":"<h2><strong>DOSETTE NETTOYANTE D\u00c9SINFECTANTE R\u00c9MANENTE FRAMBOISE 20 ml<\/strong><\/h2>\n<p>&nbsp;<\/p>\n<p><strong>DESCRIPTION DU PRODUIT<\/strong><\/p>\n<p>D\u00e9tergent d\u00e9sodorisant d\u00e9sinfectant bact\u00e9ricide, levuricide et virucide tr\u00e8s longue r\u00e9manence sp\u00e9cialement \u00e9tudi\u00e9 pour le nettoyage en<\/p>\n<p>milieu professionnel de tous types de sols et de surfaces lavables, y compris les sols prot\u00e9g\u00e9s par une \u00e9mulsion. pH neutre.<\/p>\n<p>Domaines d\u2019 application: h\u00f4pitaux, maisons de retraite, \u00e9coles, collectivit\u00e9s, caf\u00e9s, h\u00f4tel, restaurants, industries &#8230;<\/p>\n<p>Ne n\u00e9cessite pas de rin\u00e7age mais un rin\u00e7age \u00e0 l\u2019 eau claire est obligatoire dans le cadre du contact alimentaire.<\/p>\n<p><strong>Conforme aux normes :<\/strong><\/p>\n<p>&#8211; EN1276 (0.5%, 40\u00b0C, conditions de salet\u00e9, 15min), EN13697 bact\u00e9ricide (0.5%, 20\u00b0C, conditions de salet\u00e9, 15min),<\/p>\n<p>&#8211; EN1650 levuricide (0.5%, 20\u00b0C, conditions de salet\u00e9, 15min) et EN13697 levuricide (1%, 40\u00b0C, conditions de salet\u00e9, 15min),<\/p>\n<p>&#8211; EN14476+A2 virucide (0.5%, 20\u00b0C, conditions de salet\u00e9, 15min) sur la vaccine souche Ankara (virus type de tous les virus envelopp\u00e9s).<\/p>\n<p>1 UVC : 1 carton de 250 dosettes (de 20ml chacune)<\/p>\n<p><strong>Mode d&#8217;emploi et dosage :<\/strong><\/p>\n<p>Dosage de 0,5 \u00e0 1 % dans l\u2019 eau selon le degr\u00e9 de salissures.<\/p>\n<p>Dosage pour une action d\u00e9sinfectante : se r\u00e9f\u00e9rer \u00e0 la liste des normes ci-dessus.<\/p>\n<p>Sans rin\u00e7age (sauf si contact avec les denr\u00e9es alimentaires)<\/p>\n<p><strong>Caract\u00e9ristiques Techniques :<\/strong><\/p>\n<p>Composition : Agents de surface cationiques moins de 5%, agents de surface non ioniques 5% ou plus, mais moins de 15%, d\u00e9sinfectants,<\/p>\n<p>parfums.<\/p>\n<p>pH : 6.00 ou 7.00 \u00b11 selon le parfum<\/p>\n<p>Aspect : liquide<\/p>\n<p>Substances actives :<\/p>\n<p>Chlorure de did\u00e9cyldimethylammonium (CAS 7173-51-5) 17.5g\/kg,<\/p>\n<p>Chlorure de benzalconium (CAS 68424-85-1) 17.5g\/kg<\/p>\n<p>et alcool \u00e9thylique (CAS 64-17-5) 22.04g\/kg.<\/p>\n<p><strong>Utilisation du produit :<\/strong> biocide de surfaces. Type de pr\u00e9paration : concentr\u00e9 liquide. TP2.<\/p>\n<p>&nbsp;<\/p>\n<p><strong>CONDITIONNEMENT :<\/strong><\/p>\n<ul>\n<li>carton de 250 doses de 20 ml<\/li>\n<\/ul>\n<p>&nbsp;<\/p>\n<ul>\n<li><a href=\"https:\/\/sabatie-produits-entretien.fr\/fr\/wp-content\/uploads\/2025\/03\/3906-FT-DOSETTE-FRAMBOISINE.pdf\" target=\"_blank\" rel=\"noopener\">FICHE TECHNIQUE<\/a><\/li>\n<li><a href=\"https:\/\/sabatie-produits-entretien.fr\/fr\/wp-content\/uploads\/2025\/03\/3906-FDS-DOSETTE-FRAMBOISINE.pdf\" target=\"_blank\" rel=\"noopener\">FICHE DE SECURITE<\/a><\/li>\n<\/ul>\n","protected":false},"excerpt":{"rendered":"<p>DOSETTE NETTOYANTE D\u00c9SINFECTANTE R\u00c9MANENTE FRAMBOISE 20 ml &nbsp; DESCRIPTION DU PRODUIT D\u00e9tergent d\u00e9sodorisant d\u00e9sinfectant bact\u00e9ricide, levuricide et virucide tr\u00e8s longue [&hellip;]<\/p>\n","protected":false},"featured_media":1143,"comment_status":"closed","ping_status":"closed","template":"","meta":{"_acf_changed":false,"site-sidebar-layout":"default","site-content-layout":"","ast-site-content-layout":"default","site-content-style":"default","site-sidebar-style":"default","ast-global-header-display":"","ast-banner-title-visibility":"","ast-main-header-display":"","ast-hfb-above-header-display":"","ast-hfb-below-header-display":"","ast-hfb-mobile-header-display":"","site-post-title":"","ast-breadcrumbs-content":"","ast-featured-img":"","footer-sml-layout":"","ast-disable-related-posts":"","theme-transparent-header-meta":"","adv-header-id-meta":"","stick-header-meta":"","header-above-stick-meta":"","header-main-stick-meta":"","header-below-stick-meta":"","astra-migrate-meta-layouts":"default","ast-page-background-enabled":"default","ast-page-background-meta":{"desktop":{"background-color":"var(--ast-global-color-5)","background-image":"","background-repeat":"repeat","background-position":"center center","background-size":"auto","background-attachment":"scroll","background-type":"","background-media":"","overlay-type":"","overlay-color":"","overlay-opacity":"","overlay-gradient":""},"tablet":{"background-color":"","background-image":"","background-repeat":"repeat","background-position":"center center","background-size":"auto","background-attachment":"scroll","background-type":"","background-media":"","overlay-type":"","overlay-color":"","overlay-opacity":"","overlay-gradient":""},"mobile":{"background-color":"","background-image":"","background-repeat":"repeat","background-position":"center center","background-size":"auto","background-attachment":"scroll","background-type":"","background-media":"","overlay-type":"","overlay-color":"","overlay-opacity":"","overlay-gradient":""}},"ast-content-background-meta":{"desktop":{"background-color":"var(--ast-global-color-4)","background-image":"","background-repeat":"repeat","background-position":"center center","background-size":"auto","background-attachment":"scroll","background-type":"","background-media":"","overlay-type":"","overlay-color":"","overlay-opacity":"","overlay-gradient":""},"tablet":{"background-color":"var(--ast-global-color-4)","background-image":"","background-repeat":"repeat","background-position":"center center","background-size":"auto","background-attachment":"scroll","background-type":"","background-media":"","overlay-type":"","overlay-color":"","overlay-opacity":"","overlay-gradient":""},"mobile":{"background-color":"var(--ast-global-color-4)","background-image":"","background-repeat":"repeat","background-position":"center center","background-size":"auto","background-attachment":"scroll","background-type":"","background-media":"","overlay-type":"","overlay-color":"","overlay-opacity":"","overlay-gradient":""}}},"product_brand":[],"product_cat":[16,673],"product_tag":[212,213,214],"class_list":{"0":"post-1093","1":"product","2":"type-product","3":"status-publish","4":"has-post-thumbnail","6":"product_cat-tout","7":"product_cat-nettoyants-sols-desinfectants","8":"product_tag-dosette-nettoyante-desinfectante-remanente-framboise-20-ml","9":"product_tag-prodifa","10":"product_tag-prodiflore-3d","11":"desktop-align-left","12":"tablet-align-left","13":"mobile-align-left","15":"first","16":"instock","17":"virtual","18":"product-type-simple"},"acf":[],"_links":{"self":[{"href":"https:\/\/sabatie-produits-entretien.fr\/fr\/wp-json\/wp\/v2\/product\/1093","targetHints":{"allow":["GET"]}}],"collection":[{"href":"https:\/\/sabatie-produits-entretien.fr\/fr\/wp-json\/wp\/v2\/product"}],"about":[{"href":"https:\/\/sabatie-produits-entretien.fr\/fr\/wp-json\/wp\/v2\/types\/product"}],"replies":[{"embeddable":true,"href":"https:\/\/sabatie-produits-entretien.fr\/fr\/wp-json\/wp\/v2\/comments?post=1093"}],"wp:featuredmedia":[{"embeddable":true,"href":"https:\/\/sabatie-produits-entretien.fr\/fr\/wp-json\/wp\/v2\/media\/1143"}],"wp:attachment":[{"href":"https:\/\/sabatie-produits-entretien.fr\/fr\/wp-json\/wp\/v2\/media?parent=1093"}],"wp:term":[{"taxonomy":"product_brand","embeddable":true,"href":"https:\/\/sabatie-produits-entretien.fr\/fr\/wp-json\/wp\/v2\/product_brand?post=1093"},{"taxonomy":"product_cat","embeddable":true,"href":"https:\/\/sabatie-produits-entretien.fr\/fr\/wp-json\/wp\/v2\/product_cat?post=1093"},{"taxonomy":"product_tag","embeddable":true,"href":"https:\/\/sabatie-produits-entretien.fr\/fr\/wp-json\/wp\/v2\/product_tag?post=1093"}],"curies":[{"name":"wp","href":"https:\/\/api.w.org\/{rel}","templated":true}]}}