{"id":1100,"date":"2025-05-05T08:51:02","date_gmt":"2025-05-05T06:51:02","guid":{"rendered":"http:\/\/localhost\/sabatiesarl\/?post_type=product&#038;p=1100"},"modified":"2025-05-05T08:51:34","modified_gmt":"2025-05-05T06:51:34","slug":"124301-spray-detergent-desinfectant-medspray-steridis-750-ml","status":"publish","type":"product","link":"https:\/\/sabatie-produits-entretien.fr\/fr\/produit\/124301-spray-detergent-desinfectant-medspray-steridis-750-ml\/","title":{"rendered":"124301 Spray D\u00e9tergent D\u00e9sinfectant MEDSPRAY St\u00e9ridis 750 ml"},"content":{"rendered":"<h2><\/h2>\n<h2>Spray D\u00e9tergent D\u00e9sinfectant MEDSPRAY St\u00e9ridis 750 ml<\/h2>\n<h3><strong>SPRAY DETERGENT D\u00c9SINFECTANT<\/strong><\/p>\n<p><strong>POUR SURFACES, PETIT MAT\u00c9RIEL,<\/strong><\/p>\n<p><strong>DISPOSITIFS MEDICAUX.<\/strong><\/p>\n<p><em><strong>Sp\u00e9cial surfaces sensibles<\/strong><\/em><\/h3>\n<p>&nbsp;<\/p>\n<h5><strong>DESTINATIONS<\/strong><\/h5>\n<h4><strong>Nettoyage et d\u00e9sinfection des:<\/strong><\/p>\n<p><strong>&#8211; Surfaces dures non poreuses en milieu m\u00e9dical,<\/strong><\/p>\n<p><strong>collectivit\u00e9s ou lieux accueillant du public.<\/strong><\/p>\n<p><strong>&#8211; Surfaces dures non poreuses des dispositifs<\/strong><\/p>\n<p><strong>m\u00e9dicaux non critiques (lits m\u00e9dicalis\u00e9s, monitoring,connectiques\u2026).<\/strong><\/h4>\n<p>&nbsp;<\/p>\n<p><strong>FORMULE<\/strong><\/p>\n<p>Sans parfum &#8211; Sans alcool<\/p>\n<p>Actif : Chlorure de Did\u00e9cyldim\u00e9thylammonium<\/p>\n<p>&nbsp;<\/p>\n<p><strong>PROPRI\u00c9T\u00c9S MICROBIOLOGIQUES A 20\u00b0C<\/strong><\/p>\n<p><em>BACT\u00c9RICIDE<\/em> : EN1276, EN13727, EN13697\u00a0 :\u00a0 5 min<\/p>\n<p><em>LEVURICIDE<\/em> \u00a0 :\u00a0 EN1650, EN13624, EN13697 :\u00a0 5 min<\/p>\n<p><em>ACTIF SUR VIRUS<\/em>\u00a0 : EN14476 sur Vaccinia, Herp\u00e8s, PRV, BVDV, Coronavirus, HIV, Rotavirus, Adenovirus, Norovirus, EN16777 sur Vaccina, Norovirus, Adenovirus\u00a0 :\u00a0 5 min<\/p>\n<p>&nbsp;<\/p>\n<p><strong>CONDITIONNEMEN<\/strong><strong>T<\/strong><\/p>\n<ul>\n<li>Pulv\u00e9risateur Spray de 750 ml<\/li>\n<li>Carton de 6 x 750 ml<\/li>\n<\/ul>\n<p>&nbsp;<\/p>\n<ul>\n<li><em><strong>Nous vous proposons \u00e9galement\u00a0 :\n<p><\/strong><\/em><\/p>\n<ul>\n<li>bidon 5 litres (r\u00e9f 124300)<\/li>\n<\/ul>\n<\/li>\n<\/ul>\n<p>&nbsp;<\/p>\n<ul>\n<li><a href=\"https:\/\/sabatie-produits-entretien.fr\/fr\/wp-content\/uploads\/2023\/10\/124301-Nettoy-D\u00e9sinf-750ml-FT-MEDSPRAY.pdf\" target=\"_blank\" rel=\"noopener noreferrer\">FICHE TECHNIQUE<\/a><\/li>\n<li><a href=\"https:\/\/sabatie-produits-entretien.fr\/fr\/wp-content\/uploads\/2023\/10\/124301-Nettoy-D\u00e9sinf-750ml-FDS-MEDSPRAY.pdf\" target=\"_blank\" rel=\"noopener noreferrer\">FICHE DE SECURITE<\/a><\/li>\n<\/ul>\n","protected":false},"excerpt":{"rendered":"<p>Spray D\u00e9tergent D\u00e9sinfectant MEDSPRAY St\u00e9ridis 750 ml SPRAY DETERGENT D\u00c9SINFECTANT POUR SURFACES, PETIT MAT\u00c9RIEL, DISPOSITIFS MEDICAUX. Sp\u00e9cial surfaces sensibles &nbsp; [&hellip;]<\/p>\n","protected":false},"featured_media":1150,"comment_status":"open","ping_status":"closed","template":"","meta":{"_acf_changed":false,"site-sidebar-layout":"default","site-content-layout":"","ast-site-content-layout":"default","site-content-style":"default","site-sidebar-style":"default","ast-global-header-display":"","ast-banner-title-visibility":"","ast-main-header-display":"","ast-hfb-above-header-display":"","ast-hfb-below-header-display":"","ast-hfb-mobile-header-display":"","site-post-title":"","ast-breadcrumbs-content":"","ast-featured-img":"","footer-sml-layout":"","ast-disable-related-posts":"","theme-transparent-header-meta":"","adv-header-id-meta":"","stick-header-meta":"","header-above-stick-meta":"","header-main-stick-meta":"","header-below-stick-meta":"","astra-migrate-meta-layouts":"default","ast-page-background-enabled":"default","ast-page-background-meta":{"desktop":{"background-color":"var(--ast-global-color-5)","background-image":"","background-repeat":"repeat","background-position":"center center","background-size":"auto","background-attachment":"scroll","background-type":"","background-media":"","overlay-type":"","overlay-color":"","overlay-opacity":"","overlay-gradient":""},"tablet":{"background-color":"","background-image":"","background-repeat":"repeat","background-position":"center center","background-size":"auto","background-attachment":"scroll","background-type":"","background-media":"","overlay-type":"","overlay-color":"","overlay-opacity":"","overlay-gradient":""},"mobile":{"background-color":"","background-image":"","background-repeat":"repeat","background-position":"center center","background-size":"auto","background-attachment":"scroll","background-type":"","background-media":"","overlay-type":"","overlay-color":"","overlay-opacity":"","overlay-gradient":""}},"ast-content-background-meta":{"desktop":{"background-color":"var(--ast-global-color-4)","background-image":"","background-repeat":"repeat","background-position":"center center","background-size":"auto","background-attachment":"scroll","background-type":"","background-media":"","overlay-type":"","overlay-color":"","overlay-opacity":"","overlay-gradient":""},"tablet":{"background-color":"var(--ast-global-color-4)","background-image":"","background-repeat":"repeat","background-position":"center center","background-size":"auto","background-attachment":"scroll","background-type":"","background-media":"","overlay-type":"","overlay-color":"","overlay-opacity":"","overlay-gradient":""},"mobile":{"background-color":"var(--ast-global-color-4)","background-image":"","background-repeat":"repeat","background-position":"center center","background-size":"auto","background-attachment":"scroll","background-type":"","background-media":"","overlay-type":"","overlay-color":"","overlay-opacity":"","overlay-gradient":""}}},"product_brand":[],"product_cat":[16],"product_tag":[229,230,231,179,232,233],"class_list":{"0":"post-1100","1":"product","2":"type-product","3":"status-publish","4":"has-post-thumbnail","6":"product_cat-tout","7":"product_tag-desinfectant","8":"product_tag-detergent","9":"product_tag-medical","10":"product_tag-nettoyant","11":"product_tag-spray-nettoyant-desinfectant-medspray-steridis","12":"product_tag-surface","13":"desktop-align-left","14":"tablet-align-left","15":"mobile-align-left","17":"first","18":"instock","19":"virtual","20":"product-type-simple"},"acf":[],"_links":{"self":[{"href":"https:\/\/sabatie-produits-entretien.fr\/fr\/wp-json\/wp\/v2\/product\/1100","targetHints":{"allow":["GET"]}}],"collection":[{"href":"https:\/\/sabatie-produits-entretien.fr\/fr\/wp-json\/wp\/v2\/product"}],"about":[{"href":"https:\/\/sabatie-produits-entretien.fr\/fr\/wp-json\/wp\/v2\/types\/product"}],"replies":[{"embeddable":true,"href":"https:\/\/sabatie-produits-entretien.fr\/fr\/wp-json\/wp\/v2\/comments?post=1100"}],"wp:featuredmedia":[{"embeddable":true,"href":"https:\/\/sabatie-produits-entretien.fr\/fr\/wp-json\/wp\/v2\/media\/1150"}],"wp:attachment":[{"href":"https:\/\/sabatie-produits-entretien.fr\/fr\/wp-json\/wp\/v2\/media?parent=1100"}],"wp:term":[{"taxonomy":"product_brand","embeddable":true,"href":"https:\/\/sabatie-produits-entretien.fr\/fr\/wp-json\/wp\/v2\/product_brand?post=1100"},{"taxonomy":"product_cat","embeddable":true,"href":"https:\/\/sabatie-produits-entretien.fr\/fr\/wp-json\/wp\/v2\/product_cat?post=1100"},{"taxonomy":"product_tag","embeddable":true,"href":"https:\/\/sabatie-produits-entretien.fr\/fr\/wp-json\/wp\/v2\/product_tag?post=1100"}],"curies":[{"name":"wp","href":"https:\/\/api.w.org\/{rel}","templated":true}]}}