{"id":1101,"date":"2025-05-05T08:51:02","date_gmt":"2025-05-05T06:51:02","guid":{"rendered":"http:\/\/localhost\/sabatiesarl\/?post_type=product&#038;p=1101"},"modified":"2025-06-11T11:11:13","modified_gmt":"2025-06-11T09:11:13","slug":"1702-super-nettoyant-degraissant-pret-a-lemploi-magic-clean-bidon-5-l","status":"publish","type":"product","link":"https:\/\/sabatie-produits-entretien.fr\/fr\/produit\/1702-super-nettoyant-degraissant-pret-a-lemploi-magic-clean-bidon-5-l\/","title":{"rendered":"1702 SUPER NETTOYANT D\u00c9GRAISSANT Pr\u00eat \u00e0 l&#8217;emploi Magic Clean  bidon 5 L"},"content":{"rendered":"<h2>SUPER NETTOYANT D\u00c9GRAISSANT<\/h2>\n<h2>Pr\u00eat \u00e0 l&#8217;emploi Magic Clean bidon 5 L<\/h2>\n<p>&nbsp;<\/p>\n<h3>Nettoyant D\u00e9graissant D\u00e9sodorisant<\/h3>\n<h3>Nettoyant D\u00e9graissant Pr\u00eat \u00e0 l&#8217;emploi sans rin\u00e7age nettoie et d\u00e9graisse en une seule op\u00e9ration.<\/h3>\n<p>&nbsp;<\/p>\n<h4>UTILISATION<\/h4>\n<p>Nettoie et d\u00e9graisse toutes surfaces lavables, y compris le verre et l\u2019aluminium.<\/p>\n<p>Tr\u00e8s efficace sur tous types de souillures ou de salissures : animales, v\u00e9g\u00e9tales et min\u00e9rales. Sans r\u00e9sidu apr\u00e8s essuyage, il laisse propre et d\u00e9graiss\u00e9 toute surface lavable.<\/p>\n<p>Id\u00e9al pour le nettoyage des graisses, huile, encre, pastel, crayon, rouge \u00e0 l\u00e8vres, film de nicotine, souillures alimentaires et autres taches tenaces.<\/p>\n<p>Nettoie et d\u00e9sodorise en une seule op\u00e9ration gr\u00e2ce \u00e0 son parfum frais puissant et longue dur\u00e9e, id\u00e9al en cuisine pour le nettoyage des mat\u00e9riels, \u00e9vier, plan de travail et accessoires de cuisson, hottes et filtres de hottes, ext\u00e9rieurs et int\u00e9rieurs des appareils \u00e9lectrom\u00e9nagers, mobiliers en plastiques, PVC&#8230;, sols et plus g\u00e9n\u00e9ralement toutes surfaces lavables.<\/p>\n<p>&nbsp;<\/p>\n<ul>\n<li><strong><em>Agr\u00e9er Contact Alimentaire<\/em><\/strong><\/li>\n<\/ul>\n<p>&nbsp;<\/p>\n<h4>PROPRI\u00c9T\u00c9S<\/h4>\n<ul>\n<li>aspect \u00a0\u00a0 :\u00a0 liquide limpide<\/li>\n<li>couleur\u00a0 :\u00a0 jaune \u00e0 vert fluorescent<\/li>\n<li>odeur \u00a0 \u00a0 :\u00a0 menthe fra\u00eeche et essences d&rsquo;eucalyptus<\/li>\n<li>pH \u00e0 l&rsquo;\u00e9tat pur\u00a0 :\u00a0 12,85<\/li>\n<\/ul>\n<p>&nbsp;<\/p>\n<h4>CONDITIONNEMENT<\/h4>\n<ul>\n<li>bidon de 5 litres<\/li>\n<li>carton de 4 x 5 litres<\/li>\n<\/ul>\n<p>&nbsp;<\/p>\n<ul>\n<li><a href=\"https:\/\/sabatie-produits-entretien.fr\/fr\/wp-content\/uploads\/2022\/02\/1702-Magic-Clean-FT.pdf\" target=\"_blank\" rel=\"noopener noreferrer\">FICHE TECHNIQUE<\/a><\/li>\n<li><a href=\"https:\/\/sabatie-produits-entretien.fr\/fr\/wp-content\/uploads\/2022\/02\/1702-Magic-Clean-FDS.pdf\" target=\"_blank\" rel=\"noopener noreferrer\">FICHE DE SECURITE<\/a><\/li>\n<\/ul>\n<p>&nbsp;<\/p>\n<p>&nbsp;<\/p>\n","protected":false},"excerpt":{"rendered":"<h3>Nettoyant D\u00e9graissant D\u00e9sodorisant Pr\u00eat \u00e0 l&#8217;emploi Magic Clean sans rin\u00e7age nettoie et d\u00e9graisse en une seule op\u00e9ration<\/h3>\n<h4><\/h4>\n","protected":false},"featured_media":1151,"comment_status":"closed","ping_status":"closed","template":"","meta":{"_acf_changed":false,"site-sidebar-layout":"default","site-content-layout":"","ast-site-content-layout":"default","site-content-style":"default","site-sidebar-style":"default","ast-global-header-display":"","ast-banner-title-visibility":"","ast-main-header-display":"","ast-hfb-above-header-display":"","ast-hfb-below-header-display":"","ast-hfb-mobile-header-display":"","site-post-title":"","ast-breadcrumbs-content":"","ast-featured-img":"","footer-sml-layout":"","ast-disable-related-posts":"","theme-transparent-header-meta":"","adv-header-id-meta":"","stick-header-meta":"","header-above-stick-meta":"","header-main-stick-meta":"","header-below-stick-meta":"","astra-migrate-meta-layouts":"default","ast-page-background-enabled":"default","ast-page-background-meta":{"desktop":{"background-color":"var(--ast-global-color-5)","background-image":"","background-repeat":"repeat","background-position":"center center","background-size":"auto","background-attachment":"scroll","background-type":"","background-media":"","overlay-type":"","overlay-color":"","overlay-opacity":"","overlay-gradient":""},"tablet":{"background-color":"","background-image":"","background-repeat":"repeat","background-position":"center center","background-size":"auto","background-attachment":"scroll","background-type":"","background-media":"","overlay-type":"","overlay-color":"","overlay-opacity":"","overlay-gradient":""},"mobile":{"background-color":"","background-image":"","background-repeat":"repeat","background-position":"center center","background-size":"auto","background-attachment":"scroll","background-type":"","background-media":"","overlay-type":"","overlay-color":"","overlay-opacity":"","overlay-gradient":""}},"ast-content-background-meta":{"desktop":{"background-color":"var(--ast-global-color-4)","background-image":"","background-repeat":"repeat","background-position":"center center","background-size":"auto","background-attachment":"scroll","background-type":"","background-media":"","overlay-type":"","overlay-color":"","overlay-opacity":"","overlay-gradient":""},"tablet":{"background-color":"var(--ast-global-color-4)","background-image":"","background-repeat":"repeat","background-position":"center center","background-size":"auto","background-attachment":"scroll","background-type":"","background-media":"","overlay-type":"","overlay-color":"","overlay-opacity":"","overlay-gradient":""},"mobile":{"background-color":"var(--ast-global-color-4)","background-image":"","background-repeat":"repeat","background-position":"center center","background-size":"auto","background-attachment":"scroll","background-type":"","background-media":"","overlay-type":"","overlay-color":"","overlay-opacity":"","overlay-gradient":""}}},"product_brand":[],"product_cat":[16,625],"product_tag":[236],"class_list":{"0":"post-1101","1":"product","2":"type-product","3":"status-publish","4":"has-post-thumbnail","6":"product_cat-tout","7":"product_cat-degraissant","8":"product_tag-super-nettoyant-degraissant-pret-a-lemploi-magic-clean","9":"desktop-align-left","10":"tablet-align-left","11":"mobile-align-left","13":"first","14":"instock","15":"virtual","16":"product-type-simple"},"acf":[],"_links":{"self":[{"href":"https:\/\/sabatie-produits-entretien.fr\/fr\/wp-json\/wp\/v2\/product\/1101","targetHints":{"allow":["GET"]}}],"collection":[{"href":"https:\/\/sabatie-produits-entretien.fr\/fr\/wp-json\/wp\/v2\/product"}],"about":[{"href":"https:\/\/sabatie-produits-entretien.fr\/fr\/wp-json\/wp\/v2\/types\/product"}],"replies":[{"embeddable":true,"href":"https:\/\/sabatie-produits-entretien.fr\/fr\/wp-json\/wp\/v2\/comments?post=1101"}],"wp:featuredmedia":[{"embeddable":true,"href":"https:\/\/sabatie-produits-entretien.fr\/fr\/wp-json\/wp\/v2\/media\/1151"}],"wp:attachment":[{"href":"https:\/\/sabatie-produits-entretien.fr\/fr\/wp-json\/wp\/v2\/media?parent=1101"}],"wp:term":[{"taxonomy":"product_brand","embeddable":true,"href":"https:\/\/sabatie-produits-entretien.fr\/fr\/wp-json\/wp\/v2\/product_brand?post=1101"},{"taxonomy":"product_cat","embeddable":true,"href":"https:\/\/sabatie-produits-entretien.fr\/fr\/wp-json\/wp\/v2\/product_cat?post=1101"},{"taxonomy":"product_tag","embeddable":true,"href":"https:\/\/sabatie-produits-entretien.fr\/fr\/wp-json\/wp\/v2\/product_tag?post=1101"}],"curies":[{"name":"wp","href":"https:\/\/api.w.org\/{rel}","templated":true}]}}