{"id":1122,"date":"2025-05-05T08:51:23","date_gmt":"2025-05-05T06:51:23","guid":{"rendered":"http:\/\/localhost\/sabatiesarl\/?post_type=product&#038;p=1122"},"modified":"2025-06-11T02:11:08","modified_gmt":"2025-06-11T00:11:08","slug":"02097-idos-ebt-100-surfaces-spray-500-ml","status":"publish","type":"product","link":"https:\/\/sabatie-produits-entretien.fr\/fr\/produit\/02097-idos-ebt-100-surfaces-spray-500-ml\/","title":{"rendered":"02097 IDOS EBT 100 SURFACES spray 500 ml"},"content":{"rendered":"<h2>IDOS EBT 100 SURFACES<\/h2>\n<h2>NETTOYANT D\u00c9SINFECTANT<\/h2>\n<h3><em><strong>\u00a0\u00bb Issu de l&rsquo;Agriculture Biologique \u00ab\u00a0<\/strong><\/em><\/h3>\n<p>&nbsp;<\/p>\n<h4>UTILISATION<\/h4>\n<ul>\n<li>IDOS EBT 100 SURFACES est un d\u00e9sinfectant d\u00e9tartrant \u00e0 large spectre pour toute surface non oxydable. Stable, non moussant, il ne pr\u00e9sente aucune nocivit\u00e9 pour l&rsquo;homme.<\/li>\n<li>IDOS EBT 100 SURFACES est recommand\u00e9 pour le nettoyage et la d\u00e9sinfection de toutes surfaces lavables (plans de travail, tables, murs, sols, mobiliers de bureaux, surfaces stratifi\u00e9es, surfaces \u00e9maill\u00e9es) en restauration, h\u00f4pitaux, cliniques, maisons de retraite, \u00e9tablissements, scolaires, lieux publics.<\/li>\n<li>IDOS EBT 100 SURFACES peu \u00eatre aussi utilis\u00e9 au niveau des sanitaires (lavabos, douches, baignoires, urinoirs, surfaces \u00e9maill\u00e9es, robinets)<\/li>\n<li>IDOS EBT 100 SURFACES est conforme aux normes europ\u00e9ennes (EN) et fran\u00e7aises (AFNOR) :<\/li>\n<li>Bact\u00e9ricide<\/li>\n<li>Fongicide<\/li>\n<li>Sporicide<\/li>\n<li>Virucide<\/li>\n<\/ul>\n<p>&nbsp;<\/p>\n<ul>\n<li><strong><em>Agr\u00e9e Contact Alimentaire<\/em><\/strong><\/li>\n<\/ul>\n<p>&nbsp;<\/p>\n<h4>PROPRI\u00c9T\u00c9S<\/h4>\n<ul>\n<li>Aspect : liquide<\/li>\n<li>Couleur : incolore<\/li>\n<li>pH \u00e0 l&rsquo;\u00e9tat pur : 3<\/li>\n<li><strong>99,7% du total des ingr\u00e9dients sont d&rsquo;origine naturelle<\/strong><\/li>\n<\/ul>\n<h4><\/h4>\n<p>&nbsp;<\/p>\n<h4>CONDITIONNEMENT<\/h4>\n<ul>\n<li>a\u00e9rosol de 500 ml<\/li>\n<li>carton de 12 x 500 L<\/li>\n<\/ul>\n<p>&nbsp;<\/p>\n<ul>\n<li><a href=\"http:\/\/sabatie-produits-entretien.fr\/fr\/wp-content\/uploads\/2018\/02\/IDOS-EBT-100-NG-SURFACES-FT-02097.pdf\" target=\"_blank\" rel=\"noopener\">FICHE TECHNIQUE<\/a><\/li>\n<li><a href=\"http:\/\/sabatie-produits-entretien.fr\/fr\/wp-content\/uploads\/2018\/02\/IDOS-EBT-100-NG-SURFACES-FDS.pdf\" target=\"_blank\" rel=\"noopener\">FICHE DE SECURITE<\/a><\/li>\n<\/ul>\n","protected":false},"excerpt":{"rendered":"<h4>IDOS EBT 100 SURFACES<\/h4>\n<h3>NETTOYANT D\u00c9SINFECTANT<\/h3>\n<h3>Est un d\u00e9sinfectant d\u00e9tartrant \u00e0 large spectre pour toute surface non oxydable.<\/h3>\n<h3>Est recommand\u00e9 pour le nettoyage et la d\u00e9sinfection de toutes surfaces lavables<\/h3>\n<h4><img decoding=\"async\" class=\"alignnone size-thumbnail wp-image-1535\" src=\"http:\/\/sabatie-produits-entretien.fr\/fr\/wp-content\/uploads\/2017\/04\/ECOCERT_LOGO2-200x200.png\" alt=\"\" width=\"200\" height=\"200\" \/><\/h4>\n<h4><\/h4>\n<h4><\/h4>\n","protected":false},"featured_media":1152,"comment_status":"closed","ping_status":"closed","template":"","meta":{"_acf_changed":false,"site-sidebar-layout":"default","site-content-layout":"","ast-site-content-layout":"default","site-content-style":"default","site-sidebar-style":"default","ast-global-header-display":"","ast-banner-title-visibility":"","ast-main-header-display":"","ast-hfb-above-header-display":"","ast-hfb-below-header-display":"","ast-hfb-mobile-header-display":"","site-post-title":"","ast-breadcrumbs-content":"","ast-featured-img":"","footer-sml-layout":"","ast-disable-related-posts":"","theme-transparent-header-meta":"","adv-header-id-meta":"","stick-header-meta":"","header-above-stick-meta":"","header-main-stick-meta":"","header-below-stick-meta":"","astra-migrate-meta-layouts":"default","ast-page-background-enabled":"default","ast-page-background-meta":{"desktop":{"background-color":"var(--ast-global-color-5)","background-image":"","background-repeat":"repeat","background-position":"center center","background-size":"auto","background-attachment":"scroll","background-type":"","background-media":"","overlay-type":"","overlay-color":"","overlay-opacity":"","overlay-gradient":""},"tablet":{"background-color":"","background-image":"","background-repeat":"repeat","background-position":"center center","background-size":"auto","background-attachment":"scroll","background-type":"","background-media":"","overlay-type":"","overlay-color":"","overlay-opacity":"","overlay-gradient":""},"mobile":{"background-color":"","background-image":"","background-repeat":"repeat","background-position":"center center","background-size":"auto","background-attachment":"scroll","background-type":"","background-media":"","overlay-type":"","overlay-color":"","overlay-opacity":"","overlay-gradient":""}},"ast-content-background-meta":{"desktop":{"background-color":"var(--ast-global-color-4)","background-image":"","background-repeat":"repeat","background-position":"center center","background-size":"auto","background-attachment":"scroll","background-type":"","background-media":"","overlay-type":"","overlay-color":"","overlay-opacity":"","overlay-gradient":""},"tablet":{"background-color":"var(--ast-global-color-4)","background-image":"","background-repeat":"repeat","background-position":"center center","background-size":"auto","background-attachment":"scroll","background-type":"","background-media":"","overlay-type":"","overlay-color":"","overlay-opacity":"","overlay-gradient":""},"mobile":{"background-color":"var(--ast-global-color-4)","background-image":"","background-repeat":"repeat","background-position":"center center","background-size":"auto","background-attachment":"scroll","background-type":"","background-media":"","overlay-type":"","overlay-color":"","overlay-opacity":"","overlay-gradient":""}}},"product_brand":[],"product_cat":[16,681],"product_tag":[237,238],"class_list":{"0":"post-1122","1":"product","2":"type-product","3":"status-publish","4":"has-post-thumbnail","6":"product_cat-tout","7":"product_cat-produits-ecocert-issu-de-lagriculture-biologique","8":"product_tag-idos-ebt-100-surfaces","9":"product_tag-nettoyant-desinfectant-surface","10":"desktop-align-left","11":"tablet-align-left","12":"mobile-align-left","14":"first","15":"instock","16":"virtual","17":"product-type-simple"},"acf":[],"_links":{"self":[{"href":"https:\/\/sabatie-produits-entretien.fr\/fr\/wp-json\/wp\/v2\/product\/1122","targetHints":{"allow":["GET"]}}],"collection":[{"href":"https:\/\/sabatie-produits-entretien.fr\/fr\/wp-json\/wp\/v2\/product"}],"about":[{"href":"https:\/\/sabatie-produits-entretien.fr\/fr\/wp-json\/wp\/v2\/types\/product"}],"replies":[{"embeddable":true,"href":"https:\/\/sabatie-produits-entretien.fr\/fr\/wp-json\/wp\/v2\/comments?post=1122"}],"wp:featuredmedia":[{"embeddable":true,"href":"https:\/\/sabatie-produits-entretien.fr\/fr\/wp-json\/wp\/v2\/media\/1152"}],"wp:attachment":[{"href":"https:\/\/sabatie-produits-entretien.fr\/fr\/wp-json\/wp\/v2\/media?parent=1122"}],"wp:term":[{"taxonomy":"product_brand","embeddable":true,"href":"https:\/\/sabatie-produits-entretien.fr\/fr\/wp-json\/wp\/v2\/product_brand?post=1122"},{"taxonomy":"product_cat","embeddable":true,"href":"https:\/\/sabatie-produits-entretien.fr\/fr\/wp-json\/wp\/v2\/product_cat?post=1122"},{"taxonomy":"product_tag","embeddable":true,"href":"https:\/\/sabatie-produits-entretien.fr\/fr\/wp-json\/wp\/v2\/product_tag?post=1122"}],"curies":[{"name":"wp","href":"https:\/\/api.w.org\/{rel}","templated":true}]}}