{"id":1124,"date":"2025-05-05T08:51:23","date_gmt":"2025-05-05T06:51:23","guid":{"rendered":"http:\/\/localhost\/sabatiesarl\/?post_type=product&#038;p=1124"},"modified":"2025-06-11T11:07:55","modified_gmt":"2025-06-11T09:07:55","slug":"42711-aerosol-desodorisant-bactericide-menthe-750-ml","status":"publish","type":"product","link":"https:\/\/sabatie-produits-entretien.fr\/fr\/produit\/42711-aerosol-desodorisant-bactericide-menthe-750-ml\/","title":{"rendered":"42711 A\u00c9ROSOL D\u00c9SODORISANT BACT\u00c9RICIDE MENTHE 750 ml"},"content":{"rendered":"<h2>A\u00c9ROSOL D\u00c9SODORISANT BACT\u00c9RICIDE MENTHE 750 ml<\/h2>\n<h2>Purifie, D\u00e9sinfecte et D\u00e9sodorise l\u2019atmosph\u00e8re, les surfaces et les objets, Bact\u00e9ricide<\/h2>\n<p>&nbsp;<\/p>\n<h4>UTILISATION<\/h4>\n<ul>\n<li>Traitement d\u2019atmosph\u00e8re Permet un excellent assainissement des locaux \u00e0 forte fr\u00e9quentation en quelques instants.<\/li>\n<li>Il maintient l\u2019\u00e9tat de propret\u00e9 bact\u00e9riologique des lieux recevant du public.<\/li>\n<li>Il absorbe et neutralise les mauvaises odeurs.<\/li>\n<li>Pulv\u00e9risation s\u00e8che, sans retomb\u00e9es.<\/li>\n<li>Il est particuli\u00e8rement recommand\u00e9 pour les h\u00f4pitaux, cliniques, cabinets m\u00e9dicaux, maternit\u00e9s, cr\u00e8ches, chambres de malades, salles d\u2019attente, \u00e9coles, \u2026<\/li>\n<li>Traitement prophylactique du mat\u00e9riel de service :<\/li>\n<li>Permet la d\u00e9sinfection des chariots, bottes, poign\u00e9es de portes, appareils t\u00e9l\u00e9phoniques, \u2026<\/li>\n<\/ul>\n<p>&nbsp;<\/p>\n<h4>CONDITIONNEMENT<\/h4>\n<ul>\n<li>a\u00e9rosol de 750 ml<\/li>\n<li>carton de 12 x 750 ml<\/li>\n<\/ul>\n<p>&nbsp;<\/p>\n<ul>\n<li><a href=\"http:\/\/sabatie-produits-entretien.fr\/fr\/wp-content\/uploads\/2017\/05\/FT-42711-Wyritol-a\u00e9rosol-bact\u00e9ricide.pdf\" target=\"_blank\" rel=\"noopener noreferrer\">FICHE TECHNIQUE<\/a><\/li>\n<li><a href=\"http:\/\/sabatie-produits-entretien.fr\/fr\/wp-content\/uploads\/2017\/05\/PDS-42711.pdf\" target=\"_blank\" rel=\"noopener noreferrer\">FICHE DE SECURITE<\/a><\/li>\n<\/ul>\n<p>&nbsp;<\/p>\n<p>&nbsp;<\/p>\n","protected":false},"excerpt":{"rendered":"<h3>Purifie, D\u00e9sinfecte et D\u00e9sodorise l\u2019atmosph\u00e8re, les surfaces et les objets, Bact\u00e9ricide<\/h3>\n<h3>Wyritol<\/h3>\n","protected":false},"featured_media":1154,"comment_status":"closed","ping_status":"closed","template":"","meta":{"_acf_changed":false,"site-sidebar-layout":"default","site-content-layout":"","ast-site-content-layout":"default","site-content-style":"default","site-sidebar-style":"default","ast-global-header-display":"","ast-banner-title-visibility":"","ast-main-header-display":"","ast-hfb-above-header-display":"","ast-hfb-below-header-display":"","ast-hfb-mobile-header-display":"","site-post-title":"","ast-breadcrumbs-content":"","ast-featured-img":"","footer-sml-layout":"","ast-disable-related-posts":"","theme-transparent-header-meta":"","adv-header-id-meta":"","stick-header-meta":"","header-above-stick-meta":"","header-main-stick-meta":"","header-below-stick-meta":"","astra-migrate-meta-layouts":"default","ast-page-background-enabled":"default","ast-page-background-meta":{"desktop":{"background-color":"var(--ast-global-color-5)","background-image":"","background-repeat":"repeat","background-position":"center center","background-size":"auto","background-attachment":"scroll","background-type":"","background-media":"","overlay-type":"","overlay-color":"","overlay-opacity":"","overlay-gradient":""},"tablet":{"background-color":"","background-image":"","background-repeat":"repeat","background-position":"center center","background-size":"auto","background-attachment":"scroll","background-type":"","background-media":"","overlay-type":"","overlay-color":"","overlay-opacity":"","overlay-gradient":""},"mobile":{"background-color":"","background-image":"","background-repeat":"repeat","background-position":"center center","background-size":"auto","background-attachment":"scroll","background-type":"","background-media":"","overlay-type":"","overlay-color":"","overlay-opacity":"","overlay-gradient":""}},"ast-content-background-meta":{"desktop":{"background-color":"var(--ast-global-color-4)","background-image":"","background-repeat":"repeat","background-position":"center center","background-size":"auto","background-attachment":"scroll","background-type":"","background-media":"","overlay-type":"","overlay-color":"","overlay-opacity":"","overlay-gradient":""},"tablet":{"background-color":"var(--ast-global-color-4)","background-image":"","background-repeat":"repeat","background-position":"center center","background-size":"auto","background-attachment":"scroll","background-type":"","background-media":"","overlay-type":"","overlay-color":"","overlay-opacity":"","overlay-gradient":""},"mobile":{"background-color":"var(--ast-global-color-4)","background-image":"","background-repeat":"repeat","background-position":"center center","background-size":"auto","background-attachment":"scroll","background-type":"","background-media":"","overlay-type":"","overlay-color":"","overlay-opacity":"","overlay-gradient":""}}},"product_brand":[],"product_cat":[16,632],"product_tag":[243],"class_list":{"0":"post-1124","1":"product","2":"type-product","3":"status-publish","4":"has-post-thumbnail","6":"product_cat-tout","7":"product_cat-desodorisant","8":"product_tag-aerosol-desodorisant-bactericide-menthe-wyritol","9":"desktop-align-left","10":"tablet-align-left","11":"mobile-align-left","13":"first","14":"instock","15":"virtual","16":"product-type-simple"},"acf":[],"_links":{"self":[{"href":"https:\/\/sabatie-produits-entretien.fr\/fr\/wp-json\/wp\/v2\/product\/1124","targetHints":{"allow":["GET"]}}],"collection":[{"href":"https:\/\/sabatie-produits-entretien.fr\/fr\/wp-json\/wp\/v2\/product"}],"about":[{"href":"https:\/\/sabatie-produits-entretien.fr\/fr\/wp-json\/wp\/v2\/types\/product"}],"replies":[{"embeddable":true,"href":"https:\/\/sabatie-produits-entretien.fr\/fr\/wp-json\/wp\/v2\/comments?post=1124"}],"wp:featuredmedia":[{"embeddable":true,"href":"https:\/\/sabatie-produits-entretien.fr\/fr\/wp-json\/wp\/v2\/media\/1154"}],"wp:attachment":[{"href":"https:\/\/sabatie-produits-entretien.fr\/fr\/wp-json\/wp\/v2\/media?parent=1124"}],"wp:term":[{"taxonomy":"product_brand","embeddable":true,"href":"https:\/\/sabatie-produits-entretien.fr\/fr\/wp-json\/wp\/v2\/product_brand?post=1124"},{"taxonomy":"product_cat","embeddable":true,"href":"https:\/\/sabatie-produits-entretien.fr\/fr\/wp-json\/wp\/v2\/product_cat?post=1124"},{"taxonomy":"product_tag","embeddable":true,"href":"https:\/\/sabatie-produits-entretien.fr\/fr\/wp-json\/wp\/v2\/product_tag?post=1124"}],"curies":[{"name":"wp","href":"https:\/\/api.w.org\/{rel}","templated":true}]}}