{"id":1125,"date":"2025-05-05T08:51:23","date_gmt":"2025-05-05T06:51:23","guid":{"rendered":"http:\/\/localhost\/sabatiesarl\/?post_type=product&#038;p=1125"},"modified":"2025-06-11T11:08:00","modified_gmt":"2025-06-11T09:08:00","slug":"42709-aerosol-desodorisant-fleur-de-lys-750-ml","status":"publish","type":"product","link":"https:\/\/sabatie-produits-entretien.fr\/fr\/produit\/42709-aerosol-desodorisant-fleur-de-lys-750-ml\/","title":{"rendered":"42709 A\u00c9ROSOL D\u00c9SODORISANT Fleur de Lys 750 ml"},"content":{"rendered":"<h2>A\u00c9ROSOL D\u00c9SODORISANT Parfum Fleur de Lys 750 ml<\/h2>\n<p>&nbsp;<\/p>\n<ul>\n<li>\n<h2>\u00c9limine les mauvaises odeurs<\/h2>\n<\/li>\n<li>\n<h2>Laisse un parfum de haute qualit\u00e9 tr\u00e8s agr\u00e9able<\/h2>\n<\/li>\n<li>\n<h2>Tr\u00e8s forte r\u00e9manence<\/h2>\n<\/li>\n<li>\n<h2>Pulv\u00e9risation s\u00e8che : sans retomb\u00e9es humides<\/h2>\n<\/li>\n<\/ul>\n<p>&nbsp;<\/p>\n<h2>Espace Parfumant, qualit\u00e9 de parfum garantie !<\/h2>\n<p>&nbsp;<\/p>\n<ul>\n<li>Les a\u00e9rosols Espace Parfumant sont \u00e9labor\u00e9s par les\n<p>professionnels.<\/li>\n<li>Elimine imm\u00e9diatement les mauvaises odeurs et\n<p>parfume agr\u00e9ablement.<\/li>\n<li>Parfums s\u00e9lectionn\u00e9s pour leur qualit\u00e9 et leur r\u00e9manence\n<p>afin de cr\u00e9er une agr\u00e9able atmosph\u00e8re. Fabriqu\u00e9s par les<\/p>\n<p>plus grands parfumeurs de Grasse.<\/li>\n<li>Formulation professionnelle qui garantit une pulv\u00e9risation\n<p>s\u00e8che sans retomb\u00e9es humides et une efficacit\u00e9 de<\/p>\n<p>plusieurs heures.<\/li>\n<\/ul>\n<p>&nbsp;<\/p>\n<h4>CONDITIONNEMENT<\/h4>\n<ul>\n<li>a\u00e9rosol 750 ml<\/li>\n<li>carton 12 x 750 ml<\/li>\n<\/ul>\n<p>&nbsp;<\/p>\n<ul>\n<li><a href=\"http:\/\/sabatie-produits-entretien.fr\/fr\/wp-content\/uploads\/2017\/05\/FT-42709.pdf\" target=\"_blank\" rel=\"noopener noreferrer\">FICHE TECHNIQUE<\/a><\/li>\n<li><a href=\"http:\/\/sabatie-produits-entretien.fr\/fr\/wp-content\/uploads\/2017\/05\/FDS-42709.pdf\" target=\"_blank\" rel=\"noopener noreferrer\">FICHE DE SECURITE<\/a><\/li>\n<\/ul>\n","protected":false},"excerpt":{"rendered":"<ul>\n<li>\n<h3>Parfum Fleur de Lys<\/h3>\n<\/li>\n<li>\n<h3>\u00c9limine les mauvaises odeurs<\/h3>\n<\/li>\n<li>\n<h3>Laisse un parfum de haute qualit\u00e9 tr\u00e8s agr\u00e9able<\/h3>\n<\/li>\n<li>\n<h3>Tr\u00e8s forte r\u00e9manence<\/h3>\n<\/li>\n<li>\n<h3>Pulv\u00e9risation s\u00e8che : sans retomb\u00e9es humides<\/h3>\n<\/li>\n<\/ul>\n","protected":false},"featured_media":1155,"comment_status":"closed","ping_status":"closed","template":"","meta":{"_acf_changed":false,"site-sidebar-layout":"default","site-content-layout":"","ast-site-content-layout":"default","site-content-style":"default","site-sidebar-style":"default","ast-global-header-display":"","ast-banner-title-visibility":"","ast-main-header-display":"","ast-hfb-above-header-display":"","ast-hfb-below-header-display":"","ast-hfb-mobile-header-display":"","site-post-title":"","ast-breadcrumbs-content":"","ast-featured-img":"","footer-sml-layout":"","ast-disable-related-posts":"","theme-transparent-header-meta":"","adv-header-id-meta":"","stick-header-meta":"","header-above-stick-meta":"","header-main-stick-meta":"","header-below-stick-meta":"","astra-migrate-meta-layouts":"default","ast-page-background-enabled":"default","ast-page-background-meta":{"desktop":{"background-color":"var(--ast-global-color-5)","background-image":"","background-repeat":"repeat","background-position":"center center","background-size":"auto","background-attachment":"scroll","background-type":"","background-media":"","overlay-type":"","overlay-color":"","overlay-opacity":"","overlay-gradient":""},"tablet":{"background-color":"","background-image":"","background-repeat":"repeat","background-position":"center center","background-size":"auto","background-attachment":"scroll","background-type":"","background-media":"","overlay-type":"","overlay-color":"","overlay-opacity":"","overlay-gradient":""},"mobile":{"background-color":"","background-image":"","background-repeat":"repeat","background-position":"center center","background-size":"auto","background-attachment":"scroll","background-type":"","background-media":"","overlay-type":"","overlay-color":"","overlay-opacity":"","overlay-gradient":""}},"ast-content-background-meta":{"desktop":{"background-color":"var(--ast-global-color-4)","background-image":"","background-repeat":"repeat","background-position":"center center","background-size":"auto","background-attachment":"scroll","background-type":"","background-media":"","overlay-type":"","overlay-color":"","overlay-opacity":"","overlay-gradient":""},"tablet":{"background-color":"var(--ast-global-color-4)","background-image":"","background-repeat":"repeat","background-position":"center center","background-size":"auto","background-attachment":"scroll","background-type":"","background-media":"","overlay-type":"","overlay-color":"","overlay-opacity":"","overlay-gradient":""},"mobile":{"background-color":"var(--ast-global-color-4)","background-image":"","background-repeat":"repeat","background-position":"center center","background-size":"auto","background-attachment":"scroll","background-type":"","background-media":"","overlay-type":"","overlay-color":"","overlay-opacity":"","overlay-gradient":""}}},"product_brand":[],"product_cat":[16,632],"product_tag":[244],"class_list":{"0":"post-1125","1":"product","2":"type-product","3":"status-publish","4":"has-post-thumbnail","6":"product_cat-tout","7":"product_cat-desodorisant","8":"product_tag-aerosol-desodorisant","9":"desktop-align-left","10":"tablet-align-left","11":"mobile-align-left","13":"first","14":"instock","15":"virtual","16":"product-type-simple"},"acf":[],"_links":{"self":[{"href":"https:\/\/sabatie-produits-entretien.fr\/fr\/wp-json\/wp\/v2\/product\/1125","targetHints":{"allow":["GET"]}}],"collection":[{"href":"https:\/\/sabatie-produits-entretien.fr\/fr\/wp-json\/wp\/v2\/product"}],"about":[{"href":"https:\/\/sabatie-produits-entretien.fr\/fr\/wp-json\/wp\/v2\/types\/product"}],"replies":[{"embeddable":true,"href":"https:\/\/sabatie-produits-entretien.fr\/fr\/wp-json\/wp\/v2\/comments?post=1125"}],"wp:featuredmedia":[{"embeddable":true,"href":"https:\/\/sabatie-produits-entretien.fr\/fr\/wp-json\/wp\/v2\/media\/1155"}],"wp:attachment":[{"href":"https:\/\/sabatie-produits-entretien.fr\/fr\/wp-json\/wp\/v2\/media?parent=1125"}],"wp:term":[{"taxonomy":"product_brand","embeddable":true,"href":"https:\/\/sabatie-produits-entretien.fr\/fr\/wp-json\/wp\/v2\/product_brand?post=1125"},{"taxonomy":"product_cat","embeddable":true,"href":"https:\/\/sabatie-produits-entretien.fr\/fr\/wp-json\/wp\/v2\/product_cat?post=1125"},{"taxonomy":"product_tag","embeddable":true,"href":"https:\/\/sabatie-produits-entretien.fr\/fr\/wp-json\/wp\/v2\/product_tag?post=1125"}],"curies":[{"name":"wp","href":"https:\/\/api.w.org\/{rel}","templated":true}]}}