{"id":1127,"date":"2025-05-05T08:51:23","date_gmt":"2025-05-05T06:51:23","guid":{"rendered":"http:\/\/localhost\/sabatiesarl\/?post_type=product&#038;p=1127"},"modified":"2025-06-11T11:08:16","modified_gmt":"2025-06-11T09:08:16","slug":"15189-aerosol-destructeur-dodeurs-surpuissant-agrumes-750-ml","status":"publish","type":"product","link":"https:\/\/sabatie-produits-entretien.fr\/fr\/produit\/15189-aerosol-destructeur-dodeurs-surpuissant-agrumes-750-ml\/","title":{"rendered":"15189 A\u00c9ROSOL DESTRUCTEUR D&rsquo;ODEURS SURPUISSANT AGRUMES 750 ml"},"content":{"rendered":"<h2><\/h2>\n<h2>A\u00c9ROSOL DESTRUCTEUR D&rsquo;ODEURS SURPUISSANT AGRUMES 750 ml<\/h2>\n<p>&nbsp;<\/p>\n<h4>Les d\u00e9sodorisants King Parfum de France vous offre des fragrances raffin\u00e9es d&rsquo;ici et d&rsquo;ailleurs pour parfumer \u00e9l\u00e9gamment tous vos int\u00e9rieurs.<\/p>\n<p>D\u00e9sodorisant sec d&rsquo;atmosph\u00e8re (sans retomb\u00e9es) : procure une atmosph\u00e8re fra\u00eeche et laisse une senteur agr\u00e9able.<\/p>\n<p>Gr\u00e2ce \u00e0 son diffuseur grande puissance, une seule pression suffit pour d\u00e9sodoriser intens\u00e9ment.<\/p>\n<p>Produit exceptionnellement concentr\u00e9 en mati\u00e8res neutralisantes et absorbantes.<\/p>\n<p>Parfum agrumes (orange-mandarine): un bouquet vitamin\u00e9 d\u2019agrumes relev\u00e9 par de subtiles notes bois\u00e9es.<\/h4>\n<p>&nbsp;<\/p>\n<h4>APPLICATION<\/h4>\n<ul>\n<li>\n<h4>Il s&rsquo;utilise partout : sanitaires, toilettes, salles de bains, salles de restaurant, h\u00f4tels, bureaux, salles d&rsquo;attente, \u00e9coles, cliniques, h\u00f4pitaux,\u00a0 etc.<\/h4>\n<\/li>\n<\/ul>\n<h4><\/h4>\n<p>&nbsp;<\/p>\n<h4>CONDITIONNEMENT<\/h4>\n<ul>\n<li>\n<h4>a\u00e9rosol de 750 ml<\/h4>\n<\/li>\n<li>\n<h4>carton de 12 x 750 ml<\/h4>\n<\/li>\n<\/ul>\n<p>&nbsp;<\/p>\n<ul>\n<li><a href=\"http:\/\/sabatie-produits-entretien.fr\/fr\/wp-content\/uploads\/2017\/10\/15189-FT-DESTUCT-ODEUR-SURPUIS-AGRUME-750ML.pdf\">FICHE TECHNIQUE<\/a><\/li>\n<li><a href=\"http:\/\/sabatie-produits-entretien.fr\/fr\/wp-content\/uploads\/2017\/10\/15189-FDS-DESTRUCT-ODEUR-SURPUIS-AGRUME-750ML.pdf\">FICHE DE SECURITE<\/a><\/li>\n<\/ul>\n","protected":false},"excerpt":{"rendered":"<p>A\u00c9ROSOL DESTRUCTEUR D&rsquo;ODEURS SURPUISSANT AGRUMES 750 ml &nbsp; Les d\u00e9sodorisants King Parfum de France vous offre des fragrances raffin\u00e9es d&rsquo;ici [&hellip;]<\/p>\n","protected":false},"featured_media":1157,"comment_status":"closed","ping_status":"closed","template":"","meta":{"_acf_changed":false,"site-sidebar-layout":"default","site-content-layout":"","ast-site-content-layout":"default","site-content-style":"default","site-sidebar-style":"default","ast-global-header-display":"","ast-banner-title-visibility":"","ast-main-header-display":"","ast-hfb-above-header-display":"","ast-hfb-below-header-display":"","ast-hfb-mobile-header-display":"","site-post-title":"","ast-breadcrumbs-content":"","ast-featured-img":"","footer-sml-layout":"","ast-disable-related-posts":"","theme-transparent-header-meta":"","adv-header-id-meta":"","stick-header-meta":"","header-above-stick-meta":"","header-main-stick-meta":"","header-below-stick-meta":"","astra-migrate-meta-layouts":"default","ast-page-background-enabled":"default","ast-page-background-meta":{"desktop":{"background-color":"var(--ast-global-color-5)","background-image":"","background-repeat":"repeat","background-position":"center center","background-size":"auto","background-attachment":"scroll","background-type":"","background-media":"","overlay-type":"","overlay-color":"","overlay-opacity":"","overlay-gradient":""},"tablet":{"background-color":"","background-image":"","background-repeat":"repeat","background-position":"center center","background-size":"auto","background-attachment":"scroll","background-type":"","background-media":"","overlay-type":"","overlay-color":"","overlay-opacity":"","overlay-gradient":""},"mobile":{"background-color":"","background-image":"","background-repeat":"repeat","background-position":"center center","background-size":"auto","background-attachment":"scroll","background-type":"","background-media":"","overlay-type":"","overlay-color":"","overlay-opacity":"","overlay-gradient":""}},"ast-content-background-meta":{"desktop":{"background-color":"var(--ast-global-color-4)","background-image":"","background-repeat":"repeat","background-position":"center center","background-size":"auto","background-attachment":"scroll","background-type":"","background-media":"","overlay-type":"","overlay-color":"","overlay-opacity":"","overlay-gradient":""},"tablet":{"background-color":"var(--ast-global-color-4)","background-image":"","background-repeat":"repeat","background-position":"center center","background-size":"auto","background-attachment":"scroll","background-type":"","background-media":"","overlay-type":"","overlay-color":"","overlay-opacity":"","overlay-gradient":""},"mobile":{"background-color":"var(--ast-global-color-4)","background-image":"","background-repeat":"repeat","background-position":"center center","background-size":"auto","background-attachment":"scroll","background-type":"","background-media":"","overlay-type":"","overlay-color":"","overlay-opacity":"","overlay-gradient":""}}},"product_brand":[],"product_cat":[16,632],"product_tag":[247],"class_list":{"0":"post-1127","1":"product","2":"type-product","3":"status-publish","4":"has-post-thumbnail","6":"product_cat-tout","7":"product_cat-desodorisant","8":"product_tag-aerosol-destructeur-dodeurs-surpuissant-agrumes-750-ml-king","9":"desktop-align-left","10":"tablet-align-left","11":"mobile-align-left","13":"first","14":"instock","15":"virtual","16":"product-type-simple"},"acf":[],"_links":{"self":[{"href":"https:\/\/sabatie-produits-entretien.fr\/fr\/wp-json\/wp\/v2\/product\/1127","targetHints":{"allow":["GET"]}}],"collection":[{"href":"https:\/\/sabatie-produits-entretien.fr\/fr\/wp-json\/wp\/v2\/product"}],"about":[{"href":"https:\/\/sabatie-produits-entretien.fr\/fr\/wp-json\/wp\/v2\/types\/product"}],"replies":[{"embeddable":true,"href":"https:\/\/sabatie-produits-entretien.fr\/fr\/wp-json\/wp\/v2\/comments?post=1127"}],"wp:featuredmedia":[{"embeddable":true,"href":"https:\/\/sabatie-produits-entretien.fr\/fr\/wp-json\/wp\/v2\/media\/1157"}],"wp:attachment":[{"href":"https:\/\/sabatie-produits-entretien.fr\/fr\/wp-json\/wp\/v2\/media?parent=1127"}],"wp:term":[{"taxonomy":"product_brand","embeddable":true,"href":"https:\/\/sabatie-produits-entretien.fr\/fr\/wp-json\/wp\/v2\/product_brand?post=1127"},{"taxonomy":"product_cat","embeddable":true,"href":"https:\/\/sabatie-produits-entretien.fr\/fr\/wp-json\/wp\/v2\/product_cat?post=1127"},{"taxonomy":"product_tag","embeddable":true,"href":"https:\/\/sabatie-produits-entretien.fr\/fr\/wp-json\/wp\/v2\/product_tag?post=1127"}],"curies":[{"name":"wp","href":"https:\/\/api.w.org\/{rel}","templated":true}]}}