{"id":1128,"date":"2025-05-05T08:51:23","date_gmt":"2025-05-05T06:51:23","guid":{"rendered":"http:\/\/localhost\/sabatiesarl\/?post_type=product&#038;p=1128"},"modified":"2025-06-11T11:08:21","modified_gmt":"2025-06-11T09:08:21","slug":"1506-aerosol-auto-percutant-desinfectant-surfaces-et-assainisseur-dair-150-ml","status":"publish","type":"product","link":"https:\/\/sabatie-produits-entretien.fr\/fr\/produit\/1506-aerosol-auto-percutant-desinfectant-surfaces-et-assainisseur-dair-150-ml\/","title":{"rendered":"1506 A\u00e9rosol Auto-Percutant D\u00e9sinfectant Surfaces et Assainisseur d&rsquo;Air  150 ml"},"content":{"rendered":"<h2>A\u00e9rosol Auto-Percutant D\u00e9sinfectant Surfaces et Assainisseur d&rsquo;Air\u00a0 150 ml<\/h2>\n<h3>Altogerm King unidose<\/h3>\n<h4><strong>BACT\u00c9RICIDE &#8211; FONGICIDE &#8211; VIRUCIDE<\/strong><\/h4>\n<p>Son utilisation est conseill\u00e9e aussi bien en usage pr\u00e9ventif que durant<\/p>\n<p>les p\u00e9riodes de maladies telles que : grippe, rub\u00e9ole, rougeole, varicelle, coqueluche, scarlatine, pneumonie, rhino pharyngite. D\u00e9truit : odeurs putrides, microbes.<\/p>\n<p><strong>Recommand\u00e9 pour l\u2019assainissement de l&rsquo;atmosph\u00e8re<\/strong> : \u00e9coles, r\u00e9fectoires, v\u00e9hicules, ambulances, chambres de malades, cabinets m\u00e9dicaux et dentaires, laboratoires, salles de soins et d&rsquo;attente, vestiaires, sanitaires, salles de r\u00e9union, halls de stockage de linge souill\u00e9 (maisons de retraite), \u2026apr\u00e8s chaque d\u00e9part du linge, toilettes, greniers, caves, salles de bains, atmosph\u00e8res humides, cuisines\u2026<\/p>\n<p><strong>\u00c9galement pour la d\u00e9contamination des surfaces<\/strong> :\u00a0 Tables, objets, mat\u00e9riel professionnel (m\u00e9dical, h\u00f4tellerie, collectivit\u00e9s..), mat\u00e9riel de coiffure, mobilier, sols, moquettes, paillasses, poign\u00e9es de portes, toilettes.<\/p>\n<p>D\u00e9sinfection des chambres froides, r\u00e9frig\u00e9rateurs, cuisines collectives, des plans de travail et des transports de denr\u00e9es alimentaires. L&rsquo;application doit \u00eatre suivie d&rsquo;un rin\u00e7age abondant.<\/p>\n<p><strong>ACTIVIT\u00c9S D\u00c9SINFECTANTES\u00a0 :<\/strong><\/p>\n<p>\u2022 Son efficacit\u00e9 <strong>Bact\u00e9ricide<\/strong> a \u00e9t\u00e9 test\u00e9e selon la norme Europ\u00e9enne EN 1276 en 5min \u00e0 20\u00b0C sur les bact\u00e9ries particuli\u00e8rement r\u00e9sistantes : bacille pyocyanique (Pseudomonas aeruginosa), colibacille (Escherichia coli) staphylocoque dor\u00e9 (Staphylococcus eureus), Enterococcus hirae\u2026<\/p>\n<p>\u2022 Son efficacit\u00e9 <strong>Fongicide<\/strong> a \u00e9t\u00e9 test\u00e9e selon la norme EN 1650 en 15 minutes \u00e0 20\u00b0C sur Candida albicans et Aspergillus niger<\/p>\n<p>\u2022 Effet <strong>Virucide<\/strong> sur H7N1 en 30 minutes \u00e0 20\u00b0C selon EN 14476 et sur HIV et h\u00e9patite B en 2min \u00e0 20\u00b0C.<\/p>\n<p><strong>MODE D&rsquo;EMPLOI :<\/strong><\/p>\n<p>Enclencher le diffuseur &#8211; Sortir de la pi\u00e8ce imm\u00e9diatement Le produit se lib\u00e8re automatiquement et en totalit\u00e9.\u00a0 A\u00e9rer 30 minutes avant de r\u00e9int\u00e9grer les locaux.<\/p>\n<p>Pour l&rsquo;assainissement de l&rsquo;atmosph\u00e8re, un a\u00e9rosol permet de traiter 50 \u00e0 150 m\u00b3.<\/p>\n<p>Renouveler l\u2019application apr\u00e8s chaque utilisation des locaux ou quotidiennement.<\/p>\n<p>Contact indirect alimentaire. Pour le nettoyage des surfaces pouvant entrer en contact alimentaire, rincer obligatoirement \u00e0 l\u2019eau potable.<\/p>\n<p>&nbsp;<\/p>\n<p><strong>CONDITIONNEMENT :<\/strong><\/p>\n<ul>\n<li>A\u00e9rosol de 150 ml<\/li>\n<li>Carton de 12 x 150 ml<\/li>\n<\/ul>\n<p>&nbsp;<\/p>\n<ul>\n<li>F<a href=\"http:\/\/sabatie-produits-entretien.fr\/fr\/wp-content\/uploads\/2017\/06\/FT-1506-AER-DESINF.pdf\" target=\"_blank\" rel=\"noopener noreferrer\">ICHE TECHNIQUE<\/a><\/li>\n<li><a href=\"http:\/\/sabatie-produits-entretien.fr\/fr\/wp-content\/uploads\/2017\/06\/FDS-1506-ONE-SHOOT-150ML.pdf\" target=\"_blank\" rel=\"noopener noreferrer\">FICHE DE SECURITE<\/a><\/li>\n<\/ul>\n","protected":false},"excerpt":{"rendered":"<p>A\u00e9rosol Auto-Percutant D\u00e9sinfectant Surfaces et Assainisseur d&rsquo;Air\u00a0 150 ml Altogerm King unidose BACT\u00c9RICIDE &#8211; FONGICIDE &#8211; VIRUCIDE Son utilisation est [&hellip;]<\/p>\n","protected":false},"featured_media":1158,"comment_status":"closed","ping_status":"closed","template":"","meta":{"_acf_changed":false,"site-sidebar-layout":"default","site-content-layout":"","ast-site-content-layout":"default","site-content-style":"default","site-sidebar-style":"default","ast-global-header-display":"","ast-banner-title-visibility":"","ast-main-header-display":"","ast-hfb-above-header-display":"","ast-hfb-below-header-display":"","ast-hfb-mobile-header-display":"","site-post-title":"","ast-breadcrumbs-content":"","ast-featured-img":"","footer-sml-layout":"","ast-disable-related-posts":"","theme-transparent-header-meta":"","adv-header-id-meta":"","stick-header-meta":"","header-above-stick-meta":"","header-main-stick-meta":"","header-below-stick-meta":"","astra-migrate-meta-layouts":"default","ast-page-background-enabled":"default","ast-page-background-meta":{"desktop":{"background-color":"var(--ast-global-color-5)","background-image":"","background-repeat":"repeat","background-position":"center center","background-size":"auto","background-attachment":"scroll","background-type":"","background-media":"","overlay-type":"","overlay-color":"","overlay-opacity":"","overlay-gradient":""},"tablet":{"background-color":"","background-image":"","background-repeat":"repeat","background-position":"center center","background-size":"auto","background-attachment":"scroll","background-type":"","background-media":"","overlay-type":"","overlay-color":"","overlay-opacity":"","overlay-gradient":""},"mobile":{"background-color":"","background-image":"","background-repeat":"repeat","background-position":"center center","background-size":"auto","background-attachment":"scroll","background-type":"","background-media":"","overlay-type":"","overlay-color":"","overlay-opacity":"","overlay-gradient":""}},"ast-content-background-meta":{"desktop":{"background-color":"var(--ast-global-color-4)","background-image":"","background-repeat":"repeat","background-position":"center center","background-size":"auto","background-attachment":"scroll","background-type":"","background-media":"","overlay-type":"","overlay-color":"","overlay-opacity":"","overlay-gradient":""},"tablet":{"background-color":"var(--ast-global-color-4)","background-image":"","background-repeat":"repeat","background-position":"center center","background-size":"auto","background-attachment":"scroll","background-type":"","background-media":"","overlay-type":"","overlay-color":"","overlay-opacity":"","overlay-gradient":""},"mobile":{"background-color":"var(--ast-global-color-4)","background-image":"","background-repeat":"repeat","background-position":"center center","background-size":"auto","background-attachment":"scroll","background-type":"","background-media":"","overlay-type":"","overlay-color":"","overlay-opacity":"","overlay-gradient":""}}},"product_brand":[],"product_cat":[16,632],"product_tag":[],"class_list":{"0":"post-1128","1":"product","2":"type-product","3":"status-publish","4":"has-post-thumbnail","6":"product_cat-tout","7":"product_cat-desodorisant","8":"desktop-align-left","9":"tablet-align-left","10":"mobile-align-left","12":"first","13":"instock","14":"virtual","15":"product-type-simple"},"acf":[],"_links":{"self":[{"href":"https:\/\/sabatie-produits-entretien.fr\/fr\/wp-json\/wp\/v2\/product\/1128","targetHints":{"allow":["GET"]}}],"collection":[{"href":"https:\/\/sabatie-produits-entretien.fr\/fr\/wp-json\/wp\/v2\/product"}],"about":[{"href":"https:\/\/sabatie-produits-entretien.fr\/fr\/wp-json\/wp\/v2\/types\/product"}],"replies":[{"embeddable":true,"href":"https:\/\/sabatie-produits-entretien.fr\/fr\/wp-json\/wp\/v2\/comments?post=1128"}],"wp:featuredmedia":[{"embeddable":true,"href":"https:\/\/sabatie-produits-entretien.fr\/fr\/wp-json\/wp\/v2\/media\/1158"}],"wp:attachment":[{"href":"https:\/\/sabatie-produits-entretien.fr\/fr\/wp-json\/wp\/v2\/media?parent=1128"}],"wp:term":[{"taxonomy":"product_brand","embeddable":true,"href":"https:\/\/sabatie-produits-entretien.fr\/fr\/wp-json\/wp\/v2\/product_brand?post=1128"},{"taxonomy":"product_cat","embeddable":true,"href":"https:\/\/sabatie-produits-entretien.fr\/fr\/wp-json\/wp\/v2\/product_cat?post=1128"},{"taxonomy":"product_tag","embeddable":true,"href":"https:\/\/sabatie-produits-entretien.fr\/fr\/wp-json\/wp\/v2\/product_tag?post=1128"}],"curies":[{"name":"wp","href":"https:\/\/api.w.org\/{rel}","templated":true}]}}