{"id":1129,"date":"2025-05-05T08:51:23","date_gmt":"2025-05-05T06:51:23","guid":{"rendered":"http:\/\/localhost\/sabatiesarl\/?post_type=product&#038;p=1129"},"modified":"2025-06-11T11:10:29","modified_gmt":"2025-06-11T09:10:29","slug":"42981-boldair-gel-destructeur-dodeurs-boite-300-grs","status":"publish","type":"product","link":"https:\/\/sabatie-produits-entretien.fr\/fr\/produit\/42981-boldair-gel-destructeur-dodeurs-boite-300-grs\/","title":{"rendered":"42981 Boldair Gel Destructeur d&rsquo;Odeurs  boite 300 grs"},"content":{"rendered":"<h2>Boldair Gel Destructeur d&rsquo;Odeurs<\/h2>\n<p>&nbsp;<\/p>\n<ul>\n<li>\n<h4>Boldair gel destructeur d\u2019odeurs est un destructeur d\u2019odeurs permanent sous forme de gel solide<\/h4>\n<\/li>\n<li>\n<h4>Il ne masque pas les mauvaises odeurs mais les d\u00e9truit radicalement<\/h4>\n<\/li>\n<li>\n<h4>Fonctionne par \u00e9vaporation de ses agents actifs naturels: ils entrent en contact avec les mol\u00e9cules malodorantes en suspension dans l\u2019air et les d\u00e9truisent<\/h4>\n<\/li>\n<li>\n<h4>Grace \u00e0 sa grille de diffusion, le gel s\u2019\u00e9vapore de fa\u00e7on r\u00e9guli\u00e8re ayant ainsi une efficacit\u00e9 permanente et durable (jusqu\u2019 a 8 semaines)<\/h4>\n<\/li>\n<li>\n<h4>Il est efficace sur toutes les mauvaises odeurs:<\/h4>\n<h4>tabac, cuisine, poubelles, toilettes, moisissures,<\/h4>\n<h4>renferm\u00e9, animaux, peinture, &#8230;<\/h4>\n<\/li>\n<li>\n<h4>Non toxique et biod\u00e9gradable, il ne d\u00e9gage pas de gaz<\/h4>\n<\/li>\n<li>\n<h4>S\u2019utilise partout ou\u2022 les odeurs persistent : maison, voiture, bureau, vestiaires, collectivit\u00e9s, \u2026<\/h4>\n<\/li>\n<\/ul>\n<p>&nbsp;<\/p>\n<ul>\n<li>\n<h4>Parfum\u00a0 :\u00a0 Grand Large\u00a0 \u00ab\u00a0Note fraiche et tonique\u00a0\u00bb<\/h4>\n<\/li>\n<\/ul>\n<p>&nbsp;<\/p>\n<h4>CONDITIONNEMENT<\/h4>\n<ul>\n<li>\n<h4>boite de 300 grs<\/h4>\n<\/li>\n<li>\n<h4>carton de 12 boites de 300 grs<\/h4>\n<\/li>\n<\/ul>\n<p>&nbsp;<\/p>\n<ul>\n<li><a href=\"http:\/\/sabatie-produits-entretien.fr\/fr\/wp-content\/uploads\/2017\/06\/FT-42981-Boldair-300g.pdf\" target=\"_blank\" rel=\"noopener noreferrer\">FICHE TECHNIQUE<\/a><\/li>\n<\/ul>\n<p>&nbsp;<\/p>\n","protected":false},"excerpt":{"rendered":"<h3>Neutralise toutes les mauvaises odeurs (tabac, cuisine, moisissures,\u2026)<\/p>\n<p>\u2022 Diffuse un agr\u00e9able parfum: 4 parfums tendance disponibles<\/p>\n<p>\u2022 Biod\u00e9gradable et non toxique<\/p>\n<p>\u2022 Action permanente longue dur\u00e9e: jusqu\u2019\u00e0 8 semaines<\/h3>\n","protected":false},"featured_media":1159,"comment_status":"closed","ping_status":"closed","template":"","meta":{"_acf_changed":false,"site-sidebar-layout":"default","site-content-layout":"","ast-site-content-layout":"default","site-content-style":"default","site-sidebar-style":"default","ast-global-header-display":"","ast-banner-title-visibility":"","ast-main-header-display":"","ast-hfb-above-header-display":"","ast-hfb-below-header-display":"","ast-hfb-mobile-header-display":"","site-post-title":"","ast-breadcrumbs-content":"","ast-featured-img":"","footer-sml-layout":"","ast-disable-related-posts":"","theme-transparent-header-meta":"","adv-header-id-meta":"","stick-header-meta":"","header-above-stick-meta":"","header-main-stick-meta":"","header-below-stick-meta":"","astra-migrate-meta-layouts":"default","ast-page-background-enabled":"default","ast-page-background-meta":{"desktop":{"background-color":"var(--ast-global-color-5)","background-image":"","background-repeat":"repeat","background-position":"center center","background-size":"auto","background-attachment":"scroll","background-type":"","background-media":"","overlay-type":"","overlay-color":"","overlay-opacity":"","overlay-gradient":""},"tablet":{"background-color":"","background-image":"","background-repeat":"repeat","background-position":"center center","background-size":"auto","background-attachment":"scroll","background-type":"","background-media":"","overlay-type":"","overlay-color":"","overlay-opacity":"","overlay-gradient":""},"mobile":{"background-color":"","background-image":"","background-repeat":"repeat","background-position":"center center","background-size":"auto","background-attachment":"scroll","background-type":"","background-media":"","overlay-type":"","overlay-color":"","overlay-opacity":"","overlay-gradient":""}},"ast-content-background-meta":{"desktop":{"background-color":"var(--ast-global-color-4)","background-image":"","background-repeat":"repeat","background-position":"center center","background-size":"auto","background-attachment":"scroll","background-type":"","background-media":"","overlay-type":"","overlay-color":"","overlay-opacity":"","overlay-gradient":""},"tablet":{"background-color":"var(--ast-global-color-4)","background-image":"","background-repeat":"repeat","background-position":"center center","background-size":"auto","background-attachment":"scroll","background-type":"","background-media":"","overlay-type":"","overlay-color":"","overlay-opacity":"","overlay-gradient":""},"mobile":{"background-color":"var(--ast-global-color-4)","background-image":"","background-repeat":"repeat","background-position":"center center","background-size":"auto","background-attachment":"scroll","background-type":"","background-media":"","overlay-type":"","overlay-color":"","overlay-opacity":"","overlay-gradient":""}}},"product_brand":[],"product_cat":[16,632],"product_tag":[248],"class_list":{"0":"post-1129","1":"product","2":"type-product","3":"status-publish","4":"has-post-thumbnail","6":"product_cat-tout","7":"product_cat-desodorisant","8":"product_tag-boldair-gel-destructeur-dodeurs","9":"desktop-align-left","10":"tablet-align-left","11":"mobile-align-left","13":"first","14":"instock","15":"virtual","16":"product-type-simple"},"acf":[],"_links":{"self":[{"href":"https:\/\/sabatie-produits-entretien.fr\/fr\/wp-json\/wp\/v2\/product\/1129","targetHints":{"allow":["GET"]}}],"collection":[{"href":"https:\/\/sabatie-produits-entretien.fr\/fr\/wp-json\/wp\/v2\/product"}],"about":[{"href":"https:\/\/sabatie-produits-entretien.fr\/fr\/wp-json\/wp\/v2\/types\/product"}],"replies":[{"embeddable":true,"href":"https:\/\/sabatie-produits-entretien.fr\/fr\/wp-json\/wp\/v2\/comments?post=1129"}],"wp:featuredmedia":[{"embeddable":true,"href":"https:\/\/sabatie-produits-entretien.fr\/fr\/wp-json\/wp\/v2\/media\/1159"}],"wp:attachment":[{"href":"https:\/\/sabatie-produits-entretien.fr\/fr\/wp-json\/wp\/v2\/media?parent=1129"}],"wp:term":[{"taxonomy":"product_brand","embeddable":true,"href":"https:\/\/sabatie-produits-entretien.fr\/fr\/wp-json\/wp\/v2\/product_brand?post=1129"},{"taxonomy":"product_cat","embeddable":true,"href":"https:\/\/sabatie-produits-entretien.fr\/fr\/wp-json\/wp\/v2\/product_cat?post=1129"},{"taxonomy":"product_tag","embeddable":true,"href":"https:\/\/sabatie-produits-entretien.fr\/fr\/wp-json\/wp\/v2\/product_tag?post=1129"}],"curies":[{"name":"wp","href":"https:\/\/api.w.org\/{rel}","templated":true}]}}