{"id":1130,"date":"2025-05-05T08:51:23","date_gmt":"2025-05-05T06:51:23","guid":{"rendered":"http:\/\/localhost\/sabatiesarl\/?post_type=product&#038;p=1130"},"modified":"2025-06-11T11:10:35","modified_gmt":"2025-06-11T09:10:35","slug":"1509-insecticide-polyvalent-king-bidon-5-litres","status":"publish","type":"product","link":"https:\/\/sabatie-produits-entretien.fr\/fr\/produit\/1509-insecticide-polyvalent-king-bidon-5-litres\/","title":{"rendered":"1509 INSECTICIDE POLYVALENT KING  bidon 5 litres"},"content":{"rendered":"<h2>INSECTICIDE POLYVALENT KING bidon 5 litres<\/h2>\n<p>&nbsp;<\/p>\n<h4>D\u00e9truit tous les insectes volants et rampants : mouches, gu\u00eapes, mites,<\/p>\n<p>moustiques, acariens, cafards, puces, poux, tiques, chenilles, araign\u00e9es,<\/p>\n<p>blattes, fourmis, punaises de lit, etc.<\/h4>\n<h4>Usage int\u00e9rieur : (couloirs, placards, fen\u00eatres, literies, etc.) et ext\u00e9rieur (all\u00e9e, terrasse, etc.)<\/h4>\n<h4>Barri\u00e8re anti insectes \u00e0 action curative et pr\u00e9ventive:<\/p>\n<p>\u2022 Action curative: effet \u00abkill\u00bb, mortalit\u00e9 totale des insectes apr\u00e8s un<\/p>\n<p>temps de contact de 5 minutes minimum avec le produit.<\/p>\n<p>\u2022 Action pr\u00e9ventive: r\u00e9manence de 4 \u00e0 6 semaines. \u00c9vite la<\/p>\n<p>formation des nids, Les endroits trait\u00e9s restent prot\u00e9g\u00e9s contre de<\/p>\n<p>nouvelles colonisations d&rsquo;insectes. Traitement \u00e0 r\u00e9p\u00e9ter toutes les<\/p>\n<p>4 \u00e0 6 semaines.<\/h4>\n<h4>Un flacon \u00e9quivaut \u00e0 27m\u00b2 de traitement.<\/p>\n<p>Sans odeur &#8211; Longue r\u00e9manence.<\/p>\n<p>Sans danger pour l&rsquo;environnement (sauf milieu aquatique).<\/h4>\n<h4>N&rsquo;agresse pas les supports trait\u00e9s.<\/h4>\n<p>&nbsp;<\/p>\n<p><strong>CONDITIONNEMENT :<\/strong><\/p>\n<ul>\n<li>bidon de\u00a0 5 litres<\/li>\n<li>Carton\u00a0 4 x 5 litres<\/li>\n<\/ul>\n<p>&nbsp;<\/p>\n<ul>\n<li><a href=\"http:\/\/sabatie-produits-entretien.fr\/fr\/wp-content\/uploads\/2017\/10\/A08680_FR.pdf\">FICHE TECHNIQUE<\/a><\/li>\n<li><a href=\"https:\/\/sabatie-produits-entretien.fr\/fr\/wp-content\/uploads\/2025\/02\/FS-1509-A08680_INSECTICIDE-POLYVALENT-5L-KING_FR_07-08-2024.pdf\" target=\"_blank\" rel=\"noopener\">FICHE DE SECURITE<\/a><\/li>\n<\/ul>\n","protected":false},"excerpt":{"rendered":"<p>INSECTICIDE POLYVALENT KING bidon 5 litres &nbsp; D\u00e9truit tous les insectes volants et rampants : mouches, gu\u00eapes, mites, moustiques, acariens, [&hellip;]<\/p>\n","protected":false},"featured_media":1160,"comment_status":"closed","ping_status":"closed","template":"","meta":{"_acf_changed":false,"site-sidebar-layout":"default","site-content-layout":"","ast-site-content-layout":"default","site-content-style":"default","site-sidebar-style":"default","ast-global-header-display":"","ast-banner-title-visibility":"","ast-main-header-display":"","ast-hfb-above-header-display":"","ast-hfb-below-header-display":"","ast-hfb-mobile-header-display":"","site-post-title":"","ast-breadcrumbs-content":"","ast-featured-img":"","footer-sml-layout":"","ast-disable-related-posts":"","theme-transparent-header-meta":"","adv-header-id-meta":"","stick-header-meta":"","header-above-stick-meta":"","header-main-stick-meta":"","header-below-stick-meta":"","astra-migrate-meta-layouts":"default","ast-page-background-enabled":"default","ast-page-background-meta":{"desktop":{"background-color":"var(--ast-global-color-5)","background-image":"","background-repeat":"repeat","background-position":"center center","background-size":"auto","background-attachment":"scroll","background-type":"","background-media":"","overlay-type":"","overlay-color":"","overlay-opacity":"","overlay-gradient":""},"tablet":{"background-color":"","background-image":"","background-repeat":"repeat","background-position":"center center","background-size":"auto","background-attachment":"scroll","background-type":"","background-media":"","overlay-type":"","overlay-color":"","overlay-opacity":"","overlay-gradient":""},"mobile":{"background-color":"","background-image":"","background-repeat":"repeat","background-position":"center center","background-size":"auto","background-attachment":"scroll","background-type":"","background-media":"","overlay-type":"","overlay-color":"","overlay-opacity":"","overlay-gradient":""}},"ast-content-background-meta":{"desktop":{"background-color":"var(--ast-global-color-4)","background-image":"","background-repeat":"repeat","background-position":"center center","background-size":"auto","background-attachment":"scroll","background-type":"","background-media":"","overlay-type":"","overlay-color":"","overlay-opacity":"","overlay-gradient":""},"tablet":{"background-color":"var(--ast-global-color-4)","background-image":"","background-repeat":"repeat","background-position":"center center","background-size":"auto","background-attachment":"scroll","background-type":"","background-media":"","overlay-type":"","overlay-color":"","overlay-opacity":"","overlay-gradient":""},"mobile":{"background-color":"var(--ast-global-color-4)","background-image":"","background-repeat":"repeat","background-position":"center center","background-size":"auto","background-attachment":"scroll","background-type":"","background-media":"","overlay-type":"","overlay-color":"","overlay-opacity":"","overlay-gradient":""}}},"product_brand":[],"product_cat":[16,633],"product_tag":[250],"class_list":{"0":"post-1130","1":"product","2":"type-product","3":"status-publish","4":"has-post-thumbnail","6":"product_cat-tout","7":"product_cat-insecticide","8":"product_tag-insecticide-polyvalent-king-5-litres","9":"desktop-align-left","10":"tablet-align-left","11":"mobile-align-left","13":"first","14":"instock","15":"virtual","16":"product-type-simple"},"acf":[],"_links":{"self":[{"href":"https:\/\/sabatie-produits-entretien.fr\/fr\/wp-json\/wp\/v2\/product\/1130","targetHints":{"allow":["GET"]}}],"collection":[{"href":"https:\/\/sabatie-produits-entretien.fr\/fr\/wp-json\/wp\/v2\/product"}],"about":[{"href":"https:\/\/sabatie-produits-entretien.fr\/fr\/wp-json\/wp\/v2\/types\/product"}],"replies":[{"embeddable":true,"href":"https:\/\/sabatie-produits-entretien.fr\/fr\/wp-json\/wp\/v2\/comments?post=1130"}],"wp:featuredmedia":[{"embeddable":true,"href":"https:\/\/sabatie-produits-entretien.fr\/fr\/wp-json\/wp\/v2\/media\/1160"}],"wp:attachment":[{"href":"https:\/\/sabatie-produits-entretien.fr\/fr\/wp-json\/wp\/v2\/media?parent=1130"}],"wp:term":[{"taxonomy":"product_brand","embeddable":true,"href":"https:\/\/sabatie-produits-entretien.fr\/fr\/wp-json\/wp\/v2\/product_brand?post=1130"},{"taxonomy":"product_cat","embeddable":true,"href":"https:\/\/sabatie-produits-entretien.fr\/fr\/wp-json\/wp\/v2\/product_cat?post=1130"},{"taxonomy":"product_tag","embeddable":true,"href":"https:\/\/sabatie-produits-entretien.fr\/fr\/wp-json\/wp\/v2\/product_tag?post=1130"}],"curies":[{"name":"wp","href":"https:\/\/api.w.org\/{rel}","templated":true}]}}