{"id":1131,"date":"2025-05-05T08:51:23","date_gmt":"2025-05-05T06:51:23","guid":{"rendered":"http:\/\/localhost\/sabatiesarl\/?post_type=product&#038;p=1131"},"modified":"2026-02-17T14:52:33","modified_gmt":"2026-02-17T13:52:33","slug":"1514-aerosol-insecticide-anti-frelons-guepes-king-750-ml","status":"publish","type":"product","link":"https:\/\/sabatie-produits-entretien.fr\/fr\/produit\/1514-aerosol-insecticide-anti-frelons-guepes-king-750-ml\/","title":{"rendered":"1514 A\u00c9ROSOL INSECTICIDE ANTI-FRELONS-GU\u00caPES KING  750 ml"},"content":{"rendered":"<h2>A\u00c9ROSOL INSECTICIDE ANTI-FRELONS-GU\u00caPES KING\u00a0 750 ml<\/h2>\n<h3>Destruction de nids d&rsquo;insectes potentiellement dangereux.<\/h3>\n<h3>EFFICACE CONTRE LE FRELON D&rsquo;ASIE (efficacit\u00e9 test\u00e9e par un laboratoire ext\u00e9rieur) \u2013 mortalit\u00e9 totale du frelon d&rsquo; Asie en moins de 5 secondes.<\/h3>\n<h3>Tue tous les insectes volants susceptibles d&rsquo;\u00eatre dangereux.<\/p>\n<p>KING FRELONS-GUEPES est un insecticide de choc \u00e0 action foudroyante contre<\/p>\n<p>les insectes volants: (gu\u00eapes, frelons, bourdons, \u2026) provoquant une paralysie<\/p>\n<p>imm\u00e9diate de l&rsquo;insecte, suivie de sa destruction.<\/p>\n<p>Efficace jusqu&rsquo;\u00e0 4 m\u00e8tres, le KING FRELONS \u00e9vite tout contact avec l&rsquo;essaim.<\/h3>\n<p>&nbsp;<\/p>\n<p><strong>MODE D&rsquo;EMPLOI<\/strong><\/p>\n<p>Agiter avant l&#8217;emploi.<\/p>\n<p>Le traitement doit \u00eatre effectu\u00e9 le soir, lorsque les insectes sont rentr\u00e9s au nid.<\/p>\n<p>Gr\u00e2ce \u00e0 son jet directionnel, l&rsquo;utilisation offre un maximum de s\u00e9curit\u00e9.<\/p>\n<p>&nbsp;<\/p>\n<p><strong>CONDITIONNEMENT :<\/strong><\/p>\n<ul>\n<li>A\u00e9rosol de 750 ml<\/li>\n<li>Carton de 12 x 750 ml<\/li>\n<\/ul>\n<p>&nbsp;<\/p>\n<ul>\n<li><a href=\"http:\/\/sabatie-produits-entretien.fr\/fr\/wp-content\/uploads\/2017\/10\/A02120_FR.pdf\">FICHE TECHNIQUE<\/a><\/li>\n<\/ul>\n","protected":false},"excerpt":{"rendered":"<p>A\u00c9ROSOL INSECTICIDE ANTI-FRELONS-GU\u00caPES KING\u00a0 750 ml Destruction de nids d&rsquo;insectes potentiellement dangereux. EFFICACE CONTRE LE FRELON D&rsquo;ASIE (efficacit\u00e9 test\u00e9e par [&hellip;]<\/p>\n","protected":false},"featured_media":1161,"comment_status":"closed","ping_status":"closed","template":"","meta":{"_acf_changed":false,"site-sidebar-layout":"default","site-content-layout":"","ast-site-content-layout":"default","site-content-style":"default","site-sidebar-style":"default","ast-global-header-display":"","ast-banner-title-visibility":"","ast-main-header-display":"","ast-hfb-above-header-display":"","ast-hfb-below-header-display":"","ast-hfb-mobile-header-display":"","site-post-title":"","ast-breadcrumbs-content":"","ast-featured-img":"","footer-sml-layout":"","ast-disable-related-posts":"","theme-transparent-header-meta":"","adv-header-id-meta":"","stick-header-meta":"","header-above-stick-meta":"","header-main-stick-meta":"","header-below-stick-meta":"","astra-migrate-meta-layouts":"default","ast-page-background-enabled":"default","ast-page-background-meta":{"desktop":{"background-color":"var(--ast-global-color-5)","background-image":"","background-repeat":"repeat","background-position":"center center","background-size":"auto","background-attachment":"scroll","background-type":"","background-media":"","overlay-type":"","overlay-color":"","overlay-opacity":"","overlay-gradient":""},"tablet":{"background-color":"","background-image":"","background-repeat":"repeat","background-position":"center center","background-size":"auto","background-attachment":"scroll","background-type":"","background-media":"","overlay-type":"","overlay-color":"","overlay-opacity":"","overlay-gradient":""},"mobile":{"background-color":"","background-image":"","background-repeat":"repeat","background-position":"center center","background-size":"auto","background-attachment":"scroll","background-type":"","background-media":"","overlay-type":"","overlay-color":"","overlay-opacity":"","overlay-gradient":""}},"ast-content-background-meta":{"desktop":{"background-color":"var(--ast-global-color-4)","background-image":"","background-repeat":"repeat","background-position":"center center","background-size":"auto","background-attachment":"scroll","background-type":"","background-media":"","overlay-type":"","overlay-color":"","overlay-opacity":"","overlay-gradient":""},"tablet":{"background-color":"var(--ast-global-color-4)","background-image":"","background-repeat":"repeat","background-position":"center center","background-size":"auto","background-attachment":"scroll","background-type":"","background-media":"","overlay-type":"","overlay-color":"","overlay-opacity":"","overlay-gradient":""},"mobile":{"background-color":"var(--ast-global-color-4)","background-image":"","background-repeat":"repeat","background-position":"center center","background-size":"auto","background-attachment":"scroll","background-type":"","background-media":"","overlay-type":"","overlay-color":"","overlay-opacity":"","overlay-gradient":""}}},"product_brand":[],"product_cat":[16,631,633],"product_tag":[251],"class_list":{"0":"post-1131","1":"product","2":"type-product","3":"status-publish","4":"has-post-thumbnail","6":"product_cat-tout","7":"product_cat-droguerie-et-accessoires","8":"product_cat-insecticide","9":"product_tag-aerosol-insecticide-anti-frelons-guepes-king-750-ml","10":"desktop-align-left","11":"tablet-align-left","12":"mobile-align-left","14":"first","15":"instock","16":"virtual","17":"product-type-simple"},"acf":[],"_links":{"self":[{"href":"https:\/\/sabatie-produits-entretien.fr\/fr\/wp-json\/wp\/v2\/product\/1131","targetHints":{"allow":["GET"]}}],"collection":[{"href":"https:\/\/sabatie-produits-entretien.fr\/fr\/wp-json\/wp\/v2\/product"}],"about":[{"href":"https:\/\/sabatie-produits-entretien.fr\/fr\/wp-json\/wp\/v2\/types\/product"}],"replies":[{"embeddable":true,"href":"https:\/\/sabatie-produits-entretien.fr\/fr\/wp-json\/wp\/v2\/comments?post=1131"}],"wp:featuredmedia":[{"embeddable":true,"href":"https:\/\/sabatie-produits-entretien.fr\/fr\/wp-json\/wp\/v2\/media\/1161"}],"wp:attachment":[{"href":"https:\/\/sabatie-produits-entretien.fr\/fr\/wp-json\/wp\/v2\/media?parent=1131"}],"wp:term":[{"taxonomy":"product_brand","embeddable":true,"href":"https:\/\/sabatie-produits-entretien.fr\/fr\/wp-json\/wp\/v2\/product_brand?post=1131"},{"taxonomy":"product_cat","embeddable":true,"href":"https:\/\/sabatie-produits-entretien.fr\/fr\/wp-json\/wp\/v2\/product_cat?post=1131"},{"taxonomy":"product_tag","embeddable":true,"href":"https:\/\/sabatie-produits-entretien.fr\/fr\/wp-json\/wp\/v2\/product_tag?post=1131"}],"curies":[{"name":"wp","href":"https:\/\/api.w.org\/{rel}","templated":true}]}}