{"id":1133,"date":"2025-05-05T08:51:23","date_gmt":"2025-05-05T06:51:23","guid":{"rendered":"http:\/\/localhost\/sabatiesarl\/?post_type=product&#038;p=1133"},"modified":"2025-06-11T11:10:59","modified_gmt":"2025-06-11T09:10:59","slug":"1505-aerosol-insecticide-unidose-king-150-ml","status":"publish","type":"product","link":"https:\/\/sabatie-produits-entretien.fr\/fr\/produit\/1505-aerosol-insecticide-unidose-king-150-ml\/","title":{"rendered":"1505 A\u00c9ROSOL INSECTICIDE UNIDOSE KING  150 ml"},"content":{"rendered":"<h2>A\u00c9ROSOL INSECTICIDE UNIDOSE KING\u00a0 150 ml<\/h2>\n<h3>Excellent effet de choc et r\u00e9manence de quelques semaines.<\/h3>\n<p>Recommand\u00e9 contre mouches, gu\u00eapes, mites, moustiques, acariens, cafards, puces, poux, tiques, araign\u00e9es, blattes.<\/p>\n<p>Domaine d&rsquo;utilisation : traitement de choc des habitations, cantines, restaurants, chambres d&rsquo;h\u00f4tels, boulangeries, caves, literies, liti\u00e8res d&rsquo;animaux, placards\u2026<\/p>\n<p>Volume de traitement : 150 m\u00b3 maximum pour insectes volants et rampants.<\/p>\n<p>En cas d&rsquo;infestation de cafards, blattes, grosses araign\u00e9es\u2026utiliser un a\u00e9rosol pour 75 m\u00b3.<\/p>\n<p><strong>MODE D&rsquo;EMPLOI :<\/strong><\/p>\n<p>D\u00e9poser l&rsquo;a\u00e9rosol au centre d&rsquo;une surface pr\u00e9alablement prot\u00e9g\u00e9e d&rsquo;un journal ou autre d&rsquo;au moins 1 m\u00b2. Enlever le capot de l&rsquo;a\u00e9rosol, appuyer la languette vers le bas, dans une pi\u00e8ce pleine ou vide en ayant pris soin de sortir les denr\u00e9es alimentaires, les animaux \u00e0 sang froids et les aquariums. Sortir de la pi\u00e8ce, le gaz se lib\u00e8rera automatiquement et en totalit\u00e9. Laisser le local ferm\u00e9 pendant quelques heures. A\u00e9rer et ventiler les locaux apr\u00e8s traitement.<\/p>\n<p>Nous pr\u00e9conisons de placer une feuille de papier (ou autre) sous l&rsquo;a\u00e9rosol pour \u00e9viter toute coul\u00e9e \u00e9ventuelle, de projection de produit, sur le sol .<\/p>\n<p>&nbsp;<\/p>\n<p><strong>CONDITIONNEMENT :<\/strong><\/p>\n<ul>\n<li>A\u00e9rosol de 150 ml<\/li>\n<li>Carton de 12 x 150 ml<\/li>\n<\/ul>\n<p>&nbsp;<\/p>\n<ul>\n<li><a href=\"http:\/\/sabatie-produits-entretien.fr\/fr\/wp-content\/uploads\/2017\/10\/A02114_FR.pdf\">FICHE TECHNIQUE<\/a><\/li>\n<\/ul>\n","protected":false},"excerpt":{"rendered":"<p>A\u00c9ROSOL INSECTICIDE UNIDOSE KING\u00a0 150 ml Excellent effet de choc et r\u00e9manence de quelques semaines. Recommand\u00e9 contre mouches, gu\u00eapes, mites, [&hellip;]<\/p>\n","protected":false},"featured_media":1183,"comment_status":"closed","ping_status":"closed","template":"","meta":{"_acf_changed":false,"site-sidebar-layout":"default","site-content-layout":"","ast-site-content-layout":"default","site-content-style":"default","site-sidebar-style":"default","ast-global-header-display":"","ast-banner-title-visibility":"","ast-main-header-display":"","ast-hfb-above-header-display":"","ast-hfb-below-header-display":"","ast-hfb-mobile-header-display":"","site-post-title":"","ast-breadcrumbs-content":"","ast-featured-img":"","footer-sml-layout":"","ast-disable-related-posts":"","theme-transparent-header-meta":"","adv-header-id-meta":"","stick-header-meta":"","header-above-stick-meta":"","header-main-stick-meta":"","header-below-stick-meta":"","astra-migrate-meta-layouts":"default","ast-page-background-enabled":"default","ast-page-background-meta":{"desktop":{"background-color":"var(--ast-global-color-5)","background-image":"","background-repeat":"repeat","background-position":"center center","background-size":"auto","background-attachment":"scroll","background-type":"","background-media":"","overlay-type":"","overlay-color":"","overlay-opacity":"","overlay-gradient":""},"tablet":{"background-color":"","background-image":"","background-repeat":"repeat","background-position":"center center","background-size":"auto","background-attachment":"scroll","background-type":"","background-media":"","overlay-type":"","overlay-color":"","overlay-opacity":"","overlay-gradient":""},"mobile":{"background-color":"","background-image":"","background-repeat":"repeat","background-position":"center center","background-size":"auto","background-attachment":"scroll","background-type":"","background-media":"","overlay-type":"","overlay-color":"","overlay-opacity":"","overlay-gradient":""}},"ast-content-background-meta":{"desktop":{"background-color":"var(--ast-global-color-4)","background-image":"","background-repeat":"repeat","background-position":"center center","background-size":"auto","background-attachment":"scroll","background-type":"","background-media":"","overlay-type":"","overlay-color":"","overlay-opacity":"","overlay-gradient":""},"tablet":{"background-color":"var(--ast-global-color-4)","background-image":"","background-repeat":"repeat","background-position":"center center","background-size":"auto","background-attachment":"scroll","background-type":"","background-media":"","overlay-type":"","overlay-color":"","overlay-opacity":"","overlay-gradient":""},"mobile":{"background-color":"var(--ast-global-color-4)","background-image":"","background-repeat":"repeat","background-position":"center center","background-size":"auto","background-attachment":"scroll","background-type":"","background-media":"","overlay-type":"","overlay-color":"","overlay-opacity":"","overlay-gradient":""}}},"product_brand":[],"product_cat":[16,633],"product_tag":[253],"class_list":{"0":"post-1133","1":"product","2":"type-product","3":"status-publish","4":"has-post-thumbnail","6":"product_cat-tout","7":"product_cat-insecticide","8":"product_tag-aerosol-insecticide-unidose-king-150-ml","9":"desktop-align-left","10":"tablet-align-left","11":"mobile-align-left","13":"first","14":"instock","15":"virtual","16":"product-type-simple"},"acf":[],"_links":{"self":[{"href":"https:\/\/sabatie-produits-entretien.fr\/fr\/wp-json\/wp\/v2\/product\/1133","targetHints":{"allow":["GET"]}}],"collection":[{"href":"https:\/\/sabatie-produits-entretien.fr\/fr\/wp-json\/wp\/v2\/product"}],"about":[{"href":"https:\/\/sabatie-produits-entretien.fr\/fr\/wp-json\/wp\/v2\/types\/product"}],"replies":[{"embeddable":true,"href":"https:\/\/sabatie-produits-entretien.fr\/fr\/wp-json\/wp\/v2\/comments?post=1133"}],"wp:featuredmedia":[{"embeddable":true,"href":"https:\/\/sabatie-produits-entretien.fr\/fr\/wp-json\/wp\/v2\/media\/1183"}],"wp:attachment":[{"href":"https:\/\/sabatie-produits-entretien.fr\/fr\/wp-json\/wp\/v2\/media?parent=1133"}],"wp:term":[{"taxonomy":"product_brand","embeddable":true,"href":"https:\/\/sabatie-produits-entretien.fr\/fr\/wp-json\/wp\/v2\/product_brand?post=1133"},{"taxonomy":"product_cat","embeddable":true,"href":"https:\/\/sabatie-produits-entretien.fr\/fr\/wp-json\/wp\/v2\/product_cat?post=1133"},{"taxonomy":"product_tag","embeddable":true,"href":"https:\/\/sabatie-produits-entretien.fr\/fr\/wp-json\/wp\/v2\/product_tag?post=1133"}],"curies":[{"name":"wp","href":"https:\/\/api.w.org\/{rel}","templated":true}]}}