{"id":1140,"date":"2025-05-05T08:51:24","date_gmt":"2025-05-05T06:51:24","guid":{"rendered":"http:\/\/localhost\/sabatiesarl\/?post_type=product&#038;p=1140"},"modified":"2025-06-11T01:58:37","modified_gmt":"2025-06-10T23:58:37","slug":"3500-papier-toilette-ecolabel-108-petits-rouleaux","status":"publish","type":"product","link":"https:\/\/sabatie-produits-entretien.fr\/fr\/produit\/3500-papier-toilette-ecolabel-108-petits-rouleaux\/","title":{"rendered":"3500 PAPIER TOILETTE  \u00c9COLABEL 108 petits rouleaux"},"content":{"rendered":"<h2>PAPIER TOILETTE\u00a0 \u00c9COLABEL 108 petits rouleaux<\/h2>\n<p>&nbsp;<\/p>\n<ul>\n<li>Papier toilette constitu\u00e9 \u00e0 100 % de ouate recycl\u00e9e.<\/li>\n<li>Double \u00e9paisseur est de qualit\u00e9 garantie par les labels ECOLABAL et PEFC<\/li>\n<li>Emball\u00e9 par 9 paquets de 12 rouleaux<\/li>\n<\/ul>\n<p>DIMENSIONS DU ROULEAU<\/p>\n<ul>\n<li>longueur\u00a0 :\u00a0 20 m<\/li>\n<li>diam\u00e8tre\u00a0 :\u00a0 10 cm<\/li>\n<li>diam\u00e8tre du mandrin\u00a0 :\u00a0 4,1 cm<\/li>\n<\/ul>\n<p>DIMENSIONS DE LA FEUILLE<\/p>\n<ul>\n<li>longueur\u00a0 :\u00a0 10 cm<\/li>\n<li>largeur\u00a0\u00a0\u00a0\u00a0 :\u00a0\u00a0 9 cm<\/li>\n<\/ul>\n<p>\u00c9PAISSEUR\u00a0 :\u00a0 2 plis<\/p>\n<p>NOMBRE DE FEUILLES\u00a0 :\u00a0 200<\/p>\n<p>COULEUR\u00a0 :\u00a0 Blanc Recycl\u00e9<\/p>\n<p>MATI\u00c8RE\u00a0 :\u00a0 Ouate Recycl\u00e9<\/p>\n<p>CONDITIONNEMENT<\/p>\n<ul>\n<li>colis de 108 rouleaux<\/li>\n<\/ul>\n<p>&nbsp;<\/p>\n<ul>\n<li><a href=\"http:\/\/sabatie-produits-entretien.fr\/fr\/wp-content\/uploads\/2017\/03\/H263303.pdf\" target=\"_blank\">FICHE TECHNIQUE<\/a><\/li>\n<\/ul>\n<p>&nbsp;<\/p>\n<p>&nbsp;<\/p>\n","protected":false},"excerpt":{"rendered":"<h3>PAPIER TOILETTE\u00a0 \u00c9COLABEL<\/h3>\n<h3>108 petits rouleaux<\/h3>\n<p><img decoding=\"async\" class=\"alignnone size-thumbnail wp-image-941\" src=\"http:\/\/sabatie-produits-entretien.fr\/fr\/wp-content\/uploads\/2017\/03\/Logo-ecolabel-SABATIE-150x150.png\" alt=\"\" width=\"150\" height=\"150\" \/><\/p>\n<p>&nbsp;<\/p>\n","protected":false},"featured_media":1189,"comment_status":"closed","ping_status":"closed","template":"","meta":{"_acf_changed":false,"site-sidebar-layout":"default","site-content-layout":"","ast-site-content-layout":"default","site-content-style":"default","site-sidebar-style":"default","ast-global-header-display":"","ast-banner-title-visibility":"","ast-main-header-display":"","ast-hfb-above-header-display":"","ast-hfb-below-header-display":"","ast-hfb-mobile-header-display":"","site-post-title":"","ast-breadcrumbs-content":"","ast-featured-img":"","footer-sml-layout":"","ast-disable-related-posts":"","theme-transparent-header-meta":"","adv-header-id-meta":"","stick-header-meta":"","header-above-stick-meta":"","header-main-stick-meta":"","header-below-stick-meta":"","astra-migrate-meta-layouts":"default","ast-page-background-enabled":"default","ast-page-background-meta":{"desktop":{"background-color":"var(--ast-global-color-5)","background-image":"","background-repeat":"repeat","background-position":"center center","background-size":"auto","background-attachment":"scroll","background-type":"","background-media":"","overlay-type":"","overlay-color":"","overlay-opacity":"","overlay-gradient":""},"tablet":{"background-color":"","background-image":"","background-repeat":"repeat","background-position":"center center","background-size":"auto","background-attachment":"scroll","background-type":"","background-media":"","overlay-type":"","overlay-color":"","overlay-opacity":"","overlay-gradient":""},"mobile":{"background-color":"","background-image":"","background-repeat":"repeat","background-position":"center center","background-size":"auto","background-attachment":"scroll","background-type":"","background-media":"","overlay-type":"","overlay-color":"","overlay-opacity":"","overlay-gradient":""}},"ast-content-background-meta":{"desktop":{"background-color":"var(--ast-global-color-4)","background-image":"","background-repeat":"repeat","background-position":"center center","background-size":"auto","background-attachment":"scroll","background-type":"","background-media":"","overlay-type":"","overlay-color":"","overlay-opacity":"","overlay-gradient":""},"tablet":{"background-color":"var(--ast-global-color-4)","background-image":"","background-repeat":"repeat","background-position":"center center","background-size":"auto","background-attachment":"scroll","background-type":"","background-media":"","overlay-type":"","overlay-color":"","overlay-opacity":"","overlay-gradient":""},"mobile":{"background-color":"var(--ast-global-color-4)","background-image":"","background-repeat":"repeat","background-position":"center center","background-size":"auto","background-attachment":"scroll","background-type":"","background-media":"","overlay-type":"","overlay-color":"","overlay-opacity":"","overlay-gradient":""}}},"product_brand":[],"product_cat":[607,679,16],"product_tag":[27,28,29],"class_list":{"0":"post-1140","1":"product","2":"type-product","3":"status-publish","4":"has-post-thumbnail","6":"product_cat-papier-hygienique-distributeur","7":"product_cat-produit-ecolabel-essuyage-papier","8":"product_cat-tout","9":"product_tag-papier-hygienique","10":"product_tag-papier-toilette","11":"product_tag-papier-wc","12":"desktop-align-left","13":"tablet-align-left","14":"mobile-align-left","16":"first","17":"instock","18":"virtual","19":"product-type-simple"},"acf":[],"_links":{"self":[{"href":"https:\/\/sabatie-produits-entretien.fr\/fr\/wp-json\/wp\/v2\/product\/1140","targetHints":{"allow":["GET"]}}],"collection":[{"href":"https:\/\/sabatie-produits-entretien.fr\/fr\/wp-json\/wp\/v2\/product"}],"about":[{"href":"https:\/\/sabatie-produits-entretien.fr\/fr\/wp-json\/wp\/v2\/types\/product"}],"replies":[{"embeddable":true,"href":"https:\/\/sabatie-produits-entretien.fr\/fr\/wp-json\/wp\/v2\/comments?post=1140"}],"wp:featuredmedia":[{"embeddable":true,"href":"https:\/\/sabatie-produits-entretien.fr\/fr\/wp-json\/wp\/v2\/media\/1189"}],"wp:attachment":[{"href":"https:\/\/sabatie-produits-entretien.fr\/fr\/wp-json\/wp\/v2\/media?parent=1140"}],"wp:term":[{"taxonomy":"product_brand","embeddable":true,"href":"https:\/\/sabatie-produits-entretien.fr\/fr\/wp-json\/wp\/v2\/product_brand?post=1140"},{"taxonomy":"product_cat","embeddable":true,"href":"https:\/\/sabatie-produits-entretien.fr\/fr\/wp-json\/wp\/v2\/product_cat?post=1140"},{"taxonomy":"product_tag","embeddable":true,"href":"https:\/\/sabatie-produits-entretien.fr\/fr\/wp-json\/wp\/v2\/product_tag?post=1140"}],"curies":[{"name":"wp","href":"https:\/\/api.w.org\/{rel}","templated":true}]}}