{"id":1141,"date":"2025-05-05T08:51:24","date_gmt":"2025-05-05T06:51:24","guid":{"rendered":"http:\/\/localhost\/sabatiesarl\/?post_type=product&#038;p=1141"},"modified":"2025-06-11T01:58:54","modified_gmt":"2025-06-10T23:58:54","slug":"3505-papier-maxi-toilette-380-m-ecolabel-colis-de-6","status":"publish","type":"product","link":"https:\/\/sabatie-produits-entretien.fr\/fr\/produit\/3505-papier-maxi-toilette-380-m-ecolabel-colis-de-6\/","title":{"rendered":"3505 PAPIER MAXI TOILETTE 380 m \u00c9COLABEL colis de 6"},"content":{"rendered":"<h3>PAPIER MAXI TOILETTE 380 m\u00e8tres 2 PLIS OUATE \u00c9COLABEL colis de 6 rouleaux<\/h3>\n<p>&nbsp;<\/p>\n<p>Ces rouleaux de papier toilette sont fabriqu\u00e9s \u00e0 partir de ouate issue du recyclage. Respectueux de l&rsquo;environnement, ces rouleaux \u00e9cologiques sont certifi\u00e9s par les normes EU-\u00c9colabel et PEFC.<\/p>\n<p>Ils sont conditionn\u00e9s par lot de 6 et pr\u00e9d\u00e9coup\u00e9s tous les 20 cm.<\/p>\n<p>Ce format maxi jumbo permet une plus grande autonomie que les maxi jumbo classiques.<\/p>\n<p>Retrouvez nos distributeurs adapt\u00e9s ci-dessous. (R\u00e9f\u00e9rences 1046 et 4065)<\/p>\n<p>DIMENSIONS DU ROULEAU<\/p>\n<ul>\n<li>longueur\u00a0 :\u00a0 380 m<\/li>\n<li>diam\u00e8tre\u00a0 :\u00a0 26,5 cm<\/li>\n<li>diam\u00e8tre du mandrin : 6,25 cm<\/li>\n<\/ul>\n<p>DIMENSIONS DE LA FEUILLE<\/p>\n<ul>\n<li>longueur\u00a0 :\u00a0 20 cm<\/li>\n<li>largeur\u00a0 :\u00a0 9 cm<\/li>\n<\/ul>\n<p>NOMBRE DE FEUILLES : 1900<\/p>\n<p>COULEUR\u00a0 :\u00a0 Blanc<\/p>\n<p>MATI\u00c8RE\u00a0 :\u00a0 Ouate recycl\u00e9<\/p>\n<p>CONDITIONNEMENT<\/p>\n<ul>\n<li>colis de 6 rouleaux<\/li>\n<\/ul>\n<p>&nbsp;<\/p>\n<ul>\n<li><a href=\"http:\/\/sabatie-produits-entretien.fr\/fr\/wp-content\/uploads\/2017\/03\/J287120.pdf\" target=\"_blank\">FICHE TECHNIQUE<\/a><\/li>\n<\/ul>\n<p>&nbsp;<\/p>\n<ul>\n<li><strong><em>Retrouvez nos distributeurs adapt\u00e9s ci-dessous. (R\u00e9f\u00e9rences 1046 et 4065)<\/em><\/strong><\/li>\n<\/ul>\n<p>&nbsp;<\/p>\n","protected":false},"excerpt":{"rendered":"<h3>PAPIER MAXI TOILETTE 380 m\u00e8tres 2 PLIS OUATE \u00c9COLABEL colis de 6 rouleaux<\/h3>\n<p><img decoding=\"async\" class=\"alignnone size-thumbnail wp-image-941\" src=\"http:\/\/sabatie-produits-entretien.fr\/fr\/wp-content\/uploads\/2017\/03\/Logo-ecolabel-SABATIE-150x150.png\" alt=\"\" width=\"150\" height=\"150\" \/><\/p>\n","protected":false},"featured_media":1190,"comment_status":"closed","ping_status":"closed","template":"","meta":{"_acf_changed":false,"site-sidebar-layout":"default","site-content-layout":"","ast-site-content-layout":"default","site-content-style":"default","site-sidebar-style":"default","ast-global-header-display":"","ast-banner-title-visibility":"","ast-main-header-display":"","ast-hfb-above-header-display":"","ast-hfb-below-header-display":"","ast-hfb-mobile-header-display":"","site-post-title":"","ast-breadcrumbs-content":"","ast-featured-img":"","footer-sml-layout":"","ast-disable-related-posts":"","theme-transparent-header-meta":"","adv-header-id-meta":"","stick-header-meta":"","header-above-stick-meta":"","header-main-stick-meta":"","header-below-stick-meta":"","astra-migrate-meta-layouts":"default","ast-page-background-enabled":"default","ast-page-background-meta":{"desktop":{"background-color":"var(--ast-global-color-5)","background-image":"","background-repeat":"repeat","background-position":"center center","background-size":"auto","background-attachment":"scroll","background-type":"","background-media":"","overlay-type":"","overlay-color":"","overlay-opacity":"","overlay-gradient":""},"tablet":{"background-color":"","background-image":"","background-repeat":"repeat","background-position":"center center","background-size":"auto","background-attachment":"scroll","background-type":"","background-media":"","overlay-type":"","overlay-color":"","overlay-opacity":"","overlay-gradient":""},"mobile":{"background-color":"","background-image":"","background-repeat":"repeat","background-position":"center center","background-size":"auto","background-attachment":"scroll","background-type":"","background-media":"","overlay-type":"","overlay-color":"","overlay-opacity":"","overlay-gradient":""}},"ast-content-background-meta":{"desktop":{"background-color":"var(--ast-global-color-4)","background-image":"","background-repeat":"repeat","background-position":"center center","background-size":"auto","background-attachment":"scroll","background-type":"","background-media":"","overlay-type":"","overlay-color":"","overlay-opacity":"","overlay-gradient":""},"tablet":{"background-color":"var(--ast-global-color-4)","background-image":"","background-repeat":"repeat","background-position":"center center","background-size":"auto","background-attachment":"scroll","background-type":"","background-media":"","overlay-type":"","overlay-color":"","overlay-opacity":"","overlay-gradient":""},"mobile":{"background-color":"var(--ast-global-color-4)","background-image":"","background-repeat":"repeat","background-position":"center center","background-size":"auto","background-attachment":"scroll","background-type":"","background-media":"","overlay-type":"","overlay-color":"","overlay-opacity":"","overlay-gradient":""}}},"product_brand":[],"product_cat":[16,607,679],"product_tag":[24,25,26,28,29],"class_list":{"0":"post-1141","1":"product","2":"type-product","3":"status-publish","4":"has-post-thumbnail","6":"product_cat-tout","7":"product_cat-papier-hygienique-distributeur","8":"product_cat-produit-ecolabel-essuyage-papier","9":"product_tag-distributeur","10":"product_tag-hygiene","11":"product_tag-papier","12":"product_tag-papier-toilette","13":"product_tag-papier-wc","14":"desktop-align-left","15":"tablet-align-left","16":"mobile-align-left","18":"first","19":"instock","20":"virtual","21":"product-type-simple"},"acf":[],"_links":{"self":[{"href":"https:\/\/sabatie-produits-entretien.fr\/fr\/wp-json\/wp\/v2\/product\/1141","targetHints":{"allow":["GET"]}}],"collection":[{"href":"https:\/\/sabatie-produits-entretien.fr\/fr\/wp-json\/wp\/v2\/product"}],"about":[{"href":"https:\/\/sabatie-produits-entretien.fr\/fr\/wp-json\/wp\/v2\/types\/product"}],"replies":[{"embeddable":true,"href":"https:\/\/sabatie-produits-entretien.fr\/fr\/wp-json\/wp\/v2\/comments?post=1141"}],"wp:featuredmedia":[{"embeddable":true,"href":"https:\/\/sabatie-produits-entretien.fr\/fr\/wp-json\/wp\/v2\/media\/1190"}],"wp:attachment":[{"href":"https:\/\/sabatie-produits-entretien.fr\/fr\/wp-json\/wp\/v2\/media?parent=1141"}],"wp:term":[{"taxonomy":"product_brand","embeddable":true,"href":"https:\/\/sabatie-produits-entretien.fr\/fr\/wp-json\/wp\/v2\/product_brand?post=1141"},{"taxonomy":"product_cat","embeddable":true,"href":"https:\/\/sabatie-produits-entretien.fr\/fr\/wp-json\/wp\/v2\/product_cat?post=1141"},{"taxonomy":"product_tag","embeddable":true,"href":"https:\/\/sabatie-produits-entretien.fr\/fr\/wp-json\/wp\/v2\/product_tag?post=1141"}],"curies":[{"name":"wp","href":"https:\/\/api.w.org\/{rel}","templated":true}]}}