{"id":1169,"date":"2025-05-05T08:51:46","date_gmt":"2025-05-05T06:51:46","guid":{"rendered":"http:\/\/localhost\/sabatiesarl\/?post_type=product&#038;p=1169"},"modified":"2025-06-11T02:03:51","modified_gmt":"2025-06-11T00:03:51","slug":"35011-papier-mini-toilette-a-devidage-central-ecolabel-colis-de-12-rlx","status":"publish","type":"product","link":"https:\/\/sabatie-produits-entretien.fr\/fr\/produit\/35011-papier-mini-toilette-a-devidage-central-ecolabel-colis-de-12-rlx\/","title":{"rendered":"35011 PAPIER MINI TOILETTE A D\u00c9VIDAGE CENTRAL \u00c9COLABEL colis de 12 rlx"},"content":{"rendered":"<h3>PAPIER MINI TOILETTE A D\u00c9VIDAGE CENTRAL 190 m\u00e8tres \u00c9COLABEL colis de 12 rlx<\/h3>\n<p>DIMENSIONS DE LA BOBINE<\/p>\n<ul>\n<li>longueur\u00a0 :\u00a0 190 m<\/li>\n<li>diam\u00e8tre\u00a0 :\u00a0 20,6 cm<\/li>\n<li>diam\u00e8tre du mandrin\u00a0 :\u00a0 4,5 cm<\/li>\n<\/ul>\n<p>DIMENSIONS DE LA FEUILLE<\/p>\n<ul>\n<li>longueur\u00a0 :\u00a0 20 cm<\/li>\n<li>largeur\u00a0\u00a0\u00a0\u00a0 :\u00a0 13,2 cm<\/li>\n<\/ul>\n<p>\u00c9PAISSEUR\u00a0 :\u00a0 2 plis<\/p>\n<p>NOMBRE DE FEUILLES\u00a0 :\u00a0 950<\/p>\n<p>COULEUR\u00a0 :\u00a0 Blanc<\/p>\n<p>MATI\u00c8RE\u00a0 :\u00a0 Ouate Recycl\u00e9<\/p>\n<p>CONDITIONNEMENT<\/p>\n<ul>\n<li>colis de 12 rouleaux<\/li>\n<\/ul>\n<p>&nbsp;<\/p>\n<ul>\n<li><a href=\"http:\/\/sabatie-produits-entretien.fr\/fr\/wp-content\/uploads\/2017\/03\/J287078.pdf\" target=\"_blank\">FICHE TECHNIQUE<\/a><\/li>\n<\/ul>\n","protected":false},"excerpt":{"rendered":"<h3>PAPIER MINI TOILETTE A D\u00c9VIDAGE CENTRAL 190 m\u00e8tres \u00c9COLABEL colis de 12 rouleaux<\/h3>\n<p><img decoding=\"async\" class=\"alignnone size-thumbnail wp-image-941\" src=\"http:\/\/sabatie-produits-entretien.fr\/fr\/wp-content\/uploads\/2017\/03\/Logo-ecolabel-SABATIE-150x150.png\" alt=\"\" width=\"150\" height=\"150\" \/><\/p>\n","protected":false},"featured_media":1214,"comment_status":"closed","ping_status":"closed","template":"","meta":{"_acf_changed":false,"site-sidebar-layout":"default","site-content-layout":"","ast-site-content-layout":"default","site-content-style":"default","site-sidebar-style":"default","ast-global-header-display":"","ast-banner-title-visibility":"","ast-main-header-display":"","ast-hfb-above-header-display":"","ast-hfb-below-header-display":"","ast-hfb-mobile-header-display":"","site-post-title":"","ast-breadcrumbs-content":"","ast-featured-img":"","footer-sml-layout":"","ast-disable-related-posts":"","theme-transparent-header-meta":"","adv-header-id-meta":"","stick-header-meta":"","header-above-stick-meta":"","header-main-stick-meta":"","header-below-stick-meta":"","astra-migrate-meta-layouts":"default","ast-page-background-enabled":"default","ast-page-background-meta":{"desktop":{"background-color":"var(--ast-global-color-5)","background-image":"","background-repeat":"repeat","background-position":"center center","background-size":"auto","background-attachment":"scroll","background-type":"","background-media":"","overlay-type":"","overlay-color":"","overlay-opacity":"","overlay-gradient":""},"tablet":{"background-color":"","background-image":"","background-repeat":"repeat","background-position":"center center","background-size":"auto","background-attachment":"scroll","background-type":"","background-media":"","overlay-type":"","overlay-color":"","overlay-opacity":"","overlay-gradient":""},"mobile":{"background-color":"","background-image":"","background-repeat":"repeat","background-position":"center center","background-size":"auto","background-attachment":"scroll","background-type":"","background-media":"","overlay-type":"","overlay-color":"","overlay-opacity":"","overlay-gradient":""}},"ast-content-background-meta":{"desktop":{"background-color":"var(--ast-global-color-4)","background-image":"","background-repeat":"repeat","background-position":"center center","background-size":"auto","background-attachment":"scroll","background-type":"","background-media":"","overlay-type":"","overlay-color":"","overlay-opacity":"","overlay-gradient":""},"tablet":{"background-color":"var(--ast-global-color-4)","background-image":"","background-repeat":"repeat","background-position":"center center","background-size":"auto","background-attachment":"scroll","background-type":"","background-media":"","overlay-type":"","overlay-color":"","overlay-opacity":"","overlay-gradient":""},"mobile":{"background-color":"var(--ast-global-color-4)","background-image":"","background-repeat":"repeat","background-position":"center center","background-size":"auto","background-attachment":"scroll","background-type":"","background-media":"","overlay-type":"","overlay-color":"","overlay-opacity":"","overlay-gradient":""}}},"product_brand":[],"product_cat":[607,679,16],"product_tag":[24,269,25,26,27,28,29],"class_list":{"0":"post-1169","1":"product","2":"type-product","3":"status-publish","4":"has-post-thumbnail","6":"product_cat-papier-hygienique-distributeur","7":"product_cat-produit-ecolabel-essuyage-papier","8":"product_cat-tout","9":"product_tag-distributeur","10":"product_tag-ecolabel","11":"product_tag-hygiene","12":"product_tag-papier","13":"product_tag-papier-hygienique","14":"product_tag-papier-toilette","15":"product_tag-papier-wc","16":"desktop-align-left","17":"tablet-align-left","18":"mobile-align-left","20":"first","21":"instock","22":"virtual","23":"product-type-simple"},"acf":[],"_links":{"self":[{"href":"https:\/\/sabatie-produits-entretien.fr\/fr\/wp-json\/wp\/v2\/product\/1169","targetHints":{"allow":["GET"]}}],"collection":[{"href":"https:\/\/sabatie-produits-entretien.fr\/fr\/wp-json\/wp\/v2\/product"}],"about":[{"href":"https:\/\/sabatie-produits-entretien.fr\/fr\/wp-json\/wp\/v2\/types\/product"}],"replies":[{"embeddable":true,"href":"https:\/\/sabatie-produits-entretien.fr\/fr\/wp-json\/wp\/v2\/comments?post=1169"}],"wp:featuredmedia":[{"embeddable":true,"href":"https:\/\/sabatie-produits-entretien.fr\/fr\/wp-json\/wp\/v2\/media\/1214"}],"wp:attachment":[{"href":"https:\/\/sabatie-produits-entretien.fr\/fr\/wp-json\/wp\/v2\/media?parent=1169"}],"wp:term":[{"taxonomy":"product_brand","embeddable":true,"href":"https:\/\/sabatie-produits-entretien.fr\/fr\/wp-json\/wp\/v2\/product_brand?post=1169"},{"taxonomy":"product_cat","embeddable":true,"href":"https:\/\/sabatie-produits-entretien.fr\/fr\/wp-json\/wp\/v2\/product_cat?post=1169"},{"taxonomy":"product_tag","embeddable":true,"href":"https:\/\/sabatie-produits-entretien.fr\/fr\/wp-json\/wp\/v2\/product_tag?post=1169"}],"curies":[{"name":"wp","href":"https:\/\/api.w.org\/{rel}","templated":true}]}}