{"id":1208,"date":"2025-05-05T08:52:08","date_gmt":"2025-05-05T06:52:08","guid":{"rendered":"http:\/\/localhost\/sabatiesarl\/?post_type=product&#038;p=1208"},"modified":"2025-06-11T02:01:18","modified_gmt":"2025-06-11T00:01:18","slug":"4024-draps-dexamen-ecolabel-gaufres-celtex-50x38-cm-colis-9-rouleaux","status":"publish","type":"product","link":"https:\/\/sabatie-produits-entretien.fr\/fr\/produit\/4024-draps-dexamen-ecolabel-gaufres-celtex-50x38-cm-colis-9-rouleaux\/","title":{"rendered":"4024 DRAPS D&rsquo;EXAMEN \u00c9COLABEL GAUFR\u00c9S Celtex 50&#215;38 cm colis 9 rouleaux"},"content":{"rendered":"<h3>DRAPS D&rsquo;EXAMEN \u00c9COLABEL GAUFR\u00c9S Celtex 50&#215;38 cmx138 formats<\/h3>\n<h3>colis 9 rouleaux emballage individuel<\/h3>\n<p>&nbsp;<\/p>\n<p>DIMENSIONS DU ROULEAU :<\/p>\n<ul>\n<li>longueur\u00a0 :\u00a0 52 m<\/li>\n<li>diam\u00e8tre\u00a0 :\u00a0 13,1 cm<\/li>\n<li>diam\u00e8tre du mandrin : 3,9 cm<\/li>\n<\/ul>\n<p>DIMENSIONS DE LA FEUILLE :<\/p>\n<ul>\n<li>longueur\u00a0 :\u00a0 38 cm<\/li>\n<li>largeur\u00a0 :\u00a0 50 cm<\/li>\n<\/ul>\n<p>\u00c9PAISSEUR\u00a0 :\u00a0 2 plis<\/p>\n<p>NOMBRE DE FEUILLES\u00a0 :\u00a0 138<\/p>\n<p>COULEUR\u00a0 :\u00a0 Blanc<\/p>\n<p>MATI\u00c8RE\u00a0 :\u00a0 Cellulose 100 %<\/p>\n<p>GRAMMAGE\u00a0 :\u00a0 17, g\/m\u00b2<\/p>\n<p>&nbsp;<\/p>\n<p>CONDITIONNEMENT<\/p>\n<ul>\n<li>colis de 9 rouleaux emball\u00e9s individuellement<\/li>\n<\/ul>\n<p>&nbsp;<\/p>\n<ul>\n<li><a href=\"http:\/\/sabatie-produits-entretien.fr\/fr\/wp-content\/uploads\/2017\/04\/C62655-FR.pdf\" target=\"_blank\" rel=\"noopener noreferrer\">FICHE TECHNIQUE<\/a><\/li>\n<\/ul>\n","protected":false},"excerpt":{"rendered":"<h3>DRAPS D&rsquo;EXAMEN \u00c9COLABEL GAUFR\u00c9S Celtex 50x38cmx138 formats<\/h3>\n<h3>emballage individuel<\/h3>\n<p><img decoding=\"async\" class=\"alignnone size-thumbnail wp-image-941\" src=\"http:\/\/sabatie-produits-entretien.fr\/fr\/wp-content\/uploads\/2017\/03\/Logo-ecolabel-SABATIE-150x150.png\" alt=\"\" width=\"150\" height=\"150\" \/><\/p>\n","protected":false},"featured_media":1250,"comment_status":"closed","ping_status":"closed","template":"","meta":{"_acf_changed":false,"site-sidebar-layout":"default","site-content-layout":"","ast-site-content-layout":"default","site-content-style":"default","site-sidebar-style":"default","ast-global-header-display":"","ast-banner-title-visibility":"","ast-main-header-display":"","ast-hfb-above-header-display":"","ast-hfb-below-header-display":"","ast-hfb-mobile-header-display":"","site-post-title":"","ast-breadcrumbs-content":"","ast-featured-img":"","footer-sml-layout":"","ast-disable-related-posts":"","theme-transparent-header-meta":"","adv-header-id-meta":"","stick-header-meta":"","header-above-stick-meta":"","header-main-stick-meta":"","header-below-stick-meta":"","astra-migrate-meta-layouts":"default","ast-page-background-enabled":"default","ast-page-background-meta":{"desktop":{"background-color":"var(--ast-global-color-5)","background-image":"","background-repeat":"repeat","background-position":"center center","background-size":"auto","background-attachment":"scroll","background-type":"","background-media":"","overlay-type":"","overlay-color":"","overlay-opacity":"","overlay-gradient":""},"tablet":{"background-color":"","background-image":"","background-repeat":"repeat","background-position":"center center","background-size":"auto","background-attachment":"scroll","background-type":"","background-media":"","overlay-type":"","overlay-color":"","overlay-opacity":"","overlay-gradient":""},"mobile":{"background-color":"","background-image":"","background-repeat":"repeat","background-position":"center center","background-size":"auto","background-attachment":"scroll","background-type":"","background-media":"","overlay-type":"","overlay-color":"","overlay-opacity":"","overlay-gradient":""}},"ast-content-background-meta":{"desktop":{"background-color":"var(--ast-global-color-4)","background-image":"","background-repeat":"repeat","background-position":"center center","background-size":"auto","background-attachment":"scroll","background-type":"","background-media":"","overlay-type":"","overlay-color":"","overlay-opacity":"","overlay-gradient":""},"tablet":{"background-color":"var(--ast-global-color-4)","background-image":"","background-repeat":"repeat","background-position":"center center","background-size":"auto","background-attachment":"scroll","background-type":"","background-media":"","overlay-type":"","overlay-color":"","overlay-opacity":"","overlay-gradient":""},"mobile":{"background-color":"var(--ast-global-color-4)","background-image":"","background-repeat":"repeat","background-position":"center center","background-size":"auto","background-attachment":"scroll","background-type":"","background-media":"","overlay-type":"","overlay-color":"","overlay-opacity":"","overlay-gradient":""}}},"product_brand":[],"product_cat":[16,613,679],"product_tag":[23,289,290,291],"class_list":{"0":"post-1208","1":"product","2":"type-product","3":"status-publish","4":"has-post-thumbnail","6":"product_cat-tout","7":"product_cat-draps-dexamen-mouchoir","8":"product_cat-produit-ecolabel-essuyage-papier","9":"product_tag-celtex","10":"product_tag-drap-dexamen","11":"product_tag-drap-dexamen-plastifie","12":"product_tag-draps-dexamen-ecolabel","13":"desktop-align-left","14":"tablet-align-left","15":"mobile-align-left","17":"first","18":"instock","19":"virtual","20":"product-type-simple"},"acf":[],"_links":{"self":[{"href":"https:\/\/sabatie-produits-entretien.fr\/fr\/wp-json\/wp\/v2\/product\/1208","targetHints":{"allow":["GET"]}}],"collection":[{"href":"https:\/\/sabatie-produits-entretien.fr\/fr\/wp-json\/wp\/v2\/product"}],"about":[{"href":"https:\/\/sabatie-produits-entretien.fr\/fr\/wp-json\/wp\/v2\/types\/product"}],"replies":[{"embeddable":true,"href":"https:\/\/sabatie-produits-entretien.fr\/fr\/wp-json\/wp\/v2\/comments?post=1208"}],"wp:featuredmedia":[{"embeddable":true,"href":"https:\/\/sabatie-produits-entretien.fr\/fr\/wp-json\/wp\/v2\/media\/1250"}],"wp:attachment":[{"href":"https:\/\/sabatie-produits-entretien.fr\/fr\/wp-json\/wp\/v2\/media?parent=1208"}],"wp:term":[{"taxonomy":"product_brand","embeddable":true,"href":"https:\/\/sabatie-produits-entretien.fr\/fr\/wp-json\/wp\/v2\/product_brand?post=1208"},{"taxonomy":"product_cat","embeddable":true,"href":"https:\/\/sabatie-produits-entretien.fr\/fr\/wp-json\/wp\/v2\/product_cat?post=1208"},{"taxonomy":"product_tag","embeddable":true,"href":"https:\/\/sabatie-produits-entretien.fr\/fr\/wp-json\/wp\/v2\/product_tag?post=1208"}],"curies":[{"name":"wp","href":"https:\/\/api.w.org\/{rel}","templated":true}]}}