{"id":1212,"date":"2025-05-05T08:52:08","date_gmt":"2025-05-05T06:52:08","guid":{"rendered":"http:\/\/localhost\/sabatiesarl\/?post_type=product&#038;p=1212"},"modified":"2025-06-11T01:36:38","modified_gmt":"2025-06-10T23:36:38","slug":"0218k-idos-acidobac-nettoyant-detartrant-desinfectant-virucide-flacon-1-l","status":"publish","type":"product","link":"https:\/\/sabatie-produits-entretien.fr\/fr\/produit\/0218k-idos-acidobac-nettoyant-detartrant-desinfectant-virucide-flacon-1-l\/","title":{"rendered":"0218K IDOS ACIDOBAC Nettoyant D\u00e9tartrant D\u00e9sinfectant Virucide flacon 1 L"},"content":{"rendered":"<h2>NETTOYANT D\u00c9TARTRANT D\u00c9SINFECTANT VIRUCIDE<\/h2>\n<p>&nbsp;<\/p>\n<h4>UTILISATION<\/h4>\n<ul>\n<li>\n<h3>NETTOYAGE, D\u00c9TARTRAGE ET D\u00c9SINFECTION DE TOUTES SURFACES LAVABLES<\/h3>\n<\/li>\n<li>\u00c9l\u00e9ments des sanitaires (lavabos, douches, baignoires, urinoirs, abattants de cuvettes de WC, robinetteries)<\/li>\n<li>Sols carrel\u00e9s et fa\u00efences murales<\/li>\n<\/ul>\n<h4>NORMES<\/h4>\n<ul>\n<li>EN 1276<\/li>\n<li>EN 1650<\/li>\n<li>EN 14476<\/li>\n<\/ul>\n<p>&nbsp;<\/p>\n<h4>PROPRI\u00c9T\u00c9S<\/h4>\n<ul>\n<li>Bact\u00e9ricide \u00e0 0,5 % (5 mn)<\/li>\n<li>Fongicide \u00e0 0,5 % (15 mn)<\/li>\n<li>Virucide<\/li>\n<li>Effet mousse<\/li>\n<li>Senteur Florale<\/li>\n<li>pH (pur) : 2,2<\/li>\n<\/ul>\n<p>&nbsp;<\/p>\n<h4>CONDITIONNEMENT<\/h4>\n<ul>\n<li>flacon de 1 L<\/li>\n<li>carton de 12 x 1 L<\/li>\n<\/ul>\n<p>&nbsp;<\/p>\n<ul>\n<li><a href=\"https:\/\/sabatie-produits-entretien.fr\/fr\/wp-content\/uploads\/2025\/03\/FT-0218K-0218K1-IDOS-NG-ACIDOBACT-HD.pdf\" target=\"_blank\" rel=\"noopener\">FICHE TECHNIQUE<\/a><\/li>\n<li><a href=\"https:\/\/sabatie-produits-entretien.fr\/fr\/wp-content\/uploads\/2025\/03\/FS-0218K-0218K1-0218K0-ACIDOBAC.pdf\" target=\"_blank\" rel=\"noopener\">FICHE DE SECURITE<\/a><\/li>\n<\/ul>\n","protected":false},"excerpt":{"rendered":"<h3>NETTOYAGE, D\u00c9TARTRAGE ET D\u00c9SINFECTION DE TOUTES SURFACES LAVABLES<\/h3>\n<ul>\n<li>\u00c9l\u00e9ments des sanitaires (lavabos, douches, baignoires, urinoirs, abattants de cuvettes de WC, robinetteries)<\/li>\n<li>Sols carrel\u00e9s et fa\u00efences murales<\/li>\n<li>Virucide<\/li>\n<\/ul>\n","protected":false},"featured_media":1265,"comment_status":"closed","ping_status":"closed","template":"","meta":{"_acf_changed":false,"site-sidebar-layout":"default","site-content-layout":"","ast-site-content-layout":"default","site-content-style":"default","site-sidebar-style":"default","ast-global-header-display":"","ast-banner-title-visibility":"","ast-main-header-display":"","ast-hfb-above-header-display":"","ast-hfb-below-header-display":"","ast-hfb-mobile-header-display":"","site-post-title":"","ast-breadcrumbs-content":"","ast-featured-img":"","footer-sml-layout":"","ast-disable-related-posts":"","theme-transparent-header-meta":"","adv-header-id-meta":"","stick-header-meta":"","header-above-stick-meta":"","header-main-stick-meta":"","header-below-stick-meta":"","astra-migrate-meta-layouts":"default","ast-page-background-enabled":"default","ast-page-background-meta":{"desktop":{"background-color":"var(--ast-global-color-5)","background-image":"","background-repeat":"repeat","background-position":"center center","background-size":"auto","background-attachment":"scroll","background-type":"","background-media":"","overlay-type":"","overlay-color":"","overlay-opacity":"","overlay-gradient":""},"tablet":{"background-color":"","background-image":"","background-repeat":"repeat","background-position":"center center","background-size":"auto","background-attachment":"scroll","background-type":"","background-media":"","overlay-type":"","overlay-color":"","overlay-opacity":"","overlay-gradient":""},"mobile":{"background-color":"","background-image":"","background-repeat":"repeat","background-position":"center center","background-size":"auto","background-attachment":"scroll","background-type":"","background-media":"","overlay-type":"","overlay-color":"","overlay-opacity":"","overlay-gradient":""}},"ast-content-background-meta":{"desktop":{"background-color":"var(--ast-global-color-4)","background-image":"","background-repeat":"repeat","background-position":"center center","background-size":"auto","background-attachment":"scroll","background-type":"","background-media":"","overlay-type":"","overlay-color":"","overlay-opacity":"","overlay-gradient":""},"tablet":{"background-color":"var(--ast-global-color-4)","background-image":"","background-repeat":"repeat","background-position":"center center","background-size":"auto","background-attachment":"scroll","background-type":"","background-media":"","overlay-type":"","overlay-color":"","overlay-opacity":"","overlay-gradient":""},"mobile":{"background-color":"var(--ast-global-color-4)","background-image":"","background-repeat":"repeat","background-position":"center center","background-size":"auto","background-attachment":"scroll","background-type":"","background-media":"","overlay-type":"","overlay-color":"","overlay-opacity":"","overlay-gradient":""}}},"product_brand":[],"product_cat":[16,661],"product_tag":[296,297,153],"class_list":{"0":"post-1212","1":"product","2":"type-product","3":"status-publish","4":"has-post-thumbnail","6":"product_cat-tout","7":"product_cat-nettoyant-detartrant-definfectant","8":"product_tag-idos-acidobact","9":"product_tag-nettoyant-detartrant-desinfectant","10":"product_tag-virucide","11":"desktop-align-left","12":"tablet-align-left","13":"mobile-align-left","15":"first","16":"instock","17":"virtual","18":"product-type-simple"},"acf":[],"_links":{"self":[{"href":"https:\/\/sabatie-produits-entretien.fr\/fr\/wp-json\/wp\/v2\/product\/1212","targetHints":{"allow":["GET"]}}],"collection":[{"href":"https:\/\/sabatie-produits-entretien.fr\/fr\/wp-json\/wp\/v2\/product"}],"about":[{"href":"https:\/\/sabatie-produits-entretien.fr\/fr\/wp-json\/wp\/v2\/types\/product"}],"replies":[{"embeddable":true,"href":"https:\/\/sabatie-produits-entretien.fr\/fr\/wp-json\/wp\/v2\/comments?post=1212"}],"wp:featuredmedia":[{"embeddable":true,"href":"https:\/\/sabatie-produits-entretien.fr\/fr\/wp-json\/wp\/v2\/media\/1265"}],"wp:attachment":[{"href":"https:\/\/sabatie-produits-entretien.fr\/fr\/wp-json\/wp\/v2\/media?parent=1212"}],"wp:term":[{"taxonomy":"product_brand","embeddable":true,"href":"https:\/\/sabatie-produits-entretien.fr\/fr\/wp-json\/wp\/v2\/product_brand?post=1212"},{"taxonomy":"product_cat","embeddable":true,"href":"https:\/\/sabatie-produits-entretien.fr\/fr\/wp-json\/wp\/v2\/product_cat?post=1212"},{"taxonomy":"product_tag","embeddable":true,"href":"https:\/\/sabatie-produits-entretien.fr\/fr\/wp-json\/wp\/v2\/product_tag?post=1212"}],"curies":[{"name":"wp","href":"https:\/\/api.w.org\/{rel}","templated":true}]}}