{"id":1229,"date":"2025-05-05T08:52:29","date_gmt":"2025-05-05T06:52:29","guid":{"rendered":"http:\/\/localhost\/sabatiesarl\/?post_type=product&#038;p=1229"},"modified":"2025-06-11T01:39:20","modified_gmt":"2025-06-10T23:39:20","slug":"0214-novcreme-a-recurer-flacon-de-1-l","status":"publish","type":"product","link":"https:\/\/sabatie-produits-entretien.fr\/fr\/produit\/0214-novcreme-a-recurer-flacon-de-1-l\/","title":{"rendered":"0214 NOV&rsquo;CR\u00c8ME \u00c0 R\u00c9CURER flacon de 1 L"},"content":{"rendered":"<h2>CR\u00c8ME R\u00c9CURANTE AU CITRON<\/h2>\n<p>&nbsp;<\/p>\n<h4>UTILISATION<\/h4>\n<ul>\n<li>Nettoyage quotidien des surfaces :<\/li>\n<li>Emaill\u00e9es (lavabos, douches, baignoires, \u00e9viers, carreaux de fa\u00efences, etc&#8230;)<\/li>\n<li>En inox<\/li>\n<\/ul>\n<p>&nbsp;<\/p>\n<h4>PROPRI\u00c9T\u00c9<\/h4>\n<ul>\n<li>Sp\u00e9ciale inox et \u00e9mail<\/li>\n<li>Ravive sans rayer le brillant des surfaces \u00e9maill\u00e9es et inox<\/li>\n<li>Agr\u00e9e Contact Alimentaire<\/li>\n<li>Fraicheur citronn\u00e9e<\/li>\n<li>pH (pur) : 10,5<\/li>\n<\/ul>\n<p>&nbsp;<\/p>\n<h4>CONDITIONNEMENT<\/h4>\n<ul>\n<li>Flacon de 1 litre<\/li>\n<li>Carton de 12 x 1 L<\/li>\n<\/ul>\n<p>&nbsp;<\/p>\n<ul>\n<li><a href=\"http:\/\/sabatie-produits-entretien.fr\/fr\/wp-content\/uploads\/2018\/02\/NOV-CREME-A-RECURER-FT-06.07.2017.pdf\" target=\"_blank\" rel=\"noopener\">FICHE TECHNIQUE<\/a><\/li>\n<li><a href=\"http:\/\/sabatie-produits-entretien.fr\/fr\/wp-content\/uploads\/2018\/02\/NOV-CREME-A-RECURER-FRAICHEUR-CITRON_FR.pdf\" target=\"_blank\" rel=\"noopener\">FICHE DE SECURITE<\/a><\/li>\n<\/ul>\n","protected":false},"excerpt":{"rendered":"<h2>CR\u00c8ME R\u00c9CURANTE AU CITRON<\/h2>\n<ul>\n<li>\n<h3>Nettoyage quotidien des surfaces :<\/h3>\n<\/li>\n<li>Emaill\u00e9es (lavabos, douches, baignoires, \u00e9viers, carreaux de fa\u00efences, etc&#8230;)<\/li>\n<li>En inox<\/li>\n<\/ul>\n","protected":false},"featured_media":1270,"comment_status":"closed","ping_status":"closed","template":"","meta":{"_acf_changed":false,"site-sidebar-layout":"default","site-content-layout":"","ast-site-content-layout":"default","site-content-style":"default","site-sidebar-style":"default","ast-global-header-display":"","ast-banner-title-visibility":"","ast-main-header-display":"","ast-hfb-above-header-display":"","ast-hfb-below-header-display":"","ast-hfb-mobile-header-display":"","site-post-title":"","ast-breadcrumbs-content":"","ast-featured-img":"","footer-sml-layout":"","ast-disable-related-posts":"","theme-transparent-header-meta":"","adv-header-id-meta":"","stick-header-meta":"","header-above-stick-meta":"","header-main-stick-meta":"","header-below-stick-meta":"","astra-migrate-meta-layouts":"default","ast-page-background-enabled":"default","ast-page-background-meta":{"desktop":{"background-color":"var(--ast-global-color-5)","background-image":"","background-repeat":"repeat","background-position":"center center","background-size":"auto","background-attachment":"scroll","background-type":"","background-media":"","overlay-type":"","overlay-color":"","overlay-opacity":"","overlay-gradient":""},"tablet":{"background-color":"","background-image":"","background-repeat":"repeat","background-position":"center center","background-size":"auto","background-attachment":"scroll","background-type":"","background-media":"","overlay-type":"","overlay-color":"","overlay-opacity":"","overlay-gradient":""},"mobile":{"background-color":"","background-image":"","background-repeat":"repeat","background-position":"center center","background-size":"auto","background-attachment":"scroll","background-type":"","background-media":"","overlay-type":"","overlay-color":"","overlay-opacity":"","overlay-gradient":""}},"ast-content-background-meta":{"desktop":{"background-color":"var(--ast-global-color-4)","background-image":"","background-repeat":"repeat","background-position":"center center","background-size":"auto","background-attachment":"scroll","background-type":"","background-media":"","overlay-type":"","overlay-color":"","overlay-opacity":"","overlay-gradient":""},"tablet":{"background-color":"var(--ast-global-color-4)","background-image":"","background-repeat":"repeat","background-position":"center center","background-size":"auto","background-attachment":"scroll","background-type":"","background-media":"","overlay-type":"","overlay-color":"","overlay-opacity":"","overlay-gradient":""},"mobile":{"background-color":"var(--ast-global-color-4)","background-image":"","background-repeat":"repeat","background-position":"center center","background-size":"auto","background-attachment":"scroll","background-type":"","background-media":"","overlay-type":"","overlay-color":"","overlay-opacity":"","overlay-gradient":""}}},"product_brand":[],"product_cat":[661,16],"product_tag":[307,308],"class_list":{"0":"post-1229","1":"product","2":"type-product","3":"status-publish","4":"has-post-thumbnail","6":"product_cat-nettoyant-detartrant-definfectant","7":"product_cat-tout","8":"product_tag-creme-a-recurer","9":"product_tag-nov-creme-a-recurer","10":"desktop-align-left","11":"tablet-align-left","12":"mobile-align-left","14":"first","15":"instock","16":"virtual","17":"product-type-simple"},"acf":[],"_links":{"self":[{"href":"https:\/\/sabatie-produits-entretien.fr\/fr\/wp-json\/wp\/v2\/product\/1229","targetHints":{"allow":["GET"]}}],"collection":[{"href":"https:\/\/sabatie-produits-entretien.fr\/fr\/wp-json\/wp\/v2\/product"}],"about":[{"href":"https:\/\/sabatie-produits-entretien.fr\/fr\/wp-json\/wp\/v2\/types\/product"}],"replies":[{"embeddable":true,"href":"https:\/\/sabatie-produits-entretien.fr\/fr\/wp-json\/wp\/v2\/comments?post=1229"}],"wp:featuredmedia":[{"embeddable":true,"href":"https:\/\/sabatie-produits-entretien.fr\/fr\/wp-json\/wp\/v2\/media\/1270"}],"wp:attachment":[{"href":"https:\/\/sabatie-produits-entretien.fr\/fr\/wp-json\/wp\/v2\/media?parent=1229"}],"wp:term":[{"taxonomy":"product_brand","embeddable":true,"href":"https:\/\/sabatie-produits-entretien.fr\/fr\/wp-json\/wp\/v2\/product_brand?post=1229"},{"taxonomy":"product_cat","embeddable":true,"href":"https:\/\/sabatie-produits-entretien.fr\/fr\/wp-json\/wp\/v2\/product_cat?post=1229"},{"taxonomy":"product_tag","embeddable":true,"href":"https:\/\/sabatie-produits-entretien.fr\/fr\/wp-json\/wp\/v2\/product_tag?post=1229"}],"curies":[{"name":"wp","href":"https:\/\/api.w.org\/{rel}","templated":true}]}}