{"id":1234,"date":"2025-05-05T08:52:29","date_gmt":"2025-05-05T06:52:29","guid":{"rendered":"http:\/\/localhost\/sabatiesarl\/?post_type=product&#038;p=1234"},"modified":"2025-06-11T01:34:56","modified_gmt":"2025-06-10T23:34:56","slug":"0218d-gestif-l-entretien-canalisation-bidon-5-l","status":"publish","type":"product","link":"https:\/\/sabatie-produits-entretien.fr\/fr\/produit\/0218d-gestif-l-entretien-canalisation-bidon-5-l\/","title":{"rendered":"0218D GESTIF L Entretien Canalisation bidon 5 L"},"content":{"rendered":"<h2>GESTIF L<\/h2>\n<h2>ENTRETIEN BIOLOGIQUE POUR CANALISATIONS, FOSSES SEPTIQUES, PUISARDS<\/h2>\n<p>&nbsp;<\/p>\n<h4>UTILISATION<\/h4>\n<ul>\n<li>L&#8217;emploi r\u00e9gulier de GESTIF L \u00e9vite l&rsquo;obturation des canalisations et des bacs \u00e0 graisse.<\/li>\n<li>Son parfum eucalyptol d\u00e9gage une senteur agr\u00e9able.<\/li>\n<li>Gr\u00e2ce \u00e0 sa formulation renfermant des microorganismes non pathog\u00e8nes et des enzymes, GESTIF L d\u00e9grade biologiquement tout d\u00e9p\u00f4t organique (graisses alimentaires, savons, etc&#8230;) et supprime ainsi les mauvaises odeurs r\u00e9sultantes.<\/li>\n<\/ul>\n<p>&nbsp;<\/p>\n<h4>PROPRI\u00c9T\u00c9S<\/h4>\n<ul>\n<li>aspect\u00a0 :\u00a0 liquide<\/li>\n<li>couleur\u00a0 :\u00a0 vert<\/li>\n<li>odeur\u00a0 :\u00a0 eucalyptus<\/li>\n<li>pH \u00e0 l&rsquo;\u00e9tat pur\u00a0 :\u00a0 5,5<\/li>\n<\/ul>\n<p>&nbsp;<\/p>\n<h4>CONDITIONNEMENT<\/h4>\n<ul>\n<li>bidon de 5 litres<\/li>\n<li>carton de 2 x 5 litres<\/li>\n<\/ul>\n<p>&nbsp;<\/p>\n<ul>\n<li><a href=\"http:\/\/sabatie-produits-entretien.fr\/fr\/wp-content\/uploads\/2017\/05\/GESTIF-L-FT-01-06-2015-CLP.pdf\" target=\"_blank\" rel=\"noopener noreferrer\">FICHE TECHNIQUE<\/a><\/li>\n<li><a href=\"http:\/\/sabatie-produits-entretien.fr\/fr\/wp-content\/uploads\/2017\/05\/GESTIF-L_FR.pdf\" target=\"_blank\" rel=\"noopener noreferrer\">FICHE DE SECURITE<\/a><\/li>\n<\/ul>\n","protected":false},"excerpt":{"rendered":"<h2>GESTIF L<\/h2>\n<h3>ENTRETIEN BIOLOGIQUE POUR CANALISATIONS, FOSSES SEPTIQUES, PUISARDS<\/h3>\n","protected":false},"featured_media":1275,"comment_status":"closed","ping_status":"closed","template":"","meta":{"_acf_changed":false,"site-sidebar-layout":"default","site-content-layout":"","ast-site-content-layout":"default","site-content-style":"default","site-sidebar-style":"default","ast-global-header-display":"","ast-banner-title-visibility":"","ast-main-header-display":"","ast-hfb-above-header-display":"","ast-hfb-below-header-display":"","ast-hfb-mobile-header-display":"","site-post-title":"","ast-breadcrumbs-content":"","ast-featured-img":"","footer-sml-layout":"","ast-disable-related-posts":"","theme-transparent-header-meta":"","adv-header-id-meta":"","stick-header-meta":"","header-above-stick-meta":"","header-main-stick-meta":"","header-below-stick-meta":"","astra-migrate-meta-layouts":"default","ast-page-background-enabled":"default","ast-page-background-meta":{"desktop":{"background-color":"var(--ast-global-color-5)","background-image":"","background-repeat":"repeat","background-position":"center center","background-size":"auto","background-attachment":"scroll","background-type":"","background-media":"","overlay-type":"","overlay-color":"","overlay-opacity":"","overlay-gradient":""},"tablet":{"background-color":"","background-image":"","background-repeat":"repeat","background-position":"center center","background-size":"auto","background-attachment":"scroll","background-type":"","background-media":"","overlay-type":"","overlay-color":"","overlay-opacity":"","overlay-gradient":""},"mobile":{"background-color":"","background-image":"","background-repeat":"repeat","background-position":"center center","background-size":"auto","background-attachment":"scroll","background-type":"","background-media":"","overlay-type":"","overlay-color":"","overlay-opacity":"","overlay-gradient":""}},"ast-content-background-meta":{"desktop":{"background-color":"var(--ast-global-color-4)","background-image":"","background-repeat":"repeat","background-position":"center center","background-size":"auto","background-attachment":"scroll","background-type":"","background-media":"","overlay-type":"","overlay-color":"","overlay-opacity":"","overlay-gradient":""},"tablet":{"background-color":"var(--ast-global-color-4)","background-image":"","background-repeat":"repeat","background-position":"center center","background-size":"auto","background-attachment":"scroll","background-type":"","background-media":"","overlay-type":"","overlay-color":"","overlay-opacity":"","overlay-gradient":""},"mobile":{"background-color":"var(--ast-global-color-4)","background-image":"","background-repeat":"repeat","background-position":"center center","background-size":"auto","background-attachment":"scroll","background-type":"","background-media":"","overlay-type":"","overlay-color":"","overlay-opacity":"","overlay-gradient":""}}},"product_brand":[],"product_cat":[660,16],"product_tag":[318,319],"class_list":{"0":"post-1234","1":"product","2":"type-product","3":"status-publish","4":"has-post-thumbnail","6":"product_cat-gel-wc-bloc-urinoir-deboucheur","7":"product_cat-tout","8":"product_tag-entretien-biologique-pour-canalisation-fosse-septique-puisard","9":"product_tag-gestif-l","10":"desktop-align-left","11":"tablet-align-left","12":"mobile-align-left","14":"first","15":"instock","16":"virtual","17":"product-type-simple"},"acf":[],"_links":{"self":[{"href":"https:\/\/sabatie-produits-entretien.fr\/fr\/wp-json\/wp\/v2\/product\/1234","targetHints":{"allow":["GET"]}}],"collection":[{"href":"https:\/\/sabatie-produits-entretien.fr\/fr\/wp-json\/wp\/v2\/product"}],"about":[{"href":"https:\/\/sabatie-produits-entretien.fr\/fr\/wp-json\/wp\/v2\/types\/product"}],"replies":[{"embeddable":true,"href":"https:\/\/sabatie-produits-entretien.fr\/fr\/wp-json\/wp\/v2\/comments?post=1234"}],"wp:featuredmedia":[{"embeddable":true,"href":"https:\/\/sabatie-produits-entretien.fr\/fr\/wp-json\/wp\/v2\/media\/1275"}],"wp:attachment":[{"href":"https:\/\/sabatie-produits-entretien.fr\/fr\/wp-json\/wp\/v2\/media?parent=1234"}],"wp:term":[{"taxonomy":"product_brand","embeddable":true,"href":"https:\/\/sabatie-produits-entretien.fr\/fr\/wp-json\/wp\/v2\/product_brand?post=1234"},{"taxonomy":"product_cat","embeddable":true,"href":"https:\/\/sabatie-produits-entretien.fr\/fr\/wp-json\/wp\/v2\/product_cat?post=1234"},{"taxonomy":"product_tag","embeddable":true,"href":"https:\/\/sabatie-produits-entretien.fr\/fr\/wp-json\/wp\/v2\/product_tag?post=1234"}],"curies":[{"name":"wp","href":"https:\/\/api.w.org\/{rel}","templated":true}]}}