{"id":1285,"date":"2025-05-05T08:53:14","date_gmt":"2025-05-05T06:53:14","guid":{"rendered":"http:\/\/localhost\/sabatiesarl\/?post_type=product&#038;p=1285"},"modified":"2025-06-11T10:54:23","modified_gmt":"2025-06-11T08:54:23","slug":"1517-huiles-essentielles-100-naturel-spray-100-ml","status":"publish","type":"product","link":"https:\/\/sabatie-produits-entretien.fr\/fr\/produit\/1517-huiles-essentielles-100-naturel-spray-100-ml\/","title":{"rendered":"1517 HUILES ESSENTIELLES 100% naturel  spray 100 ml"},"content":{"rendered":"<h2 class=\"pageTitle level-1\">HUILES ESSENTIELLES 100% naturel spray 100 ml<\/h2>\n<h3>Essentiel&rsquo;10\u00a0 King<\/h3>\n<p>&nbsp;<\/p>\n<h3 class=\"pageTitle level-1\">Spray d&rsquo;Ambiance et Assainissant Purifie l&rsquo;Atmosph\u00e8re.<\/h3>\n<p>&nbsp;<\/p>\n<h4 class=\"pageTitle level-1\">Formul\u00e9 \u00e0 partir d&rsquo;un m\u00e9lange de 10 huiles essentielles originales, 100% naturelles, rigoureusement s\u00e9lectionn\u00e9es.<\/h4>\n<h4>Id\u00e9al pour assainir tout type de lieux\u00a0 :\u00a0 s\u00e9jour mal a\u00e9r\u00e9, cuisine, WC,\u00a0 chambre,\u00a0salle d&rsquo;attente &#8230;<\/h4>\n<h4>Cette brume d&rsquo;ambiance permet d&rsquo;assainir l&rsquo;air, de chasser les mauvaises odeurs et de tonifier l&rsquo;atmosph\u00e8re.<\/h4>\n<h4>Les huiles essentielles choisies sont tr\u00e8s largement connues pour leurs propri\u00e9t\u00e9s purifiantes, assainissantes, d\u00e9sinfectantes, et le bien-\u00eatre qu&rsquo;elles procurent.<\/h4>\n<h4>Un flacon permet d&rsquo;exercer 625 pulv\u00e9risations, \u00e9quivalent \u00e0 un volume de traitement total de plus de 7800m3<\/h4>\n<p>&nbsp;<\/p>\n<p>COMPOSITION :<\/p>\n<p>Alcool de parfumerie,<\/p>\n<p>Huiles essentielles 25%\u00a0 :\u00a0 lavande, eucalyptus globulus, pin sylvestre, romarin, menthe arvensis, c\u00e8dre de l&rsquo;atlas, cannelle de Chine, thym rouge, sariette, citronnelle de Java.<\/p>\n<p>&nbsp;<\/p>\n<p>CONDITIONNEMENT :<\/p>\n<ul>\n<li>Flacon \u00e0 pompe 100 ml<\/li>\n<li>Carton de 12 sprays<\/li>\n<\/ul>\n<p>&nbsp;<\/p>\n<ul>\n<li><a href=\"http:\/\/sabatie-produits-entretien.fr\/fr\/wp-content\/uploads\/2017\/06\/FT-1517-HUILE-ESSENT.pdf\" target=\"_blank\" rel=\"noopener noreferrer\">FICHE TECHNIQUE<\/a><\/li>\n<li><a href=\"http:\/\/sabatie-produits-entretien.fr\/fr\/wp-content\/uploads\/2017\/06\/FDS-1517_HUILE-ESSENTIEL-.pdf\" target=\"_blank\" rel=\"noopener noreferrer\">FICHE DE SECURITE<\/a><\/li>\n<\/ul>\n","protected":false},"excerpt":{"rendered":"<h4>Essentiel&rsquo;10\u00a0 King<\/h4>\n<h4 class=\"pageTitle level-1\">Spray d&rsquo;Ambiance et Assainissant Purifie l&rsquo;Atmosph\u00e8re.<\/h4>\n<h4 class=\"pageTitle level-1\">Formul\u00e9 \u00e0 partir d&rsquo;un m\u00e9lange de 10 huiles essentielles originales, 100% naturelles, rigoureusement s\u00e9lectionn\u00e9es.<\/h4>\n<h4>Id\u00e9al pour assainir tout type de lieux\u00a0 :\u00a0 s\u00e9jour mal a\u00e9r\u00e9, cuisine, WC,\u00a0 chambre,\u00a0salle d&rsquo;attente &#8230;<\/h4>\n","protected":false},"featured_media":1315,"comment_status":"closed","ping_status":"closed","template":"","meta":{"_acf_changed":false,"site-sidebar-layout":"default","site-content-layout":"","ast-site-content-layout":"default","site-content-style":"default","site-sidebar-style":"default","ast-global-header-display":"","ast-banner-title-visibility":"","ast-main-header-display":"","ast-hfb-above-header-display":"","ast-hfb-below-header-display":"","ast-hfb-mobile-header-display":"","site-post-title":"","ast-breadcrumbs-content":"","ast-featured-img":"","footer-sml-layout":"","ast-disable-related-posts":"","theme-transparent-header-meta":"","adv-header-id-meta":"","stick-header-meta":"","header-above-stick-meta":"","header-main-stick-meta":"","header-below-stick-meta":"","astra-migrate-meta-layouts":"default","ast-page-background-enabled":"default","ast-page-background-meta":{"desktop":{"background-color":"var(--ast-global-color-5)","background-image":"","background-repeat":"repeat","background-position":"center center","background-size":"auto","background-attachment":"scroll","background-type":"","background-media":"","overlay-type":"","overlay-color":"","overlay-opacity":"","overlay-gradient":""},"tablet":{"background-color":"","background-image":"","background-repeat":"repeat","background-position":"center center","background-size":"auto","background-attachment":"scroll","background-type":"","background-media":"","overlay-type":"","overlay-color":"","overlay-opacity":"","overlay-gradient":""},"mobile":{"background-color":"","background-image":"","background-repeat":"repeat","background-position":"center center","background-size":"auto","background-attachment":"scroll","background-type":"","background-media":"","overlay-type":"","overlay-color":"","overlay-opacity":"","overlay-gradient":""}},"ast-content-background-meta":{"desktop":{"background-color":"var(--ast-global-color-4)","background-image":"","background-repeat":"repeat","background-position":"center center","background-size":"auto","background-attachment":"scroll","background-type":"","background-media":"","overlay-type":"","overlay-color":"","overlay-opacity":"","overlay-gradient":""},"tablet":{"background-color":"var(--ast-global-color-4)","background-image":"","background-repeat":"repeat","background-position":"center center","background-size":"auto","background-attachment":"scroll","background-type":"","background-media":"","overlay-type":"","overlay-color":"","overlay-opacity":"","overlay-gradient":""},"mobile":{"background-color":"var(--ast-global-color-4)","background-image":"","background-repeat":"repeat","background-position":"center center","background-size":"auto","background-attachment":"scroll","background-type":"","background-media":"","overlay-type":"","overlay-color":"","overlay-opacity":"","overlay-gradient":""}}},"product_brand":[],"product_cat":[16,632],"product_tag":[351,352],"class_list":{"0":"post-1285","1":"product","2":"type-product","3":"status-publish","4":"has-post-thumbnail","6":"product_cat-tout","7":"product_cat-desodorisant","8":"product_tag-huiles-essentielles-100-naturel-spray","9":"product_tag-huiles-essentielles-spray-essentiel10-king","10":"desktop-align-left","11":"tablet-align-left","12":"mobile-align-left","14":"first","15":"instock","16":"virtual","17":"product-type-simple"},"acf":[],"_links":{"self":[{"href":"https:\/\/sabatie-produits-entretien.fr\/fr\/wp-json\/wp\/v2\/product\/1285","targetHints":{"allow":["GET"]}}],"collection":[{"href":"https:\/\/sabatie-produits-entretien.fr\/fr\/wp-json\/wp\/v2\/product"}],"about":[{"href":"https:\/\/sabatie-produits-entretien.fr\/fr\/wp-json\/wp\/v2\/types\/product"}],"replies":[{"embeddable":true,"href":"https:\/\/sabatie-produits-entretien.fr\/fr\/wp-json\/wp\/v2\/comments?post=1285"}],"wp:featuredmedia":[{"embeddable":true,"href":"https:\/\/sabatie-produits-entretien.fr\/fr\/wp-json\/wp\/v2\/media\/1315"}],"wp:attachment":[{"href":"https:\/\/sabatie-produits-entretien.fr\/fr\/wp-json\/wp\/v2\/media?parent=1285"}],"wp:term":[{"taxonomy":"product_brand","embeddable":true,"href":"https:\/\/sabatie-produits-entretien.fr\/fr\/wp-json\/wp\/v2\/product_brand?post=1285"},{"taxonomy":"product_cat","embeddable":true,"href":"https:\/\/sabatie-produits-entretien.fr\/fr\/wp-json\/wp\/v2\/product_cat?post=1285"},{"taxonomy":"product_tag","embeddable":true,"href":"https:\/\/sabatie-produits-entretien.fr\/fr\/wp-json\/wp\/v2\/product_tag?post=1285"}],"curies":[{"name":"wp","href":"https:\/\/api.w.org\/{rel}","templated":true}]}}