{"id":1286,"date":"2025-05-05T08:53:14","date_gmt":"2025-05-05T06:53:14","guid":{"rendered":"http:\/\/localhost\/sabatiesarl\/?post_type=product&#038;p=1286"},"modified":"2025-06-11T10:54:39","modified_gmt":"2025-06-11T08:54:39","slug":"35113-bobine-nature-t1000-ecolabel-colis-de-2","status":"publish","type":"product","link":"https:\/\/sabatie-produits-entretien.fr\/fr\/produit\/35113-bobine-nature-t1000-ecolabel-colis-de-2\/","title":{"rendered":"35113 BOBINE NATURE T1000 \u00c9COLABEL colis de 2"},"content":{"rendered":"<h3>BOBINE NATURE T1000 \u00c9COLABEL colis de 2<\/h3>\n<p>&nbsp;<\/p>\n<p>Les bobines sont constitu\u00e9es \u00e0 partir de fibres recycl\u00e9es pr\u00e9sentes dans les emballages en carton. Certifi\u00e9es \u00c9colabel ces bobines doubles \u00e9paisseur sont tr\u00e8s absorbantes, trait\u00e9 WS pour une meilleure r\u00e9sistance, elles sont pr\u00e9d\u00e9coup\u00e9es tous les 30 cm.<\/p>\n<h4>DIMENSIONS DE LA BOBINE<\/h4>\n<ul>\n<li>longueur\u00a0 :\u00a0 190 m<\/li>\n<li>diam\u00e8tre\u00a0 :\u00a0 24 cm<\/li>\n<li>diam\u00e8tre du mandrin\u00a0 :\u00a0 7,6 cm<\/li>\n<\/ul>\n<h4>DIMENSIONS DE LA FEUILLE<\/h4>\n<ul>\n<li>longueur\u00a0 :\u00a0 30 cm<\/li>\n<li>largeur\u00a0 :\u00a0 23 cm<\/li>\n<\/ul>\n<h4><\/h4>\n<h4>NOMBRE DE FEUILLES\u00a0 :\u00a0 634<\/h4>\n<h4>COULEUR\u00a0 :\u00a0 Nature<\/h4>\n<h4>MATI\u00c8RE\u00a0 :\u00a0 Ouate Recycl\u00e9<\/h4>\n<p>&nbsp;<\/p>\n<h4>\u00a0CONDITIONNEMENT<\/h4>\n<ul>\n<li>colis de 2 bobines<\/li>\n<\/ul>\n<p>&nbsp;<\/p>\n<ul>\n<li><a href=\"http:\/\/sabatie-produits-entretien.fr\/fr\/wp-content\/uploads\/2017\/03\/J286910.pdf\" target=\"_blank\">FICHE TECHNIQUE<\/a><\/li>\n<\/ul>\n<p>&nbsp;<\/p>\n<p>&nbsp;<\/p>\n<p>&nbsp;<\/p>\n","protected":false},"excerpt":{"rendered":"<h4>BOBINE NATURE 23x30x634F<\/h4>\n<h4>OUATE GAUFR<strong>\u00c9<\/strong> 2 PLIS<\/h4>\n<h4>\u00c9COLABEL<\/h4>\n<h3>colis de 2 bobines<\/h3>\n<h3><img decoding=\"async\" class=\"alignnone size-thumbnail wp-image-941\" src=\"http:\/\/sabatie-produits-entretien.fr\/fr\/wp-content\/uploads\/2017\/03\/Logo-ecolabel-SABATIE-150x150.png\" alt=\"\" width=\"150\" height=\"150\" \/><\/h3>\n<h3><\/h3>\n<p>&nbsp;<\/p>\n<p>&nbsp;<\/p>\n","protected":false},"featured_media":1316,"comment_status":"closed","ping_status":"closed","template":"","meta":{"_acf_changed":false,"site-sidebar-layout":"default","site-content-layout":"","ast-site-content-layout":"default","site-content-style":"default","site-sidebar-style":"default","ast-global-header-display":"","ast-banner-title-visibility":"","ast-main-header-display":"","ast-hfb-above-header-display":"","ast-hfb-below-header-display":"","ast-hfb-mobile-header-display":"","site-post-title":"","ast-breadcrumbs-content":"","ast-featured-img":"","footer-sml-layout":"","ast-disable-related-posts":"","theme-transparent-header-meta":"","adv-header-id-meta":"","stick-header-meta":"","header-above-stick-meta":"","header-main-stick-meta":"","header-below-stick-meta":"","astra-migrate-meta-layouts":"default","ast-page-background-enabled":"default","ast-page-background-meta":{"desktop":{"background-color":"var(--ast-global-color-5)","background-image":"","background-repeat":"repeat","background-position":"center center","background-size":"auto","background-attachment":"scroll","background-type":"","background-media":"","overlay-type":"","overlay-color":"","overlay-opacity":"","overlay-gradient":""},"tablet":{"background-color":"","background-image":"","background-repeat":"repeat","background-position":"center center","background-size":"auto","background-attachment":"scroll","background-type":"","background-media":"","overlay-type":"","overlay-color":"","overlay-opacity":"","overlay-gradient":""},"mobile":{"background-color":"","background-image":"","background-repeat":"repeat","background-position":"center center","background-size":"auto","background-attachment":"scroll","background-type":"","background-media":"","overlay-type":"","overlay-color":"","overlay-opacity":"","overlay-gradient":""}},"ast-content-background-meta":{"desktop":{"background-color":"var(--ast-global-color-4)","background-image":"","background-repeat":"repeat","background-position":"center center","background-size":"auto","background-attachment":"scroll","background-type":"","background-media":"","overlay-type":"","overlay-color":"","overlay-opacity":"","overlay-gradient":""},"tablet":{"background-color":"var(--ast-global-color-4)","background-image":"","background-repeat":"repeat","background-position":"center center","background-size":"auto","background-attachment":"scroll","background-type":"","background-media":"","overlay-type":"","overlay-color":"","overlay-opacity":"","overlay-gradient":""},"mobile":{"background-color":"var(--ast-global-color-4)","background-image":"","background-repeat":"repeat","background-position":"center center","background-size":"auto","background-attachment":"scroll","background-type":"","background-media":"","overlay-type":"","overlay-color":"","overlay-opacity":"","overlay-gradient":""}}},"product_brand":[],"product_cat":[16,611],"product_tag":[271,272,274],"class_list":{"0":"post-1286","1":"product","2":"type-product","3":"status-publish","4":"has-post-thumbnail","6":"product_cat-tout","7":"product_cat-bobine-essuyage-distributeur","8":"product_tag-bobine","9":"product_tag-essuyage","10":"product_tag-papier-essuie-main","11":"desktop-align-left","12":"tablet-align-left","13":"mobile-align-left","15":"first","16":"instock","17":"virtual","18":"product-type-simple"},"acf":[],"_links":{"self":[{"href":"https:\/\/sabatie-produits-entretien.fr\/fr\/wp-json\/wp\/v2\/product\/1286","targetHints":{"allow":["GET"]}}],"collection":[{"href":"https:\/\/sabatie-produits-entretien.fr\/fr\/wp-json\/wp\/v2\/product"}],"about":[{"href":"https:\/\/sabatie-produits-entretien.fr\/fr\/wp-json\/wp\/v2\/types\/product"}],"replies":[{"embeddable":true,"href":"https:\/\/sabatie-produits-entretien.fr\/fr\/wp-json\/wp\/v2\/comments?post=1286"}],"wp:featuredmedia":[{"embeddable":true,"href":"https:\/\/sabatie-produits-entretien.fr\/fr\/wp-json\/wp\/v2\/media\/1316"}],"wp:attachment":[{"href":"https:\/\/sabatie-produits-entretien.fr\/fr\/wp-json\/wp\/v2\/media?parent=1286"}],"wp:term":[{"taxonomy":"product_brand","embeddable":true,"href":"https:\/\/sabatie-produits-entretien.fr\/fr\/wp-json\/wp\/v2\/product_brand?post=1286"},{"taxonomy":"product_cat","embeddable":true,"href":"https:\/\/sabatie-produits-entretien.fr\/fr\/wp-json\/wp\/v2\/product_cat?post=1286"},{"taxonomy":"product_tag","embeddable":true,"href":"https:\/\/sabatie-produits-entretien.fr\/fr\/wp-json\/wp\/v2\/product_tag?post=1286"}],"curies":[{"name":"wp","href":"https:\/\/api.w.org\/{rel}","templated":true}]}}