{"id":1365,"date":"2025-05-05T08:53:57","date_gmt":"2025-05-05T06:53:57","guid":{"rendered":"http:\/\/localhost\/sabatiesarl\/?post_type=product&#038;p=1365"},"modified":"2025-06-11T01:28:39","modified_gmt":"2025-06-10T23:28:39","slug":"0964-balai-trapeze-alu-40-cm-avec-velcro","status":"publish","type":"product","link":"https:\/\/sabatie-produits-entretien.fr\/fr\/produit\/0964-balai-trapeze-alu-40-cm-avec-velcro\/","title":{"rendered":"0964 BALAI TRAP\u00c8ZE ALU 40 cm avec velcro"},"content":{"rendered":"<div>\n<h2 class=\"texte\">BALAI TRAP\u00c8ZE ALU 40 cm avec velcro<\/h2>\n<h3>TRAP\u00c8ZE DELUXE A RACCORD UNIVERSEL<\/h3>\n<p>&nbsp;<\/p>\n<h4 class=\"texte\">Ce\u00a0balai trap\u00e8ze professionnel\u00a0est en aluminium, ultra r\u00e9sistant.<\/h4>\n<h4 class=\"texte\">C&rsquo;est un balai polyvalent : gr\u00e2ce \u00e0 ses diff\u00e9rents accessoires, il est parfait pour le d\u00e9poussi\u00e9rage, le lavage ou le balayage humide des sols.<\/h4>\n<h4 class=\"texte\">Tr\u00e8s maniable, extra plat et articul\u00e9, il passe sous les meubles m\u00eame les plus bas. ll est\u00a0tr\u00e8s pratique\u00a0au quotidien.<\/h4>\n<\/div>\n<h4>Blocage facultatif du trap\u00e8ze afin de nettoyer plus facilement les plafonds.<\/h4>\n<h4><\/h4>\n<h4>Avec 2 accroche-gazes<\/h4>\n<h4><\/h4>\n<p>&nbsp;<\/p>\n<ul>\n<li>\n<h4>Dimensions\u00a0 :\u00a0 9,5 cm x 40 cm x 1 cm d&rsquo;\u00e9paisseur<\/h4>\n<\/li>\n<\/ul>\n<h4><\/h4>\n<p>&nbsp;<\/p>\n<ul>\n<li>\n<h4>Conditionnement\u00a0 :\u00a0 l&rsquo;unit\u00e9<\/h4>\n<\/li>\n<\/ul>\n<h4><\/h4>\n<p>&nbsp;<\/p>\n<h4><strong><em>S&rsquo;adapte sur les :<\/em><\/strong><\/h4>\n<ul>\n<li>\n<h4><em><strong>Manche alu 140 cm \u00a0 \u00a0 \u00a0 \u00a0 \u00a0 (r\u00e9f. 0643)<\/strong><\/em><\/h4>\n<\/li>\n<li>\n<h4><em><strong>Manche R\u00e9servoir ZAPA\u00a0 (r\u00e9f. 0963)<\/strong><\/em><\/h4>\n<\/li>\n<li>\n<h4><em><strong>Frange microfibre 44 cm ( r\u00e9f. 0952)<\/strong><\/em><\/h4>\n<\/li>\n<li>\n<h4><strong><em>Gaz impr\u00e9gn\u00e9e rose 60&#215;30 (r\u00e9f.0690)<\/em><\/strong><\/h4>\n<\/li>\n<\/ul>\n<p>&nbsp;<\/p>\n<p>&nbsp;<\/p>\n<div>\n<ul>\n<li><a href=\"http:\/\/sabatie-produits-entretien.fr\/fr\/wp-content\/uploads\/2017\/05\/0964-Fiche-technique-trapeze-DELUXE-40-cm-raccord-universel.pdf\" target=\"_blank\" rel=\"noopener noreferrer\">FICHE TECHNIQUE<\/a><\/li>\n<\/ul>\n<\/div>\n","protected":false},"excerpt":{"rendered":"<div>\n<h3>TRAP\u00c8ZE DELUXE A RACCORD UNIVERSEL<\/h3>\n<h4 class=\"texte\">Ce\u00a0balai trap\u00e8ze professionnel\u00a0est en aluminium, ultra r\u00e9sistant.<\/h4>\n<h4 class=\"texte\">C&rsquo;est un balai polyvalent : gr\u00e2ce \u00e0 ses diff\u00e9rents accessoires, il est parfait pour le d\u00e9poussi\u00e9rage, le lavage ou le balayage humide des sols.<\/h4>\n<h4 class=\"texte\">Tr\u00e8s maniable, extra plat et articul\u00e9, il passe sous les meubles m\u00eame les plus bas. ll est\u00a0tr\u00e8s pratique\u00a0au quotidien.<\/h4>\n<\/div>\n<h4>Blocage facultatif du trap\u00e8ze afin de nettoyer plus facilement les plafonds.<\/h4>\n<h4><\/h4>\n<h4>Avec 2 accroche-gazes<\/h4>\n","protected":false},"featured_media":1391,"comment_status":"closed","ping_status":"closed","template":"","meta":{"_acf_changed":false,"site-sidebar-layout":"default","site-content-layout":"","ast-site-content-layout":"default","site-content-style":"default","site-sidebar-style":"default","ast-global-header-display":"","ast-banner-title-visibility":"","ast-main-header-display":"","ast-hfb-above-header-display":"","ast-hfb-below-header-display":"","ast-hfb-mobile-header-display":"","site-post-title":"","ast-breadcrumbs-content":"","ast-featured-img":"","footer-sml-layout":"","ast-disable-related-posts":"","theme-transparent-header-meta":"","adv-header-id-meta":"","stick-header-meta":"","header-above-stick-meta":"","header-main-stick-meta":"","header-below-stick-meta":"","astra-migrate-meta-layouts":"default","ast-page-background-enabled":"default","ast-page-background-meta":{"desktop":{"background-color":"var(--ast-global-color-5)","background-image":"","background-repeat":"repeat","background-position":"center center","background-size":"auto","background-attachment":"scroll","background-type":"","background-media":"","overlay-type":"","overlay-color":"","overlay-opacity":"","overlay-gradient":""},"tablet":{"background-color":"","background-image":"","background-repeat":"repeat","background-position":"center center","background-size":"auto","background-attachment":"scroll","background-type":"","background-media":"","overlay-type":"","overlay-color":"","overlay-opacity":"","overlay-gradient":""},"mobile":{"background-color":"","background-image":"","background-repeat":"repeat","background-position":"center center","background-size":"auto","background-attachment":"scroll","background-type":"","background-media":"","overlay-type":"","overlay-color":"","overlay-opacity":"","overlay-gradient":""}},"ast-content-background-meta":{"desktop":{"background-color":"var(--ast-global-color-4)","background-image":"","background-repeat":"repeat","background-position":"center center","background-size":"auto","background-attachment":"scroll","background-type":"","background-media":"","overlay-type":"","overlay-color":"","overlay-opacity":"","overlay-gradient":""},"tablet":{"background-color":"var(--ast-global-color-4)","background-image":"","background-repeat":"repeat","background-position":"center center","background-size":"auto","background-attachment":"scroll","background-type":"","background-media":"","overlay-type":"","overlay-color":"","overlay-opacity":"","overlay-gradient":""},"mobile":{"background-color":"var(--ast-global-color-4)","background-image":"","background-repeat":"repeat","background-position":"center center","background-size":"auto","background-attachment":"scroll","background-type":"","background-media":"","overlay-type":"","overlay-color":"","overlay-opacity":"","overlay-gradient":""}}},"product_brand":[],"product_cat":[16,656],"product_tag":[371,372],"class_list":{"0":"post-1365","1":"product","2":"type-product","3":"status-publish","4":"has-post-thumbnail","6":"product_cat-tout","7":"product_cat-lavage-a-plat","8":"product_tag-balai-trapeze-alu-40-cm-avec-velcro","9":"product_tag-trapeze-deluxe-a-raccord-universel","10":"desktop-align-left","11":"tablet-align-left","12":"mobile-align-left","14":"first","15":"instock","16":"virtual","17":"product-type-simple"},"acf":[],"_links":{"self":[{"href":"https:\/\/sabatie-produits-entretien.fr\/fr\/wp-json\/wp\/v2\/product\/1365","targetHints":{"allow":["GET"]}}],"collection":[{"href":"https:\/\/sabatie-produits-entretien.fr\/fr\/wp-json\/wp\/v2\/product"}],"about":[{"href":"https:\/\/sabatie-produits-entretien.fr\/fr\/wp-json\/wp\/v2\/types\/product"}],"replies":[{"embeddable":true,"href":"https:\/\/sabatie-produits-entretien.fr\/fr\/wp-json\/wp\/v2\/comments?post=1365"}],"wp:featuredmedia":[{"embeddable":true,"href":"https:\/\/sabatie-produits-entretien.fr\/fr\/wp-json\/wp\/v2\/media\/1391"}],"wp:attachment":[{"href":"https:\/\/sabatie-produits-entretien.fr\/fr\/wp-json\/wp\/v2\/media?parent=1365"}],"wp:term":[{"taxonomy":"product_brand","embeddable":true,"href":"https:\/\/sabatie-produits-entretien.fr\/fr\/wp-json\/wp\/v2\/product_brand?post=1365"},{"taxonomy":"product_cat","embeddable":true,"href":"https:\/\/sabatie-produits-entretien.fr\/fr\/wp-json\/wp\/v2\/product_cat?post=1365"},{"taxonomy":"product_tag","embeddable":true,"href":"https:\/\/sabatie-produits-entretien.fr\/fr\/wp-json\/wp\/v2\/product_tag?post=1365"}],"curies":[{"name":"wp","href":"https:\/\/api.w.org\/{rel}","templated":true}]}}