{"id":1367,"date":"2025-05-05T08:53:57","date_gmt":"2025-05-05T06:53:57","guid":{"rendered":"http:\/\/localhost\/sabatiesarl\/?post_type=product&#038;p=1367"},"modified":"2025-06-11T01:27:19","modified_gmt":"2025-06-10T23:27:19","slug":"0963-balai-manche-reservoir-500-ml-zapa","status":"publish","type":"product","link":"https:\/\/sabatie-produits-entretien.fr\/fr\/produit\/0963-balai-manche-reservoir-500-ml-zapa\/","title":{"rendered":"0963 BALAI MANCHE R\u00c9SERVOIR 500 ml ZAPA"},"content":{"rendered":"<h2>BALAI MANCHE R\u00c9SERVOIR 500 ml ZAPA<\/h2>\n<p>&nbsp;<\/p>\n<h4>Le ZAPA est un manche qui peut \u00eatre rempli facilement avec de l\u2019eau ou un produit nettoyant-d\u00e9sinfectant. En appuyant sur le bouton situ\u00e9 en haut de la poign\u00e9e, on fait sortir l\u2019eau ou le produit.<\/p>\n<p>En combinaison avec une semelle noire \u00e0 double accroche et un mop \u00e0 usage unique le ZAPA est parfait pour le nettoyage rapide de tous les sols.<\/p>\n<p>\u00c9vite les risques de contaminations crois\u00e9es et all\u00e8ge les co\u00fbts de blanchisserie.<\/h4>\n<h4>Fermeture \u00e9tanche du r\u00e9servoir.<\/h4>\n<h4>Il poss\u00e8de 3 jets de sortie pour distribuer le produit et un clapet pour le remplissage.<\/h4>\n<h4>\u00c9conomique\u00a0 :\u00a0 quelques gouttes de d\u00e9tergent suffisent et il permet de laver jusqu&rsquo;\u00e0 80 m\u00b2 avec seulement 0,5 L de solution.<\/h4>\n<h4>Rapide\u00a0 : les sols s\u00e8chent tr\u00e8s vite car il d\u00e9livre la juste quantit\u00e9 de liquide.<\/h4>\n<h4>Pratique\u00a0 :\u00a0 plus besoin de seau, il est toujours pr\u00eat pour rendre vos sols impeccables en un rien de temps et sans se mouiller les mains.<\/h4>\n<h4>Contenance du manche r\u00e9servoir\u00a0 :\u00a0 500 ml<\/h4>\n<h4>Dimensions\u00a0 :\u00a0 Longueur = 1,45 m\u00a0 ;\u00a0 Diam\u00e8tre = 2,2 cm<\/h4>\n<h4>Mati\u00e8re\u00a0 :\u00a0 aluminium<\/h4>\n<h4>Poids\u00a0 :\u00a0 520 grs<\/h4>\n<p>&nbsp;<\/p>\n<h4><strong><em>S&rsquo;adapte sur les :<\/em><\/strong><\/h4>\n<ul>\n<li>\n<h4><em><strong>Frange microfibre bleu \u00e0 velcro (r\u00e9f. 0952)<\/strong><\/em><\/h4>\n<\/li>\n<li>\n<h4><em><strong>Frange microfibre bleu \u00e0 velcro (r\u00e9f. 09521)<\/strong><\/em><\/h4>\n<\/li>\n<li>\n<h4><em><strong>Balai trap\u00e8ze alu 40 cm ( r\u00e9f. 0964)<\/strong><\/em><\/h4>\n<\/li>\n<li>\n<h4><strong><em>Balai trap\u00e8ze alu 55 cm (r\u00e9f.09640)<\/em><\/strong><\/h4>\n<\/li>\n<li>\n<h4><strong><em>Pichet (r\u00e9f.09635)<\/em><\/strong><\/h4>\n<\/li>\n<\/ul>\n<p>&nbsp;<\/p>\n<ul>\n<li><a href=\"http:\/\/sabatie-produits-entretien.fr\/fr\/wp-content\/uploads\/2017\/06\/fiche-technique-ZAPA_FR.pdf\" target=\"_blank\" rel=\"noopener noreferrer\">FICHE TECHNIQUE<\/a><\/li>\n<\/ul>\n","protected":false},"excerpt":{"rendered":"<p>BALAI MANCHE R\u00c9SERVOIR 500 ml ZAPA &nbsp; Le ZAPA est un manche qui peut \u00eatre rempli facilement avec de l\u2019eau [&hellip;]<\/p>\n","protected":false},"featured_media":1393,"comment_status":"closed","ping_status":"closed","template":"","meta":{"_acf_changed":false,"site-sidebar-layout":"default","site-content-layout":"","ast-site-content-layout":"default","site-content-style":"default","site-sidebar-style":"default","ast-global-header-display":"","ast-banner-title-visibility":"","ast-main-header-display":"","ast-hfb-above-header-display":"","ast-hfb-below-header-display":"","ast-hfb-mobile-header-display":"","site-post-title":"","ast-breadcrumbs-content":"","ast-featured-img":"","footer-sml-layout":"","ast-disable-related-posts":"","theme-transparent-header-meta":"","adv-header-id-meta":"","stick-header-meta":"","header-above-stick-meta":"","header-main-stick-meta":"","header-below-stick-meta":"","astra-migrate-meta-layouts":"default","ast-page-background-enabled":"default","ast-page-background-meta":{"desktop":{"background-color":"var(--ast-global-color-5)","background-image":"","background-repeat":"repeat","background-position":"center center","background-size":"auto","background-attachment":"scroll","background-type":"","background-media":"","overlay-type":"","overlay-color":"","overlay-opacity":"","overlay-gradient":""},"tablet":{"background-color":"","background-image":"","background-repeat":"repeat","background-position":"center center","background-size":"auto","background-attachment":"scroll","background-type":"","background-media":"","overlay-type":"","overlay-color":"","overlay-opacity":"","overlay-gradient":""},"mobile":{"background-color":"","background-image":"","background-repeat":"repeat","background-position":"center center","background-size":"auto","background-attachment":"scroll","background-type":"","background-media":"","overlay-type":"","overlay-color":"","overlay-opacity":"","overlay-gradient":""}},"ast-content-background-meta":{"desktop":{"background-color":"var(--ast-global-color-4)","background-image":"","background-repeat":"repeat","background-position":"center center","background-size":"auto","background-attachment":"scroll","background-type":"","background-media":"","overlay-type":"","overlay-color":"","overlay-opacity":"","overlay-gradient":""},"tablet":{"background-color":"var(--ast-global-color-4)","background-image":"","background-repeat":"repeat","background-position":"center center","background-size":"auto","background-attachment":"scroll","background-type":"","background-media":"","overlay-type":"","overlay-color":"","overlay-opacity":"","overlay-gradient":""},"mobile":{"background-color":"var(--ast-global-color-4)","background-image":"","background-repeat":"repeat","background-position":"center center","background-size":"auto","background-attachment":"scroll","background-type":"","background-media":"","overlay-type":"","overlay-color":"","overlay-opacity":"","overlay-gradient":""}}},"product_brand":[],"product_cat":[16,656],"product_tag":[374,375],"class_list":{"0":"post-1367","1":"product","2":"type-product","3":"status-publish","4":"has-post-thumbnail","6":"product_cat-tout","7":"product_cat-lavage-a-plat","8":"product_tag-balai-manche-reservoir-zapa-500-ml","9":"product_tag-manche-reservoir-zapa-500-ml","10":"desktop-align-left","11":"tablet-align-left","12":"mobile-align-left","14":"first","15":"instock","16":"virtual","17":"product-type-simple"},"acf":[],"_links":{"self":[{"href":"https:\/\/sabatie-produits-entretien.fr\/fr\/wp-json\/wp\/v2\/product\/1367","targetHints":{"allow":["GET"]}}],"collection":[{"href":"https:\/\/sabatie-produits-entretien.fr\/fr\/wp-json\/wp\/v2\/product"}],"about":[{"href":"https:\/\/sabatie-produits-entretien.fr\/fr\/wp-json\/wp\/v2\/types\/product"}],"replies":[{"embeddable":true,"href":"https:\/\/sabatie-produits-entretien.fr\/fr\/wp-json\/wp\/v2\/comments?post=1367"}],"wp:featuredmedia":[{"embeddable":true,"href":"https:\/\/sabatie-produits-entretien.fr\/fr\/wp-json\/wp\/v2\/media\/1393"}],"wp:attachment":[{"href":"https:\/\/sabatie-produits-entretien.fr\/fr\/wp-json\/wp\/v2\/media?parent=1367"}],"wp:term":[{"taxonomy":"product_brand","embeddable":true,"href":"https:\/\/sabatie-produits-entretien.fr\/fr\/wp-json\/wp\/v2\/product_brand?post=1367"},{"taxonomy":"product_cat","embeddable":true,"href":"https:\/\/sabatie-produits-entretien.fr\/fr\/wp-json\/wp\/v2\/product_cat?post=1367"},{"taxonomy":"product_tag","embeddable":true,"href":"https:\/\/sabatie-produits-entretien.fr\/fr\/wp-json\/wp\/v2\/product_tag?post=1367"}],"curies":[{"name":"wp","href":"https:\/\/api.w.org\/{rel}","templated":true}]}}