{"id":1369,"date":"2025-05-05T08:53:57","date_gmt":"2025-05-05T06:53:57","guid":{"rendered":"http:\/\/localhost\/sabatiesarl\/?post_type=product&#038;p=1369"},"modified":"2025-06-11T01:30:12","modified_gmt":"2025-06-10T23:30:12","slug":"0690-gazes-impregnees-roses-60x30cm-paquet-50-u","status":"publish","type":"product","link":"https:\/\/sabatie-produits-entretien.fr\/fr\/produit\/0690-gazes-impregnees-roses-60x30cm-paquet-50-u\/","title":{"rendered":"0690 GAZES IMPR\u00c9GN\u00c9ES ROSES 60x30cm paquet 50 u"},"content":{"rendered":"<h2>GAZES IMPR\u00c9GN\u00c9ES ROSES 60x30cm paquet 50 u<\/h2>\n<p>&nbsp;<\/p>\n<h4>Cette gaze impr\u00e9gn\u00e9e sert au balayage humide sur tous types de sols m\u00eame irr\u00e9guliers.<\/h4>\n<p>&nbsp;<\/p>\n<ul>\n<li><span id=\"ctl00_cphProduits_lblDescription\">Tr\u00e8s efficace pour retenir la poussi\u00e8re par action \u00e9lectrostatique et gr\u00e2ce \u00e0 l\u2019huile d\u2019impr\u00e9gnation.<\/span><\/li>\n<li>Elle permet de d\u00e9poussi\u00e9rer facilement et rapidement tous les sols type carrelage, parquet ou encore thermoplastique.<\/li>\n<li>Ce type de gaze s&rsquo;utilise sur un balai \u00e0 plat ou \u00e0 la main.<\/li>\n<li>Chaque gaze est impr\u00e9gn\u00e9e d&rsquo;huile min\u00e9rale \u00e0 taux de 20%.<\/li>\n<li>La gaze impr\u00e9gn\u00e9es peut laver environ une surface de 20 m\u00b2 pour un sol \u00ab\u00a0normalement sale\u00a0\u00bb.<\/li>\n<li><span id=\"ctl00_cphProduits_lblDescription\">Respect de l\u2019environnement par sa composition ne contenant aucune substance toxique, ni dioxine et peut \u00eatre jet\u00e9e avec les d\u00e9chets ordinaires. Sachet avec rabat \u00e9vitant l\u2019ass\u00e8chement des produits.<\/span><\/li>\n<li>Couleur : rose<\/li>\n<li>Composition : 100% polypropyl\u00e8ne<\/li>\n<li>\u00c9paisseur : 0,25 mm<\/li>\n<li>Poids impr\u00e9gn\u00e9s : 22 g\/m\u00b2<\/li>\n<li>Dimensions de la gaze : 60 x 30 cm<\/li>\n<\/ul>\n<p>&nbsp;<\/p>\n<p>Conditionnement :<\/p>\n<ul>\n<li>sachet de 50 gazes impr\u00e9gn\u00e9es<\/li>\n<li>carton de 20 paquets de 50 gazes impr\u00e9gn\u00e9es<\/li>\n<\/ul>\n<p>&nbsp;<\/p>\n<h4><strong><em>S&rsquo;adapte sur les :<\/em><\/strong><\/h4>\n<ul>\n<li>\n<h4><strong><em>Balai trap\u00e8ze alu 40 cm (r\u00e9f. 0964)<\/em><\/strong><\/h4>\n<\/li>\n<li>\n<h4><strong><em>Balai trap\u00e8ze alu 55 cm (r\u00e9f. 09640)<\/em><\/strong><\/h4>\n<\/li>\n<li>\n<h4><strong><em>Balai Manche R\u00e9servoir 500 ml ZAPA (r\u00e9f. 0963)<\/em><\/strong><\/h4>\n<\/li>\n<\/ul>\n<p>&nbsp;<\/p>\n<ul>\n<li><a href=\"http:\/\/sabatie-produits-entretien.fr\/fr\/wp-content\/uploads\/2017\/06\/FICHE-TECHNIQUE-0690-REF5211-GAZE.pdf\" target=\"_blank\" rel=\"noopener noreferrer\">FICHE TECHNIQUE<\/a><\/li>\n<\/ul>\n","protected":false},"excerpt":{"rendered":"<p>GAZES IMPR\u00c9GN\u00c9ES ROSES 60x30cm paquet 50 u &nbsp; Cette gaze impr\u00e9gn\u00e9e sert au balayage humide sur tous types de sols [&hellip;]<\/p>\n","protected":false},"featured_media":1395,"comment_status":"closed","ping_status":"closed","template":"","meta":{"_acf_changed":false,"site-sidebar-layout":"default","site-content-layout":"","ast-site-content-layout":"default","site-content-style":"default","site-sidebar-style":"default","ast-global-header-display":"","ast-banner-title-visibility":"","ast-main-header-display":"","ast-hfb-above-header-display":"","ast-hfb-below-header-display":"","ast-hfb-mobile-header-display":"","site-post-title":"","ast-breadcrumbs-content":"","ast-featured-img":"","footer-sml-layout":"","ast-disable-related-posts":"","theme-transparent-header-meta":"","adv-header-id-meta":"","stick-header-meta":"","header-above-stick-meta":"","header-main-stick-meta":"","header-below-stick-meta":"","astra-migrate-meta-layouts":"default","ast-page-background-enabled":"default","ast-page-background-meta":{"desktop":{"background-color":"var(--ast-global-color-5)","background-image":"","background-repeat":"repeat","background-position":"center center","background-size":"auto","background-attachment":"scroll","background-type":"","background-media":"","overlay-type":"","overlay-color":"","overlay-opacity":"","overlay-gradient":""},"tablet":{"background-color":"","background-image":"","background-repeat":"repeat","background-position":"center center","background-size":"auto","background-attachment":"scroll","background-type":"","background-media":"","overlay-type":"","overlay-color":"","overlay-opacity":"","overlay-gradient":""},"mobile":{"background-color":"","background-image":"","background-repeat":"repeat","background-position":"center center","background-size":"auto","background-attachment":"scroll","background-type":"","background-media":"","overlay-type":"","overlay-color":"","overlay-opacity":"","overlay-gradient":""}},"ast-content-background-meta":{"desktop":{"background-color":"var(--ast-global-color-4)","background-image":"","background-repeat":"repeat","background-position":"center center","background-size":"auto","background-attachment":"scroll","background-type":"","background-media":"","overlay-type":"","overlay-color":"","overlay-opacity":"","overlay-gradient":""},"tablet":{"background-color":"var(--ast-global-color-4)","background-image":"","background-repeat":"repeat","background-position":"center center","background-size":"auto","background-attachment":"scroll","background-type":"","background-media":"","overlay-type":"","overlay-color":"","overlay-opacity":"","overlay-gradient":""},"mobile":{"background-color":"var(--ast-global-color-4)","background-image":"","background-repeat":"repeat","background-position":"center center","background-size":"auto","background-attachment":"scroll","background-type":"","background-media":"","overlay-type":"","overlay-color":"","overlay-opacity":"","overlay-gradient":""}}},"product_brand":[],"product_cat":[16,656],"product_tag":[378],"class_list":{"0":"post-1369","1":"product","2":"type-product","3":"status-publish","4":"has-post-thumbnail","6":"product_cat-tout","7":"product_cat-lavage-a-plat","8":"product_tag-gaze-impregnee-rose-60x30cm","9":"desktop-align-left","10":"tablet-align-left","11":"mobile-align-left","13":"first","14":"instock","15":"virtual","16":"product-type-simple"},"acf":[],"_links":{"self":[{"href":"https:\/\/sabatie-produits-entretien.fr\/fr\/wp-json\/wp\/v2\/product\/1369","targetHints":{"allow":["GET"]}}],"collection":[{"href":"https:\/\/sabatie-produits-entretien.fr\/fr\/wp-json\/wp\/v2\/product"}],"about":[{"href":"https:\/\/sabatie-produits-entretien.fr\/fr\/wp-json\/wp\/v2\/types\/product"}],"replies":[{"embeddable":true,"href":"https:\/\/sabatie-produits-entretien.fr\/fr\/wp-json\/wp\/v2\/comments?post=1369"}],"wp:featuredmedia":[{"embeddable":true,"href":"https:\/\/sabatie-produits-entretien.fr\/fr\/wp-json\/wp\/v2\/media\/1395"}],"wp:attachment":[{"href":"https:\/\/sabatie-produits-entretien.fr\/fr\/wp-json\/wp\/v2\/media?parent=1369"}],"wp:term":[{"taxonomy":"product_brand","embeddable":true,"href":"https:\/\/sabatie-produits-entretien.fr\/fr\/wp-json\/wp\/v2\/product_brand?post=1369"},{"taxonomy":"product_cat","embeddable":true,"href":"https:\/\/sabatie-produits-entretien.fr\/fr\/wp-json\/wp\/v2\/product_cat?post=1369"},{"taxonomy":"product_tag","embeddable":true,"href":"https:\/\/sabatie-produits-entretien.fr\/fr\/wp-json\/wp\/v2\/product_tag?post=1369"}],"curies":[{"name":"wp","href":"https:\/\/api.w.org\/{rel}","templated":true}]}}