{"id":1370,"date":"2025-05-05T08:53:57","date_gmt":"2025-05-05T06:53:57","guid":{"rendered":"http:\/\/localhost\/sabatiesarl\/?post_type=product&#038;p=1370"},"modified":"2025-06-11T10:53:42","modified_gmt":"2025-06-11T08:53:42","slug":"36164-baso-dw-liquide-lavage-machine-eau-dure-bidon-5-l","status":"publish","type":"product","link":"https:\/\/sabatie-produits-entretien.fr\/fr\/produit\/36164-baso-dw-liquide-lavage-machine-eau-dure-bidon-5-l\/","title":{"rendered":"36164  BASO DW Liquide Lavage Machine Eau Dure  bidon 5 L"},"content":{"rendered":"<h2>LESSIVE LIQUIDE\u00a0 POUR LE LAVAGE DE LA VAISSELLE EN MACHINE PROFESSIONNELLE EN PR\u00c9SENCE D&rsquo;EAU DURE.<\/h2>\n<h2>D\u00c9TERGENT ALCALIN TR\u00c8S S\u00c9QUESTRANT.<\/h2>\n<p>&nbsp;<\/p>\n<ul>\n<li>BASO DW EAU DURE est un d\u00e9tergent alcalin non moussant tr\u00e8s s\u00e9questrant, tr\u00e8s d\u00e9graissant, \u00e9mulsifiant, saponifiant et dispersant pour le nettoyage de la vaisselle en machine professionnelle, lave batterie et tunnel de lavage.<\/li>\n<\/ul>\n<p>&nbsp;<\/p>\n<ul>\n<li>BASO DW EAU DURE supprime les souillures tenaces sur tout type d&rsquo;ustensiles.<\/li>\n<\/ul>\n<p>&nbsp;<\/p>\n<ul>\n<li>BASO DW EAU DURE est particuli\u00e8rement recommand\u00e9 en pr\u00e9sence d&rsquo;eau dure.<\/li>\n<\/ul>\n<p>&nbsp;<\/p>\n<ul>\n<li>Formule ne contenant pas d&rsquo;EDTA ni phosphate.<\/li>\n<\/ul>\n<p>&nbsp;<\/p>\n<ul>\n<li>BASO DW EAU DURE est compatible avec les inox, PVC, Poly\u00e9thyl\u00e8ne, Polypropyl\u00e8ne, verre, caoutchouc.<\/li>\n<\/ul>\n<p>&nbsp;<\/p>\n<ul>\n<li><strong><em>Agr\u00e9er Contact Alimentaire<\/em><\/strong><\/li>\n<\/ul>\n<p>&nbsp;<\/p>\n<h4>PROPRI\u00c9T\u00c9S<\/h4>\n<ul>\n<li>Aspect\u00a0 :\u00a0 Liquide<\/li>\n<li>Couleur\u00a0 :\u00a0 Ambre<\/li>\n<li>Densit\u00e9 : 1,169 ( 20\u00b0c)<\/li>\n<li>pH\u00a0 :\u00a0 12,2 sol. 1%, 20\u00b0c<\/li>\n<li>Viscosit\u00e9, dynamique : 10 mPa.s (20\u00b0c)<\/li>\n<li>Pouvoir s\u00e9questrant \u00e0 1% :\u00a0 30\u00b0 TH \u00e0 3 g\/l<\/li>\n<li>DCO &#8211; valeur : 43mg O2\/g<\/li>\n<\/ul>\n<p>&nbsp;<\/p>\n<h4>CONDITIONNEMENT<\/h4>\n<ul>\n<li>bidon de 5 kg<\/li>\n<li>carton de 4\u00a0 x\u00a0 5 kg<\/li>\n<\/ul>\n<p>&nbsp;<\/p>\n<ul>\n<li><a href=\"https:\/\/sabatie-produits-entretien.fr\/fr\/wp-content\/uploads\/2025\/03\/FT_-36164-36165-STOCKMEIER-FRANCE_BASO_DW_EAU_DURE_HD94750_FR_VERSION_7.pdf\" target=\"_blank\" rel=\"noopener\">FICHE TECHNIQUE<\/a><\/li>\n<li><a href=\"https:\/\/sabatie-produits-entretien.fr\/fr\/wp-content\/uploads\/2025\/03\/FDS_-36164-36165-STOCKMEIER-FRANCE_BASO_DW_EAU_DURE_HD94750_FR_-VERSION-7.pdf\" target=\"_blank\" rel=\"noopener\">FICHE DE SECURITE<\/a><\/li>\n<\/ul>\n<p>&nbsp;<\/p>\n","protected":false},"excerpt":{"rendered":"<h2>LESSIVE LIQUIDE\u00a0 POUR LE LAVAGE DE LA VAISSELLE EN MACHINE PROFESSIONNELLE EN PR\u00c9SENCE D&rsquo;EAU DURE.<\/h2>\n<h2>D\u00c9TERGENT ALCALIN TR\u00c8S S\u00c9QUESTRANT.<\/h2>\n","protected":false},"featured_media":1396,"comment_status":"closed","ping_status":"closed","template":"","meta":{"_acf_changed":false,"site-sidebar-layout":"default","site-content-layout":"","ast-site-content-layout":"default","site-content-style":"default","site-sidebar-style":"default","ast-global-header-display":"","ast-banner-title-visibility":"","ast-main-header-display":"","ast-hfb-above-header-display":"","ast-hfb-below-header-display":"","ast-hfb-mobile-header-display":"","site-post-title":"","ast-breadcrumbs-content":"","ast-featured-img":"","footer-sml-layout":"","ast-disable-related-posts":"","theme-transparent-header-meta":"","adv-header-id-meta":"","stick-header-meta":"","header-above-stick-meta":"","header-main-stick-meta":"","header-below-stick-meta":"","astra-migrate-meta-layouts":"default","ast-page-background-enabled":"default","ast-page-background-meta":{"desktop":{"background-color":"var(--ast-global-color-5)","background-image":"","background-repeat":"repeat","background-position":"center center","background-size":"auto","background-attachment":"scroll","background-type":"","background-media":"","overlay-type":"","overlay-color":"","overlay-opacity":"","overlay-gradient":""},"tablet":{"background-color":"","background-image":"","background-repeat":"repeat","background-position":"center center","background-size":"auto","background-attachment":"scroll","background-type":"","background-media":"","overlay-type":"","overlay-color":"","overlay-opacity":"","overlay-gradient":""},"mobile":{"background-color":"","background-image":"","background-repeat":"repeat","background-position":"center center","background-size":"auto","background-attachment":"scroll","background-type":"","background-media":"","overlay-type":"","overlay-color":"","overlay-opacity":"","overlay-gradient":""}},"ast-content-background-meta":{"desktop":{"background-color":"var(--ast-global-color-4)","background-image":"","background-repeat":"repeat","background-position":"center center","background-size":"auto","background-attachment":"scroll","background-type":"","background-media":"","overlay-type":"","overlay-color":"","overlay-opacity":"","overlay-gradient":""},"tablet":{"background-color":"var(--ast-global-color-4)","background-image":"","background-repeat":"repeat","background-position":"center center","background-size":"auto","background-attachment":"scroll","background-type":"","background-media":"","overlay-type":"","overlay-color":"","overlay-opacity":"","overlay-gradient":""},"mobile":{"background-color":"var(--ast-global-color-4)","background-image":"","background-repeat":"repeat","background-position":"center center","background-size":"auto","background-attachment":"scroll","background-type":"","background-media":"","overlay-type":"","overlay-color":"","overlay-opacity":"","overlay-gradient":""}}},"product_brand":[],"product_cat":[620,16],"product_tag":[380,381,382,44],"class_list":{"0":"post-1370","1":"product","2":"type-product","3":"status-publish","4":"has-post-thumbnail","6":"product_cat-lavage-rincage-automatique","7":"product_cat-tout","8":"product_tag-baso-dw-eau-dure","9":"product_tag-liquide-lavage-vaisselle-machine","10":"product_tag-quaron-solvadis","11":"product_tag-stockmeier","12":"desktop-align-left","13":"tablet-align-left","14":"mobile-align-left","16":"first","17":"instock","18":"virtual","19":"product-type-simple"},"acf":[],"_links":{"self":[{"href":"https:\/\/sabatie-produits-entretien.fr\/fr\/wp-json\/wp\/v2\/product\/1370","targetHints":{"allow":["GET"]}}],"collection":[{"href":"https:\/\/sabatie-produits-entretien.fr\/fr\/wp-json\/wp\/v2\/product"}],"about":[{"href":"https:\/\/sabatie-produits-entretien.fr\/fr\/wp-json\/wp\/v2\/types\/product"}],"replies":[{"embeddable":true,"href":"https:\/\/sabatie-produits-entretien.fr\/fr\/wp-json\/wp\/v2\/comments?post=1370"}],"wp:featuredmedia":[{"embeddable":true,"href":"https:\/\/sabatie-produits-entretien.fr\/fr\/wp-json\/wp\/v2\/media\/1396"}],"wp:attachment":[{"href":"https:\/\/sabatie-produits-entretien.fr\/fr\/wp-json\/wp\/v2\/media?parent=1370"}],"wp:term":[{"taxonomy":"product_brand","embeddable":true,"href":"https:\/\/sabatie-produits-entretien.fr\/fr\/wp-json\/wp\/v2\/product_brand?post=1370"},{"taxonomy":"product_cat","embeddable":true,"href":"https:\/\/sabatie-produits-entretien.fr\/fr\/wp-json\/wp\/v2\/product_cat?post=1370"},{"taxonomy":"product_tag","embeddable":true,"href":"https:\/\/sabatie-produits-entretien.fr\/fr\/wp-json\/wp\/v2\/product_tag?post=1370"}],"curies":[{"name":"wp","href":"https:\/\/api.w.org\/{rel}","templated":true}]}}