{"id":1381,"date":"2025-05-05T08:53:58","date_gmt":"2025-05-05T06:53:58","guid":{"rendered":"http:\/\/localhost\/sabatiesarl\/?post_type=product&#038;p=1381"},"modified":"2025-06-11T10:53:23","modified_gmt":"2025-06-11T08:53:23","slug":"0263-renovant-vaisselle-faral-260-bidon-5-l","status":"publish","type":"product","link":"https:\/\/sabatie-produits-entretien.fr\/fr\/produit\/0263-renovant-vaisselle-faral-260-bidon-5-l\/","title":{"rendered":"0263 R\u00c9NOVANT VAISSELLE FARAL 260 bidon 5 L"},"content":{"rendered":"<h2>AGENT ALCALIN CHLOR\u00c9 POUR LA R\u00c9NOVATION DE LA VERRERIE, DE LA PORCELAINE ET DES USTENSILES EN MATI\u00c8RE PLASTIQUE, CONTIENT UN AGENT DE BLANCHIMENT<\/h2>\n<h2>FARAL 260<\/h2>\n<p>&nbsp;<\/p>\n<h4>UTILISATION<\/h4>\n<ul>\n<li>est un nettoyant liquide alcalin chlor\u00e9 sp\u00e9cialement con\u00e7u pour la r\u00e9novation de la verrerie, de la porcelaine et des ustensiles en mati\u00e8re plastique, souill\u00e9s et tach\u00e9s (caf\u00e9ine, th\u00e9ine, tanin).<\/li>\n<li>s&rsquo;utilise en eau dure.<\/li>\n<li>poss\u00e8de un pouvoir d\u00e9sincrustant tr\u00e8s \u00e9lev\u00e9.<\/li>\n<li>permet, gr\u00e2ce \u00e0 la pr\u00e9sence d&rsquo;ions chlor\u00e9s actifs, d&rsquo;effectuer un seul pr\u00e9-trempage sans frotter.<\/li>\n<\/ul>\n<p>&nbsp;<\/p>\n<ul>\n<li><strong><em>Agr\u00e9er Contact Alimentaire<\/em><\/strong><\/li>\n<\/ul>\n<p>&nbsp;<\/p>\n<h4>PROPRI\u00c9T\u00c9S<\/h4>\n<ul>\n<li>aspect\u00a0 :\u00a0 liquide visqueux<\/li>\n<li>couleur\u00a0 :\u00a0 incolore<\/li>\n<li>odeur\u00a0 :\u00a0 javellis\u00e9<\/li>\n<li>pH \u00e0 l&rsquo;\u00e9tat pur\u00a0 :\u00a0 &gt;12<\/li>\n<\/ul>\n<p>&nbsp;<\/p>\n<h4>CONDITIONNEMENT<\/h4>\n<ul>\n<li>bidon de 5 litres<\/li>\n<li>carton de 2 x 5 litres<\/li>\n<\/ul>\n<p>&nbsp;<\/p>\n<ul>\n<li><a href=\"http:\/\/sabatie-produits-entretien.fr\/fr\/wp-content\/uploads\/2017\/04\/FARAL-OPTIMUM-260-FT-rev2-23.07.2015-CLP.pdf\" target=\"_blank\" rel=\"noopener noreferrer\">FICHE TECHNIQUE<\/a><\/li>\n<li><a href=\"http:\/\/sabatie-produits-entretien.fr\/fr\/wp-content\/uploads\/2017\/04\/FARAL-OPTIMUM-260_FR.pdf\" target=\"_blank\" rel=\"noopener noreferrer\">FICHE DE SECURITE<\/a><\/li>\n<\/ul>\n<p>&nbsp;<\/p>\n","protected":false},"excerpt":{"rendered":"<h2>AGENT ALCALIN CHLOR\u00c9 POUR LA R\u00c9NOVATION DE LA VERRERIE, DE LA PORCELAINE ET DES USTENSILES EN MATI\u00c8RE PLASTIQUE, CONTIENT UN AGENT DE BLANCHIMENT<\/h2>\n<p>&nbsp;<\/p>\n<p><em>\u00a0<\/em><\/p>\n","protected":false},"featured_media":1426,"comment_status":"closed","ping_status":"closed","template":"","meta":{"_acf_changed":false,"site-sidebar-layout":"default","site-content-layout":"","ast-site-content-layout":"default","site-content-style":"default","site-sidebar-style":"default","ast-global-header-display":"","ast-banner-title-visibility":"","ast-main-header-display":"","ast-hfb-above-header-display":"","ast-hfb-below-header-display":"","ast-hfb-mobile-header-display":"","site-post-title":"","ast-breadcrumbs-content":"","ast-featured-img":"","footer-sml-layout":"","ast-disable-related-posts":"","theme-transparent-header-meta":"","adv-header-id-meta":"","stick-header-meta":"","header-above-stick-meta":"","header-main-stick-meta":"","header-below-stick-meta":"","astra-migrate-meta-layouts":"default","ast-page-background-enabled":"default","ast-page-background-meta":{"desktop":{"background-color":"var(--ast-global-color-5)","background-image":"","background-repeat":"repeat","background-position":"center center","background-size":"auto","background-attachment":"scroll","background-type":"","background-media":"","overlay-type":"","overlay-color":"","overlay-opacity":"","overlay-gradient":""},"tablet":{"background-color":"","background-image":"","background-repeat":"repeat","background-position":"center center","background-size":"auto","background-attachment":"scroll","background-type":"","background-media":"","overlay-type":"","overlay-color":"","overlay-opacity":"","overlay-gradient":""},"mobile":{"background-color":"","background-image":"","background-repeat":"repeat","background-position":"center center","background-size":"auto","background-attachment":"scroll","background-type":"","background-media":"","overlay-type":"","overlay-color":"","overlay-opacity":"","overlay-gradient":""}},"ast-content-background-meta":{"desktop":{"background-color":"var(--ast-global-color-4)","background-image":"","background-repeat":"repeat","background-position":"center center","background-size":"auto","background-attachment":"scroll","background-type":"","background-media":"","overlay-type":"","overlay-color":"","overlay-opacity":"","overlay-gradient":""},"tablet":{"background-color":"var(--ast-global-color-4)","background-image":"","background-repeat":"repeat","background-position":"center center","background-size":"auto","background-attachment":"scroll","background-type":"","background-media":"","overlay-type":"","overlay-color":"","overlay-opacity":"","overlay-gradient":""},"mobile":{"background-color":"var(--ast-global-color-4)","background-image":"","background-repeat":"repeat","background-position":"center center","background-size":"auto","background-attachment":"scroll","background-type":"","background-media":"","overlay-type":"","overlay-color":"","overlay-opacity":"","overlay-gradient":""}}},"product_brand":[],"product_cat":[16,622],"product_tag":[407,408,409],"class_list":{"0":"post-1381","1":"product","2":"type-product","3":"status-publish","4":"has-post-thumbnail","6":"product_cat-tout","7":"product_cat-trempage-renovant-vaisselle","8":"product_tag-faral-260","9":"product_tag-renovant-vaisselle","10":"product_tag-renovant-verrerie-porcelaine-ustensile","11":"desktop-align-left","12":"tablet-align-left","13":"mobile-align-left","15":"first","16":"instock","17":"virtual","18":"product-type-simple"},"acf":[],"_links":{"self":[{"href":"https:\/\/sabatie-produits-entretien.fr\/fr\/wp-json\/wp\/v2\/product\/1381","targetHints":{"allow":["GET"]}}],"collection":[{"href":"https:\/\/sabatie-produits-entretien.fr\/fr\/wp-json\/wp\/v2\/product"}],"about":[{"href":"https:\/\/sabatie-produits-entretien.fr\/fr\/wp-json\/wp\/v2\/types\/product"}],"replies":[{"embeddable":true,"href":"https:\/\/sabatie-produits-entretien.fr\/fr\/wp-json\/wp\/v2\/comments?post=1381"}],"wp:featuredmedia":[{"embeddable":true,"href":"https:\/\/sabatie-produits-entretien.fr\/fr\/wp-json\/wp\/v2\/media\/1426"}],"wp:attachment":[{"href":"https:\/\/sabatie-produits-entretien.fr\/fr\/wp-json\/wp\/v2\/media?parent=1381"}],"wp:term":[{"taxonomy":"product_brand","embeddable":true,"href":"https:\/\/sabatie-produits-entretien.fr\/fr\/wp-json\/wp\/v2\/product_brand?post=1381"},{"taxonomy":"product_cat","embeddable":true,"href":"https:\/\/sabatie-produits-entretien.fr\/fr\/wp-json\/wp\/v2\/product_cat?post=1381"},{"taxonomy":"product_tag","embeddable":true,"href":"https:\/\/sabatie-produits-entretien.fr\/fr\/wp-json\/wp\/v2\/product_tag?post=1381"}],"curies":[{"name":"wp","href":"https:\/\/api.w.org\/{rel}","templated":true}]}}