{"id":1397,"date":"2025-05-05T08:54:19","date_gmt":"2025-05-05T06:54:19","guid":{"rendered":"http:\/\/localhost\/sabatiesarl\/?post_type=product&#038;p=1397"},"modified":"2025-06-11T10:51:12","modified_gmt":"2025-06-11T08:51:12","slug":"36166-baso-dw-pf-lavage-vaisselle-machine-toutes-eaux-bidon-21-kg","status":"publish","type":"product","link":"https:\/\/sabatie-produits-entretien.fr\/fr\/produit\/36166-baso-dw-pf-lavage-vaisselle-machine-toutes-eaux-bidon-21-kg\/","title":{"rendered":"36166 BASO DW PF Lavage Vaisselle Machine Toutes eaux bidon 21 kg"},"content":{"rendered":"<h2>BASO DW PF Lavage Vaisselle Machine Toutes eaux<\/h2>\n<h2>D\u00e9tergent pour lavage de la vaisselle en machine<\/h2>\n<p>&nbsp;<\/p>\n<h4>BASO DW PF est un d\u00e9tergent alcalin non moussant s\u00e9questrant sans phosphate. Formul\u00e9 avec uniquement de la potasse pour un meilleur rin\u00e7age et limiter les traces.<\/h4>\n<h4>BASO DW PF est adapt\u00e9 \u00e0 tout type de duret\u00e9 d\u2019eau, pour le nettoyage de la vaisselle, verrerie en machine professionnelle, lave batterie, tunnel de lavage, machine \u00e0 ultrason.<\/h4>\n<h4>BASO DW PF supprime les souillures tenaces sur tout type d&rsquo;ustensiles. Concentration \u00e0 adapter selon le niveau de souillure.<\/h4>\n<h4>BASO DW PF est \u00e9galement utilisable en autolaveuse pour la r\u00e9novation des sols<\/h4>\n<h4><\/h4>\n<p>&nbsp;<\/p>\n<ul>\n<li><strong><em>Agr\u00e9er Contact Alimentaire<\/em><\/strong><\/li>\n<\/ul>\n<p>&nbsp;<\/p>\n<h4>CONDITIONNEMENT<\/h4>\n<ul>\n<li>bidon de 21 kg<\/li>\n<\/ul>\n<p>&nbsp;<\/p>\n<ul>\n<li><a href=\"https:\/\/sabatie-produits-entretien.fr\/fr\/wp-content\/uploads\/2023\/10\/FT-36166-BASO-DW-PF-LAV-HD11250.pdf\" target=\"_blank\" rel=\"noopener noreferrer\">FICHE TECHNIQUE<\/a><\/li>\n<li><a href=\"https:\/\/sabatie-produits-entretien.fr\/fr\/wp-content\/uploads\/2023\/10\/FDS-36166-BASO-DW-PF-LAV-HD11250.pdf\" target=\"_blank\" rel=\"noopener noreferrer\">FICHE DE SECURITE<\/a><\/li>\n<\/ul>\n<p>&nbsp;<\/p>\n<p>&nbsp;<\/p>\n","protected":false},"excerpt":{"rendered":"<h3>D\u00e9tergent pour lavage de la vaisselle en machine<\/h3>\n","protected":false},"featured_media":1427,"comment_status":"closed","ping_status":"closed","template":"","meta":{"_acf_changed":false,"site-sidebar-layout":"default","site-content-layout":"","ast-site-content-layout":"default","site-content-style":"default","site-sidebar-style":"default","ast-global-header-display":"","ast-banner-title-visibility":"","ast-main-header-display":"","ast-hfb-above-header-display":"","ast-hfb-below-header-display":"","ast-hfb-mobile-header-display":"","site-post-title":"","ast-breadcrumbs-content":"","ast-featured-img":"","footer-sml-layout":"","ast-disable-related-posts":"","theme-transparent-header-meta":"","adv-header-id-meta":"","stick-header-meta":"","header-above-stick-meta":"","header-main-stick-meta":"","header-below-stick-meta":"","astra-migrate-meta-layouts":"default","ast-page-background-enabled":"default","ast-page-background-meta":{"desktop":{"background-color":"var(--ast-global-color-5)","background-image":"","background-repeat":"repeat","background-position":"center center","background-size":"auto","background-attachment":"scroll","background-type":"","background-media":"","overlay-type":"","overlay-color":"","overlay-opacity":"","overlay-gradient":""},"tablet":{"background-color":"","background-image":"","background-repeat":"repeat","background-position":"center center","background-size":"auto","background-attachment":"scroll","background-type":"","background-media":"","overlay-type":"","overlay-color":"","overlay-opacity":"","overlay-gradient":""},"mobile":{"background-color":"","background-image":"","background-repeat":"repeat","background-position":"center center","background-size":"auto","background-attachment":"scroll","background-type":"","background-media":"","overlay-type":"","overlay-color":"","overlay-opacity":"","overlay-gradient":""}},"ast-content-background-meta":{"desktop":{"background-color":"var(--ast-global-color-4)","background-image":"","background-repeat":"repeat","background-position":"center center","background-size":"auto","background-attachment":"scroll","background-type":"","background-media":"","overlay-type":"","overlay-color":"","overlay-opacity":"","overlay-gradient":""},"tablet":{"background-color":"var(--ast-global-color-4)","background-image":"","background-repeat":"repeat","background-position":"center center","background-size":"auto","background-attachment":"scroll","background-type":"","background-media":"","overlay-type":"","overlay-color":"","overlay-opacity":"","overlay-gradient":""},"mobile":{"background-color":"var(--ast-global-color-4)","background-image":"","background-repeat":"repeat","background-position":"center center","background-size":"auto","background-attachment":"scroll","background-type":"","background-media":"","overlay-type":"","overlay-color":"","overlay-opacity":"","overlay-gradient":""}}},"product_brand":[],"product_cat":[16,620],"product_tag":[410,411,44],"class_list":{"0":"post-1397","1":"product","2":"type-product","3":"status-publish","4":"has-post-thumbnail","6":"product_cat-tout","7":"product_cat-lavage-rincage-automatique","8":"product_tag-baso-dw-pf","9":"product_tag-lavage-vaisselle-machine-toutes-eaux","10":"product_tag-stockmeier","11":"desktop-align-left","12":"tablet-align-left","13":"mobile-align-left","15":"first","16":"instock","17":"virtual","18":"product-type-simple"},"acf":[],"_links":{"self":[{"href":"https:\/\/sabatie-produits-entretien.fr\/fr\/wp-json\/wp\/v2\/product\/1397","targetHints":{"allow":["GET"]}}],"collection":[{"href":"https:\/\/sabatie-produits-entretien.fr\/fr\/wp-json\/wp\/v2\/product"}],"about":[{"href":"https:\/\/sabatie-produits-entretien.fr\/fr\/wp-json\/wp\/v2\/types\/product"}],"replies":[{"embeddable":true,"href":"https:\/\/sabatie-produits-entretien.fr\/fr\/wp-json\/wp\/v2\/comments?post=1397"}],"wp:featuredmedia":[{"embeddable":true,"href":"https:\/\/sabatie-produits-entretien.fr\/fr\/wp-json\/wp\/v2\/media\/1427"}],"wp:attachment":[{"href":"https:\/\/sabatie-produits-entretien.fr\/fr\/wp-json\/wp\/v2\/media?parent=1397"}],"wp:term":[{"taxonomy":"product_brand","embeddable":true,"href":"https:\/\/sabatie-produits-entretien.fr\/fr\/wp-json\/wp\/v2\/product_brand?post=1397"},{"taxonomy":"product_cat","embeddable":true,"href":"https:\/\/sabatie-produits-entretien.fr\/fr\/wp-json\/wp\/v2\/product_cat?post=1397"},{"taxonomy":"product_tag","embeddable":true,"href":"https:\/\/sabatie-produits-entretien.fr\/fr\/wp-json\/wp\/v2\/product_tag?post=1397"}],"curies":[{"name":"wp","href":"https:\/\/api.w.org\/{rel}","templated":true}]}}