{"id":1401,"date":"2025-05-05T08:54:20","date_gmt":"2025-05-05T06:54:20","guid":{"rendered":"http:\/\/localhost\/sabatiesarl\/?post_type=product&#038;p=1401"},"modified":"2025-06-11T10:49:37","modified_gmt":"2025-06-11T08:49:37","slug":"0210-solo-c30-degraissant-puissant-alimentaire-bidon-5-l","status":"publish","type":"product","link":"https:\/\/sabatie-produits-entretien.fr\/fr\/produit\/0210-solo-c30-degraissant-puissant-alimentaire-bidon-5-l\/","title":{"rendered":"0210 SOLO C30 D\u00c9GRAISSANT PUISSANT ALIMENTAIRE bidon 5 L"},"content":{"rendered":"<h2>SOLO C30<\/h2>\n<h2>D\u00c9GRAISSANT PUISSANT UNIVERSEL ALIMENTAIRE<\/h2>\n<p>&nbsp;<\/p>\n<h4>UTILISATION<\/h4>\n<ul>\n<li>SOLO C30 est un d\u00e9graissant universel puissant destin\u00e9 au nettoyage manuel ou m\u00e9canique de toutes surfaces lavables : sols (carrelages, rev\u00eatements plastiques non prot\u00e9g\u00e9s), murs (peintures lavables), surfaces \u00e9maill\u00e9es (\u00e9viers, carreaux de fa\u00efence), plans de travail, r\u00e9cipients.<\/li>\n<li>SOLO C30 poss\u00e8de un pouvoir \u00e9mulsionnant \u00e9lev\u00e9 des graisses animales et v\u00e9g\u00e9tales. SOLO C30 laisse les sols propres et non glissants.<\/li>\n<\/ul>\n<p>&nbsp;<\/p>\n<ul>\n<li><strong><em>Agr\u00e9er Contact Alimentaire<\/em><\/strong><\/li>\n<\/ul>\n<p>&nbsp;<\/p>\n<h4>PROPRI\u00c9T\u00c9S<\/h4>\n<ul>\n<li>aspect\u00a0 :\u00a0 liquide<\/li>\n<li>couleur\u00a0 :\u00a0 jaune laiteux<\/li>\n<li>odeur\u00a0 :\u00a0 alcaline<\/li>\n<li>pH \u00e0 l&rsquo;\u00e9tat pur\u00a0 :\u00a0 &gt;12<\/li>\n<\/ul>\n<p>&nbsp;<\/p>\n<h4>CONDITIONNEMENT<\/h4>\n<ul>\n<li>bidon de 5 litres<\/li>\n<li>carton de 2 x 5 litres<\/li>\n<\/ul>\n<p>&nbsp;<\/p>\n<ul>\n<li><a href=\"http:\/\/sabatie-produits-entretien.fr\/fr\/wp-content\/uploads\/2017\/04\/SOLO-C30-FT-22.06.2015-CLP.pdf\" target=\"_blank\">FICHE TECHNIQUE<\/a><\/li>\n<li><a href=\"http:\/\/sabatie-produits-entretien.fr\/fr\/wp-content\/uploads\/2017\/04\/SOLO-C30_FR.pdf\" target=\"_blank\">FICHE DE SECURITE<\/a><\/li>\n<\/ul>\n<p>&nbsp;<\/p>\n<p>&nbsp;<\/p>\n<p>&nbsp;<\/p>\n","protected":false},"excerpt":{"rendered":"<h4>D\u00c9GRAISSANT PUISSANT UNIVERSEL ALIMENTAIRE<\/h4>\n","protected":false},"featured_media":1431,"comment_status":"closed","ping_status":"closed","template":"","meta":{"_acf_changed":false,"site-sidebar-layout":"default","site-content-layout":"","ast-site-content-layout":"default","site-content-style":"default","site-sidebar-style":"default","ast-global-header-display":"","ast-banner-title-visibility":"","ast-main-header-display":"","ast-hfb-above-header-display":"","ast-hfb-below-header-display":"","ast-hfb-mobile-header-display":"","site-post-title":"","ast-breadcrumbs-content":"","ast-featured-img":"","footer-sml-layout":"","ast-disable-related-posts":"","theme-transparent-header-meta":"","adv-header-id-meta":"","stick-header-meta":"","header-above-stick-meta":"","header-main-stick-meta":"","header-below-stick-meta":"","astra-migrate-meta-layouts":"default","ast-page-background-enabled":"default","ast-page-background-meta":{"desktop":{"background-color":"var(--ast-global-color-5)","background-image":"","background-repeat":"repeat","background-position":"center center","background-size":"auto","background-attachment":"scroll","background-type":"","background-media":"","overlay-type":"","overlay-color":"","overlay-opacity":"","overlay-gradient":""},"tablet":{"background-color":"","background-image":"","background-repeat":"repeat","background-position":"center center","background-size":"auto","background-attachment":"scroll","background-type":"","background-media":"","overlay-type":"","overlay-color":"","overlay-opacity":"","overlay-gradient":""},"mobile":{"background-color":"","background-image":"","background-repeat":"repeat","background-position":"center center","background-size":"auto","background-attachment":"scroll","background-type":"","background-media":"","overlay-type":"","overlay-color":"","overlay-opacity":"","overlay-gradient":""}},"ast-content-background-meta":{"desktop":{"background-color":"var(--ast-global-color-4)","background-image":"","background-repeat":"repeat","background-position":"center center","background-size":"auto","background-attachment":"scroll","background-type":"","background-media":"","overlay-type":"","overlay-color":"","overlay-opacity":"","overlay-gradient":""},"tablet":{"background-color":"var(--ast-global-color-4)","background-image":"","background-repeat":"repeat","background-position":"center center","background-size":"auto","background-attachment":"scroll","background-type":"","background-media":"","overlay-type":"","overlay-color":"","overlay-opacity":"","overlay-gradient":""},"mobile":{"background-color":"var(--ast-global-color-4)","background-image":"","background-repeat":"repeat","background-position":"center center","background-size":"auto","background-attachment":"scroll","background-type":"","background-media":"","overlay-type":"","overlay-color":"","overlay-opacity":"","overlay-gradient":""}}},"product_brand":[],"product_cat":[16,625],"product_tag":[418,419],"class_list":{"0":"post-1401","1":"product","2":"type-product","3":"status-publish","4":"has-post-thumbnail","6":"product_cat-tout","7":"product_cat-degraissant","8":"product_tag-degraissant-puissant-alimentaire","9":"product_tag-solo-c30","10":"desktop-align-left","11":"tablet-align-left","12":"mobile-align-left","14":"first","15":"instock","16":"virtual","17":"product-type-simple"},"acf":[],"_links":{"self":[{"href":"https:\/\/sabatie-produits-entretien.fr\/fr\/wp-json\/wp\/v2\/product\/1401","targetHints":{"allow":["GET"]}}],"collection":[{"href":"https:\/\/sabatie-produits-entretien.fr\/fr\/wp-json\/wp\/v2\/product"}],"about":[{"href":"https:\/\/sabatie-produits-entretien.fr\/fr\/wp-json\/wp\/v2\/types\/product"}],"replies":[{"embeddable":true,"href":"https:\/\/sabatie-produits-entretien.fr\/fr\/wp-json\/wp\/v2\/comments?post=1401"}],"wp:featuredmedia":[{"embeddable":true,"href":"https:\/\/sabatie-produits-entretien.fr\/fr\/wp-json\/wp\/v2\/media\/1431"}],"wp:attachment":[{"href":"https:\/\/sabatie-produits-entretien.fr\/fr\/wp-json\/wp\/v2\/media?parent=1401"}],"wp:term":[{"taxonomy":"product_brand","embeddable":true,"href":"https:\/\/sabatie-produits-entretien.fr\/fr\/wp-json\/wp\/v2\/product_brand?post=1401"},{"taxonomy":"product_cat","embeddable":true,"href":"https:\/\/sabatie-produits-entretien.fr\/fr\/wp-json\/wp\/v2\/product_cat?post=1401"},{"taxonomy":"product_tag","embeddable":true,"href":"https:\/\/sabatie-produits-entretien.fr\/fr\/wp-json\/wp\/v2\/product_tag?post=1401"}],"curies":[{"name":"wp","href":"https:\/\/api.w.org\/{rel}","templated":true}]}}