{"id":1471,"date":"2025-05-05T08:55:04","date_gmt":"2025-05-05T06:55:04","guid":{"rendered":"http:\/\/localhost\/sabatiesarl\/?post_type=product&#038;p=1471"},"modified":"2025-06-11T01:06:15","modified_gmt":"2025-06-10T23:06:15","slug":"5050-sac-dasri-15-l-jaune-pour-dechets-de-soins-a-risques-infectieux-carton-de-500","status":"publish","type":"product","link":"https:\/\/sabatie-produits-entretien.fr\/fr\/produit\/5050-sac-dasri-15-l-jaune-pour-dechets-de-soins-a-risques-infectieux-carton-de-500\/","title":{"rendered":"5050 SAC DASRI 15 L JAUNE pour d\u00e9chets de soins \u00e0 risques infectieux carton de 500"},"content":{"rendered":"<h2>SAC DASRI 15 L JAUNE pour d\u00e9chets de soins \u00e0 risques infectieux<\/h2>\n<h2>avec liens coulissants<\/h2>\n<p>&nbsp;<\/p>\n<ul>\n<li>\n<h4>DIMENSIONS :<\/h4>\n<\/li>\n<\/ul>\n<ul>\n<li>\n<h4>Hauteur \u00a0 \u00a0 :\u00a0 40 cm<\/h4>\n<\/li>\n<li>\n<h4>Largeur\u00a0 \u00a0 \u00a0 :\u00a0 35 cm<\/h4>\n<\/li>\n<li>\n<h4>\u00c9paisseur\u00a0 :\u00a0 19 microns<\/h4>\n<\/li>\n<\/ul>\n<p>&nbsp;<\/p>\n<ul>\n<li>\n<h4>\u00a0CONTENANCE\u00a0 :\u00a0 15 litres<\/h4>\n<\/li>\n<\/ul>\n<p>&nbsp;<\/p>\n<ul>\n<li>\n<h4>MATI\u00c8RE\u00a0 :\u00a0 poly\u00e9thyl\u00e8ne<\/h4>\n<\/li>\n<\/ul>\n<p>&nbsp;<\/p>\n<ul>\n<li>\n<h4>COULEUR\u00a0 :\u00a0 jaune<\/h4>\n<\/li>\n<\/ul>\n<p>&nbsp;<\/p>\n<ul>\n<li>\n<h4>CONDITIONNEMENT\u00a0 :\u00a0 carton de 20 rouleaux de 25 sacs<\/h4>\n<\/li>\n<\/ul>\n<p>&nbsp;<\/p>\n<h4>Norme AFNOR\u00a0 :\u00a0 en conformit\u00e9 avec les normes en vigueur, et marquage de la norme NF X 30-501<\/h4>\n<h4>Conformit\u00e9 avec la norme NF environnement\u00a0 :\u00a0 oui<\/h4>\n<p>&nbsp;<\/p>\n<h4><strong><em>\u00c9limination \/ Incin\u00e9ration :<\/em><\/strong><\/h4>\n<h4><em>Le poly\u00e9thyl\u00e8ne peut-\u00eatre incin\u00e9r\u00e9 sans le moindre danger, en effet la combustion du poly\u00e9thyl\u00e8ne ne d\u00e9gage que de la vapeur d&rsquo;eau et du gaz carbonique (H 20 + C 02) en l&rsquo;absence totale de vapeurs novices ou corrosives.<\/em><\/h4>\n","protected":false},"excerpt":{"rendered":"<h2>SAC DASRI 15 L JAUNE pour d\u00e9chets de soins \u00e0 risques infectieux<\/h2>\n<h2>avec liens coulissants<\/h2>\n","protected":false},"featured_media":1497,"comment_status":"closed","ping_status":"closed","template":"","meta":{"_acf_changed":false,"site-sidebar-layout":"default","site-content-layout":"","ast-site-content-layout":"default","site-content-style":"default","site-sidebar-style":"default","ast-global-header-display":"","ast-banner-title-visibility":"","ast-main-header-display":"","ast-hfb-above-header-display":"","ast-hfb-below-header-display":"","ast-hfb-mobile-header-display":"","site-post-title":"","ast-breadcrumbs-content":"","ast-featured-img":"","footer-sml-layout":"","ast-disable-related-posts":"","theme-transparent-header-meta":"","adv-header-id-meta":"","stick-header-meta":"","header-above-stick-meta":"","header-main-stick-meta":"","header-below-stick-meta":"","astra-migrate-meta-layouts":"default","ast-page-background-enabled":"default","ast-page-background-meta":{"desktop":{"background-color":"var(--ast-global-color-5)","background-image":"","background-repeat":"repeat","background-position":"center center","background-size":"auto","background-attachment":"scroll","background-type":"","background-media":"","overlay-type":"","overlay-color":"","overlay-opacity":"","overlay-gradient":""},"tablet":{"background-color":"","background-image":"","background-repeat":"repeat","background-position":"center center","background-size":"auto","background-attachment":"scroll","background-type":"","background-media":"","overlay-type":"","overlay-color":"","overlay-opacity":"","overlay-gradient":""},"mobile":{"background-color":"","background-image":"","background-repeat":"repeat","background-position":"center center","background-size":"auto","background-attachment":"scroll","background-type":"","background-media":"","overlay-type":"","overlay-color":"","overlay-opacity":"","overlay-gradient":""}},"ast-content-background-meta":{"desktop":{"background-color":"var(--ast-global-color-4)","background-image":"","background-repeat":"repeat","background-position":"center center","background-size":"auto","background-attachment":"scroll","background-type":"","background-media":"","overlay-type":"","overlay-color":"","overlay-opacity":"","overlay-gradient":""},"tablet":{"background-color":"var(--ast-global-color-4)","background-image":"","background-repeat":"repeat","background-position":"center center","background-size":"auto","background-attachment":"scroll","background-type":"","background-media":"","overlay-type":"","overlay-color":"","overlay-opacity":"","overlay-gradient":""},"mobile":{"background-color":"var(--ast-global-color-4)","background-image":"","background-repeat":"repeat","background-position":"center center","background-size":"auto","background-attachment":"scroll","background-type":"","background-media":"","overlay-type":"","overlay-color":"","overlay-opacity":"","overlay-gradient":""}}},"product_brand":[],"product_cat":[16,642],"product_tag":[115,116,117,118,435,119],"class_list":{"0":"post-1471","1":"product","2":"type-product","3":"status-publish","4":"has-post-thumbnail","6":"product_cat-tout","7":"product_cat-sac-poubelle-dasri","8":"product_tag-dechet","9":"product_tag-plastique","10":"product_tag-poubelle","11":"product_tag-sac","12":"product_tag-sac-dasri","13":"product_tag-sac-poubelle","14":"desktop-align-left","15":"tablet-align-left","16":"mobile-align-left","18":"first","19":"instock","20":"virtual","21":"product-type-simple"},"acf":[],"_links":{"self":[{"href":"https:\/\/sabatie-produits-entretien.fr\/fr\/wp-json\/wp\/v2\/product\/1471","targetHints":{"allow":["GET"]}}],"collection":[{"href":"https:\/\/sabatie-produits-entretien.fr\/fr\/wp-json\/wp\/v2\/product"}],"about":[{"href":"https:\/\/sabatie-produits-entretien.fr\/fr\/wp-json\/wp\/v2\/types\/product"}],"replies":[{"embeddable":true,"href":"https:\/\/sabatie-produits-entretien.fr\/fr\/wp-json\/wp\/v2\/comments?post=1471"}],"wp:featuredmedia":[{"embeddable":true,"href":"https:\/\/sabatie-produits-entretien.fr\/fr\/wp-json\/wp\/v2\/media\/1497"}],"wp:attachment":[{"href":"https:\/\/sabatie-produits-entretien.fr\/fr\/wp-json\/wp\/v2\/media?parent=1471"}],"wp:term":[{"taxonomy":"product_brand","embeddable":true,"href":"https:\/\/sabatie-produits-entretien.fr\/fr\/wp-json\/wp\/v2\/product_brand?post=1471"},{"taxonomy":"product_cat","embeddable":true,"href":"https:\/\/sabatie-produits-entretien.fr\/fr\/wp-json\/wp\/v2\/product_cat?post=1471"},{"taxonomy":"product_tag","embeddable":true,"href":"https:\/\/sabatie-produits-entretien.fr\/fr\/wp-json\/wp\/v2\/product_tag?post=1471"}],"curies":[{"name":"wp","href":"https:\/\/api.w.org\/{rel}","templated":true}]}}