{"id":1481,"date":"2025-05-05T08:55:04","date_gmt":"2025-05-05T06:55:04","guid":{"rendered":"http:\/\/localhost\/sabatiesarl\/?post_type=product&#038;p=1481"},"modified":"2025-06-11T00:57:25","modified_gmt":"2025-06-10T22:57:25","slug":"5115-sac-poubelle-50-l-noir-26-microns-carton-de-500","status":"publish","type":"product","link":"https:\/\/sabatie-produits-entretien.fr\/fr\/produit\/5115-sac-poubelle-50-l-noir-26-microns-carton-de-500\/","title":{"rendered":"5115 SAC POUBELLE 50 L NOIR 26 microns carton de 500"},"content":{"rendered":"<h2>SAC POUBELLE\u00a0 50 L NOIR<\/h2>\n<h2>avec lien \u00e0 nouer<\/h2>\n<p>&nbsp;<\/p>\n<ul>\n<li>\n<h4>DIMENSIONS :<\/h4>\n<\/li>\n<\/ul>\n<ul>\n<li>\n<h4>Hauteur \u00a0 \u00a0 :\u00a0 78 cm<\/h4>\n<\/li>\n<li>\n<h4>Largeur\u00a0 \u00a0 \u00a0 :\u00a0 68 cm<\/h4>\n<\/li>\n<li>\n<h4>\u00c9paisseur\u00a0 :\u00a0 26 microns<\/h4>\n<\/li>\n<\/ul>\n<p>&nbsp;<\/p>\n<ul>\n<li>\n<h4>\u00a0CONTENANCE\u00a0 :\u00a0 50 litres<\/h4>\n<\/li>\n<\/ul>\n<p>&nbsp;<\/p>\n<ul>\n<li>\n<h4>MATI\u00c8RE\u00a0 :\u00a0 poly\u00e9thyl\u00e8ne basse densit\u00e9<\/h4>\n<\/li>\n<\/ul>\n<p>&nbsp;<\/p>\n<ul>\n<li>\n<h4>COULEUR\u00a0 :\u00a0 noir<\/h4>\n<\/li>\n<\/ul>\n<p>&nbsp;<\/p>\n<ul>\n<li>\n<h4>CONDITIONNEMENT\u00a0 :\u00a0 carton de 25 rouleaux de 20 sacs<\/h4>\n<\/li>\n<\/ul>\n<p>&nbsp;<\/p>\n<h4><strong><em>\u00c9limination \/ Incin\u00e9ration :<\/em><\/strong><\/h4>\n<h4><em>Le poly\u00e9thyl\u00e8ne peut-\u00eatre incin\u00e9r\u00e9 sans le moindre danger, en effet la combustion du poly\u00e9thyl\u00e8ne ne d\u00e9gage que de la vapeur d&rsquo;eau et du gaz carbonique (H 20 + C 02) en l&rsquo;absence totale de vapeurs novices ou corrosives.<\/em><\/h4>\n","protected":false},"excerpt":{"rendered":"<h3>SAC POUBELLE\u00a0 50 L NOIR<\/h3>\n<h3>avec lien \u00e0 nouer<\/h3>\n","protected":false},"featured_media":1467,"comment_status":"closed","ping_status":"closed","template":"","meta":{"_acf_changed":false,"site-sidebar-layout":"default","site-content-layout":"","ast-site-content-layout":"default","site-content-style":"default","site-sidebar-style":"default","ast-global-header-display":"","ast-banner-title-visibility":"","ast-main-header-display":"","ast-hfb-above-header-display":"","ast-hfb-below-header-display":"","ast-hfb-mobile-header-display":"","site-post-title":"","ast-breadcrumbs-content":"","ast-featured-img":"","footer-sml-layout":"","ast-disable-related-posts":"","theme-transparent-header-meta":"","adv-header-id-meta":"","stick-header-meta":"","header-above-stick-meta":"","header-main-stick-meta":"","header-below-stick-meta":"","astra-migrate-meta-layouts":"default","ast-page-background-enabled":"default","ast-page-background-meta":{"desktop":{"background-color":"var(--ast-global-color-5)","background-image":"","background-repeat":"repeat","background-position":"center center","background-size":"auto","background-attachment":"scroll","background-type":"","background-media":"","overlay-type":"","overlay-color":"","overlay-opacity":"","overlay-gradient":""},"tablet":{"background-color":"","background-image":"","background-repeat":"repeat","background-position":"center center","background-size":"auto","background-attachment":"scroll","background-type":"","background-media":"","overlay-type":"","overlay-color":"","overlay-opacity":"","overlay-gradient":""},"mobile":{"background-color":"","background-image":"","background-repeat":"repeat","background-position":"center center","background-size":"auto","background-attachment":"scroll","background-type":"","background-media":"","overlay-type":"","overlay-color":"","overlay-opacity":"","overlay-gradient":""}},"ast-content-background-meta":{"desktop":{"background-color":"var(--ast-global-color-4)","background-image":"","background-repeat":"repeat","background-position":"center center","background-size":"auto","background-attachment":"scroll","background-type":"","background-media":"","overlay-type":"","overlay-color":"","overlay-opacity":"","overlay-gradient":""},"tablet":{"background-color":"var(--ast-global-color-4)","background-image":"","background-repeat":"repeat","background-position":"center center","background-size":"auto","background-attachment":"scroll","background-type":"","background-media":"","overlay-type":"","overlay-color":"","overlay-opacity":"","overlay-gradient":""},"mobile":{"background-color":"var(--ast-global-color-4)","background-image":"","background-repeat":"repeat","background-position":"center center","background-size":"auto","background-attachment":"scroll","background-type":"","background-media":"","overlay-type":"","overlay-color":"","overlay-opacity":"","overlay-gradient":""}}},"product_brand":[],"product_cat":[16,638],"product_tag":[115,116,117,118,119,439],"class_list":{"0":"post-1481","1":"product","2":"type-product","3":"status-publish","4":"has-post-thumbnail","6":"product_cat-tout","7":"product_cat-sac-poubelle-basse-densite","8":"product_tag-dechet","9":"product_tag-plastique","10":"product_tag-poubelle","11":"product_tag-sac","12":"product_tag-sac-poubelle","13":"product_tag-sac-poubelle-basse-densite","14":"desktop-align-left","15":"tablet-align-left","16":"mobile-align-left","18":"first","19":"instock","20":"virtual","21":"product-type-simple"},"acf":[],"_links":{"self":[{"href":"https:\/\/sabatie-produits-entretien.fr\/fr\/wp-json\/wp\/v2\/product\/1481","targetHints":{"allow":["GET"]}}],"collection":[{"href":"https:\/\/sabatie-produits-entretien.fr\/fr\/wp-json\/wp\/v2\/product"}],"about":[{"href":"https:\/\/sabatie-produits-entretien.fr\/fr\/wp-json\/wp\/v2\/types\/product"}],"replies":[{"embeddable":true,"href":"https:\/\/sabatie-produits-entretien.fr\/fr\/wp-json\/wp\/v2\/comments?post=1481"}],"wp:featuredmedia":[{"embeddable":true,"href":"https:\/\/sabatie-produits-entretien.fr\/fr\/wp-json\/wp\/v2\/media\/1467"}],"wp:attachment":[{"href":"https:\/\/sabatie-produits-entretien.fr\/fr\/wp-json\/wp\/v2\/media?parent=1481"}],"wp:term":[{"taxonomy":"product_brand","embeddable":true,"href":"https:\/\/sabatie-produits-entretien.fr\/fr\/wp-json\/wp\/v2\/product_brand?post=1481"},{"taxonomy":"product_cat","embeddable":true,"href":"https:\/\/sabatie-produits-entretien.fr\/fr\/wp-json\/wp\/v2\/product_cat?post=1481"},{"taxonomy":"product_tag","embeddable":true,"href":"https:\/\/sabatie-produits-entretien.fr\/fr\/wp-json\/wp\/v2\/product_tag?post=1481"}],"curies":[{"name":"wp","href":"https:\/\/api.w.org\/{rel}","templated":true}]}}