{"id":1512,"date":"2025-05-05T08:55:26","date_gmt":"2025-05-05T06:55:26","guid":{"rendered":"http:\/\/localhost\/sabatiesarl\/?post_type=product&#038;p=1512"},"modified":"2025-06-11T10:48:01","modified_gmt":"2025-06-11T08:48:01","slug":"09161-eponge-magique-lot-de-10-u","status":"publish","type":"product","link":"https:\/\/sabatie-produits-entretien.fr\/fr\/produit\/09161-eponge-magique-lot-de-10-u\/","title":{"rendered":"09161 \u00c9PONGE MAGIQUE  lot de 10 u"},"content":{"rendered":"<h2>\u00c9PONGE MAGIQUE GOMME D\u00c9TACHANTE<\/h2>\n<h2>SUBLIMO<\/h2>\n<p>&nbsp;<\/p>\n<h3>L&rsquo;\u00e9ponge magique est faite de m\u00e9lamine, une mousse l\u00e9g\u00e8re et souple. Excellente absorption gr\u00e2ce \u00e0 l\u2019effet compact\u00e9 avec micro-cellules.<\/h3>\n<p>&nbsp;<\/p>\n<ul>\n<li>\n<h4><span id=\"ctl00_cphProduits_lblDescription\">L&rsquo;Eponge magique est une \u00e9ponge adapt\u00e9e pour \u00e9liminer \u00e0 sec les taches ou les traces sur les surfaces dures. La m\u00e9lamine est une mati\u00e8re fragile mais qui poss\u00e8de des propri\u00e9t\u00e9s d\u00e9tachantes.<\/span><\/h4>\n<\/li>\n<li>\n<h4><span id=\"ctl00_cphProduits_lblDescription\">L&rsquo;\u00e9ponge magique \u00e0 base de m\u00e9lamine permet d&rsquo;\u00e9liminer beaucoup de taches tels que: les taches de graisse, de calcaire, d&#8217;empreintes de doigts, de d\u00e9pots de caf\u00e9 ou th\u00e9, les marqueurs et stylo&#8230;.<\/span><\/h4>\n<\/li>\n<li>\n<h4><span id=\"ctl00_cphProduits_lblDescription\">L&rsquo;\u00e9ponge magique peut s&rsquo;utiliser sur les surfaces suivantes: inox, c\u00e9ramique, eviers, bassines et carrelages&#8230;<\/p>\n<p>Pour une utilisation optimale de cette \u00e9ponge il faut qu&rsquo;elle soit mouill\u00e9.<\/p>\n<p><\/span><\/h4>\n<\/li>\n<\/ul>\n<h4><\/h4>\n<ul>\n<li>\n<h4>Dimensions : 110 x 63 x 38 mm<\/h4>\n<\/li>\n<\/ul>\n<p>&nbsp;<\/p>\n<h4>CONDITIONNEMENT<\/h4>\n<ul>\n<li>lot de 10 u<\/li>\n<\/ul>\n<p>&nbsp;<\/p>\n<ul>\n<li><a href=\"http:\/\/sabatie-produits-entretien.fr\/fr\/wp-content\/uploads\/2017\/05\/Fiche-technique-Sublimo-250.100.100.pdf\" target=\"_blank\" rel=\"noopener noreferrer\">FICHE TECHNIQUE<\/a><\/li>\n<\/ul>\n","protected":false},"excerpt":{"rendered":"<h3>\u00c9PONGE MAGIQUE GOMME D\u00c9TACHANTE<\/h3>\n<h3>SUBLIMO<\/h3>\n<ul>\n<li>\n<h4><span id=\"ctl00_cphProduits_lblDescription\">L&rsquo;Eponge magique est une \u00e9ponge adapt\u00e9e pour \u00e9liminer \u00e0 sec les taches ou les traces sur les surfaces dures. La m\u00e9lamine est une mati\u00e8re fragile mais qui poss\u00e8de des propri\u00e9t\u00e9s d\u00e9tachantes.<\/span><\/h4>\n<\/li>\n<li>\n<h4><span id=\"ctl00_cphProduits_lblDescription\">L&rsquo;\u00e9ponge magique \u00e0 base de m\u00e9lamine permet d&rsquo;\u00e9liminer beaucoup de taches tels que: les taches de graisse, de calcaire, d&#8217;empreintes de doigts, de d\u00e9pots de caf\u00e9 ou th\u00e9, les marqueurs et stylo&#8230;.<\/span><\/h4>\n<\/li>\n<li>\n<h4><span id=\"ctl00_cphProduits_lblDescription\">L&rsquo;\u00e9ponge magique peut s&rsquo;utiliser sur les surfaces suivantes: inox, c\u00e9ramique, eviers, bassines et carrelages&#8230;<\/p>\n<p>Pour une utilisation optimale de cette \u00e9ponge il faut qu&rsquo;elle soit mouill\u00e9.<\/span><\/h4>\n<\/li>\n<\/ul>\n<p>&nbsp;<\/p>\n","protected":false},"featured_media":1534,"comment_status":"closed","ping_status":"closed","template":"","meta":{"_acf_changed":false,"site-sidebar-layout":"default","site-content-layout":"","ast-site-content-layout":"default","site-content-style":"default","site-sidebar-style":"default","ast-global-header-display":"","ast-banner-title-visibility":"","ast-main-header-display":"","ast-hfb-above-header-display":"","ast-hfb-below-header-display":"","ast-hfb-mobile-header-display":"","site-post-title":"","ast-breadcrumbs-content":"","ast-featured-img":"","footer-sml-layout":"","ast-disable-related-posts":"","theme-transparent-header-meta":"","adv-header-id-meta":"","stick-header-meta":"","header-above-stick-meta":"","header-main-stick-meta":"","header-below-stick-meta":"","astra-migrate-meta-layouts":"default","ast-page-background-enabled":"default","ast-page-background-meta":{"desktop":{"background-color":"var(--ast-global-color-5)","background-image":"","background-repeat":"repeat","background-position":"center center","background-size":"auto","background-attachment":"scroll","background-type":"","background-media":"","overlay-type":"","overlay-color":"","overlay-opacity":"","overlay-gradient":""},"tablet":{"background-color":"","background-image":"","background-repeat":"repeat","background-position":"center center","background-size":"auto","background-attachment":"scroll","background-type":"","background-media":"","overlay-type":"","overlay-color":"","overlay-opacity":"","overlay-gradient":""},"mobile":{"background-color":"","background-image":"","background-repeat":"repeat","background-position":"center center","background-size":"auto","background-attachment":"scroll","background-type":"","background-media":"","overlay-type":"","overlay-color":"","overlay-opacity":"","overlay-gradient":""}},"ast-content-background-meta":{"desktop":{"background-color":"var(--ast-global-color-4)","background-image":"","background-repeat":"repeat","background-position":"center center","background-size":"auto","background-attachment":"scroll","background-type":"","background-media":"","overlay-type":"","overlay-color":"","overlay-opacity":"","overlay-gradient":""},"tablet":{"background-color":"var(--ast-global-color-4)","background-image":"","background-repeat":"repeat","background-position":"center center","background-size":"auto","background-attachment":"scroll","background-type":"","background-media":"","overlay-type":"","overlay-color":"","overlay-opacity":"","overlay-gradient":""},"mobile":{"background-color":"var(--ast-global-color-4)","background-image":"","background-repeat":"repeat","background-position":"center center","background-size":"auto","background-attachment":"scroll","background-type":"","background-media":"","overlay-type":"","overlay-color":"","overlay-opacity":"","overlay-gradient":""}}},"product_brand":[],"product_cat":[16,668],"product_tag":[441,442,443],"class_list":{"0":"post-1512","1":"product","2":"type-product","3":"status-publish","4":"has-post-thumbnail","6":"product_cat-tout","7":"product_cat-recurants","8":"product_tag-eponge-gomme-magique","9":"product_tag-eponge-magique","10":"product_tag-sublimo-eponge-gomme-detachante","11":"desktop-align-left","12":"tablet-align-left","13":"mobile-align-left","15":"first","16":"instock","17":"virtual","18":"product-type-simple"},"acf":[],"_links":{"self":[{"href":"https:\/\/sabatie-produits-entretien.fr\/fr\/wp-json\/wp\/v2\/product\/1512","targetHints":{"allow":["GET"]}}],"collection":[{"href":"https:\/\/sabatie-produits-entretien.fr\/fr\/wp-json\/wp\/v2\/product"}],"about":[{"href":"https:\/\/sabatie-produits-entretien.fr\/fr\/wp-json\/wp\/v2\/types\/product"}],"replies":[{"embeddable":true,"href":"https:\/\/sabatie-produits-entretien.fr\/fr\/wp-json\/wp\/v2\/comments?post=1512"}],"wp:featuredmedia":[{"embeddable":true,"href":"https:\/\/sabatie-produits-entretien.fr\/fr\/wp-json\/wp\/v2\/media\/1534"}],"wp:attachment":[{"href":"https:\/\/sabatie-produits-entretien.fr\/fr\/wp-json\/wp\/v2\/media?parent=1512"}],"wp:term":[{"taxonomy":"product_brand","embeddable":true,"href":"https:\/\/sabatie-produits-entretien.fr\/fr\/wp-json\/wp\/v2\/product_brand?post=1512"},{"taxonomy":"product_cat","embeddable":true,"href":"https:\/\/sabatie-produits-entretien.fr\/fr\/wp-json\/wp\/v2\/product_cat?post=1512"},{"taxonomy":"product_tag","embeddable":true,"href":"https:\/\/sabatie-produits-entretien.fr\/fr\/wp-json\/wp\/v2\/product_tag?post=1512"}],"curies":[{"name":"wp","href":"https:\/\/api.w.org\/{rel}","templated":true}]}}