{"id":1513,"date":"2025-05-05T08:55:26","date_gmt":"2025-05-05T06:55:26","guid":{"rendered":"http:\/\/localhost\/sabatiesarl\/?post_type=product&#038;p=1513"},"modified":"2025-06-11T01:46:38","modified_gmt":"2025-06-10T23:46:38","slug":"08161-rouleau-vert-a-recurer-3-metres-scotch-brite","status":"publish","type":"product","link":"https:\/\/sabatie-produits-entretien.fr\/fr\/produit\/08161-rouleau-vert-a-recurer-3-metres-scotch-brite\/","title":{"rendered":"08161 ROULEAU VERT A R\u00c9CURER 3 m\u00e8tres Scotch-Brite"},"content":{"rendered":"<h2>ROULEAU VERT A R\u00c9CURER 3 m\u00e8tres Scotch-Brite<\/h2>\n<h2>Nettoyage \/ r\u00e9curage courant<\/h2>\n<h4>Ce rouleau vert Scotch-Brite de nettoyage et de r\u00e9curage multi-usage en fibres synth\u00e9tiques de haute qualit\u00e9 est constitu\u00e9 d\u2019une nappe<\/p>\n<p>non tiss\u00e9e \u00e0 structure ouverte impr\u00e9gn\u00e9e d\u2019une r\u00e9sine<\/p>\n<p>r\u00e9sistante contenant des particules abrasives r\u00e9parties de<\/p>\n<p>fa\u00e7on homog\u00e8ne.<\/h4>\n<ul>\n<li>\n<h4>Excellentes performances de r\u00e9curage, d\u00e9tache les r\u00e9sidus<\/h4>\n<h4>alimentaires br\u00fbl\u00e9s.<\/h4>\n<\/li>\n<li>\n<h4>Souple, se faufile dans les recoins et les endroits difficiles<\/h4>\n<h4>d\u2019acc\u00e8s.<\/h4>\n<\/li>\n<li>\n<h4>Nappe \u00e0 structure ouverte, facile \u00e0 nettoyer.<\/h4>\n<\/li>\n<li>\n<h4>Ne retient pas et ne laisse pas couler les produits nocifs.<\/h4>\n<\/li>\n<li>\n<h4>R\u00e9cure sous l\u2019eau chaude avec les produits d\u2019entretien<\/h4>\n<h4>habituels.<\/h4>\n<\/li>\n<li>\n<h4>Tr\u00e8s bonne long\u00e9vit\u00e9.<\/h4>\n<\/li>\n<li>\n<h4>Performances r\u00e9guli\u00e8res pendant toute la dur\u00e9e de vie du<\/h4>\n<h4>tampon.<\/h4>\n<\/li>\n<li>\n<h4>Dimensions : 3 m\u00e8tres x 158 mm x 8,5 mm<\/h4>\n<\/li>\n<\/ul>\n<p>&nbsp;<\/p>\n<h4>CONDITIONNEMENT<\/h4>\n<ul>\n<li>\u00e0 l&rsquo;unit\u00e9<\/li>\n<\/ul>\n<p>&nbsp;<\/p>\n<ul>\n<li><a href=\"http:\/\/sabatie-produits-entretien.fr\/fr\/wp-content\/uploads\/2017\/05\/rouleau-vert-3M-161-FT.pdf\" target=\"_blank\" rel=\"noopener noreferrer\">FICHE TECHNIQUE<\/a><\/li>\n<\/ul>\n","protected":false},"excerpt":{"rendered":"<h3>Nettoyage \/ r\u00e9curage courant<\/h3>\n<ul>\n<li>\n<h4>Excellentes performances de r\u00e9curage, d\u00e9tache les r\u00e9sidusalimentaires br\u00fbl\u00e9s.<\/h4>\n<\/li>\n<li>\n<h4>Souple, se faufile dans les recoins et les endroits difficiles<\/h4>\n<h4>d\u2019acc\u00e8s.<\/h4>\n<\/li>\n<li>\n<h4>Nappe \u00e0 structure ouverte, facile \u00e0 nettoyer.<\/h4>\n<\/li>\n<li>\n<h4>Ne retient pas et ne laisse pas couler les produits nocifs.<\/h4>\n<\/li>\n<li>\n<h4>R\u00e9cure sous l\u2019eau chaude avec les produits d\u2019entretien<\/h4>\n<h4>habituels.<\/h4>\n<\/li>\n<li>\n<h4>Tr\u00e8s bonne long\u00e9vit\u00e9.<\/h4>\n<\/li>\n<li>\n<h4>Performances r\u00e9guli\u00e8res pendant toute la dur\u00e9e de vie du<\/h4>\n<h4>tampon.<\/h4>\n<\/li>\n<\/ul>\n<p>&nbsp;<\/p>\n","protected":false},"featured_media":1535,"comment_status":"closed","ping_status":"closed","template":"","meta":{"_acf_changed":false,"site-sidebar-layout":"default","site-content-layout":"","ast-site-content-layout":"default","site-content-style":"default","site-sidebar-style":"default","ast-global-header-display":"","ast-banner-title-visibility":"","ast-main-header-display":"","ast-hfb-above-header-display":"","ast-hfb-below-header-display":"","ast-hfb-mobile-header-display":"","site-post-title":"","ast-breadcrumbs-content":"","ast-featured-img":"","footer-sml-layout":"","ast-disable-related-posts":"","theme-transparent-header-meta":"","adv-header-id-meta":"","stick-header-meta":"","header-above-stick-meta":"","header-main-stick-meta":"","header-below-stick-meta":"","astra-migrate-meta-layouts":"default","ast-page-background-enabled":"default","ast-page-background-meta":{"desktop":{"background-color":"var(--ast-global-color-5)","background-image":"","background-repeat":"repeat","background-position":"center center","background-size":"auto","background-attachment":"scroll","background-type":"","background-media":"","overlay-type":"","overlay-color":"","overlay-opacity":"","overlay-gradient":""},"tablet":{"background-color":"","background-image":"","background-repeat":"repeat","background-position":"center center","background-size":"auto","background-attachment":"scroll","background-type":"","background-media":"","overlay-type":"","overlay-color":"","overlay-opacity":"","overlay-gradient":""},"mobile":{"background-color":"","background-image":"","background-repeat":"repeat","background-position":"center center","background-size":"auto","background-attachment":"scroll","background-type":"","background-media":"","overlay-type":"","overlay-color":"","overlay-opacity":"","overlay-gradient":""}},"ast-content-background-meta":{"desktop":{"background-color":"var(--ast-global-color-4)","background-image":"","background-repeat":"repeat","background-position":"center center","background-size":"auto","background-attachment":"scroll","background-type":"","background-media":"","overlay-type":"","overlay-color":"","overlay-opacity":"","overlay-gradient":""},"tablet":{"background-color":"var(--ast-global-color-4)","background-image":"","background-repeat":"repeat","background-position":"center center","background-size":"auto","background-attachment":"scroll","background-type":"","background-media":"","overlay-type":"","overlay-color":"","overlay-opacity":"","overlay-gradient":""},"mobile":{"background-color":"var(--ast-global-color-4)","background-image":"","background-repeat":"repeat","background-position":"center center","background-size":"auto","background-attachment":"scroll","background-type":"","background-media":"","overlay-type":"","overlay-color":"","overlay-opacity":"","overlay-gradient":""}}},"product_brand":[],"product_cat":[16,668],"product_tag":[444],"class_list":{"0":"post-1513","1":"product","2":"type-product","3":"status-publish","4":"has-post-thumbnail","6":"product_cat-tout","7":"product_cat-recurants","8":"product_tag-rouleau-vert-a-recurer-3-metres-scotch-brite","9":"desktop-align-left","10":"tablet-align-left","11":"mobile-align-left","13":"first","14":"instock","15":"virtual","16":"product-type-simple"},"acf":[],"_links":{"self":[{"href":"https:\/\/sabatie-produits-entretien.fr\/fr\/wp-json\/wp\/v2\/product\/1513","targetHints":{"allow":["GET"]}}],"collection":[{"href":"https:\/\/sabatie-produits-entretien.fr\/fr\/wp-json\/wp\/v2\/product"}],"about":[{"href":"https:\/\/sabatie-produits-entretien.fr\/fr\/wp-json\/wp\/v2\/types\/product"}],"replies":[{"embeddable":true,"href":"https:\/\/sabatie-produits-entretien.fr\/fr\/wp-json\/wp\/v2\/comments?post=1513"}],"wp:featuredmedia":[{"embeddable":true,"href":"https:\/\/sabatie-produits-entretien.fr\/fr\/wp-json\/wp\/v2\/media\/1535"}],"wp:attachment":[{"href":"https:\/\/sabatie-produits-entretien.fr\/fr\/wp-json\/wp\/v2\/media?parent=1513"}],"wp:term":[{"taxonomy":"product_brand","embeddable":true,"href":"https:\/\/sabatie-produits-entretien.fr\/fr\/wp-json\/wp\/v2\/product_brand?post=1513"},{"taxonomy":"product_cat","embeddable":true,"href":"https:\/\/sabatie-produits-entretien.fr\/fr\/wp-json\/wp\/v2\/product_cat?post=1513"},{"taxonomy":"product_tag","embeddable":true,"href":"https:\/\/sabatie-produits-entretien.fr\/fr\/wp-json\/wp\/v2\/product_tag?post=1513"}],"curies":[{"name":"wp","href":"https:\/\/api.w.org\/{rel}","templated":true}]}}