{"id":1514,"date":"2025-05-05T08:55:26","date_gmt":"2025-05-05T06:55:26","guid":{"rendered":"http:\/\/localhost\/sabatiesarl\/?post_type=product&#038;p=1514"},"modified":"2025-06-11T01:39:34","modified_gmt":"2025-06-10T23:39:34","slug":"4505-seche-mains-electrique-multi-buses-ultra-rapide","status":"publish","type":"product","link":"https:\/\/sabatie-produits-entretien.fr\/fr\/produit\/4505-seche-mains-electrique-multi-buses-ultra-rapide\/","title":{"rendered":"4505 S\u00c8CHE-MAINS \u00c9LECTRIQUE MULTI-BUSES Ultra-Rapide"},"content":{"rendered":"<h2>S\u00c8CHE-MAINS \u00c9LECTRIQUE MULTI-BUSES Ultra-Rapide<\/h2>\n<h4>Fisech M1<\/h4>\n<p>&nbsp;<\/p>\n<ul>\n<li>\n<h4>Soufflerie rapide par de nombreuses mini-buses.<\/h4>\n<\/li>\n<li>\n<h4>Inclinaison vers le bas des buses de s\u00e9chage.<\/h4>\n<\/li>\n<li>\n<h4>2 Souffles : air froid ou air chaud.<\/h4>\n<\/li>\n<li>\n<h4>2 vitesses de soufflerie.<\/h4>\n<\/li>\n<li>\n<h4>Temps de s\u00e9chage 10 secondes environ.<\/h4>\n<\/li>\n<li>\n<h4>Boitier \u00e9lectronique avec \u00e9cran d\u00e9compte du<\/h4>\n<h4>temps de s\u00e9chage.<\/h4>\n<\/li>\n<li>\n<h4>D\u00e9marrage automatique.<\/h4>\n<\/li>\n<li>\n<h4>Moteur \u00e0 induction : pas de charbons.<\/h4>\n<\/li>\n<li>\n<h4>Bac de r\u00e9cup\u00e9ration d\u2019eau.<\/h4>\n<\/li>\n<\/ul>\n<p>&nbsp;<\/p>\n<ul>\n<li>Conditionnement\u00a0 :\u00a0 l&rsquo;unit\u00e9<\/li>\n<\/ul>\n<p>&nbsp;<\/p>\n<ul>\n<li><a href=\"http:\/\/sabatie-produits-entretien.fr\/fr\/wp-content\/uploads\/2017\/06\/FRANCE-INDUSTRIE-FT-4505-SECHE-MNS-ELECTR.pdf\" target=\"_blank\" rel=\"noopener noreferrer\">FICHE TECHNIQUE<\/a><\/li>\n<\/ul>\n","protected":false},"excerpt":{"rendered":"<h4>Fisech M1<\/h4>\n","protected":false},"featured_media":1536,"comment_status":"closed","ping_status":"closed","template":"","meta":{"_acf_changed":false,"site-sidebar-layout":"default","site-content-layout":"","ast-site-content-layout":"default","site-content-style":"default","site-sidebar-style":"default","ast-global-header-display":"","ast-banner-title-visibility":"","ast-main-header-display":"","ast-hfb-above-header-display":"","ast-hfb-below-header-display":"","ast-hfb-mobile-header-display":"","site-post-title":"","ast-breadcrumbs-content":"","ast-featured-img":"","footer-sml-layout":"","ast-disable-related-posts":"","theme-transparent-header-meta":"","adv-header-id-meta":"","stick-header-meta":"","header-above-stick-meta":"","header-main-stick-meta":"","header-below-stick-meta":"","astra-migrate-meta-layouts":"default","ast-page-background-enabled":"default","ast-page-background-meta":{"desktop":{"background-color":"var(--ast-global-color-5)","background-image":"","background-repeat":"repeat","background-position":"center center","background-size":"auto","background-attachment":"scroll","background-type":"","background-media":"","overlay-type":"","overlay-color":"","overlay-opacity":"","overlay-gradient":""},"tablet":{"background-color":"","background-image":"","background-repeat":"repeat","background-position":"center center","background-size":"auto","background-attachment":"scroll","background-type":"","background-media":"","overlay-type":"","overlay-color":"","overlay-opacity":"","overlay-gradient":""},"mobile":{"background-color":"","background-image":"","background-repeat":"repeat","background-position":"center center","background-size":"auto","background-attachment":"scroll","background-type":"","background-media":"","overlay-type":"","overlay-color":"","overlay-opacity":"","overlay-gradient":""}},"ast-content-background-meta":{"desktop":{"background-color":"var(--ast-global-color-4)","background-image":"","background-repeat":"repeat","background-position":"center center","background-size":"auto","background-attachment":"scroll","background-type":"","background-media":"","overlay-type":"","overlay-color":"","overlay-opacity":"","overlay-gradient":""},"tablet":{"background-color":"var(--ast-global-color-4)","background-image":"","background-repeat":"repeat","background-position":"center center","background-size":"auto","background-attachment":"scroll","background-type":"","background-media":"","overlay-type":"","overlay-color":"","overlay-opacity":"","overlay-gradient":""},"mobile":{"background-color":"var(--ast-global-color-4)","background-image":"","background-repeat":"repeat","background-position":"center center","background-size":"auto","background-attachment":"scroll","background-type":"","background-media":"","overlay-type":"","overlay-color":"","overlay-opacity":"","overlay-gradient":""}}},"product_brand":[],"product_cat":[16,662],"product_tag":[446],"class_list":{"0":"post-1514","1":"product","2":"type-product","3":"status-publish","4":"has-post-thumbnail","6":"product_cat-tout","7":"product_cat-seche-mains","8":"product_tag-seche-mains-electrique-multi-buses-ultra-rapide-fisech-m1","9":"desktop-align-left","10":"tablet-align-left","11":"mobile-align-left","13":"first","14":"instock","15":"virtual","16":"product-type-simple"},"acf":[],"_links":{"self":[{"href":"https:\/\/sabatie-produits-entretien.fr\/fr\/wp-json\/wp\/v2\/product\/1514","targetHints":{"allow":["GET"]}}],"collection":[{"href":"https:\/\/sabatie-produits-entretien.fr\/fr\/wp-json\/wp\/v2\/product"}],"about":[{"href":"https:\/\/sabatie-produits-entretien.fr\/fr\/wp-json\/wp\/v2\/types\/product"}],"replies":[{"embeddable":true,"href":"https:\/\/sabatie-produits-entretien.fr\/fr\/wp-json\/wp\/v2\/comments?post=1514"}],"wp:featuredmedia":[{"embeddable":true,"href":"https:\/\/sabatie-produits-entretien.fr\/fr\/wp-json\/wp\/v2\/media\/1536"}],"wp:attachment":[{"href":"https:\/\/sabatie-produits-entretien.fr\/fr\/wp-json\/wp\/v2\/media?parent=1514"}],"wp:term":[{"taxonomy":"product_brand","embeddable":true,"href":"https:\/\/sabatie-produits-entretien.fr\/fr\/wp-json\/wp\/v2\/product_brand?post=1514"},{"taxonomy":"product_cat","embeddable":true,"href":"https:\/\/sabatie-produits-entretien.fr\/fr\/wp-json\/wp\/v2\/product_cat?post=1514"},{"taxonomy":"product_tag","embeddable":true,"href":"https:\/\/sabatie-produits-entretien.fr\/fr\/wp-json\/wp\/v2\/product_tag?post=1514"}],"curies":[{"name":"wp","href":"https:\/\/api.w.org\/{rel}","templated":true}]}}